{"id":10,"date":"2024-01-04T17:15:47","date_gmt":"2024-01-04T17:15:47","guid":{"rendered":"https:\/\/auto-joker123.com\/?page_id=10"},"modified":"2024-03-22T18:32:37","modified_gmt":"2024-03-22T18:32:37","slug":"lavish-joker-bonus-options","status":"publish","type":"page","link":"https:\/\/auto-joker123.com\/bg\/lavish-joker-bonus-options\/","title":{"rendered":"\u0411\u043e\u043d\u0443\u0441\u043d\u0438 \u043e\u043f\u0446\u0438\u0438 \u043d\u0430 \u0438\u0433\u0440\u043e\u0432\u0438\u044f \u0430\u0432\u0442\u043e\u043c\u0430\u0442 Lavish Joker"},"content":{"rendered":"<p>\u0411\u0435\u043b\u043e\u0440\u0443\u0441\u043a\u0438\u044f\u0442 \u0440\u0430\u0437\u0440\u0430\u0431\u043e\u0442\u0447\u0438\u043a Belatra Games \u043e\u0431\u044a\u0440\u043d\u0430 \u0441\u043f\u0435\u0446\u0438\u0430\u043b\u043d\u043e \u0432\u043d\u0438\u043c\u0430\u043d\u0438\u0435 \u043d\u0430 \u0438\u043d\u0442\u0435\u0440\u0435\u0441\u043d\u0438\u0442\u0435 \u0431\u043e\u043d\u0443\u0441 \u0444\u0443\u043d\u043a\u0446\u0438\u0438 \u043f\u0440\u0438 \u0441\u044a\u0437\u0434\u0430\u0432\u0430\u043d\u0435\u0442\u043e \u043d\u0430 \u043a\u043b\u0430\u0441\u0438\u0447\u0435\u0441\u043a\u0438 \u0432\u0438\u0434\u0435\u043e \u0441\u043b\u043e\u0442. \u0412\u044a\u043f\u0440\u0435\u043a\u0438 \u043b\u0438\u043f\u0441\u0430\u0442\u0430 \u043d\u0430 \u0431\u0435\u0437\u043f\u043b\u0430\u0442\u043d\u0438 \u0437\u0430\u0432\u044a\u0440\u0442\u0430\u043d\u0438\u044f \u0438 \u0440\u0430\u0437\u043f\u0440\u044a\u0441\u043a\u0432\u0430\u043d\u0438\u044f, \u0438\u0433\u0440\u0430\u0442\u0430 \u043c\u043e\u0436\u0435 \u0434\u0430 \u0432\u044a\u0437\u043d\u0430\u0433\u0440\u0430\u0434\u0438 \u0449\u0435\u0434\u0440\u043e \u0438\u0433\u0440\u0430\u0447\u0430 \u0431\u043b\u0430\u0433\u043e\u0434\u0430\u0440\u0435\u043d\u0438\u0435 \u043d\u0430 \u0434\u043e\u0431\u0440\u0438\u0442\u0435 \u0431\u043e\u043d\u0443\u0441 \u0432\u044a\u0437\u043c\u043e\u0436\u043d\u043e\u0441\u0442\u0438:<\/p>\n<ul>\n<li>\u0420\u0438\u0441\u043a \u0438\u0433\u0440\u0430 \u2013 \u043d\u0438\u0432\u043e \u0437\u0430 \u0443\u0434\u0432\u043e\u044f\u0432\u0430\u043d\u0435 \u043d\u0430 \u043f\u0435\u0447\u0430\u043b\u0431\u0430\u0442\u0430, \u043a\u043e\u0435\u0442\u043e \u043c\u043e\u0436\u0435 \u0434\u0430 \u0441\u0435 \u0430\u043a\u0442\u0438\u0432\u0438\u0440\u0430 \u0441\u043b\u0435\u0434 \u0432\u0441\u044f\u043a\u043e \u043f\u0435\u0447\u0435\u043b\u0438\u0432\u0448\u043e \u0437\u0430\u0432\u044a\u0440\u0442\u0430\u043d\u0435. \u0418\u0433\u0440\u0430\u0447\u044a\u0442 \u0442\u0440\u044f\u0431\u0432\u0430 \u043f\u0440\u0430\u0432\u0438\u043b\u043d\u043e \u0434\u0430 \u043f\u043e\u0437\u043d\u0430\u0435 \u0446\u0432\u0435\u0442\u0430 \u0438\u043b\u0438 \u0441\u0442\u043e\u0439\u043d\u043e\u0441\u0442\u0442\u0430 \u043d\u0430 \u0437\u0430\u043a\u0440\u0438\u0442\u0430\u0442\u0430 \u043a\u0430\u0440\u0442\u0430 \u043d\u0430 \u0435\u043a\u0440\u0430\u043d\u0430, \u0434\u0430 \u043f\u043e\u0431\u0435\u0434\u0438 \u0434\u0438\u043b\u044a\u0440\u0430 \u0438 \u0434\u0430 \u043f\u043e\u043b\u0443\u0447\u0438 \u0434\u0432\u043e\u0439\u043d\u0430 \u043d\u0430\u0433\u0440\u0430\u0434\u0430.<\/li>\n<li>\u041a\u043e\u043b\u0435\u043b\u043e \u043d\u0430 \u043a\u044a\u0441\u043c\u0435\u0442\u0430 \u2013 \u0431\u043e\u043d\u0443\u0441\u043d\u043e \u043d\u0438\u0432\u043e \u0432 \u043d\u043e\u0432\u0430 \u043b\u043e\u043a\u0430\u0446\u0438\u044f, \u0430\u043a\u0442\u0438\u0432\u0438\u0440\u0430\u043d\u043e \u043f\u043e \u043c\u0435\u0440\u043a\u0430 \u043a\u0430\u0442\u043e \u0448\u0435\u0432\u0438\u0446\u0430\u0442\u0430 \u0441\u0435 \u043f\u044a\u043b\u043d\u0438 \u0441 \u0442\u043e\u0447\u043a\u0438 \u043e\u0442 \u0438\u0433\u0440\u0430\u0442\u0430. \u0421\u0435\u043a\u0442\u043e\u0440\u0438\u0442\u0435 \u043d\u0430 \u043a\u043e\u043b\u0435\u043b\u043e\u0442\u043e \u0441\u044a\u0434\u044a\u0440\u0436\u0430\u0442 \u043f\u0430\u0440\u0438\u0447\u043d\u0438 \u043d\u0430\u0433\u0440\u0430\u0434\u0438, \u0443\u043c\u043d\u043e\u0436\u0438\u0442\u0435\u043b\u0438 \u043d\u0430 \u0437\u0430\u043b\u043e\u0437\u0438\u0442\u0435 \u0438 \u0433\u043e\u043b\u044f\u043c \u0434\u0436\u0430\u043a\u043f\u043e\u0442, \u043a\u043e\u0439\u0442\u043e \u0434\u043e\u0441\u0442\u0438\u0433\u0430 \u0434\u043e \u043d\u0430\u0439-\u0449\u0430\u0441\u0442\u043b\u0438\u0432\u0438\u044f \u0438\u0433\u0440\u0430\u0447.<\/li>\n<li>\u0414\u0438\u0432\u0438\u044f\u0442 \u0441\u0438\u043c\u0432\u043e\u043b \u0440\u0430\u0437\u043f\u043e\u043b\u0430\u0433\u0430 \u0441 \u0431\u043e\u043d\u0443\u0441 \u0444\u0443\u043d\u043a\u0446\u0438\u0438. \u0414\u0438\u0432\u0438\u044f\u0442 \u043c\u043e\u0436\u0435 \u0434\u0430 \u0437\u0430\u043c\u0435\u0441\u0442\u0438 \u0434\u0440\u0443\u0433\u0438 \u0438\u043a\u043e\u043d\u0438, \u043a\u043e\u0435\u0442\u043e \u0441\u043f\u043e\u043c\u0430\u0433\u0430 \u0437\u0430 \u0444\u043e\u0440\u043c\u0438\u0440\u0430\u043d\u0435\u0442\u043e \u043d\u0430 \u043f\u0435\u0447\u0435\u043b\u0438\u0432\u0448\u0438 \u043a\u043e\u043c\u0431\u0438\u043d\u0430\u0446\u0438\u0438. \u041e\u0441\u0432\u0435\u043d \u0442\u043e\u0432\u0430, \u0434\u0438\u0432\u0438\u044f\u0442 \u0441\u0438\u043c\u0432\u043e\u043b \u043c\u043e\u0436\u0435 \u0434\u0430 \u0441\u0435 \u0440\u0430\u0437\u0448\u0438\u0440\u0438 \u0432 \u043c\u0435\u0433\u0430-\u0441\u0438\u043c\u0432\u043e\u043b \u0441 \u0440\u0430\u0437\u043c\u0435\u0440\u0438 3&#215;3 \u043a\u043b\u0435\u0442\u043a\u0438.<\/li>\n<\/ul>\n<p>\u0418\u0433\u0440\u043e\u0432\u0438\u044f\u0442 \u0430\u0432\u0442\u043e\u043c\u0430\u0442 Lavish Joker \u0435 \u043f\u043e\u0434\u0445\u043e\u0434\u044f\u0449 \u043a\u0430\u043a\u0442\u043e \u0437\u0430 \u043d\u0430\u0447\u0438\u043d\u0430\u0435\u0449\u0438, \u0442\u0430\u043a\u0430 \u0438 \u0437\u0430 \u043e\u043f\u0438\u0442\u043d\u0438 \u0433\u0435\u0439\u043c\u044a\u0440\u0438. \u0411\u043b\u0430\u0433\u043e\u0434\u0430\u0440\u0435\u043d\u0438\u0435 \u043d\u0430 \u043f\u0440\u043e\u0441\u0442\u0438 \u043f\u0440\u0430\u0432\u0438\u043b\u0430 \u0438 \u0433\u0435\u0439\u043c\u043f\u043b\u0435\u0439, \u043d\u043e\u0432\u0438\u0442\u0435 \u043f\u043e\u0441\u0435\u0442\u0438\u0442\u0435\u043b\u0438 \u043d\u0430 \u043a\u0430\u0437\u0438\u043d\u043e\u0442\u043e \u043b\u0435\u0441\u043d\u043e \u043c\u043e\u0433\u0430\u0442 \u0434\u0430 \u0440\u0430\u0437\u0431\u0435\u0440\u0430\u0442 \u043c\u0435\u0445\u0430\u043d\u0438\u043a\u0430\u0442\u0430 \u0438 \u043e\u0441\u043e\u0431\u0435\u043d\u043e\u0441\u0442\u0438\u0442\u0435 \u043d\u0430 \u0432\u0438\u0434\u0435\u043e \u0441\u043b\u043e\u0442\u0430. \u0417\u0430 \u043f\u0440\u043e\u0444\u0435\u0441\u0438\u043e\u043d\u0430\u043b\u043d\u0438\u0442\u0435 \u0438\u0433\u0440\u0430\u0447\u0438 \u0442\u0430\u0437\u0438 \u043c\u043e\u0434\u0435\u043b \u043f\u0440\u0435\u0434\u0441\u0442\u0430\u0432\u043b\u044f\u0432\u0430 \u043e\u0442\u043b\u0438\u0447\u043d\u0430 \u0432\u044a\u0437\u043c\u043e\u0436\u043d\u043e\u0441\u0442 \u0437\u0430 \u0433\u043e\u043b\u044f\u043c \u0443\u0441\u043f\u0435\u0445 \u0432 \u0431\u043e\u043d\u0443\u0441 \u0440\u0443\u043d\u0434\u0430 \u043d\u0430 \u041a\u043e\u043b\u0435\u043b\u043e\u0442\u043e \u043d\u0430 \u043a\u044a\u0441\u043c\u0435\u0442\u0430.<\/p>\n","protected":false},"excerpt":{"rendered":"<p>\u0411\u0435\u043b\u043e\u0440\u0443\u0441\u043a\u0438\u044f\u0442 \u0440\u0430\u0437\u0440\u0430\u0431\u043e\u0442\u0447\u0438\u043a Belatra Games \u043e\u0431\u044a\u0440\u043d\u0430 \u0441\u043f\u0435\u0446\u0438\u0430\u043b\u043d\u043e \u0432\u043d\u0438\u043c\u0430\u043d\u0438\u0435 \u043d\u0430 \u0438\u043d\u0442\u0435\u0440\u0435\u0441\u043d\u0438\u0442\u0435 \u0431\u043e\u043d\u0443\u0441 \u0444\u0443\u043d\u043a\u0446\u0438\u0438 \u043f\u0440\u0438 \u0441\u044a\u0437\u0434\u0430\u0432\u0430\u043d\u0435\u0442\u043e \u043d\u0430 \u043a\u043b\u0430\u0441\u0438\u0447\u0435\u0441\u043a\u0438 \u0432\u0438\u0434\u0435\u043e \u0441\u043b\u043e\u0442. \u0412\u044a\u043f\u0440\u0435\u043a\u0438 \u043b\u0438\u043f\u0441\u0430\u0442\u0430 \u043d\u0430 \u0431\u0435\u0437\u043f\u043b\u0430\u0442\u043d\u0438 \u0437\u0430\u0432\u044a\u0440\u0442\u0430\u043d\u0438\u044f \u0438 \u0440\u0430\u0437\u043f\u0440\u044a\u0441\u043a\u0432\u0430\u043d\u0438\u044f, \u0438\u0433\u0440\u0430\u0442\u0430 \u043c\u043e\u0436\u0435 \u0434\u0430 \u0432\u044a\u0437\u043d\u0430\u0433\u0440\u0430\u0434\u0438 \u0449\u0435\u0434\u0440\u043e \u0438\u0433\u0440\u0430\u0447\u0430 \u0431\u043b\u0430\u0433\u043e\u0434\u0430\u0440\u0435\u043d\u0438\u0435 \u043d\u0430 \u0434\u043e\u0431\u0440\u0438\u0442\u0435 \u0431\u043e\u043d\u0443\u0441 \u0432\u044a\u0437\u043c\u043e\u0436\u043d\u043e\u0441\u0442\u0438: \u0420\u0438\u0441\u043a \u0438\u0433\u0440\u0430 \u2013 \u043d\u0438\u0432\u043e \u0437\u0430 \u0443\u0434\u0432\u043e\u044f\u0432\u0430\u043d\u0435 \u043d\u0430 \u043f\u0435\u0447\u0430\u043b\u0431\u0430\u0442\u0430, \u043a\u043e\u0435\u0442\u043e \u043c\u043e\u0436\u0435 \u0434\u0430 \u0441\u0435 \u0430\u043a\u0442\u0438\u0432\u0438\u0440\u0430 \u0441\u043b\u0435\u0434 \u0432\u0441\u044f\u043a\u043e \u043f\u0435\u0447\u0435\u043b\u0438\u0432\u0448\u043e \u0437\u0430\u0432\u044a\u0440\u0442\u0430\u043d\u0435. \u0418\u0433\u0440\u0430\u0447\u044a\u0442 \u0442\u0440\u044f\u0431\u0432\u0430 \u043f\u0440\u0430\u0432\u0438\u043b\u043d\u043e&#8230;<\/p>\n","protected":false},"author":1,"featured_media":0,"parent":0,"menu_order":0,"comment_status":"closed","ping_status":"closed","template":"","meta":{"footnotes":""},"class_list":["post-10","page","type-page","status-publish","hentry"],"yoast_head":"<!-- This site is optimized with the Yoast SEO plugin v27.2 - https:\/\/yoast.com\/product\/yoast-seo-wordpress\/ -->\n<title>\u0411\u043e\u043d\u0443\u0441\u043d\u0438 \u043e\u043f\u0446\u0438\u0438 \u043d\u0430 \u0438\u0433\u0440\u043e\u0432\u0438\u044f \u0430\u0432\u0442\u043e\u043c\u0430\u0442 Lavish Joker<\/title>\n<meta name=\"robots\" content=\"index, follow, max-snippet:-1, max-image-preview:large, max-video-preview:-1\" \/>\n<link rel=\"canonical\" href=\"https:\/\/auto-joker123.com\/bg\/lavish-joker-bonus-options\/\" \/>\n<meta property=\"og:locale\" content=\"bg_BG\" \/>\n<meta property=\"og:locale:alternate\" content=\"ru_RU\" \/>\n<meta property=\"og:locale:alternate\" content=\"en_US\" \/>\n<meta property=\"og:locale:alternate\" content=\"pt_PT\" \/>\n<meta property=\"og:locale:alternate\" content=\"es_ES\" \/>\n<meta property=\"og:locale:alternate\" content=\"ro_RO\" \/>\n<meta property=\"og:locale:alternate\" content=\"sr_RS\" \/>\n<meta property=\"og:locale:alternate\" content=\"pl_PL\" \/>\n<meta property=\"og:locale:alternate\" content=\"it_IT\" \/>\n<meta property=\"og:locale:alternate\" content=\"fr_FR\" \/>\n<meta property=\"og:type\" content=\"article\" \/>\n<meta property=\"og:title\" content=\"\u0411\u043e\u043d\u0443\u0441\u043d\u0438 \u043e\u043f\u0446\u0438\u0438 \u043d\u0430 \u0438\u0433\u0440\u043e\u0432\u0438\u044f \u0430\u0432\u0442\u043e\u043c\u0430\u0442 Lavish Joker\" \/>\n<meta property=\"og:description\" content=\"\u0411\u0435\u043b\u043e\u0440\u0443\u0441\u043a\u0438\u044f\u0442 \u0440\u0430\u0437\u0440\u0430\u0431\u043e\u0442\u0447\u0438\u043a Belatra Games \u043e\u0431\u044a\u0440\u043d\u0430 \u0441\u043f\u0435\u0446\u0438\u0430\u043b\u043d\u043e \u0432\u043d\u0438\u043c\u0430\u043d\u0438\u0435 \u043d\u0430 \u0438\u043d\u0442\u0435\u0440\u0435\u0441\u043d\u0438\u0442\u0435 \u0431\u043e\u043d\u0443\u0441 \u0444\u0443\u043d\u043a\u0446\u0438\u0438 \u043f\u0440\u0438 \u0441\u044a\u0437\u0434\u0430\u0432\u0430\u043d\u0435\u0442\u043e \u043d\u0430 \u043a\u043b\u0430\u0441\u0438\u0447\u0435\u0441\u043a\u0438 \u0432\u0438\u0434\u0435\u043e \u0441\u043b\u043e\u0442. \u0412\u044a\u043f\u0440\u0435\u043a\u0438 \u043b\u0438\u043f\u0441\u0430\u0442\u0430 \u043d\u0430 \u0431\u0435\u0437\u043f\u043b\u0430\u0442\u043d\u0438 \u0437\u0430\u0432\u044a\u0440\u0442\u0430\u043d\u0438\u044f \u0438 \u0440\u0430\u0437\u043f\u0440\u044a\u0441\u043a\u0432\u0430\u043d\u0438\u044f, \u0438\u0433\u0440\u0430\u0442\u0430 \u043c\u043e\u0436\u0435 \u0434\u0430 \u0432\u044a\u0437\u043d\u0430\u0433\u0440\u0430\u0434\u0438 \u0449\u0435\u0434\u0440\u043e \u0438\u0433\u0440\u0430\u0447\u0430 \u0431\u043b\u0430\u0433\u043e\u0434\u0430\u0440\u0435\u043d\u0438\u0435 \u043d\u0430 \u0434\u043e\u0431\u0440\u0438\u0442\u0435 \u0431\u043e\u043d\u0443\u0441 \u0432\u044a\u0437\u043c\u043e\u0436\u043d\u043e\u0441\u0442\u0438: \u0420\u0438\u0441\u043a \u0438\u0433\u0440\u0430 \u2013 \u043d\u0438\u0432\u043e \u0437\u0430 \u0443\u0434\u0432\u043e\u044f\u0432\u0430\u043d\u0435 \u043d\u0430 \u043f\u0435\u0447\u0430\u043b\u0431\u0430\u0442\u0430, \u043a\u043e\u0435\u0442\u043e \u043c\u043e\u0436\u0435 \u0434\u0430 \u0441\u0435 \u0430\u043a\u0442\u0438\u0432\u0438\u0440\u0430 \u0441\u043b\u0435\u0434 \u0432\u0441\u044f\u043a\u043e \u043f\u0435\u0447\u0435\u043b\u0438\u0432\u0448\u043e \u0437\u0430\u0432\u044a\u0440\u0442\u0430\u043d\u0435. \u0418\u0433\u0440\u0430\u0447\u044a\u0442 \u0442\u0440\u044f\u0431\u0432\u0430 \u043f\u0440\u0430\u0432\u0438\u043b\u043d\u043e...\" \/>\n<meta property=\"og:url\" content=\"https:\/\/auto-joker123.com\/bg\/lavish-joker-bonus-options\/\" \/>\n<meta property=\"og:site_name\" content=\"Lavish Joker\" \/>\n<meta property=\"article:modified_time\" content=\"2024-03-22T18:32:37+00:00\" \/>\n<meta name=\"twitter:card\" content=\"summary_large_image\" \/>\n<meta name=\"twitter:label1\" content=\"Est. reading time\" \/>\n\t<meta name=\"twitter:data1\" content=\"8 \u043c\u0438\u043d\u0443\u0442\u0438\" \/>\n<script type=\"application\/ld+json\" class=\"yoast-schema-graph\">{\"@context\":\"https:\/\/schema.org\",\"@graph\":[{\"@type\":\"WebPage\",\"@id\":\"https:\/\/auto-joker123.com\/sr\/lavish-joker-bonus-options\/\",\"url\":\"https:\/\/auto-joker123.com\/sr\/lavish-joker-bonus-options\/\",\"name\":\"\u0411\u043e\u043d\u0443\u0441\u043d\u0438 \u043e\u043f\u0446\u0438\u0438 \u043d\u0430 \u0438\u0433\u0440\u043e\u0432\u0438\u044f \u0430\u0432\u0442\u043e\u043c\u0430\u0442 Lavish Joker\",\"isPartOf\":{\"@id\":\"https:\/\/auto-joker123.com\/#website\"},\"datePublished\":\"2024-01-04T17:15:47+00:00\",\"dateModified\":\"2024-03-22T18:32:37+00:00\",\"breadcrumb\":{\"@id\":\"https:\/\/auto-joker123.com\/sr\/lavish-joker-bonus-options\/#breadcrumb\"},\"inLanguage\":\"bg-BG\",\"potentialAction\":[{\"@type\":\"ReadAction\",\"target\":[\"https:\/\/auto-joker123.com\/sr\/lavish-joker-bonus-options\/\"]}]},{\"@type\":\"BreadcrumbList\",\"@id\":\"https:\/\/auto-joker123.com\/sr\/lavish-joker-bonus-options\/#breadcrumb\",\"itemListElement\":[{\"@type\":\"ListItem\",\"position\":1,\"name\":\"Home\",\"item\":\"https:\/\/auto-joker123.com\/\"},{\"@type\":\"ListItem\",\"position\":2,\"name\":\"\u0411\u043e\u043d\u0443\u0441\u043d\u0435 \u043e\u043f\u0446\u0438\u0458\u0435 \u0438\u0433\u0440\u0435 \u043d\u0430 \u0441\u043b\u043e\u0442 \u043c\u0430\u0448\u0438\u043d\u0438 Lavish Joker\"}]},{\"@type\":\"WebSite\",\"@id\":\"https:\/\/auto-joker123.com\/#website\",\"url\":\"https:\/\/auto-joker123.com\/\",\"name\":\"Lavish Joker\",\"description\":\"\",\"potentialAction\":[{\"@type\":\"SearchAction\",\"target\":{\"@type\":\"EntryPoint\",\"urlTemplate\":\"https:\/\/auto-joker123.com\/?s={search_term_string}\"},\"query-input\":{\"@type\":\"PropertyValueSpecification\",\"valueRequired\":true,\"valueName\":\"search_term_string\"}}],\"inLanguage\":\"bg-BG\"}]}<\/script>\n<!-- \/ Yoast SEO plugin. -->","yoast_head_json":{"title":"\u0411\u043e\u043d\u0443\u0441\u043d\u0438 \u043e\u043f\u0446\u0438\u0438 \u043d\u0430 \u0438\u0433\u0440\u043e\u0432\u0438\u044f \u0430\u0432\u0442\u043e\u043c\u0430\u0442 Lavish Joker","robots":{"index":"index","follow":"follow","max-snippet":"max-snippet:-1","max-image-preview":"max-image-preview:large","max-video-preview":"max-video-preview:-1"},"canonical":"https:\/\/auto-joker123.com\/bg\/lavish-joker-bonus-options\/","og_locale":"bg_BG","og_type":"article","og_title":"[:ru]\u0411\u043e\u043d\u0443\u0441\u043d\u044b\u0435 \u043e\u043f\u0446\u0438\u0438 \u0438\u0433\u0440\u043e\u0432\u043e\u0433\u043e \u0430\u0432\u0442\u043e\u043c\u0430\u0442\u0430 Lavish Joker[:en]Bonus Options of the Lavish Joker Slot Machine[:pt]Op\u00e7\u00f5es de B\u00f4nus da M\u00e1quina de Ca\u00e7a-n\u00edqueis Lavish Joker[:es]Opciones de Bonificaci\u00f3n de la M\u00e1quina Tragamonedas Lavish Joker[:ro]Op\u021biunile de Bonus ale Slotului Lavish Joker[:bg]\u0411\u043e\u043d\u0443\u0441\u043d\u0438 \u043e\u043f\u0446\u0438\u0438 \u043d\u0430 \u0438\u0433\u0440\u043e\u0432\u0438\u044f \u0430\u0432\u0442\u043e\u043c\u0430\u0442 Lavish Joker[:sr]\u0411\u043e\u043d\u0443\u0441\u043d\u0435 \u043e\u043f\u0446\u0438\u0458\u0435 \u0438\u0433\u0440\u0435 \u043d\u0430 \u0441\u043b\u043e\u0442 \u043c\u0430\u0448\u0438\u043d\u0438 Lavish Joker[:pl]Opcje bonusowe w automacie do gry Lavish Joker[:it]Opzioni Bonus della Slot Machine Lavish Joker[:fr]Options Bonus de la Machine \u00e0 Sous Lavish Joker[:] - Lavish Joker","og_description":"\u0411\u0435\u043b\u043e\u0440\u0443\u0441\u043a\u0438\u044f\u0442 \u0440\u0430\u0437\u0440\u0430\u0431\u043e\u0442\u0447\u0438\u043a Belatra Games \u043e\u0431\u044a\u0440\u043d\u0430 \u0441\u043f\u0435\u0446\u0438\u0430\u043b\u043d\u043e \u0432\u043d\u0438\u043c\u0430\u043d\u0438\u0435 \u043d\u0430 \u0438\u043d\u0442\u0435\u0440\u0435\u0441\u043d\u0438\u0442\u0435 \u0431\u043e\u043d\u0443\u0441 \u0444\u0443\u043d\u043a\u0446\u0438\u0438 \u043f\u0440\u0438 \u0441\u044a\u0437\u0434\u0430\u0432\u0430\u043d\u0435\u0442\u043e \u043d\u0430 \u043a\u043b\u0430\u0441\u0438\u0447\u0435\u0441\u043a\u0438 \u0432\u0438\u0434\u0435\u043e \u0441\u043b\u043e\u0442. \u0412\u044a\u043f\u0440\u0435\u043a\u0438 \u043b\u0438\u043f\u0441\u0430\u0442\u0430 \u043d\u0430 \u0431\u0435\u0437\u043f\u043b\u0430\u0442\u043d\u0438 \u0437\u0430\u0432\u044a\u0440\u0442\u0430\u043d\u0438\u044f \u0438 \u0440\u0430\u0437\u043f\u0440\u044a\u0441\u043a\u0432\u0430\u043d\u0438\u044f, \u0438\u0433\u0440\u0430\u0442\u0430 \u043c\u043e\u0436\u0435 \u0434\u0430 \u0432\u044a\u0437\u043d\u0430\u0433\u0440\u0430\u0434\u0438 \u0449\u0435\u0434\u0440\u043e \u0438\u0433\u0440\u0430\u0447\u0430 \u0431\u043b\u0430\u0433\u043e\u0434\u0430\u0440\u0435\u043d\u0438\u0435 \u043d\u0430 \u0434\u043e\u0431\u0440\u0438\u0442\u0435 \u0431\u043e\u043d\u0443\u0441 \u0432\u044a\u0437\u043c\u043e\u0436\u043d\u043e\u0441\u0442\u0438: \u0420\u0438\u0441\u043a \u0438\u0433\u0440\u0430 \u2013 \u043d\u0438\u0432\u043e \u0437\u0430 \u0443\u0434\u0432\u043e\u044f\u0432\u0430\u043d\u0435 \u043d\u0430 \u043f\u0435\u0447\u0430\u043b\u0431\u0430\u0442\u0430, \u043a\u043e\u0435\u0442\u043e \u043c\u043e\u0436\u0435 \u0434\u0430 \u0441\u0435 \u0430\u043a\u0442\u0438\u0432\u0438\u0440\u0430 \u0441\u043b\u0435\u0434 \u0432\u0441\u044f\u043a\u043e \u043f\u0435\u0447\u0435\u043b\u0438\u0432\u0448\u043e \u0437\u0430\u0432\u044a\u0440\u0442\u0430\u043d\u0435. \u0418\u0433\u0440\u0430\u0447\u044a\u0442 \u0442\u0440\u044f\u0431\u0432\u0430 \u043f\u0440\u0430\u0432\u0438\u043b\u043d\u043e...","og_url":"https:\/\/auto-joker123.com\/bg\/lavish-joker-bonus-options\/","og_site_name":"Lavish Joker","article_modified_time":"2024-03-22T18:32:37+00:00","twitter_card":"summary_large_image","twitter_misc":{"Est. reading time":"8 \u043c\u0438\u043d\u0443\u0442\u0438"},"schema":{"@context":"https:\/\/schema.org","@graph":[{"@type":"WebPage","@id":"https:\/\/auto-joker123.com\/sr\/lavish-joker-bonus-options\/","url":"https:\/\/auto-joker123.com\/sr\/lavish-joker-bonus-options\/","name":"\u0411\u043e\u043d\u0443\u0441\u043d\u0438 \u043e\u043f\u0446\u0438\u0438 \u043d\u0430 \u0438\u0433\u0440\u043e\u0432\u0438\u044f \u0430\u0432\u0442\u043e\u043c\u0430\u0442 Lavish Joker","isPartOf":{"@id":"https:\/\/auto-joker123.com\/#website"},"datePublished":"2024-01-04T17:15:47+00:00","dateModified":"2024-03-22T18:32:37+00:00","breadcrumb":{"@id":"https:\/\/auto-joker123.com\/sr\/lavish-joker-bonus-options\/#breadcrumb"},"inLanguage":"bg-BG","potentialAction":[{"@type":"ReadAction","target":["https:\/\/auto-joker123.com\/sr\/lavish-joker-bonus-options\/"]}]},{"@type":"BreadcrumbList","@id":"https:\/\/auto-joker123.com\/sr\/lavish-joker-bonus-options\/#breadcrumb","itemListElement":[{"@type":"ListItem","position":1,"name":"Home","item":"https:\/\/auto-joker123.com\/"},{"@type":"ListItem","position":2,"name":"\u0411\u043e\u043d\u0443\u0441\u043d\u0435 \u043e\u043f\u0446\u0438\u0458\u0435 \u0438\u0433\u0440\u0435 \u043d\u0430 \u0441\u043b\u043e\u0442 \u043c\u0430\u0448\u0438\u043d\u0438 Lavish Joker"}]},{"@type":"WebSite","@id":"https:\/\/auto-joker123.com\/#website","url":"https:\/\/auto-joker123.com\/","name":"Lavish Joker","description":"","potentialAction":[{"@type":"SearchAction","target":{"@type":"EntryPoint","urlTemplate":"https:\/\/auto-joker123.com\/?s={search_term_string}"},"query-input":{"@type":"PropertyValueSpecification","valueRequired":true,"valueName":"search_term_string"}}],"inLanguage":"bg-BG"}]}},"_links":{"self":[{"href":"https:\/\/auto-joker123.com\/bg\/wp-json\/wp\/v2\/pages\/10","targetHints":{"allow":["GET"]}}],"collection":[{"href":"https:\/\/auto-joker123.com\/bg\/wp-json\/wp\/v2\/pages"}],"about":[{"href":"https:\/\/auto-joker123.com\/bg\/wp-json\/wp\/v2\/types\/page"}],"author":[{"embeddable":true,"href":"https:\/\/auto-joker123.com\/bg\/wp-json\/wp\/v2\/users\/1"}],"replies":[{"embeddable":true,"href":"https:\/\/auto-joker123.com\/bg\/wp-json\/wp\/v2\/comments?post=10"}],"version-history":[{"count":21,"href":"https:\/\/auto-joker123.com\/bg\/wp-json\/wp\/v2\/pages\/10\/revisions"}],"predecessor-version":[{"id":150,"href":"https:\/\/auto-joker123.com\/bg\/wp-json\/wp\/v2\/pages\/10\/revisions\/150"}],"wp:attachment":[{"href":"https:\/\/auto-joker123.com\/bg\/wp-json\/wp\/v2\/media?parent=10"}],"curies":[{"name":"wp","href":"https:\/\/api.w.org\/{rel}","templated":true}]}}