{"id":10,"date":"2024-01-04T17:15:47","date_gmt":"2024-01-04T17:15:47","guid":{"rendered":"https:\/\/auto-joker123.com\/?page_id=10"},"modified":"2024-03-22T18:32:37","modified_gmt":"2024-03-22T18:32:37","slug":"lavish-joker-bonus-options","status":"publish","type":"page","link":"https:\/\/auto-joker123.com\/en\/lavish-joker-bonus-options\/","title":{"rendered":"Bonus Options of the Lavish Joker Slot Machine"},"content":{"rendered":"<p>Belarusian developer Belatra Games paid special attention to interesting bonus features when creating the classic video slot. Despite the absence of free spins and scatters, the game can generously reward the gambler thanks to its good bonus opportunities:<\/p>\n<ul>\n<li>Risk game \u2013 a doubling level that can be activated after each winning spin. The gambler must correctly guess the color or value of the closed card on the screen, beat the dealer, and receive double rewards.<\/li>\n<li>Wheel of Fortune \u2013 a bonus level in a new location, activated as the progress bar is filled with game points. Wheel sectors contain cash prizes, bet multipliers, and a big jackpot that goes to the luckiest player.<\/li>\n<li>The wild symbol has bonus features. The wild can replace other icons, contributing to the formation of winning combinations. Additionally, the wild symbol can expand into a mega-symbol with a size of 3&#215;3 cells.<\/li>\n<\/ul>\n<p>The Lavish Joker slot machine is suitable for both beginners and experienced gamblers. Thanks to simple rules and gameplay, new casino visitors can easily understand the mechanics and features of the video slot. For professional players, this model is an excellent opportunity to hit a big win in the bonus round on the Wheel of Fortune.<\/p>\n","protected":false},"excerpt":{"rendered":"<p>Belarusian developer Belatra Games paid special attention to interesting bonus features when creating the classic video slot. Despite the absence of free spins and scatters, the game can generously reward the gambler thanks to its good bonus opportunities: Risk game \u2013 a doubling level that can be activated after each winning spin. The gambler must&#8230;<\/p>\n","protected":false},"author":1,"featured_media":0,"parent":0,"menu_order":0,"comment_status":"closed","ping_status":"closed","template":"","meta":{"footnotes":""},"class_list":["post-10","page","type-page","status-publish","hentry"],"yoast_head":"<!-- This site is optimized with the Yoast SEO plugin v27.2 - https:\/\/yoast.com\/product\/yoast-seo-wordpress\/ -->\n<title>Bonus Options of the Lavish Joker Slot Machine<\/title>\n<meta name=\"robots\" content=\"index, follow, max-snippet:-1, max-image-preview:large, max-video-preview:-1\" \/>\n<link rel=\"canonical\" href=\"https:\/\/auto-joker123.com\/en\/lavish-joker-bonus-options\/\" \/>\n<meta property=\"og:locale\" content=\"en_US\" \/>\n<meta property=\"og:locale:alternate\" content=\"ru_RU\" \/>\n<meta property=\"og:locale:alternate\" content=\"pt_PT\" \/>\n<meta property=\"og:locale:alternate\" content=\"es_ES\" \/>\n<meta property=\"og:locale:alternate\" content=\"ro_RO\" \/>\n<meta property=\"og:locale:alternate\" content=\"bg_BG\" \/>\n<meta property=\"og:locale:alternate\" content=\"sr_RS\" \/>\n<meta property=\"og:locale:alternate\" content=\"pl_PL\" \/>\n<meta property=\"og:locale:alternate\" content=\"it_IT\" \/>\n<meta property=\"og:locale:alternate\" content=\"fr_FR\" \/>\n<meta property=\"og:type\" content=\"article\" \/>\n<meta property=\"og:title\" content=\"Bonus Options of the Lavish Joker Slot Machine\" \/>\n<meta property=\"og:description\" content=\"Belarusian developer Belatra Games paid special attention to interesting bonus features when creating the classic video slot. Despite the absence of free spins and scatters, the game can generously reward the gambler thanks to its good bonus opportunities: Risk game \u2013 a doubling level that can be activated after each winning spin. The gambler must...\" \/>\n<meta property=\"og:url\" content=\"https:\/\/auto-joker123.com\/en\/lavish-joker-bonus-options\/\" \/>\n<meta property=\"og:site_name\" content=\"Lavish Joker\" \/>\n<meta property=\"article:modified_time\" content=\"2024-03-22T18:32:37+00:00\" \/>\n<meta name=\"twitter:card\" content=\"summary_large_image\" \/>\n<meta name=\"twitter:label1\" content=\"Est. reading time\" \/>\n\t<meta name=\"twitter:data1\" content=\"8 minutes\" \/>\n<script type=\"application\/ld+json\" class=\"yoast-schema-graph\">{\"@context\":\"https:\/\/schema.org\",\"@graph\":[{\"@type\":\"WebPage\",\"@id\":\"https:\/\/auto-joker123.com\/sr\/lavish-joker-bonus-options\/\",\"url\":\"https:\/\/auto-joker123.com\/sr\/lavish-joker-bonus-options\/\",\"name\":\"Bonus Options of the Lavish Joker Slot Machine\",\"isPartOf\":{\"@id\":\"https:\/\/auto-joker123.com\/#website\"},\"datePublished\":\"2024-01-04T17:15:47+00:00\",\"dateModified\":\"2024-03-22T18:32:37+00:00\",\"breadcrumb\":{\"@id\":\"https:\/\/auto-joker123.com\/sr\/lavish-joker-bonus-options\/#breadcrumb\"},\"inLanguage\":\"en-US\",\"potentialAction\":[{\"@type\":\"ReadAction\",\"target\":[\"https:\/\/auto-joker123.com\/sr\/lavish-joker-bonus-options\/\"]}]},{\"@type\":\"BreadcrumbList\",\"@id\":\"https:\/\/auto-joker123.com\/sr\/lavish-joker-bonus-options\/#breadcrumb\",\"itemListElement\":[{\"@type\":\"ListItem\",\"position\":1,\"name\":\"Home\",\"item\":\"https:\/\/auto-joker123.com\/\"},{\"@type\":\"ListItem\",\"position\":2,\"name\":\"\u0411\u043e\u043d\u0443\u0441\u043d\u0435 \u043e\u043f\u0446\u0438\u0458\u0435 \u0438\u0433\u0440\u0435 \u043d\u0430 \u0441\u043b\u043e\u0442 \u043c\u0430\u0448\u0438\u043d\u0438 Lavish Joker\"}]},{\"@type\":\"WebSite\",\"@id\":\"https:\/\/auto-joker123.com\/#website\",\"url\":\"https:\/\/auto-joker123.com\/\",\"name\":\"Lavish Joker\",\"description\":\"\",\"potentialAction\":[{\"@type\":\"SearchAction\",\"target\":{\"@type\":\"EntryPoint\",\"urlTemplate\":\"https:\/\/auto-joker123.com\/?s={search_term_string}\"},\"query-input\":{\"@type\":\"PropertyValueSpecification\",\"valueRequired\":true,\"valueName\":\"search_term_string\"}}],\"inLanguage\":\"en-US\"}]}<\/script>\n<!-- \/ Yoast SEO plugin. -->","yoast_head_json":{"title":"Bonus Options of the Lavish Joker Slot Machine","robots":{"index":"index","follow":"follow","max-snippet":"max-snippet:-1","max-image-preview":"max-image-preview:large","max-video-preview":"max-video-preview:-1"},"canonical":"https:\/\/auto-joker123.com\/en\/lavish-joker-bonus-options\/","og_locale":"en_US","og_type":"article","og_title":"[:ru]\u0411\u043e\u043d\u0443\u0441\u043d\u044b\u0435 \u043e\u043f\u0446\u0438\u0438 \u0438\u0433\u0440\u043e\u0432\u043e\u0433\u043e \u0430\u0432\u0442\u043e\u043c\u0430\u0442\u0430 Lavish Joker[:en]Bonus Options of the Lavish Joker Slot Machine[:pt]Op\u00e7\u00f5es de B\u00f4nus da M\u00e1quina de Ca\u00e7a-n\u00edqueis Lavish Joker[:es]Opciones de Bonificaci\u00f3n de la M\u00e1quina Tragamonedas Lavish Joker[:ro]Op\u021biunile de Bonus ale Slotului Lavish Joker[:bg]\u0411\u043e\u043d\u0443\u0441\u043d\u0438 \u043e\u043f\u0446\u0438\u0438 \u043d\u0430 \u0438\u0433\u0440\u043e\u0432\u0438\u044f \u0430\u0432\u0442\u043e\u043c\u0430\u0442 Lavish Joker[:sr]\u0411\u043e\u043d\u0443\u0441\u043d\u0435 \u043e\u043f\u0446\u0438\u0458\u0435 \u0438\u0433\u0440\u0435 \u043d\u0430 \u0441\u043b\u043e\u0442 \u043c\u0430\u0448\u0438\u043d\u0438 Lavish Joker[:pl]Opcje bonusowe w automacie do gry Lavish Joker[:it]Opzioni Bonus della Slot Machine Lavish Joker[:fr]Options Bonus de la Machine \u00e0 Sous Lavish Joker[:] - Lavish Joker","og_description":"Belarusian developer Belatra Games paid special attention to interesting bonus features when creating the classic video slot. Despite the absence of free spins and scatters, the game can generously reward the gambler thanks to its good bonus opportunities: Risk game \u2013 a doubling level that can be activated after each winning spin. The gambler must...","og_url":"https:\/\/auto-joker123.com\/en\/lavish-joker-bonus-options\/","og_site_name":"Lavish Joker","article_modified_time":"2024-03-22T18:32:37+00:00","twitter_card":"summary_large_image","twitter_misc":{"Est. reading time":"8 minutes"},"schema":{"@context":"https:\/\/schema.org","@graph":[{"@type":"WebPage","@id":"https:\/\/auto-joker123.com\/sr\/lavish-joker-bonus-options\/","url":"https:\/\/auto-joker123.com\/sr\/lavish-joker-bonus-options\/","name":"Bonus Options of the Lavish Joker Slot Machine","isPartOf":{"@id":"https:\/\/auto-joker123.com\/#website"},"datePublished":"2024-01-04T17:15:47+00:00","dateModified":"2024-03-22T18:32:37+00:00","breadcrumb":{"@id":"https:\/\/auto-joker123.com\/sr\/lavish-joker-bonus-options\/#breadcrumb"},"inLanguage":"en-US","potentialAction":[{"@type":"ReadAction","target":["https:\/\/auto-joker123.com\/sr\/lavish-joker-bonus-options\/"]}]},{"@type":"BreadcrumbList","@id":"https:\/\/auto-joker123.com\/sr\/lavish-joker-bonus-options\/#breadcrumb","itemListElement":[{"@type":"ListItem","position":1,"name":"Home","item":"https:\/\/auto-joker123.com\/"},{"@type":"ListItem","position":2,"name":"\u0411\u043e\u043d\u0443\u0441\u043d\u0435 \u043e\u043f\u0446\u0438\u0458\u0435 \u0438\u0433\u0440\u0435 \u043d\u0430 \u0441\u043b\u043e\u0442 \u043c\u0430\u0448\u0438\u043d\u0438 Lavish Joker"}]},{"@type":"WebSite","@id":"https:\/\/auto-joker123.com\/#website","url":"https:\/\/auto-joker123.com\/","name":"Lavish Joker","description":"","potentialAction":[{"@type":"SearchAction","target":{"@type":"EntryPoint","urlTemplate":"https:\/\/auto-joker123.com\/?s={search_term_string}"},"query-input":{"@type":"PropertyValueSpecification","valueRequired":true,"valueName":"search_term_string"}}],"inLanguage":"en-US"}]}},"_links":{"self":[{"href":"https:\/\/auto-joker123.com\/en\/wp-json\/wp\/v2\/pages\/10","targetHints":{"allow":["GET"]}}],"collection":[{"href":"https:\/\/auto-joker123.com\/en\/wp-json\/wp\/v2\/pages"}],"about":[{"href":"https:\/\/auto-joker123.com\/en\/wp-json\/wp\/v2\/types\/page"}],"author":[{"embeddable":true,"href":"https:\/\/auto-joker123.com\/en\/wp-json\/wp\/v2\/users\/1"}],"replies":[{"embeddable":true,"href":"https:\/\/auto-joker123.com\/en\/wp-json\/wp\/v2\/comments?post=10"}],"version-history":[{"count":21,"href":"https:\/\/auto-joker123.com\/en\/wp-json\/wp\/v2\/pages\/10\/revisions"}],"predecessor-version":[{"id":150,"href":"https:\/\/auto-joker123.com\/en\/wp-json\/wp\/v2\/pages\/10\/revisions\/150"}],"wp:attachment":[{"href":"https:\/\/auto-joker123.com\/en\/wp-json\/wp\/v2\/media?parent=10"}],"curies":[{"name":"wp","href":"https:\/\/api.w.org\/{rel}","templated":true}]}}