{"id":12,"date":"2024-01-04T17:16:18","date_gmt":"2024-01-04T17:16:18","guid":{"rendered":"https:\/\/auto-joker123.com\/?page_id=12"},"modified":"2024-03-22T18:37:51","modified_gmt":"2024-03-22T18:37:51","slug":"how-to-play-lavish-joker","status":"publish","type":"page","link":"https:\/\/auto-joker123.com\/es\/how-to-play-lavish-joker\/","title":{"rendered":"C\u00f3mo Jugar en la M\u00e1quina Tragamonedas Lavish Joker"},"content":{"rendered":"<p>Para realizar apuestas en la tragamonedas Lavish Joker con dinero real, debes elegir un casino, registrarte y hacer un dep\u00f3sito. Se recomienda preferir casinos de buena reputaci\u00f3n con licencia, software de calidad y una buena reputaci\u00f3n. Para comenzar a jugar Lavish Joker con dinero real, debes:<\/p>\n<ul>\n<li>Verificar las clasificaciones de casinos virtuales.<\/li>\n<li>Elegir un casino que ofrezca juegos de Belatra Games.<\/li>\n<li>Ir al sitio web oficial de la empresa.<\/li>\n<li>Encontrar y hacer clic en el bot\u00f3n \u00abRegistro\u00bb.<\/li>\n<li>Completar el formulario con informaci\u00f3n precisa.<\/li>\n<li>Ingresar tu n\u00famero de tel\u00e9fono m\u00f3vil y correo electr\u00f3nico.<\/li>\n<li>Crear una contrase\u00f1a segura para tu cuenta.<\/li>\n<li>Elegir la moneda apropiada para tu cuenta de juego.<\/li>\n<li>Especificar tu pa\u00eds de residencia, g\u00e9nero y edad.<\/li>\n<li>Revisar las reglas y condiciones del casino.<\/li>\n<li>Completar el registro y verificar tu cuenta.<\/li>\n<\/ul>\n<p>Despu\u00e9s de crear una cuenta y proporcionar la documentaci\u00f3n necesaria, el jugador debe realizar un dep\u00f3sito. Para hacerlo, ve al \u00e1rea personal y selecciona la secci\u00f3n \u00abCajero\u00bb. En el formulario proporcionado, ingresa la cantidad del dep\u00f3sito y elige el m\u00e9todo de pago. Despu\u00e9s de confirmar la transacci\u00f3n, el dinero se acreditar\u00e1 instant\u00e1neamente en la cuenta del jugador. Solo queda encontrar la tragamonedas Lavish Joker en el cat\u00e1logo del casino y comenzar a jugar. Las ganancias deben retirarse a los mismos detalles desde los cuales el jugador realiz\u00f3 el dep\u00f3sito.<\/p>\n<p>Casi todos los casinos en l\u00ednea ofrecen regalos de bienvenida a los reci\u00e9n llegados, como dinero o giros gratis. Estos incentivos se pueden utilizar para realizar apuestas en m\u00e1quinas tragamonedas. Los bonos se activan a discreci\u00f3n del jugador. Se recomienda familiarizarse con las condiciones de apuesta y el coeficiente de apuesta de antemano. Los regalos deben apostarse en las tragamonedas especificadas por el casino dentro de una promoci\u00f3n espec\u00edfica. Es importante cumplir con los l\u00edmites de apuestas y lograr apostar el dinero o giros gratis en m\u00e1quinas tragamonedas dentro del tiempo asignado. El modelo de tragamonedas Lavish Joker es ideal para apostar bonos de casino y ofrece excelentes perspectivas de ganancias para los jugadores.<\/p>\n","protected":false},"excerpt":{"rendered":"<p>Para realizar apuestas en la tragamonedas Lavish Joker con dinero real, debes elegir un casino, registrarte y hacer un dep\u00f3sito. Se recomienda preferir casinos de buena reputaci\u00f3n con licencia, software de calidad y una buena reputaci\u00f3n. Para comenzar a jugar Lavish Joker con dinero real, debes: Verificar las clasificaciones de casinos virtuales. Elegir un casino&#8230;<\/p>\n","protected":false},"author":1,"featured_media":0,"parent":0,"menu_order":0,"comment_status":"closed","ping_status":"closed","template":"","meta":{"footnotes":""},"class_list":["post-12","page","type-page","status-publish","hentry"],"yoast_head":"<!-- This site is optimized with the Yoast SEO plugin v27.2 - https:\/\/yoast.com\/product\/yoast-seo-wordpress\/ -->\n<title>\u041a\u0430\u043a \u0438\u0433\u0440\u0430\u0442\u044c \u0432 \u0438\u0433\u0440\u043e\u0432\u043e\u0439 \u0430\u0432\u0442\u043e\u043c\u0430\u0442 Lavish Joker<\/title>\n<meta name=\"description\" content=\"Jugando en la m\u00e1quina tragamonedas Lavish Joker. Estrategias y t\u00e1cticas. Dep\u00f3sito y retiro de ganancias en la m\u00e1quina tragamonedas Lavish Joker.\" \/>\n<meta name=\"robots\" content=\"index, follow, max-snippet:-1, max-image-preview:large, max-video-preview:-1\" \/>\n<link rel=\"canonical\" href=\"https:\/\/auto-joker123.com\/es\/how-to-play-lavish-joker\/\" \/>\n<meta property=\"og:locale\" content=\"es_ES\" \/>\n<meta property=\"og:locale:alternate\" content=\"ru_RU\" \/>\n<meta property=\"og:locale:alternate\" content=\"en_US\" \/>\n<meta property=\"og:locale:alternate\" content=\"pt_PT\" \/>\n<meta property=\"og:locale:alternate\" content=\"ro_RO\" \/>\n<meta property=\"og:locale:alternate\" content=\"bg_BG\" \/>\n<meta property=\"og:locale:alternate\" content=\"sr_RS\" \/>\n<meta property=\"og:locale:alternate\" content=\"pl_PL\" \/>\n<meta property=\"og:locale:alternate\" content=\"it_IT\" \/>\n<meta property=\"og:locale:alternate\" content=\"fr_FR\" \/>\n<meta property=\"og:type\" content=\"article\" \/>\n<meta property=\"og:title\" content=\"\u041a\u0430\u043a \u0438\u0433\u0440\u0430\u0442\u044c \u0432 \u0438\u0433\u0440\u043e\u0432\u043e\u0439 \u0430\u0432\u0442\u043e\u043c\u0430\u0442 Lavish Joker\" \/>\n<meta property=\"og:description\" content=\"\u0418\u0433\u0440\u0430\u0442\u044c \u0432 \u0441\u043b\u043e\u0442 Lavish Joker. \u0421\u0442\u0440\u0430\u0442\u0435\u0433\u0438\u0438 \u0438 \u0442\u0430\u043a\u0442\u0438\u043a\u0438. \u0412\u043d\u0435\u0441\u0435\u043d\u0438\u0435 \u0434\u0435\u043f\u043e\u0437\u0438\u0442\u0430 \u0438 \u0432\u044b\u0432\u043e\u0434 \u0432\u044b\u0438\u0433\u0440\u044b\u0448\u0430 \u0432 \u0438\u0433\u0440\u043e\u0432\u043e\u043c \u0430\u0432\u0442\u043e\u043c\u0430\u0442\u0435 Lavish Joker\" \/>\n<meta property=\"og:url\" content=\"https:\/\/auto-joker123.com\/es\/how-to-play-lavish-joker\/\" \/>\n<meta property=\"og:site_name\" content=\"Lavish Joker\" \/>\n<meta property=\"article:modified_time\" content=\"2024-03-22T18:37:51+00:00\" \/>\n<meta name=\"twitter:card\" content=\"summary_large_image\" \/>\n<meta name=\"twitter:label1\" content=\"Tiempo de lectura\" \/>\n\t<meta name=\"twitter:data1\" content=\"13 minutos\" \/>\n<script type=\"application\/ld+json\" class=\"yoast-schema-graph\">{\"@context\":\"https:\/\/schema.org\",\"@graph\":[{\"@type\":\"WebPage\",\"@id\":\"https:\/\/auto-joker123.com\/how-to-play-lavish-joker\/\",\"url\":\"https:\/\/auto-joker123.com\/how-to-play-lavish-joker\/\",\"name\":\"\u041a\u0430\u043a \u0438\u0433\u0440\u0430\u0442\u044c \u0432 \u0438\u0433\u0440\u043e\u0432\u043e\u0439 \u0430\u0432\u0442\u043e\u043c\u0430\u0442 Lavish Joker\",\"isPartOf\":{\"@id\":\"https:\/\/auto-joker123.com\/#website\"},\"datePublished\":\"2024-01-04T17:16:18+00:00\",\"dateModified\":\"2024-03-22T18:37:51+00:00\",\"description\":\"\u0418\u0433\u0440\u0430\u0442\u044c \u0432 \u0441\u043b\u043e\u0442 Lavish Joker. \u0421\u0442\u0440\u0430\u0442\u0435\u0433\u0438\u0438 \u0438 \u0442\u0430\u043a\u0442\u0438\u043a\u0438. \u0412\u043d\u0435\u0441\u0435\u043d\u0438\u0435 \u0434\u0435\u043f\u043e\u0437\u0438\u0442\u0430 \u0438 \u0432\u044b\u0432\u043e\u0434 \u0432\u044b\u0438\u0433\u0440\u044b\u0448\u0430 \u0432 \u0438\u0433\u0440\u043e\u0432\u043e\u043c \u0430\u0432\u0442\u043e\u043c\u0430\u0442\u0435 Lavish Joker\",\"breadcrumb\":{\"@id\":\"https:\/\/auto-joker123.com\/how-to-play-lavish-joker\/#breadcrumb\"},\"inLanguage\":\"es-ES\",\"potentialAction\":[{\"@type\":\"ReadAction\",\"target\":[\"https:\/\/auto-joker123.com\/how-to-play-lavish-joker\/\"]}]},{\"@type\":\"BreadcrumbList\",\"@id\":\"https:\/\/auto-joker123.com\/how-to-play-lavish-joker\/#breadcrumb\",\"itemListElement\":[{\"@type\":\"ListItem\",\"position\":1,\"name\":\"Home\",\"item\":\"https:\/\/auto-joker123.com\/\"},{\"@type\":\"ListItem\",\"position\":2,\"name\":\"\u041a\u0430\u043a \u0438\u0433\u0440\u0430\u0442\u044c \u0432 \u0430\u0432\u0442\u043e\u043c\u0430\u0442 Lavish Joker\"}]},{\"@type\":\"WebSite\",\"@id\":\"https:\/\/auto-joker123.com\/#website\",\"url\":\"https:\/\/auto-joker123.com\/\",\"name\":\"Lavish Joker\",\"description\":\"\",\"potentialAction\":[{\"@type\":\"SearchAction\",\"target\":{\"@type\":\"EntryPoint\",\"urlTemplate\":\"https:\/\/auto-joker123.com\/?s={search_term_string}\"},\"query-input\":{\"@type\":\"PropertyValueSpecification\",\"valueRequired\":true,\"valueName\":\"search_term_string\"}}],\"inLanguage\":\"es-ES\"}]}<\/script>\n<!-- \/ Yoast SEO plugin. -->","yoast_head_json":{"title":"\u041a\u0430\u043a \u0438\u0433\u0440\u0430\u0442\u044c \u0432 \u0438\u0433\u0440\u043e\u0432\u043e\u0439 \u0430\u0432\u0442\u043e\u043c\u0430\u0442 Lavish Joker","description":"Jugando en la m\u00e1quina tragamonedas Lavish Joker. Estrategias y t\u00e1cticas. Dep\u00f3sito y retiro de ganancias en la m\u00e1quina tragamonedas Lavish Joker.","robots":{"index":"index","follow":"follow","max-snippet":"max-snippet:-1","max-image-preview":"max-image-preview:large","max-video-preview":"max-video-preview:-1"},"canonical":"https:\/\/auto-joker123.com\/es\/how-to-play-lavish-joker\/","og_locale":"es_ES","og_type":"article","og_title":"\u041a\u0430\u043a \u0438\u0433\u0440\u0430\u0442\u044c \u0432 \u0438\u0433\u0440\u043e\u0432\u043e\u0439 \u0430\u0432\u0442\u043e\u043c\u0430\u0442 Lavish Joker","og_description":"\u0418\u0433\u0440\u0430\u0442\u044c \u0432 \u0441\u043b\u043e\u0442 Lavish Joker. \u0421\u0442\u0440\u0430\u0442\u0435\u0433\u0438\u0438 \u0438 \u0442\u0430\u043a\u0442\u0438\u043a\u0438. \u0412\u043d\u0435\u0441\u0435\u043d\u0438\u0435 \u0434\u0435\u043f\u043e\u0437\u0438\u0442\u0430 \u0438 \u0432\u044b\u0432\u043e\u0434 \u0432\u044b\u0438\u0433\u0440\u044b\u0448\u0430 \u0432 \u0438\u0433\u0440\u043e\u0432\u043e\u043c \u0430\u0432\u0442\u043e\u043c\u0430\u0442\u0435 Lavish Joker","og_url":"https:\/\/auto-joker123.com\/es\/how-to-play-lavish-joker\/","og_site_name":"Lavish Joker","article_modified_time":"2024-03-22T18:37:51+00:00","twitter_card":"summary_large_image","twitter_misc":{"Tiempo de lectura":"13 minutos"},"schema":{"@context":"https:\/\/schema.org","@graph":[{"@type":"WebPage","@id":"https:\/\/auto-joker123.com\/how-to-play-lavish-joker\/","url":"https:\/\/auto-joker123.com\/how-to-play-lavish-joker\/","name":"\u041a\u0430\u043a \u0438\u0433\u0440\u0430\u0442\u044c \u0432 \u0438\u0433\u0440\u043e\u0432\u043e\u0439 \u0430\u0432\u0442\u043e\u043c\u0430\u0442 Lavish Joker","isPartOf":{"@id":"https:\/\/auto-joker123.com\/#website"},"datePublished":"2024-01-04T17:16:18+00:00","dateModified":"2024-03-22T18:37:51+00:00","description":"\u0418\u0433\u0440\u0430\u0442\u044c \u0432 \u0441\u043b\u043e\u0442 Lavish Joker. \u0421\u0442\u0440\u0430\u0442\u0435\u0433\u0438\u0438 \u0438 \u0442\u0430\u043a\u0442\u0438\u043a\u0438. \u0412\u043d\u0435\u0441\u0435\u043d\u0438\u0435 \u0434\u0435\u043f\u043e\u0437\u0438\u0442\u0430 \u0438 \u0432\u044b\u0432\u043e\u0434 \u0432\u044b\u0438\u0433\u0440\u044b\u0448\u0430 \u0432 \u0438\u0433\u0440\u043e\u0432\u043e\u043c \u0430\u0432\u0442\u043e\u043c\u0430\u0442\u0435 Lavish Joker","breadcrumb":{"@id":"https:\/\/auto-joker123.com\/how-to-play-lavish-joker\/#breadcrumb"},"inLanguage":"es-ES","potentialAction":[{"@type":"ReadAction","target":["https:\/\/auto-joker123.com\/how-to-play-lavish-joker\/"]}]},{"@type":"BreadcrumbList","@id":"https:\/\/auto-joker123.com\/how-to-play-lavish-joker\/#breadcrumb","itemListElement":[{"@type":"ListItem","position":1,"name":"Home","item":"https:\/\/auto-joker123.com\/"},{"@type":"ListItem","position":2,"name":"\u041a\u0430\u043a \u0438\u0433\u0440\u0430\u0442\u044c \u0432 \u0430\u0432\u0442\u043e\u043c\u0430\u0442 Lavish Joker"}]},{"@type":"WebSite","@id":"https:\/\/auto-joker123.com\/#website","url":"https:\/\/auto-joker123.com\/","name":"Lavish Joker","description":"","potentialAction":[{"@type":"SearchAction","target":{"@type":"EntryPoint","urlTemplate":"https:\/\/auto-joker123.com\/?s={search_term_string}"},"query-input":{"@type":"PropertyValueSpecification","valueRequired":true,"valueName":"search_term_string"}}],"inLanguage":"es-ES"}]}},"_links":{"self":[{"href":"https:\/\/auto-joker123.com\/es\/wp-json\/wp\/v2\/pages\/12","targetHints":{"allow":["GET"]}}],"collection":[{"href":"https:\/\/auto-joker123.com\/es\/wp-json\/wp\/v2\/pages"}],"about":[{"href":"https:\/\/auto-joker123.com\/es\/wp-json\/wp\/v2\/types\/page"}],"author":[{"embeddable":true,"href":"https:\/\/auto-joker123.com\/es\/wp-json\/wp\/v2\/users\/1"}],"replies":[{"embeddable":true,"href":"https:\/\/auto-joker123.com\/es\/wp-json\/wp\/v2\/comments?post=12"}],"version-history":[{"count":22,"href":"https:\/\/auto-joker123.com\/es\/wp-json\/wp\/v2\/pages\/12\/revisions"}],"predecessor-version":[{"id":153,"href":"https:\/\/auto-joker123.com\/es\/wp-json\/wp\/v2\/pages\/12\/revisions\/153"}],"wp:attachment":[{"href":"https:\/\/auto-joker123.com\/es\/wp-json\/wp\/v2\/media?parent=12"}],"curies":[{"name":"wp","href":"https:\/\/api.w.org\/{rel}","templated":true}]}}