{"id":14,"date":"2024-01-04T17:16:46","date_gmt":"2024-01-04T17:16:46","guid":{"rendered":"https:\/\/auto-joker123.com\/?page_id=14"},"modified":"2024-03-22T18:35:35","modified_gmt":"2024-03-22T18:35:35","slug":"where-to-play-lavish-joker","status":"publish","type":"page","link":"https:\/\/auto-joker123.com\/es\/where-to-play-lavish-joker\/","title":{"rendered":"D\u00f3nde Jugar a la Tragamonedas Lavish Joker"},"content":{"rendered":"<p>El software del desarrollador bielorruso est\u00e1 instalado en muchos casinos virtuales. Al elegir un casino, vale la pena prestar atenci\u00f3n a casinos con licencia y buena reputaci\u00f3n. Para seleccionar un casino en l\u00ednea, puedes utilizar rese\u00f1as de expertos en la industria del juego y leer opiniones de jugadores reales. Para comenzar a jugar en la tragamonedas Lavish Joker con dinero real, debes seguir varios pasos sencillos:<\/p>\n<ul>\n<li>Elige un casino y ve al sitio web oficial.<\/li>\n<li>Haz clic en el bot\u00f3n \u00abRegistro\u00bb y completa el formulario.<\/li>\n<li>Proporciona informaci\u00f3n personal y crea una contrase\u00f1a.<\/li>\n<li>Accede a tu cuenta personal y verifica la cuenta.<\/li>\n<li>Encuentra la secci\u00f3n \u00abCajero\u00bb para depositar fondos.<\/li>\n<li>Activa opcionalmente bonos de bienvenida.<\/li>\n<li>Selecciona la tragamonedas Lavish Joker del cat\u00e1logo y comienza a jugar.<\/li>\n<\/ul>\n<p>Puedes verificar el pago de la m\u00e1quina tragamonedas en modo de demostraci\u00f3n de antemano. Esto te ayudar\u00e1 a determinar el tama\u00f1o de la apuesta por giro, establecer un bankroll y determinar la duraci\u00f3n de la sesi\u00f3n de juego. Algunos jugadores utilizan estrategias de apuestas para obtener m\u00e1s pagos en las m\u00e1quinas tragamonedas y perder menos de sus propios fondos. En la versi\u00f3n de demostraci\u00f3n, es conveniente probar diferentes estrategias para evaluar la efectividad de los m\u00e9todos de apuestas en una m\u00e1quina espec\u00edfica.<\/p>\n<p>El modelo de juego Lavish Joker es popular entre los usuarios de juegos de azar. La tragamonedas no tiene giros gratis a los que los jugadores est\u00e1n acostumbrados, pero cuenta con una rentable Rueda de la Fortuna. Al girar el tambor con premios en efectivo en el nivel de juego de bonificaci\u00f3n, cada jugador tiene la oportunidad de ganar grande.<\/p>\n","protected":false},"excerpt":{"rendered":"<p>El software del desarrollador bielorruso est\u00e1 instalado en muchos casinos virtuales. Al elegir un casino, vale la pena prestar atenci\u00f3n a casinos con licencia y buena reputaci\u00f3n. Para seleccionar un casino en l\u00ednea, puedes utilizar rese\u00f1as de expertos en la industria del juego y leer opiniones de jugadores reales. Para comenzar a jugar en la&#8230;<\/p>\n","protected":false},"author":1,"featured_media":0,"parent":0,"menu_order":0,"comment_status":"closed","ping_status":"closed","template":"","meta":{"footnotes":""},"class_list":["post-14","page","type-page","status-publish","hentry"],"yoast_head":"<!-- This site is optimized with the Yoast SEO plugin v27.2 - https:\/\/yoast.com\/product\/yoast-seo-wordpress\/ -->\n<title>\u0413\u0434\u0435 \u0438\u0433\u0440\u0430\u0442\u044c \u0432 \u0441\u043b\u043e\u0442 Lavish Joker<\/title>\n<meta name=\"description\" content=\"Selecciona un casino en l\u00ednea para jugar a la tragamonedas Lavish Joker. D\u00f3nde jugar y ganar en la tragamonedas Lavish Joker. Elige el mejor casino en l\u00ednea.\" \/>\n<meta name=\"robots\" content=\"index, follow, max-snippet:-1, max-image-preview:large, max-video-preview:-1\" \/>\n<link rel=\"canonical\" href=\"https:\/\/auto-joker123.com\/es\/where-to-play-lavish-joker\/\" \/>\n<meta property=\"og:locale\" content=\"es_ES\" \/>\n<meta property=\"og:locale:alternate\" content=\"ru_RU\" \/>\n<meta property=\"og:locale:alternate\" content=\"en_US\" \/>\n<meta property=\"og:locale:alternate\" content=\"pt_PT\" \/>\n<meta property=\"og:locale:alternate\" content=\"ro_RO\" \/>\n<meta property=\"og:locale:alternate\" content=\"bg_BG\" \/>\n<meta property=\"og:locale:alternate\" content=\"sr_RS\" \/>\n<meta property=\"og:locale:alternate\" content=\"pl_PL\" \/>\n<meta property=\"og:locale:alternate\" content=\"it_IT\" \/>\n<meta property=\"og:locale:alternate\" content=\"fr_FR\" \/>\n<meta property=\"og:type\" content=\"article\" \/>\n<meta property=\"og:title\" content=\"\u0413\u0434\u0435 \u0438\u0433\u0440\u0430\u0442\u044c \u0432 \u0441\u043b\u043e\u0442 Lavish Joker\" \/>\n<meta property=\"og:description\" content=\"\u0412\u044b\u0431\u0440\u0430\u0442\u044c \u043e\u043d\u043b\u0430\u0439\u043d \u043a\u0430\u0437\u0438\u043d\u043e \u0434\u043b\u044f \u0438\u0433\u0440\u044b \u0432 \u0441\u043b\u043e\u0442 Lavish Joker. \u0413\u0434\u0435 \u0438\u0433\u0440\u0430\u0442\u044c \u0438 \u043f\u043e\u0431\u0435\u0436\u0434\u0430\u0442\u044c \u0432 \u0441\u043b\u043e\u0442 Lavish Joker. \u0412\u044b\u0431\u0440\u0430\u0442\u044c \u043b\u0443\u0447\u0448\u0435\u0435 \u043e\u043d\u043b\u0430\u0439\u043d \u043a\u0430\u0437\u0438\u043d\u043e\" \/>\n<meta property=\"og:url\" content=\"https:\/\/auto-joker123.com\/es\/where-to-play-lavish-joker\/\" \/>\n<meta property=\"og:site_name\" content=\"Lavish Joker\" \/>\n<meta property=\"article:modified_time\" content=\"2024-03-22T18:35:35+00:00\" \/>\n<meta name=\"twitter:card\" content=\"summary_large_image\" \/>\n<meta name=\"twitter:label1\" content=\"Tiempo de lectura\" \/>\n\t<meta name=\"twitter:data1\" content=\"10 minutos\" \/>\n<script type=\"application\/ld+json\" class=\"yoast-schema-graph\">{\"@context\":\"https:\/\/schema.org\",\"@graph\":[{\"@type\":\"WebPage\",\"@id\":\"https:\/\/auto-joker123.com\/where-to-play-lavish-joker\/\",\"url\":\"https:\/\/auto-joker123.com\/where-to-play-lavish-joker\/\",\"name\":\"\u0413\u0434\u0435 \u0438\u0433\u0440\u0430\u0442\u044c \u0432 \u0441\u043b\u043e\u0442 Lavish Joker\",\"isPartOf\":{\"@id\":\"https:\/\/auto-joker123.com\/#website\"},\"datePublished\":\"2024-01-04T17:16:46+00:00\",\"dateModified\":\"2024-03-22T18:35:35+00:00\",\"description\":\"\u0412\u044b\u0431\u0440\u0430\u0442\u044c \u043e\u043d\u043b\u0430\u0439\u043d \u043a\u0430\u0437\u0438\u043d\u043e \u0434\u043b\u044f \u0438\u0433\u0440\u044b \u0432 \u0441\u043b\u043e\u0442 Lavish Joker. \u0413\u0434\u0435 \u0438\u0433\u0440\u0430\u0442\u044c \u0438 \u043f\u043e\u0431\u0435\u0436\u0434\u0430\u0442\u044c \u0432 \u0441\u043b\u043e\u0442 Lavish Joker. \u0412\u044b\u0431\u0440\u0430\u0442\u044c \u043b\u0443\u0447\u0448\u0435\u0435 \u043e\u043d\u043b\u0430\u0439\u043d \u043a\u0430\u0437\u0438\u043d\u043e\",\"breadcrumb\":{\"@id\":\"https:\/\/auto-joker123.com\/where-to-play-lavish-joker\/#breadcrumb\"},\"inLanguage\":\"es-ES\",\"potentialAction\":[{\"@type\":\"ReadAction\",\"target\":[\"https:\/\/auto-joker123.com\/where-to-play-lavish-joker\/\"]}]},{\"@type\":\"BreadcrumbList\",\"@id\":\"https:\/\/auto-joker123.com\/where-to-play-lavish-joker\/#breadcrumb\",\"itemListElement\":[{\"@type\":\"ListItem\",\"position\":1,\"name\":\"Home\",\"item\":\"https:\/\/auto-joker123.com\/\"},{\"@type\":\"ListItem\",\"position\":2,\"name\":\"\u0413\u0434\u0435 \u0438\u0433\u0440\u0430\u0442\u044c \u0432 \u0441\u043b\u043e\u0442 Lavish Joker\"}]},{\"@type\":\"WebSite\",\"@id\":\"https:\/\/auto-joker123.com\/#website\",\"url\":\"https:\/\/auto-joker123.com\/\",\"name\":\"Lavish Joker\",\"description\":\"\",\"potentialAction\":[{\"@type\":\"SearchAction\",\"target\":{\"@type\":\"EntryPoint\",\"urlTemplate\":\"https:\/\/auto-joker123.com\/?s={search_term_string}\"},\"query-input\":{\"@type\":\"PropertyValueSpecification\",\"valueRequired\":true,\"valueName\":\"search_term_string\"}}],\"inLanguage\":\"es-ES\"}]}<\/script>\n<!-- \/ Yoast SEO plugin. -->","yoast_head_json":{"title":"\u0413\u0434\u0435 \u0438\u0433\u0440\u0430\u0442\u044c \u0432 \u0441\u043b\u043e\u0442 Lavish Joker","description":"Selecciona un casino en l\u00ednea para jugar a la tragamonedas Lavish Joker. D\u00f3nde jugar y ganar en la tragamonedas Lavish Joker. Elige el mejor casino en l\u00ednea.","robots":{"index":"index","follow":"follow","max-snippet":"max-snippet:-1","max-image-preview":"max-image-preview:large","max-video-preview":"max-video-preview:-1"},"canonical":"https:\/\/auto-joker123.com\/es\/where-to-play-lavish-joker\/","og_locale":"es_ES","og_type":"article","og_title":"\u0413\u0434\u0435 \u0438\u0433\u0440\u0430\u0442\u044c \u0432 \u0441\u043b\u043e\u0442 Lavish Joker","og_description":"\u0412\u044b\u0431\u0440\u0430\u0442\u044c \u043e\u043d\u043b\u0430\u0439\u043d \u043a\u0430\u0437\u0438\u043d\u043e \u0434\u043b\u044f \u0438\u0433\u0440\u044b \u0432 \u0441\u043b\u043e\u0442 Lavish Joker. \u0413\u0434\u0435 \u0438\u0433\u0440\u0430\u0442\u044c \u0438 \u043f\u043e\u0431\u0435\u0436\u0434\u0430\u0442\u044c \u0432 \u0441\u043b\u043e\u0442 Lavish Joker. \u0412\u044b\u0431\u0440\u0430\u0442\u044c \u043b\u0443\u0447\u0448\u0435\u0435 \u043e\u043d\u043b\u0430\u0439\u043d \u043a\u0430\u0437\u0438\u043d\u043e","og_url":"https:\/\/auto-joker123.com\/es\/where-to-play-lavish-joker\/","og_site_name":"Lavish Joker","article_modified_time":"2024-03-22T18:35:35+00:00","twitter_card":"summary_large_image","twitter_misc":{"Tiempo de lectura":"10 minutos"},"schema":{"@context":"https:\/\/schema.org","@graph":[{"@type":"WebPage","@id":"https:\/\/auto-joker123.com\/where-to-play-lavish-joker\/","url":"https:\/\/auto-joker123.com\/where-to-play-lavish-joker\/","name":"\u0413\u0434\u0435 \u0438\u0433\u0440\u0430\u0442\u044c \u0432 \u0441\u043b\u043e\u0442 Lavish Joker","isPartOf":{"@id":"https:\/\/auto-joker123.com\/#website"},"datePublished":"2024-01-04T17:16:46+00:00","dateModified":"2024-03-22T18:35:35+00:00","description":"\u0412\u044b\u0431\u0440\u0430\u0442\u044c \u043e\u043d\u043b\u0430\u0439\u043d \u043a\u0430\u0437\u0438\u043d\u043e \u0434\u043b\u044f \u0438\u0433\u0440\u044b \u0432 \u0441\u043b\u043e\u0442 Lavish Joker. \u0413\u0434\u0435 \u0438\u0433\u0440\u0430\u0442\u044c \u0438 \u043f\u043e\u0431\u0435\u0436\u0434\u0430\u0442\u044c \u0432 \u0441\u043b\u043e\u0442 Lavish Joker. \u0412\u044b\u0431\u0440\u0430\u0442\u044c \u043b\u0443\u0447\u0448\u0435\u0435 \u043e\u043d\u043b\u0430\u0439\u043d \u043a\u0430\u0437\u0438\u043d\u043e","breadcrumb":{"@id":"https:\/\/auto-joker123.com\/where-to-play-lavish-joker\/#breadcrumb"},"inLanguage":"es-ES","potentialAction":[{"@type":"ReadAction","target":["https:\/\/auto-joker123.com\/where-to-play-lavish-joker\/"]}]},{"@type":"BreadcrumbList","@id":"https:\/\/auto-joker123.com\/where-to-play-lavish-joker\/#breadcrumb","itemListElement":[{"@type":"ListItem","position":1,"name":"Home","item":"https:\/\/auto-joker123.com\/"},{"@type":"ListItem","position":2,"name":"\u0413\u0434\u0435 \u0438\u0433\u0440\u0430\u0442\u044c \u0432 \u0441\u043b\u043e\u0442 Lavish Joker"}]},{"@type":"WebSite","@id":"https:\/\/auto-joker123.com\/#website","url":"https:\/\/auto-joker123.com\/","name":"Lavish Joker","description":"","potentialAction":[{"@type":"SearchAction","target":{"@type":"EntryPoint","urlTemplate":"https:\/\/auto-joker123.com\/?s={search_term_string}"},"query-input":{"@type":"PropertyValueSpecification","valueRequired":true,"valueName":"search_term_string"}}],"inLanguage":"es-ES"}]}},"_links":{"self":[{"href":"https:\/\/auto-joker123.com\/es\/wp-json\/wp\/v2\/pages\/14","targetHints":{"allow":["GET"]}}],"collection":[{"href":"https:\/\/auto-joker123.com\/es\/wp-json\/wp\/v2\/pages"}],"about":[{"href":"https:\/\/auto-joker123.com\/es\/wp-json\/wp\/v2\/types\/page"}],"author":[{"embeddable":true,"href":"https:\/\/auto-joker123.com\/es\/wp-json\/wp\/v2\/users\/1"}],"replies":[{"embeddable":true,"href":"https:\/\/auto-joker123.com\/es\/wp-json\/wp\/v2\/comments?post=14"}],"version-history":[{"count":23,"href":"https:\/\/auto-joker123.com\/es\/wp-json\/wp\/v2\/pages\/14\/revisions"}],"predecessor-version":[{"id":151,"href":"https:\/\/auto-joker123.com\/es\/wp-json\/wp\/v2\/pages\/14\/revisions\/151"}],"wp:attachment":[{"href":"https:\/\/auto-joker123.com\/es\/wp-json\/wp\/v2\/media?parent=14"}],"curies":[{"name":"wp","href":"https:\/\/api.w.org\/{rel}","templated":true}]}}