{"id":6,"date":"2024-01-04T17:10:48","date_gmt":"2024-01-04T17:10:48","guid":{"rendered":"https:\/\/auto-joker123.com\/?page_id=6"},"modified":"2024-03-22T18:39:06","modified_gmt":"2024-03-22T18:39:06","slug":"lavish-joker","status":"publish","type":"page","link":"https:\/\/auto-joker123.com\/es\/","title":{"rendered":"M\u00e1quina Cl\u00e1sica de Tragamonedas Lavish Joker"},"content":{"rendered":"<p>La tragamonedas vintage Lavish Joker es un modelo popular de la conocida empresa Belatra Games. El desarrollador lanz\u00f3 la m\u00e1quina tragamonedas en 2020 y se ha convertido en uno de los pasatiempos favoritos de los jugadores en los casinos en l\u00ednea. Lavish Joker se puede jugar de forma gratuita en modo demo o con dinero real. La tragamonedas ofrece buenas perspectivas de premios y los jugadores suelen recibir recompensas. Los pagos se calculan en ambas direcciones de los carretes, brindando a los jugadores m\u00e1s oportunidades de ganar.<\/p>\n<h2>Caracter\u00edsticas y Funciones de la Tragamonedas Lavish Joker<\/h2>\n<p>Una ventaja significativa de la m\u00e1quina tragamonedas Lavish Joker es la presencia de dos botes progresivos. Los premios se otorgan al azar despu\u00e9s de activar la Rueda de la Fortuna, que determina el tama\u00f1o del premio de manera aleatoria. Las caracter\u00edsticas y funciones de la m\u00e1quina tragamonedas incluyen:<\/p>\n<ul>\n<li>Un porcentaje te\u00f3rico de retorno al jugador relativamente bajo del 94.62%;<\/li>\n<li>Nivel medio de volatilidad de la m\u00e1quina;<\/li>\n<li>Presencia de iconos caros y de alto pago;<\/li>\n<li>Dise\u00f1o atractivo con elementos visuales brillantes;<\/li>\n<li>Compatibilidad de la tragamonedas con todo tipo de dispositivos;<\/li>\n<li>Tama\u00f1o m\u00ednimo de apuesta de 0.1 euro (d\u00f3lares, libras);<\/li>\n<li>Tama\u00f1o m\u00e1ximo de apuesta de 20 euros (d\u00f3lares, libras);<\/li>\n<li>La ganancia m\u00e1xima de la tragamonedas es x1000 la apuesta;<\/li>\n<li>5 carretes en 3 filas y 10 l\u00edneas de pago;<\/li>\n<li>S\u00edmbolo comod\u00edn y un juego de bonificaci\u00f3n tem\u00e1tico con la Rueda de la Fortuna.<\/li>\n<\/ul>\n<p>La m\u00e1quina tragamonedas Lavish Joker es adecuada para jugadores que desean centrarse en un proceso de apuestas simple y directo sin muchas funciones de bonificaci\u00f3n. La tragamonedas no incluye giros gratis, dispersores u otras opciones \u00fanicas. Sin embargo, la tragamonedas atrae la atenci\u00f3n de los jugadores de casino con sus reglas sencillas y buenos retornos en las apuestas.<\/p>\n<h2>Bonificaciones en la Tragamonedas Lavish Joker<\/h2>\n<p>El desarrollador bielorruso Belatra Games implement\u00f3 la m\u00e1quina tragamonedas Lavish Joker con reglas sencillas y una jugabilidad simplificada. Para aumentar las posibilidades de los jugadores de obtener premios, la tragamonedas incluye las siguientes caracter\u00edsticas de bonificaci\u00f3n:<\/p>\n<ul>\n<li>Las combinaciones ganadoras de s\u00edmbolos se forman en ambas direcciones, de izquierda a derecha y de derecha a izquierda, fomentando pagos m\u00e1s frecuentes;<\/li>\n<li>El s\u00edmbolo comod\u00edn puede reemplazar cualquier icono en la pantalla, ayudando a crear cadenas ganadoras y puede expandirse en tama\u00f1o, ocupando 3&#215;3 celdas en los carretes;<\/li>\n<li>La tragamonedas cuenta con un juego de riesgo de igual probabilidad, que se puede activar despu\u00e9s de cada giro ganador, donde los jugadores adivinan el valor o el palo de una carta cerrada;<\/li>\n<li>La Rueda de la Fortuna se activa a medida que se llena la barra de progreso con puntos del juego, con premios adicionales ocultos y el bote de la tragamonedas en los sectores de la Rueda de la Fortuna.<\/li>\n<\/ul>\n<p>El personaje principal de la tragamonedas Lavish Joker es el Joker, y los carretes presentan s\u00edmbolos relacionados con temas de juegos de azar, como cartas de juego, fichas de p\u00f3ker y carretes de m\u00e1quinas tragamonedas. La interfaz sencilla y la navegaci\u00f3n intuitiva permiten incluso a los principiantes jugar y recibir ganancias en la tragamonedas sin problemas. Las principales ventajas de la tragamonedas incluyen la presencia de un juego de bonificaci\u00f3n con la Rueda de la Fortuna y una ronda de riesgo para duplicar las ganancias.<\/p>\n","protected":false},"excerpt":{"rendered":"<p>La tragamonedas vintage Lavish Joker es un modelo popular de la conocida empresa Belatra Games. El desarrollador lanz\u00f3 la m\u00e1quina tragamonedas en 2020 y se ha convertido en uno de los pasatiempos favoritos de los jugadores en los casinos en l\u00ednea. Lavish Joker se puede jugar de forma gratuita en modo demo o con dinero&#8230;<\/p>\n","protected":false},"author":1,"featured_media":0,"parent":0,"menu_order":0,"comment_status":"closed","ping_status":"closed","template":"","meta":{"footnotes":""},"class_list":["post-6","page","type-page","status-publish","hentry"],"yoast_head":"<!-- This site is optimized with the Yoast SEO plugin v27.2 - https:\/\/yoast.com\/product\/yoast-seo-wordpress\/ -->\n<title>\u0418\u0433\u0440\u0430\u0442\u044c \u0432 \u0438\u0433\u0440\u043e\u0432\u043e\u0439 \u0430\u0432\u0442\u043e\u043c\u0430\u0442 Lavish Joker \u0432 \u043e\u043d\u043b\u0430\u0439\u043d \u043a\u0430\u0437\u0438\u043d\u043e<\/title>\n<meta name=\"description\" content=\"Juega y gana dinero real en la m\u00e1quina tragamonedas Lavish Joker. Estrategias y t\u00e1cticas, descarga para Android y iPhone, rese\u00f1as de jugadores reales.\" \/>\n<meta name=\"robots\" content=\"index, follow, max-snippet:-1, max-image-preview:large, max-video-preview:-1\" \/>\n<link rel=\"canonical\" href=\"https:\/\/auto-joker123.com\/es\/\" \/>\n<meta property=\"og:locale\" content=\"es_ES\" \/>\n<meta property=\"og:locale:alternate\" content=\"ru_RU\" \/>\n<meta property=\"og:locale:alternate\" content=\"en_US\" \/>\n<meta property=\"og:locale:alternate\" content=\"pt_PT\" \/>\n<meta property=\"og:locale:alternate\" content=\"ro_RO\" \/>\n<meta property=\"og:locale:alternate\" content=\"bg_BG\" \/>\n<meta property=\"og:locale:alternate\" content=\"sr_RS\" \/>\n<meta property=\"og:locale:alternate\" content=\"pl_PL\" \/>\n<meta property=\"og:locale:alternate\" content=\"it_IT\" \/>\n<meta property=\"og:locale:alternate\" content=\"fr_FR\" \/>\n<meta property=\"og:type\" content=\"article\" \/>\n<meta property=\"og:title\" content=\"\u0418\u0433\u0440\u0430\u0442\u044c \u0432 \u0438\u0433\u0440\u043e\u0432\u043e\u0439 \u0430\u0432\u0442\u043e\u043c\u0430\u0442 Lavish Joker \u0432 \u043e\u043d\u043b\u0430\u0439\u043d \u043a\u0430\u0437\u0438\u043d\u043e\" \/>\n<meta property=\"og:description\" content=\"\u0418\u0433\u0440\u0430\u0442\u044c \u0438 \u0432\u044b\u0438\u0433\u0440\u044b\u0432\u0430\u0442\u044c \u0432 \u0441\u043b\u043e\u0442\u0435 Lavish Joker \u0440\u0435\u0430\u043b\u044c\u043d\u044b\u0435 \u0434\u0435\u043d\u044c\u0433\u0438. \u0421\u0442\u0440\u0430\u0442\u0435\u0433\u0438\u0438 \u0438 \u0442\u0430\u043a\u0442\u0438\u043a\u0438, \u0441\u043a\u0430\u0447\u0430\u0442\u044c \u0410\u043d\u0434\u0440\u043e\u0438\u0434 \u0438 \u0430\u0439\u0444\u043e\u043d, \u043e\u0442\u0437\u044b\u0432\u044b \u0440\u0435\u0430\u043b\u044c\u043d\u044b\u0445 \u0438\u0433\u0440\u043e\u043a\u043e\u0432\" \/>\n<meta property=\"og:url\" content=\"https:\/\/auto-joker123.com\/es\/\" \/>\n<meta property=\"og:site_name\" content=\"Lavish Joker\" \/>\n<meta property=\"article:modified_time\" content=\"2024-03-22T18:39:06+00:00\" \/>\n<meta name=\"twitter:card\" content=\"summary_large_image\" \/>\n<meta name=\"twitter:label1\" content=\"Tiempo de lectura\" \/>\n\t<meta name=\"twitter:data1\" content=\"19 minutos\" \/>\n<script type=\"application\/ld+json\" class=\"yoast-schema-graph\">{\"@context\":\"https:\/\/schema.org\",\"@graph\":[{\"@type\":\"WebPage\",\"@id\":\"https:\/\/auto-joker123.com\/\",\"url\":\"https:\/\/auto-joker123.com\/\",\"name\":\"\u0418\u0433\u0440\u0430\u0442\u044c \u0432 \u0438\u0433\u0440\u043e\u0432\u043e\u0439 \u0430\u0432\u0442\u043e\u043c\u0430\u0442 Lavish Joker \u0432 \u043e\u043d\u043b\u0430\u0439\u043d \u043a\u0430\u0437\u0438\u043d\u043e\",\"isPartOf\":{\"@id\":\"https:\/\/auto-joker123.com\/#website\"},\"datePublished\":\"2024-01-04T17:10:48+00:00\",\"dateModified\":\"2024-03-22T18:39:06+00:00\",\"description\":\"\u0418\u0433\u0440\u0430\u0442\u044c \u0438 \u0432\u044b\u0438\u0433\u0440\u044b\u0432\u0430\u0442\u044c \u0432 \u0441\u043b\u043e\u0442\u0435 Lavish Joker \u0440\u0435\u0430\u043b\u044c\u043d\u044b\u0435 \u0434\u0435\u043d\u044c\u0433\u0438. \u0421\u0442\u0440\u0430\u0442\u0435\u0433\u0438\u0438 \u0438 \u0442\u0430\u043a\u0442\u0438\u043a\u0438, \u0441\u043a\u0430\u0447\u0430\u0442\u044c \u0410\u043d\u0434\u0440\u043e\u0438\u0434 \u0438 \u0430\u0439\u0444\u043e\u043d, \u043e\u0442\u0437\u044b\u0432\u044b \u0440\u0435\u0430\u043b\u044c\u043d\u044b\u0445 \u0438\u0433\u0440\u043e\u043a\u043e\u0432\",\"breadcrumb\":{\"@id\":\"https:\/\/auto-joker123.com\/#breadcrumb\"},\"inLanguage\":\"es-ES\",\"potentialAction\":[{\"@type\":\"ReadAction\",\"target\":[\"https:\/\/auto-joker123.com\/\"]}]},{\"@type\":\"BreadcrumbList\",\"@id\":\"https:\/\/auto-joker123.com\/#breadcrumb\",\"itemListElement\":[{\"@type\":\"ListItem\",\"position\":1,\"name\":\"Home\",\"item\":\"https:\/\/auto-joker123.com\/\"},{\"@type\":\"ListItem\",\"position\":2,\"name\":\"\u041a\u043b\u0430\u0441\u0441\u0438\u0447\u0435\u0441\u043a\u0438\u0439 \u0438\u0433\u0440\u043e\u0432\u043e\u0439 \u0430\u0432\u0442\u043e\u043c\u0430\u0442 Lavish Joker\"}]},{\"@type\":\"WebSite\",\"@id\":\"https:\/\/auto-joker123.com\/#website\",\"url\":\"https:\/\/auto-joker123.com\/\",\"name\":\"Lavish Joker\",\"description\":\"\",\"potentialAction\":[{\"@type\":\"SearchAction\",\"target\":{\"@type\":\"EntryPoint\",\"urlTemplate\":\"https:\/\/auto-joker123.com\/?s={search_term_string}\"},\"query-input\":{\"@type\":\"PropertyValueSpecification\",\"valueRequired\":true,\"valueName\":\"search_term_string\"}}],\"inLanguage\":\"es-ES\"}]}<\/script>\n<!-- \/ Yoast SEO plugin. -->","yoast_head_json":{"title":"\u0418\u0433\u0440\u0430\u0442\u044c \u0432 \u0438\u0433\u0440\u043e\u0432\u043e\u0439 \u0430\u0432\u0442\u043e\u043c\u0430\u0442 Lavish Joker \u0432 \u043e\u043d\u043b\u0430\u0439\u043d \u043a\u0430\u0437\u0438\u043d\u043e","description":"Juega y gana dinero real en la m\u00e1quina tragamonedas Lavish Joker. Estrategias y t\u00e1cticas, descarga para Android y iPhone, rese\u00f1as de jugadores reales.","robots":{"index":"index","follow":"follow","max-snippet":"max-snippet:-1","max-image-preview":"max-image-preview:large","max-video-preview":"max-video-preview:-1"},"canonical":"https:\/\/auto-joker123.com\/es\/","og_locale":"es_ES","og_type":"article","og_title":"\u0418\u0433\u0440\u0430\u0442\u044c \u0432 \u0438\u0433\u0440\u043e\u0432\u043e\u0439 \u0430\u0432\u0442\u043e\u043c\u0430\u0442 Lavish Joker \u0432 \u043e\u043d\u043b\u0430\u0439\u043d \u043a\u0430\u0437\u0438\u043d\u043e","og_description":"\u0418\u0433\u0440\u0430\u0442\u044c \u0438 \u0432\u044b\u0438\u0433\u0440\u044b\u0432\u0430\u0442\u044c \u0432 \u0441\u043b\u043e\u0442\u0435 Lavish Joker \u0440\u0435\u0430\u043b\u044c\u043d\u044b\u0435 \u0434\u0435\u043d\u044c\u0433\u0438. \u0421\u0442\u0440\u0430\u0442\u0435\u0433\u0438\u0438 \u0438 \u0442\u0430\u043a\u0442\u0438\u043a\u0438, \u0441\u043a\u0430\u0447\u0430\u0442\u044c \u0410\u043d\u0434\u0440\u043e\u0438\u0434 \u0438 \u0430\u0439\u0444\u043e\u043d, \u043e\u0442\u0437\u044b\u0432\u044b \u0440\u0435\u0430\u043b\u044c\u043d\u044b\u0445 \u0438\u0433\u0440\u043e\u043a\u043e\u0432","og_url":"https:\/\/auto-joker123.com\/es\/","og_site_name":"Lavish Joker","article_modified_time":"2024-03-22T18:39:06+00:00","twitter_card":"summary_large_image","twitter_misc":{"Tiempo de lectura":"19 minutos"},"schema":{"@context":"https:\/\/schema.org","@graph":[{"@type":"WebPage","@id":"https:\/\/auto-joker123.com\/","url":"https:\/\/auto-joker123.com\/","name":"\u0418\u0433\u0440\u0430\u0442\u044c \u0432 \u0438\u0433\u0440\u043e\u0432\u043e\u0439 \u0430\u0432\u0442\u043e\u043c\u0430\u0442 Lavish Joker \u0432 \u043e\u043d\u043b\u0430\u0439\u043d \u043a\u0430\u0437\u0438\u043d\u043e","isPartOf":{"@id":"https:\/\/auto-joker123.com\/#website"},"datePublished":"2024-01-04T17:10:48+00:00","dateModified":"2024-03-22T18:39:06+00:00","description":"\u0418\u0433\u0440\u0430\u0442\u044c \u0438 \u0432\u044b\u0438\u0433\u0440\u044b\u0432\u0430\u0442\u044c \u0432 \u0441\u043b\u043e\u0442\u0435 Lavish Joker \u0440\u0435\u0430\u043b\u044c\u043d\u044b\u0435 \u0434\u0435\u043d\u044c\u0433\u0438. \u0421\u0442\u0440\u0430\u0442\u0435\u0433\u0438\u0438 \u0438 \u0442\u0430\u043a\u0442\u0438\u043a\u0438, \u0441\u043a\u0430\u0447\u0430\u0442\u044c \u0410\u043d\u0434\u0440\u043e\u0438\u0434 \u0438 \u0430\u0439\u0444\u043e\u043d, \u043e\u0442\u0437\u044b\u0432\u044b \u0440\u0435\u0430\u043b\u044c\u043d\u044b\u0445 \u0438\u0433\u0440\u043e\u043a\u043e\u0432","breadcrumb":{"@id":"https:\/\/auto-joker123.com\/#breadcrumb"},"inLanguage":"es-ES","potentialAction":[{"@type":"ReadAction","target":["https:\/\/auto-joker123.com\/"]}]},{"@type":"BreadcrumbList","@id":"https:\/\/auto-joker123.com\/#breadcrumb","itemListElement":[{"@type":"ListItem","position":1,"name":"Home","item":"https:\/\/auto-joker123.com\/"},{"@type":"ListItem","position":2,"name":"\u041a\u043b\u0430\u0441\u0441\u0438\u0447\u0435\u0441\u043a\u0438\u0439 \u0438\u0433\u0440\u043e\u0432\u043e\u0439 \u0430\u0432\u0442\u043e\u043c\u0430\u0442 Lavish Joker"}]},{"@type":"WebSite","@id":"https:\/\/auto-joker123.com\/#website","url":"https:\/\/auto-joker123.com\/","name":"Lavish Joker","description":"","potentialAction":[{"@type":"SearchAction","target":{"@type":"EntryPoint","urlTemplate":"https:\/\/auto-joker123.com\/?s={search_term_string}"},"query-input":{"@type":"PropertyValueSpecification","valueRequired":true,"valueName":"search_term_string"}}],"inLanguage":"es-ES"}]}},"_links":{"self":[{"href":"https:\/\/auto-joker123.com\/es\/wp-json\/wp\/v2\/pages\/6","targetHints":{"allow":["GET"]}}],"collection":[{"href":"https:\/\/auto-joker123.com\/es\/wp-json\/wp\/v2\/pages"}],"about":[{"href":"https:\/\/auto-joker123.com\/es\/wp-json\/wp\/v2\/types\/page"}],"author":[{"embeddable":true,"href":"https:\/\/auto-joker123.com\/es\/wp-json\/wp\/v2\/users\/1"}],"replies":[{"embeddable":true,"href":"https:\/\/auto-joker123.com\/es\/wp-json\/wp\/v2\/comments?post=6"}],"version-history":[{"count":20,"href":"https:\/\/auto-joker123.com\/es\/wp-json\/wp\/v2\/pages\/6\/revisions"}],"predecessor-version":[{"id":154,"href":"https:\/\/auto-joker123.com\/es\/wp-json\/wp\/v2\/pages\/6\/revisions\/154"}],"wp:attachment":[{"href":"https:\/\/auto-joker123.com\/es\/wp-json\/wp\/v2\/media?parent=6"}],"curies":[{"name":"wp","href":"https:\/\/api.w.org\/{rel}","templated":true}]}}