{"id":8,"date":"2024-01-04T17:12:50","date_gmt":"2024-01-04T17:12:50","guid":{"rendered":"https:\/\/auto-joker123.com\/?page_id=8"},"modified":"2024-03-22T18:36:39","modified_gmt":"2024-03-22T18:36:39","slug":"lavish-joker-slot-advantages","status":"publish","type":"page","link":"https:\/\/auto-joker123.com\/es\/lavish-joker-slot-advantages\/","title":{"rendered":"M\u00e1quina Tragamonedas Lavish Joker: Ventajas y Funciones de Bono"},"content":{"rendered":"<p>En los casinos en l\u00ednea modernos, existe una amplia variedad de m\u00e1quinas tragamonedas de diferentes categor\u00edas y g\u00e9neros. A pesar de la amplia selecci\u00f3n de entretenimientos de azar, las tragamonedas cl\u00e1sicas siguen siendo demandadas y populares. Un modelo destacado es la m\u00e1quina tragamonedas Lavish Joker del desarrollador bielorruso Belatra Games. La tragamonedas apareci\u00f3 en casinos virtuales en 2020 y atrajo r\u00e1pidamente la atenci\u00f3n de los jugadores. Reglas simples, jugabilidad y navegaci\u00f3n, junto con buenos rendimientos y volatilidad, han convertido a la m\u00e1quina tragamonedas en uno de los t\u00edtulos m\u00e1s destacados en los cat\u00e1logos de establecimientos de juegos en l\u00ednea.<\/p>\n<h2>La trama, s\u00edmbolos y caracter\u00edsticas de la m\u00e1quina tragamonedas Lavish Joker<\/h2>\n<p>La m\u00e1quina tragamonedas Lavish Joker se basa en la tem\u00e1tica del entretenimiento de azar. La tem\u00e1tica cl\u00e1sica, combinada con el agradable dise\u00f1o de la tragamonedas, le otorga al juego una atractiva atm\u00f3sfera positiva. El personaje principal de la tragamonedas es el Joker, quien puede recompensar generosamente a los jugadores con sustanciosos premios en efectivo. Los carretes de la tragamonedas de video se llenan r\u00e1pidamente de s\u00edmbolos con cartas de juego, fichas de p\u00f3ker y el personaje principal. Las principales caracter\u00edsticas de la m\u00e1quina tragamonedas Lavish Joker incluyen:<\/p>\n<ul>\n<li>El porcentaje te\u00f3rico de retorno al jugador es del 94,62%;<\/li>\n<li>El juego tiene un nivel medio de volatilidad;<\/li>\n<li>El s\u00edmbolo comod\u00edn puede reemplazar todas las im\u00e1genes en la pantalla;<\/li>\n<li>El comod\u00edn ayuda a formar combinaciones ganadoras de s\u00edmbolos;<\/li>\n<li>Se implementa un juego de riesgo con oportunidades equitativas en la tragamonedas;<\/li>\n<li>La tragamonedas es compatible con dispositivos m\u00f3viles y de escritorio;<\/li>\n<li>Lavish Joker se puede jugar con dinero real y de forma gratuita;<\/li>\n<li>Las apuestas se aceptan en euros, libras, d\u00f3lares y otras monedas;<\/li>\n<li>En el modo de demostraci\u00f3n, la cantidad de cr\u00e9ditos virtuales es ilimitada;<\/li>\n<li>La tragamonedas est\u00e1 disponible en muchos casinos en l\u00ednea conocidos;<\/li>\n<li>La cantidad m\u00ednima de apuesta es de 0,1 euro (d\u00f3lares);<\/li>\n<li>El l\u00edmite m\u00e1ximo de apuesta en la tragamonedas es de 20 (euros, d\u00f3lares, libras);<\/li>\n<li>El tama\u00f1o m\u00e1ximo de la ganancia alcanza hasta x1000 las apuestas.<\/li>\n<\/ul>\n<p>La m\u00e1quina tragamonedas Lavish Joker presenta 5 carretes dispuestos en tres filas. Los pagos de premios se otorgan a lo largo de diez l\u00edneas fijas y se consideran en ambas direcciones, de derecha a izquierda y de izquierda a derecha. Esto brinda a los jugadores oportunidades adicionales para lograr una ganancia significativa.<\/p>\n","protected":false},"excerpt":{"rendered":"<p>En los casinos en l\u00ednea modernos, existe una amplia variedad de m\u00e1quinas tragamonedas de diferentes categor\u00edas y g\u00e9neros. A pesar de la amplia selecci\u00f3n de entretenimientos de azar, las tragamonedas cl\u00e1sicas siguen siendo demandadas y populares. Un modelo destacado es la m\u00e1quina tragamonedas Lavish Joker del desarrollador bielorruso Belatra Games. La tragamonedas apareci\u00f3 en casinos&#8230;<\/p>\n","protected":false},"author":1,"featured_media":0,"parent":0,"menu_order":0,"comment_status":"closed","ping_status":"closed","template":"","meta":{"footnotes":""},"class_list":["post-8","page","type-page","status-publish","hentry"],"yoast_head":"<!-- This site is optimized with the Yoast SEO plugin v27.2 - https:\/\/yoast.com\/product\/yoast-seo-wordpress\/ -->\n<title>Slot Machine Lavish Joker: Vantaggi<\/title>\n<meta name=\"description\" content=\"\u00bfPor qu\u00e9 elegir Lavish Joker para jugar: trama, s\u00edmbolos y ventajas del juego? Juega ahora.\" \/>\n<meta name=\"robots\" content=\"index, follow, max-snippet:-1, max-image-preview:large, max-video-preview:-1\" \/>\n<link rel=\"canonical\" href=\"https:\/\/auto-joker123.com\/es\/lavish-joker-slot-advantages\/\" \/>\n<meta property=\"og:locale\" content=\"es_ES\" \/>\n<meta property=\"og:locale:alternate\" content=\"ru_RU\" \/>\n<meta property=\"og:locale:alternate\" content=\"en_US\" \/>\n<meta property=\"og:locale:alternate\" content=\"pt_PT\" \/>\n<meta property=\"og:locale:alternate\" content=\"ro_RO\" \/>\n<meta property=\"og:locale:alternate\" content=\"bg_BG\" \/>\n<meta property=\"og:locale:alternate\" content=\"sr_RS\" \/>\n<meta property=\"og:locale:alternate\" content=\"pl_PL\" \/>\n<meta property=\"og:locale:alternate\" content=\"it_IT\" \/>\n<meta property=\"og:locale:alternate\" content=\"fr_FR\" \/>\n<meta property=\"og:type\" content=\"article\" \/>\n<meta property=\"og:title\" content=\"Slot Machine Lavish Joker: Vantaggi\" \/>\n<meta property=\"og:description\" content=\"Perch\u00e9 scegliere Lavish Joker per giocare: trama, simboli e vantaggi del gioco. Gioca ora.\" \/>\n<meta property=\"og:url\" content=\"https:\/\/auto-joker123.com\/es\/lavish-joker-slot-advantages\/\" \/>\n<meta property=\"og:site_name\" content=\"Lavish Joker\" \/>\n<meta property=\"article:modified_time\" content=\"2024-03-22T18:36:39+00:00\" \/>\n<meta name=\"twitter:card\" content=\"summary_large_image\" \/>\n<meta name=\"twitter:label1\" content=\"Tiempo de lectura\" \/>\n\t<meta name=\"twitter:data1\" content=\"14 minutos\" \/>\n<script type=\"application\/ld+json\" class=\"yoast-schema-graph\">{\"@context\":\"https:\/\/schema.org\",\"@graph\":[{\"@type\":\"WebPage\",\"@id\":\"https:\/\/auto-joker123.com\/it\/lavish-joker-slot-advantages\/\",\"url\":\"https:\/\/auto-joker123.com\/it\/lavish-joker-slot-advantages\/\",\"name\":\"Slot Machine Lavish Joker: Vantaggi\",\"isPartOf\":{\"@id\":\"https:\/\/auto-joker123.com\/#website\"},\"datePublished\":\"2024-01-04T17:12:50+00:00\",\"dateModified\":\"2024-03-22T18:36:39+00:00\",\"description\":\"Perch\u00e9 scegliere Lavish Joker per giocare: trama, simboli e vantaggi del gioco. Gioca ora.\",\"breadcrumb\":{\"@id\":\"https:\/\/auto-joker123.com\/it\/lavish-joker-slot-advantages\/#breadcrumb\"},\"inLanguage\":\"es-ES\",\"potentialAction\":[{\"@type\":\"ReadAction\",\"target\":[\"https:\/\/auto-joker123.com\/it\/lavish-joker-slot-advantages\/\"]}]},{\"@type\":\"BreadcrumbList\",\"@id\":\"https:\/\/auto-joker123.com\/it\/lavish-joker-slot-advantages\/#breadcrumb\",\"itemListElement\":[{\"@type\":\"ListItem\",\"position\":1,\"name\":\"Home\",\"item\":\"https:\/\/auto-joker123.com\/\"},{\"@type\":\"ListItem\",\"position\":2,\"name\":\"Slot Machine Lavish Joker &#8211; Vantaggi e Funzionalit\u00e0 Bonus\"}]},{\"@type\":\"WebSite\",\"@id\":\"https:\/\/auto-joker123.com\/#website\",\"url\":\"https:\/\/auto-joker123.com\/\",\"name\":\"Lavish Joker\",\"description\":\"\",\"potentialAction\":[{\"@type\":\"SearchAction\",\"target\":{\"@type\":\"EntryPoint\",\"urlTemplate\":\"https:\/\/auto-joker123.com\/?s={search_term_string}\"},\"query-input\":{\"@type\":\"PropertyValueSpecification\",\"valueRequired\":true,\"valueName\":\"search_term_string\"}}],\"inLanguage\":\"es-ES\"}]}<\/script>\n<!-- \/ Yoast SEO plugin. -->","yoast_head_json":{"title":"Slot Machine Lavish Joker: Vantaggi","description":"\u00bfPor qu\u00e9 elegir Lavish Joker para jugar: trama, s\u00edmbolos y ventajas del juego? Juega ahora.","robots":{"index":"index","follow":"follow","max-snippet":"max-snippet:-1","max-image-preview":"max-image-preview:large","max-video-preview":"max-video-preview:-1"},"canonical":"https:\/\/auto-joker123.com\/es\/lavish-joker-slot-advantages\/","og_locale":"es_ES","og_type":"article","og_title":"Slot Machine Lavish Joker: Vantaggi","og_description":"Perch\u00e9 scegliere Lavish Joker per giocare: trama, simboli e vantaggi del gioco. Gioca ora.","og_url":"https:\/\/auto-joker123.com\/es\/lavish-joker-slot-advantages\/","og_site_name":"Lavish Joker","article_modified_time":"2024-03-22T18:36:39+00:00","twitter_card":"summary_large_image","twitter_misc":{"Tiempo de lectura":"14 minutos"},"schema":{"@context":"https:\/\/schema.org","@graph":[{"@type":"WebPage","@id":"https:\/\/auto-joker123.com\/it\/lavish-joker-slot-advantages\/","url":"https:\/\/auto-joker123.com\/it\/lavish-joker-slot-advantages\/","name":"Slot Machine Lavish Joker: Vantaggi","isPartOf":{"@id":"https:\/\/auto-joker123.com\/#website"},"datePublished":"2024-01-04T17:12:50+00:00","dateModified":"2024-03-22T18:36:39+00:00","description":"Perch\u00e9 scegliere Lavish Joker per giocare: trama, simboli e vantaggi del gioco. Gioca ora.","breadcrumb":{"@id":"https:\/\/auto-joker123.com\/it\/lavish-joker-slot-advantages\/#breadcrumb"},"inLanguage":"es-ES","potentialAction":[{"@type":"ReadAction","target":["https:\/\/auto-joker123.com\/it\/lavish-joker-slot-advantages\/"]}]},{"@type":"BreadcrumbList","@id":"https:\/\/auto-joker123.com\/it\/lavish-joker-slot-advantages\/#breadcrumb","itemListElement":[{"@type":"ListItem","position":1,"name":"Home","item":"https:\/\/auto-joker123.com\/"},{"@type":"ListItem","position":2,"name":"Slot Machine Lavish Joker &#8211; Vantaggi e Funzionalit\u00e0 Bonus"}]},{"@type":"WebSite","@id":"https:\/\/auto-joker123.com\/#website","url":"https:\/\/auto-joker123.com\/","name":"Lavish Joker","description":"","potentialAction":[{"@type":"SearchAction","target":{"@type":"EntryPoint","urlTemplate":"https:\/\/auto-joker123.com\/?s={search_term_string}"},"query-input":{"@type":"PropertyValueSpecification","valueRequired":true,"valueName":"search_term_string"}}],"inLanguage":"es-ES"}]}},"_links":{"self":[{"href":"https:\/\/auto-joker123.com\/es\/wp-json\/wp\/v2\/pages\/8","targetHints":{"allow":["GET"]}}],"collection":[{"href":"https:\/\/auto-joker123.com\/es\/wp-json\/wp\/v2\/pages"}],"about":[{"href":"https:\/\/auto-joker123.com\/es\/wp-json\/wp\/v2\/types\/page"}],"author":[{"embeddable":true,"href":"https:\/\/auto-joker123.com\/es\/wp-json\/wp\/v2\/users\/1"}],"replies":[{"embeddable":true,"href":"https:\/\/auto-joker123.com\/es\/wp-json\/wp\/v2\/comments?post=8"}],"version-history":[{"count":19,"href":"https:\/\/auto-joker123.com\/es\/wp-json\/wp\/v2\/pages\/8\/revisions"}],"predecessor-version":[{"id":152,"href":"https:\/\/auto-joker123.com\/es\/wp-json\/wp\/v2\/pages\/8\/revisions\/152"}],"wp:attachment":[{"href":"https:\/\/auto-joker123.com\/es\/wp-json\/wp\/v2\/media?parent=8"}],"curies":[{"name":"wp","href":"https:\/\/api.w.org\/{rel}","templated":true}]}}