{"id":10,"date":"2024-01-04T17:15:47","date_gmt":"2024-01-04T17:15:47","guid":{"rendered":"https:\/\/auto-joker123.com\/?page_id=10"},"modified":"2024-03-22T18:32:37","modified_gmt":"2024-03-22T18:32:37","slug":"lavish-joker-bonus-options","status":"publish","type":"page","link":"https:\/\/auto-joker123.com\/fr\/lavish-joker-bonus-options\/","title":{"rendered":"Options Bonus de la Machine \u00e0 Sous Lavish Joker"},"content":{"rendered":"<p>Le d\u00e9veloppeur bi\u00e9lorusse Belatra Games a accord\u00e9 une attention particuli\u00e8re aux fonctionnalit\u00e9s bonus int\u00e9ressantes lors de la cr\u00e9ation de la machine \u00e0 sous vid\u00e9o classique. Malgr\u00e9 l&rsquo;absence de tours gratuits et de symboles scatter, le jeu peut g\u00e9n\u00e9reusement r\u00e9compenser le joueur gr\u00e2ce \u00e0 ses bonnes opportunit\u00e9s bonus :<\/p>\n<ul>\n<li>Jeu de risque : un niveau de doublement qui peut \u00eatre activ\u00e9 apr\u00e8s chaque spin gagnant. Le joueur doit deviner correctement la couleur ou la valeur de la carte ferm\u00e9e \u00e0 l&rsquo;\u00e9cran, battre le croupier et recevoir des r\u00e9compenses doubl\u00e9es.<\/li>\n<li>Roue de la fortune : un niveau bonus dans un nouvel emplacement, activ\u00e9 lorsque la barre de progression est remplie avec des points de jeu. Les secteurs de la roue contiennent des prix en esp\u00e8ces, des multiplicateurs de mise et un gros jackpot qui revient au joueur le plus chanceux.<\/li>\n<li>Le symbole wild a des fonctionnalit\u00e9s bonus. Le wild peut remplacer d&rsquo;autres ic\u00f4nes, contribuant \u00e0 la formation de combinaisons gagnantes. De plus, le symbole wild peut s&rsquo;\u00e9tendre pour devenir un m\u00e9ga-symbole avec une taille de 3&#215;3 cellules.<\/li>\n<\/ul>\n<p>La machine \u00e0 sous Lavish Joker convient aussi bien aux d\u00e9butants qu&rsquo;aux joueurs exp\u00e9riment\u00e9s. Gr\u00e2ce \u00e0 ses r\u00e8gles et \u00e0 son gameplay simples, les nouveaux visiteurs de casino peuvent facilement comprendre la m\u00e9canique et les fonctionnalit\u00e9s de la machine \u00e0 sous vid\u00e9o. Pour les joueurs professionnels, ce mod\u00e8le est une excellente opportunit\u00e9 de remporter une grosse victoire dans le tour bonus de la Roue de la fortune.<\/p>\n","protected":false},"excerpt":{"rendered":"<p>Le d\u00e9veloppeur bi\u00e9lorusse Belatra Games a accord\u00e9 une attention particuli\u00e8re aux fonctionnalit\u00e9s bonus int\u00e9ressantes lors de la cr\u00e9ation de la machine \u00e0 sous vid\u00e9o classique. Malgr\u00e9 l&rsquo;absence de tours gratuits et de symboles scatter, le jeu peut g\u00e9n\u00e9reusement r\u00e9compenser le joueur gr\u00e2ce \u00e0 ses bonnes opportunit\u00e9s bonus : Jeu de risque : un niveau de&#8230;<\/p>\n","protected":false},"author":1,"featured_media":0,"parent":0,"menu_order":0,"comment_status":"closed","ping_status":"closed","template":"","meta":{"footnotes":""},"class_list":["post-10","page","type-page","status-publish","hentry"],"yoast_head":"<!-- This site is optimized with the Yoast SEO plugin v27.2 - https:\/\/yoast.com\/product\/yoast-seo-wordpress\/ -->\n<title>Options Bonus de la Machine \u00e0 Sous Lavish Joker<\/title>\n<meta name=\"robots\" content=\"index, follow, max-snippet:-1, max-image-preview:large, max-video-preview:-1\" \/>\n<link rel=\"canonical\" href=\"https:\/\/auto-joker123.com\/fr\/lavish-joker-bonus-options\/\" \/>\n<meta property=\"og:locale\" content=\"fr_FR\" \/>\n<meta property=\"og:locale:alternate\" content=\"ru_RU\" \/>\n<meta property=\"og:locale:alternate\" content=\"en_US\" \/>\n<meta property=\"og:locale:alternate\" content=\"pt_PT\" \/>\n<meta property=\"og:locale:alternate\" content=\"es_ES\" \/>\n<meta property=\"og:locale:alternate\" content=\"ro_RO\" \/>\n<meta property=\"og:locale:alternate\" content=\"bg_BG\" \/>\n<meta property=\"og:locale:alternate\" content=\"sr_RS\" \/>\n<meta property=\"og:locale:alternate\" content=\"pl_PL\" \/>\n<meta property=\"og:locale:alternate\" content=\"it_IT\" \/>\n<meta property=\"og:type\" content=\"article\" \/>\n<meta property=\"og:title\" content=\"Options Bonus de la Machine \u00e0 Sous Lavish Joker\" \/>\n<meta property=\"og:description\" content=\"Le d\u00e9veloppeur bi\u00e9lorusse Belatra Games a accord\u00e9 une attention particuli\u00e8re aux fonctionnalit\u00e9s bonus int\u00e9ressantes lors de la cr\u00e9ation de la machine \u00e0 sous vid\u00e9o classique. Malgr\u00e9 l&rsquo;absence de tours gratuits et de symboles scatter, le jeu peut g\u00e9n\u00e9reusement r\u00e9compenser le joueur gr\u00e2ce \u00e0 ses bonnes opportunit\u00e9s bonus : Jeu de risque : un niveau de...\" \/>\n<meta property=\"og:url\" content=\"https:\/\/auto-joker123.com\/fr\/lavish-joker-bonus-options\/\" \/>\n<meta property=\"og:site_name\" content=\"Lavish Joker\" \/>\n<meta property=\"article:modified_time\" content=\"2024-03-22T18:32:37+00:00\" \/>\n<meta name=\"twitter:card\" content=\"summary_large_image\" \/>\n<meta name=\"twitter:label1\" content=\"Dur\u00e9e de lecture estim\u00e9e\" \/>\n\t<meta name=\"twitter:data1\" content=\"8 minutes\" \/>\n<script type=\"application\/ld+json\" class=\"yoast-schema-graph\">{\"@context\":\"https:\/\/schema.org\",\"@graph\":[{\"@type\":\"WebPage\",\"@id\":\"https:\/\/auto-joker123.com\/sr\/lavish-joker-bonus-options\/\",\"url\":\"https:\/\/auto-joker123.com\/sr\/lavish-joker-bonus-options\/\",\"name\":\"Options Bonus de la Machine \u00e0 Sous Lavish Joker\",\"isPartOf\":{\"@id\":\"https:\/\/auto-joker123.com\/#website\"},\"datePublished\":\"2024-01-04T17:15:47+00:00\",\"dateModified\":\"2024-03-22T18:32:37+00:00\",\"breadcrumb\":{\"@id\":\"https:\/\/auto-joker123.com\/sr\/lavish-joker-bonus-options\/#breadcrumb\"},\"inLanguage\":\"fr-FR\",\"potentialAction\":[{\"@type\":\"ReadAction\",\"target\":[\"https:\/\/auto-joker123.com\/sr\/lavish-joker-bonus-options\/\"]}]},{\"@type\":\"BreadcrumbList\",\"@id\":\"https:\/\/auto-joker123.com\/sr\/lavish-joker-bonus-options\/#breadcrumb\",\"itemListElement\":[{\"@type\":\"ListItem\",\"position\":1,\"name\":\"Home\",\"item\":\"https:\/\/auto-joker123.com\/\"},{\"@type\":\"ListItem\",\"position\":2,\"name\":\"\u0411\u043e\u043d\u0443\u0441\u043d\u0435 \u043e\u043f\u0446\u0438\u0458\u0435 \u0438\u0433\u0440\u0435 \u043d\u0430 \u0441\u043b\u043e\u0442 \u043c\u0430\u0448\u0438\u043d\u0438 Lavish Joker\"}]},{\"@type\":\"WebSite\",\"@id\":\"https:\/\/auto-joker123.com\/#website\",\"url\":\"https:\/\/auto-joker123.com\/\",\"name\":\"Lavish Joker\",\"description\":\"\",\"potentialAction\":[{\"@type\":\"SearchAction\",\"target\":{\"@type\":\"EntryPoint\",\"urlTemplate\":\"https:\/\/auto-joker123.com\/?s={search_term_string}\"},\"query-input\":{\"@type\":\"PropertyValueSpecification\",\"valueRequired\":true,\"valueName\":\"search_term_string\"}}],\"inLanguage\":\"fr-FR\"}]}<\/script>\n<!-- \/ Yoast SEO plugin. -->","yoast_head_json":{"title":"Options Bonus de la Machine \u00e0 Sous Lavish Joker","robots":{"index":"index","follow":"follow","max-snippet":"max-snippet:-1","max-image-preview":"max-image-preview:large","max-video-preview":"max-video-preview:-1"},"canonical":"https:\/\/auto-joker123.com\/fr\/lavish-joker-bonus-options\/","og_locale":"fr_FR","og_type":"article","og_title":"[:ru]\u0411\u043e\u043d\u0443\u0441\u043d\u044b\u0435 \u043e\u043f\u0446\u0438\u0438 \u0438\u0433\u0440\u043e\u0432\u043e\u0433\u043e \u0430\u0432\u0442\u043e\u043c\u0430\u0442\u0430 Lavish Joker[:en]Bonus Options of the Lavish Joker Slot Machine[:pt]Op\u00e7\u00f5es de B\u00f4nus da M\u00e1quina de Ca\u00e7a-n\u00edqueis Lavish Joker[:es]Opciones de Bonificaci\u00f3n de la M\u00e1quina Tragamonedas Lavish Joker[:ro]Op\u021biunile de Bonus ale Slotului Lavish Joker[:bg]\u0411\u043e\u043d\u0443\u0441\u043d\u0438 \u043e\u043f\u0446\u0438\u0438 \u043d\u0430 \u0438\u0433\u0440\u043e\u0432\u0438\u044f \u0430\u0432\u0442\u043e\u043c\u0430\u0442 Lavish Joker[:sr]\u0411\u043e\u043d\u0443\u0441\u043d\u0435 \u043e\u043f\u0446\u0438\u0458\u0435 \u0438\u0433\u0440\u0435 \u043d\u0430 \u0441\u043b\u043e\u0442 \u043c\u0430\u0448\u0438\u043d\u0438 Lavish Joker[:pl]Opcje bonusowe w automacie do gry Lavish Joker[:it]Opzioni Bonus della Slot Machine Lavish Joker[:fr]Options Bonus de la Machine \u00e0 Sous Lavish Joker[:] - Lavish Joker","og_description":"Le d\u00e9veloppeur bi\u00e9lorusse Belatra Games a accord\u00e9 une attention particuli\u00e8re aux fonctionnalit\u00e9s bonus int\u00e9ressantes lors de la cr\u00e9ation de la machine \u00e0 sous vid\u00e9o classique. Malgr\u00e9 l&rsquo;absence de tours gratuits et de symboles scatter, le jeu peut g\u00e9n\u00e9reusement r\u00e9compenser le joueur gr\u00e2ce \u00e0 ses bonnes opportunit\u00e9s bonus : Jeu de risque : un niveau de...","og_url":"https:\/\/auto-joker123.com\/fr\/lavish-joker-bonus-options\/","og_site_name":"Lavish Joker","article_modified_time":"2024-03-22T18:32:37+00:00","twitter_card":"summary_large_image","twitter_misc":{"Dur\u00e9e de lecture estim\u00e9e":"8 minutes"},"schema":{"@context":"https:\/\/schema.org","@graph":[{"@type":"WebPage","@id":"https:\/\/auto-joker123.com\/sr\/lavish-joker-bonus-options\/","url":"https:\/\/auto-joker123.com\/sr\/lavish-joker-bonus-options\/","name":"Options Bonus de la Machine \u00e0 Sous Lavish Joker","isPartOf":{"@id":"https:\/\/auto-joker123.com\/#website"},"datePublished":"2024-01-04T17:15:47+00:00","dateModified":"2024-03-22T18:32:37+00:00","breadcrumb":{"@id":"https:\/\/auto-joker123.com\/sr\/lavish-joker-bonus-options\/#breadcrumb"},"inLanguage":"fr-FR","potentialAction":[{"@type":"ReadAction","target":["https:\/\/auto-joker123.com\/sr\/lavish-joker-bonus-options\/"]}]},{"@type":"BreadcrumbList","@id":"https:\/\/auto-joker123.com\/sr\/lavish-joker-bonus-options\/#breadcrumb","itemListElement":[{"@type":"ListItem","position":1,"name":"Home","item":"https:\/\/auto-joker123.com\/"},{"@type":"ListItem","position":2,"name":"\u0411\u043e\u043d\u0443\u0441\u043d\u0435 \u043e\u043f\u0446\u0438\u0458\u0435 \u0438\u0433\u0440\u0435 \u043d\u0430 \u0441\u043b\u043e\u0442 \u043c\u0430\u0448\u0438\u043d\u0438 Lavish Joker"}]},{"@type":"WebSite","@id":"https:\/\/auto-joker123.com\/#website","url":"https:\/\/auto-joker123.com\/","name":"Lavish Joker","description":"","potentialAction":[{"@type":"SearchAction","target":{"@type":"EntryPoint","urlTemplate":"https:\/\/auto-joker123.com\/?s={search_term_string}"},"query-input":{"@type":"PropertyValueSpecification","valueRequired":true,"valueName":"search_term_string"}}],"inLanguage":"fr-FR"}]}},"_links":{"self":[{"href":"https:\/\/auto-joker123.com\/fr\/wp-json\/wp\/v2\/pages\/10","targetHints":{"allow":["GET"]}}],"collection":[{"href":"https:\/\/auto-joker123.com\/fr\/wp-json\/wp\/v2\/pages"}],"about":[{"href":"https:\/\/auto-joker123.com\/fr\/wp-json\/wp\/v2\/types\/page"}],"author":[{"embeddable":true,"href":"https:\/\/auto-joker123.com\/fr\/wp-json\/wp\/v2\/users\/1"}],"replies":[{"embeddable":true,"href":"https:\/\/auto-joker123.com\/fr\/wp-json\/wp\/v2\/comments?post=10"}],"version-history":[{"count":21,"href":"https:\/\/auto-joker123.com\/fr\/wp-json\/wp\/v2\/pages\/10\/revisions"}],"predecessor-version":[{"id":150,"href":"https:\/\/auto-joker123.com\/fr\/wp-json\/wp\/v2\/pages\/10\/revisions\/150"}],"wp:attachment":[{"href":"https:\/\/auto-joker123.com\/fr\/wp-json\/wp\/v2\/media?parent=10"}],"curies":[{"name":"wp","href":"https:\/\/api.w.org\/{rel}","templated":true}]}}