{"id":12,"date":"2024-01-04T17:16:18","date_gmt":"2024-01-04T17:16:18","guid":{"rendered":"https:\/\/auto-joker123.com\/?page_id=12"},"modified":"2024-03-22T18:37:51","modified_gmt":"2024-03-22T18:37:51","slug":"how-to-play-lavish-joker","status":"publish","type":"page","link":"https:\/\/auto-joker123.com\/fr\/how-to-play-lavish-joker\/","title":{"rendered":"Comment Jouer \u00e0 la Machine \u00e0 Sous Lavish Joker"},"content":{"rendered":"<p>Pour placer des paris dans la machine \u00e0 sous Lavish Joker avec de l&rsquo;argent r\u00e9el, vous devez choisir un casino, vous inscrire et effectuer un d\u00e9p\u00f4t. Il est conseill\u00e9 de privil\u00e9gier les casinos r\u00e9put\u00e9s disposant d&rsquo;une licence, de logiciels de qualit\u00e9 et d&rsquo;une bonne r\u00e9putation. Pour commencer \u00e0 jouer \u00e0 Lavish Joker avec de l&rsquo;argent r\u00e9el, vous devez :<\/p>\n<ul>\n<li>V\u00e9rifier les classements des casinos virtuels.<\/li>\n<li>Choisir un casino proposant des jeux de Belatra Games.<\/li>\n<li>Acc\u00e9der au site officiel de l&rsquo;entreprise.<\/li>\n<li>Trouver et cliquer sur le bouton \u00ab\u00a0Inscription\u00a0\u00bb.<\/li>\n<li>Remplir le formulaire avec des informations pr\u00e9cises.<\/li>\n<li>Entrer votre num\u00e9ro de t\u00e9l\u00e9phone portable et votre adresse e-mail.<\/li>\n<li>Cr\u00e9er un mot de passe s\u00e9curis\u00e9 pour votre compte.<\/li>\n<li>Choisir la devise appropri\u00e9e pour votre compte de jeu.<\/li>\n<li>Indiquer votre pays de r\u00e9sidence, votre genre et votre \u00e2ge.<\/li>\n<li>Passer en revue les r\u00e8gles et conditions du casino.<\/li>\n<li>Terminer l&rsquo;inscription et v\u00e9rifier votre compte.<\/li>\n<\/ul>\n<p>Apr\u00e8s avoir cr\u00e9\u00e9 un compte et fourni la documentation n\u00e9cessaire, le joueur doit effectuer un d\u00e9p\u00f4t. Pour ce faire, acc\u00e9dez \u00e0 votre compte personnel et s\u00e9lectionnez la section \u00ab\u00a0Caisse\u00a0\u00bb. Dans le formulaire fourni, saisissez le montant du d\u00e9p\u00f4t et choisissez le mode de paiement. Apr\u00e8s confirmation de la transaction, l&rsquo;argent sera cr\u00e9dit\u00e9 instantan\u00e9ment sur le compte du joueur. Il ne reste plus qu&rsquo;\u00e0 trouver la machine \u00e0 sous Lavish Joker dans le catalogue du casino et commencer \u00e0 jouer. Les gains doivent \u00eatre retir\u00e9s sur les m\u00eames d\u00e9tails \u00e0 partir desquels le joueur a effectu\u00e9 le d\u00e9p\u00f4t.<\/p>\n<p>Presque tous les casinos en ligne offrent des cadeaux de bienvenue aux nouveaux venus, tels que de l&rsquo;argent ou des tours gratuits. Ces incitations peuvent \u00eatre utilis\u00e9es pour des paris sur des machines \u00e0 sous. Les bonus sont activ\u00e9s \u00e0 la discr\u00e9tion du joueur. Il est recommand\u00e9 de se familiariser pr\u00e9alablement avec les conditions de mise et le coefficient de mise. Les cadeaux doivent \u00eatre mis\u00e9s sur les machines \u00e0 sous sp\u00e9cifi\u00e9es par le casino dans le cadre d&rsquo;une promotion sp\u00e9cifique. Il est important de respecter les limites de mise et de parvenir \u00e0 miser l&rsquo;argent ou les tours gratuits sur les machines \u00e0 sous dans le d\u00e9lai imparti. Le mod\u00e8le de machine \u00e0 sous Lavish Joker est bien adapt\u00e9 pour miser les bonus de casino et offre d&rsquo;excellentes perspectives de gain aux joueurs.<\/p>\n","protected":false},"excerpt":{"rendered":"<p>Pour placer des paris dans la machine \u00e0 sous Lavish Joker avec de l&rsquo;argent r\u00e9el, vous devez choisir un casino, vous inscrire et effectuer un d\u00e9p\u00f4t. Il est conseill\u00e9 de privil\u00e9gier les casinos r\u00e9put\u00e9s disposant d&rsquo;une licence, de logiciels de qualit\u00e9 et d&rsquo;une bonne r\u00e9putation. Pour commencer \u00e0 jouer \u00e0 Lavish Joker avec de l&rsquo;argent&#8230;<\/p>\n","protected":false},"author":1,"featured_media":0,"parent":0,"menu_order":0,"comment_status":"closed","ping_status":"closed","template":"","meta":{"footnotes":""},"class_list":["post-12","page","type-page","status-publish","hentry"],"yoast_head":"<!-- This site is optimized with the Yoast SEO plugin v27.2 - https:\/\/yoast.com\/product\/yoast-seo-wordpress\/ -->\n<title>\u041a\u0430\u043a \u0438\u0433\u0440\u0430\u0442\u044c \u0432 \u0438\u0433\u0440\u043e\u0432\u043e\u0439 \u0430\u0432\u0442\u043e\u043c\u0430\u0442 Lavish Joker<\/title>\n<meta name=\"description\" content=\"Jouer \u00e0 la machine \u00e0 sous Lavish Joker. Strat\u00e9gies et tactiques. D\u00e9p\u00f4t et retrait des gains dans la machine \u00e0 sous Lavish Joker.\" \/>\n<meta name=\"robots\" content=\"index, follow, max-snippet:-1, max-image-preview:large, max-video-preview:-1\" \/>\n<link rel=\"canonical\" href=\"https:\/\/auto-joker123.com\/fr\/how-to-play-lavish-joker\/\" \/>\n<meta property=\"og:locale\" content=\"fr_FR\" \/>\n<meta property=\"og:locale:alternate\" content=\"ru_RU\" \/>\n<meta property=\"og:locale:alternate\" content=\"en_US\" \/>\n<meta property=\"og:locale:alternate\" content=\"pt_PT\" \/>\n<meta property=\"og:locale:alternate\" content=\"es_ES\" \/>\n<meta property=\"og:locale:alternate\" content=\"ro_RO\" \/>\n<meta property=\"og:locale:alternate\" content=\"bg_BG\" \/>\n<meta property=\"og:locale:alternate\" content=\"sr_RS\" \/>\n<meta property=\"og:locale:alternate\" content=\"pl_PL\" \/>\n<meta property=\"og:locale:alternate\" content=\"it_IT\" \/>\n<meta property=\"og:type\" content=\"article\" \/>\n<meta property=\"og:title\" content=\"\u041a\u0430\u043a \u0438\u0433\u0440\u0430\u0442\u044c \u0432 \u0438\u0433\u0440\u043e\u0432\u043e\u0439 \u0430\u0432\u0442\u043e\u043c\u0430\u0442 Lavish Joker\" \/>\n<meta property=\"og:description\" content=\"\u0418\u0433\u0440\u0430\u0442\u044c \u0432 \u0441\u043b\u043e\u0442 Lavish Joker. \u0421\u0442\u0440\u0430\u0442\u0435\u0433\u0438\u0438 \u0438 \u0442\u0430\u043a\u0442\u0438\u043a\u0438. \u0412\u043d\u0435\u0441\u0435\u043d\u0438\u0435 \u0434\u0435\u043f\u043e\u0437\u0438\u0442\u0430 \u0438 \u0432\u044b\u0432\u043e\u0434 \u0432\u044b\u0438\u0433\u0440\u044b\u0448\u0430 \u0432 \u0438\u0433\u0440\u043e\u0432\u043e\u043c \u0430\u0432\u0442\u043e\u043c\u0430\u0442\u0435 Lavish Joker\" \/>\n<meta property=\"og:url\" content=\"https:\/\/auto-joker123.com\/fr\/how-to-play-lavish-joker\/\" \/>\n<meta property=\"og:site_name\" content=\"Lavish Joker\" \/>\n<meta property=\"article:modified_time\" content=\"2024-03-22T18:37:51+00:00\" \/>\n<meta name=\"twitter:card\" content=\"summary_large_image\" \/>\n<meta name=\"twitter:label1\" content=\"Dur\u00e9e de lecture estim\u00e9e\" \/>\n\t<meta name=\"twitter:data1\" content=\"13 minutes\" \/>\n<script type=\"application\/ld+json\" class=\"yoast-schema-graph\">{\"@context\":\"https:\/\/schema.org\",\"@graph\":[{\"@type\":\"WebPage\",\"@id\":\"https:\/\/auto-joker123.com\/how-to-play-lavish-joker\/\",\"url\":\"https:\/\/auto-joker123.com\/how-to-play-lavish-joker\/\",\"name\":\"\u041a\u0430\u043a \u0438\u0433\u0440\u0430\u0442\u044c \u0432 \u0438\u0433\u0440\u043e\u0432\u043e\u0439 \u0430\u0432\u0442\u043e\u043c\u0430\u0442 Lavish Joker\",\"isPartOf\":{\"@id\":\"https:\/\/auto-joker123.com\/#website\"},\"datePublished\":\"2024-01-04T17:16:18+00:00\",\"dateModified\":\"2024-03-22T18:37:51+00:00\",\"description\":\"\u0418\u0433\u0440\u0430\u0442\u044c \u0432 \u0441\u043b\u043e\u0442 Lavish Joker. \u0421\u0442\u0440\u0430\u0442\u0435\u0433\u0438\u0438 \u0438 \u0442\u0430\u043a\u0442\u0438\u043a\u0438. \u0412\u043d\u0435\u0441\u0435\u043d\u0438\u0435 \u0434\u0435\u043f\u043e\u0437\u0438\u0442\u0430 \u0438 \u0432\u044b\u0432\u043e\u0434 \u0432\u044b\u0438\u0433\u0440\u044b\u0448\u0430 \u0432 \u0438\u0433\u0440\u043e\u0432\u043e\u043c \u0430\u0432\u0442\u043e\u043c\u0430\u0442\u0435 Lavish Joker\",\"breadcrumb\":{\"@id\":\"https:\/\/auto-joker123.com\/how-to-play-lavish-joker\/#breadcrumb\"},\"inLanguage\":\"fr-FR\",\"potentialAction\":[{\"@type\":\"ReadAction\",\"target\":[\"https:\/\/auto-joker123.com\/how-to-play-lavish-joker\/\"]}]},{\"@type\":\"BreadcrumbList\",\"@id\":\"https:\/\/auto-joker123.com\/how-to-play-lavish-joker\/#breadcrumb\",\"itemListElement\":[{\"@type\":\"ListItem\",\"position\":1,\"name\":\"Home\",\"item\":\"https:\/\/auto-joker123.com\/\"},{\"@type\":\"ListItem\",\"position\":2,\"name\":\"\u041a\u0430\u043a \u0438\u0433\u0440\u0430\u0442\u044c \u0432 \u0430\u0432\u0442\u043e\u043c\u0430\u0442 Lavish Joker\"}]},{\"@type\":\"WebSite\",\"@id\":\"https:\/\/auto-joker123.com\/#website\",\"url\":\"https:\/\/auto-joker123.com\/\",\"name\":\"Lavish Joker\",\"description\":\"\",\"potentialAction\":[{\"@type\":\"SearchAction\",\"target\":{\"@type\":\"EntryPoint\",\"urlTemplate\":\"https:\/\/auto-joker123.com\/?s={search_term_string}\"},\"query-input\":{\"@type\":\"PropertyValueSpecification\",\"valueRequired\":true,\"valueName\":\"search_term_string\"}}],\"inLanguage\":\"fr-FR\"}]}<\/script>\n<!-- \/ Yoast SEO plugin. -->","yoast_head_json":{"title":"\u041a\u0430\u043a \u0438\u0433\u0440\u0430\u0442\u044c \u0432 \u0438\u0433\u0440\u043e\u0432\u043e\u0439 \u0430\u0432\u0442\u043e\u043c\u0430\u0442 Lavish Joker","description":"Jouer \u00e0 la machine \u00e0 sous Lavish Joker. Strat\u00e9gies et tactiques. D\u00e9p\u00f4t et retrait des gains dans la machine \u00e0 sous Lavish Joker.","robots":{"index":"index","follow":"follow","max-snippet":"max-snippet:-1","max-image-preview":"max-image-preview:large","max-video-preview":"max-video-preview:-1"},"canonical":"https:\/\/auto-joker123.com\/fr\/how-to-play-lavish-joker\/","og_locale":"fr_FR","og_type":"article","og_title":"\u041a\u0430\u043a \u0438\u0433\u0440\u0430\u0442\u044c \u0432 \u0438\u0433\u0440\u043e\u0432\u043e\u0439 \u0430\u0432\u0442\u043e\u043c\u0430\u0442 Lavish Joker","og_description":"\u0418\u0433\u0440\u0430\u0442\u044c \u0432 \u0441\u043b\u043e\u0442 Lavish Joker. \u0421\u0442\u0440\u0430\u0442\u0435\u0433\u0438\u0438 \u0438 \u0442\u0430\u043a\u0442\u0438\u043a\u0438. \u0412\u043d\u0435\u0441\u0435\u043d\u0438\u0435 \u0434\u0435\u043f\u043e\u0437\u0438\u0442\u0430 \u0438 \u0432\u044b\u0432\u043e\u0434 \u0432\u044b\u0438\u0433\u0440\u044b\u0448\u0430 \u0432 \u0438\u0433\u0440\u043e\u0432\u043e\u043c \u0430\u0432\u0442\u043e\u043c\u0430\u0442\u0435 Lavish Joker","og_url":"https:\/\/auto-joker123.com\/fr\/how-to-play-lavish-joker\/","og_site_name":"Lavish Joker","article_modified_time":"2024-03-22T18:37:51+00:00","twitter_card":"summary_large_image","twitter_misc":{"Dur\u00e9e de lecture estim\u00e9e":"13 minutes"},"schema":{"@context":"https:\/\/schema.org","@graph":[{"@type":"WebPage","@id":"https:\/\/auto-joker123.com\/how-to-play-lavish-joker\/","url":"https:\/\/auto-joker123.com\/how-to-play-lavish-joker\/","name":"\u041a\u0430\u043a \u0438\u0433\u0440\u0430\u0442\u044c \u0432 \u0438\u0433\u0440\u043e\u0432\u043e\u0439 \u0430\u0432\u0442\u043e\u043c\u0430\u0442 Lavish Joker","isPartOf":{"@id":"https:\/\/auto-joker123.com\/#website"},"datePublished":"2024-01-04T17:16:18+00:00","dateModified":"2024-03-22T18:37:51+00:00","description":"\u0418\u0433\u0440\u0430\u0442\u044c \u0432 \u0441\u043b\u043e\u0442 Lavish Joker. \u0421\u0442\u0440\u0430\u0442\u0435\u0433\u0438\u0438 \u0438 \u0442\u0430\u043a\u0442\u0438\u043a\u0438. \u0412\u043d\u0435\u0441\u0435\u043d\u0438\u0435 \u0434\u0435\u043f\u043e\u0437\u0438\u0442\u0430 \u0438 \u0432\u044b\u0432\u043e\u0434 \u0432\u044b\u0438\u0433\u0440\u044b\u0448\u0430 \u0432 \u0438\u0433\u0440\u043e\u0432\u043e\u043c \u0430\u0432\u0442\u043e\u043c\u0430\u0442\u0435 Lavish Joker","breadcrumb":{"@id":"https:\/\/auto-joker123.com\/how-to-play-lavish-joker\/#breadcrumb"},"inLanguage":"fr-FR","potentialAction":[{"@type":"ReadAction","target":["https:\/\/auto-joker123.com\/how-to-play-lavish-joker\/"]}]},{"@type":"BreadcrumbList","@id":"https:\/\/auto-joker123.com\/how-to-play-lavish-joker\/#breadcrumb","itemListElement":[{"@type":"ListItem","position":1,"name":"Home","item":"https:\/\/auto-joker123.com\/"},{"@type":"ListItem","position":2,"name":"\u041a\u0430\u043a \u0438\u0433\u0440\u0430\u0442\u044c \u0432 \u0430\u0432\u0442\u043e\u043c\u0430\u0442 Lavish Joker"}]},{"@type":"WebSite","@id":"https:\/\/auto-joker123.com\/#website","url":"https:\/\/auto-joker123.com\/","name":"Lavish Joker","description":"","potentialAction":[{"@type":"SearchAction","target":{"@type":"EntryPoint","urlTemplate":"https:\/\/auto-joker123.com\/?s={search_term_string}"},"query-input":{"@type":"PropertyValueSpecification","valueRequired":true,"valueName":"search_term_string"}}],"inLanguage":"fr-FR"}]}},"_links":{"self":[{"href":"https:\/\/auto-joker123.com\/fr\/wp-json\/wp\/v2\/pages\/12","targetHints":{"allow":["GET"]}}],"collection":[{"href":"https:\/\/auto-joker123.com\/fr\/wp-json\/wp\/v2\/pages"}],"about":[{"href":"https:\/\/auto-joker123.com\/fr\/wp-json\/wp\/v2\/types\/page"}],"author":[{"embeddable":true,"href":"https:\/\/auto-joker123.com\/fr\/wp-json\/wp\/v2\/users\/1"}],"replies":[{"embeddable":true,"href":"https:\/\/auto-joker123.com\/fr\/wp-json\/wp\/v2\/comments?post=12"}],"version-history":[{"count":22,"href":"https:\/\/auto-joker123.com\/fr\/wp-json\/wp\/v2\/pages\/12\/revisions"}],"predecessor-version":[{"id":153,"href":"https:\/\/auto-joker123.com\/fr\/wp-json\/wp\/v2\/pages\/12\/revisions\/153"}],"wp:attachment":[{"href":"https:\/\/auto-joker123.com\/fr\/wp-json\/wp\/v2\/media?parent=12"}],"curies":[{"name":"wp","href":"https:\/\/api.w.org\/{rel}","templated":true}]}}