{"id":6,"date":"2024-01-04T17:10:48","date_gmt":"2024-01-04T17:10:48","guid":{"rendered":"https:\/\/auto-joker123.com\/?page_id=6"},"modified":"2024-03-22T18:39:06","modified_gmt":"2024-03-22T18:39:06","slug":"lavish-joker","status":"publish","type":"page","link":"https:\/\/auto-joker123.com\/fr\/","title":{"rendered":"Machine \u00e0 Sous Classique Lavish Joker"},"content":{"rendered":"<p>La machine \u00e0 sous vid\u00e9o classique Lavish Joker est un mod\u00e8le populaire du c\u00e9l\u00e8bre studio Belatra Games. La machine \u00e0 sous a \u00e9t\u00e9 publi\u00e9e par le d\u00e9veloppeur en 2020 et est devenue l&rsquo;un des passe-temps pr\u00e9f\u00e9r\u00e9s des joueurs dans les casinos en ligne. Lavish Joker peut \u00eatre jou\u00e9 gratuitement en mode d\u00e9mo ou pour de l&rsquo;argent r\u00e9el. La machine \u00e0 sous offre de bonnes perspectives de gain, et les joueurs re\u00e7oivent souvent des r\u00e9compenses. Les paiements sont calcul\u00e9s dans les deux sens des rouleaux, offrant ainsi aux joueurs plus d&rsquo;opportunit\u00e9s de gains.<\/p>\n<h2><strong>Caract\u00e9ristiques et Fonctionnalit\u00e9s de la Machine \u00e0 Sous Lavish Joker<\/strong><\/h2>\n<p>Un avantage significatif de la machine \u00e0 sous Lavish Joker est la pr\u00e9sence de deux jackpots progressifs. Les prix sont attribu\u00e9s de mani\u00e8re al\u00e9atoire apr\u00e8s l&rsquo;activation de la Roue de la Fortune, qui d\u00e9termine al\u00e9atoirement la taille du prix. Les caract\u00e9ristiques et les fonctionnalit\u00e9s de la machine \u00e0 sous incluent :<\/p>\n<ul>\n<li>Un pourcentage de retour th\u00e9orique relativement faible de 94,62 % ;<\/li>\n<li>Un niveau de volatilit\u00e9 moyen de la machine ;<\/li>\n<li>La pr\u00e9sence d&rsquo;ic\u00f4nes co\u00fbteuses et r\u00e9mun\u00e9ratrices ;<\/li>\n<li>Un design attrayant avec des \u00e9l\u00e9ments visuels lumineux ;<\/li>\n<li>La prise en charge de la machine sur tous les types d&rsquo;appareils ;<\/li>\n<li>Une taille de mise minimale de 0,1 euro (dollars, livres) ;<\/li>\n<li>Une taille de mise maximale de 20 euros (dollars, livres) ;<\/li>\n<li>Le gain maximal de la machine \u00e0 sous est de x1000 la mise ;<\/li>\n<li>5 rouleaux en 3 rang\u00e9es et 10 lignes de paiement ;<\/li>\n<li>Un symbole wild et un jeu bonus th\u00e9matique avec la Roue de la Fortune.<\/li>\n<\/ul>\n<p>La machine \u00e0 sous Lavish Joker convient aux joueurs qui veulent se concentrer sur un processus de paris simple et direct sans trop de fonctionnalit\u00e9s bonus. La machine \u00e0 sous ne comprend pas de tours gratuits, de symboles scatter ou d&rsquo;autres options uniques. Cependant, la machine attire l&rsquo;attention des joueurs de casino avec ses r\u00e8gles simples et ses bons rendements sur les paris.<\/p>\n<h2><strong>Bonus dans la Machine \u00e0 Sous Lavish Joker<\/strong><\/h2>\n<p>Le d\u00e9veloppeur bi\u00e9lorusse Belatra Games a mis en \u0153uvre la machine \u00e0 sous Lavish Joker avec des r\u00e8gles simples et un gameplay simplifi\u00e9. Pour augmenter les chances de gain des joueurs, la machine \u00e0 sous vid\u00e9o inclut les fonctionnalit\u00e9s bonus suivantes :<\/p>\n<ul>\n<li>Les combinaisons gagnantes de symboles se forment dans les deux sens \u2013 de gauche \u00e0 droite et de droite \u00e0 gauche, favorisant ainsi des paiements plus fr\u00e9quents ;<\/li>\n<li>Le symbole wild peut remplacer n&rsquo;importe quels ic\u00f4nes sur l&rsquo;\u00e9cran, aidant \u00e0 cr\u00e9er des cha\u00eenes gagnantes et peut s&rsquo;\u00e9tendre en taille, occupant 3&#215;3 cellules sur les rouleaux ;<\/li>\n<li>La machine \u00e0 sous propose un jeu de risque \u00e9quitable, qui peut \u00eatre activ\u00e9 apr\u00e8s chaque tour gagnant, o\u00f9 les joueurs doivent deviner la valeur ou la couleur d&rsquo;une carte ferm\u00e9e ;<\/li>\n<li>La Roue de la Fortune est activ\u00e9e lorsque la barre de progression est remplie avec des points de jeu, avec des prix suppl\u00e9mentaires cach\u00e9s et le jackpot de la machine \u00e0 sous dans les secteurs de la Roue de la Fortune.<\/li>\n<\/ul>\n<p>Le personnage principal de la machine \u00e0 sous Lavish Joker est le Joker, et les rouleaux pr\u00e9sentent des symboles li\u00e9s aux th\u00e8mes du jeu \u2013 cartes \u00e0 jouer, jetons de poker et rouleaux de machine \u00e0 sous. L&rsquo;interface simple et la navigation intuitive permettent m\u00eame aux d\u00e9butants de jouer et de recevoir des gains sur la machine \u00e0 sous sans aucun probl\u00e8me. Les principaux avantages de la machine \u00e0 sous incluent la pr\u00e9sence d&rsquo;un jeu bonus avec la Roue de la Fortune et un tour de risque pour doubler les gains.<\/p>\n","protected":false},"excerpt":{"rendered":"<p>La machine \u00e0 sous vid\u00e9o classique Lavish Joker est un mod\u00e8le populaire du c\u00e9l\u00e8bre studio Belatra Games. La machine \u00e0 sous a \u00e9t\u00e9 publi\u00e9e par le d\u00e9veloppeur en 2020 et est devenue l&rsquo;un des passe-temps pr\u00e9f\u00e9r\u00e9s des joueurs dans les casinos en ligne. Lavish Joker peut \u00eatre jou\u00e9 gratuitement en mode d\u00e9mo ou pour de&#8230;<\/p>\n","protected":false},"author":1,"featured_media":0,"parent":0,"menu_order":0,"comment_status":"closed","ping_status":"closed","template":"","meta":{"footnotes":""},"class_list":["post-6","page","type-page","status-publish","hentry"],"yoast_head":"<!-- This site is optimized with the Yoast SEO plugin v27.2 - https:\/\/yoast.com\/product\/yoast-seo-wordpress\/ -->\n<title>\u0418\u0433\u0440\u0430\u0442\u044c \u0432 \u0438\u0433\u0440\u043e\u0432\u043e\u0439 \u0430\u0432\u0442\u043e\u043c\u0430\u0442 Lavish Joker \u0432 \u043e\u043d\u043b\u0430\u0439\u043d \u043a\u0430\u0437\u0438\u043d\u043e<\/title>\n<meta name=\"description\" content=\"Jouez et gagnez de l&#039;argent r\u00e9el dans la machine \u00e0 sous Lavish Joker. Strat\u00e9gies et tactiques, t\u00e9l\u00e9chargement pour Android et iPhone, avis de vrais joueurs.\" \/>\n<meta name=\"robots\" content=\"index, follow, max-snippet:-1, max-image-preview:large, max-video-preview:-1\" \/>\n<link rel=\"canonical\" href=\"https:\/\/auto-joker123.com\/fr\/\" \/>\n<meta property=\"og:locale\" content=\"fr_FR\" \/>\n<meta property=\"og:locale:alternate\" content=\"ru_RU\" \/>\n<meta property=\"og:locale:alternate\" content=\"en_US\" \/>\n<meta property=\"og:locale:alternate\" content=\"pt_PT\" \/>\n<meta property=\"og:locale:alternate\" content=\"es_ES\" \/>\n<meta property=\"og:locale:alternate\" content=\"ro_RO\" \/>\n<meta property=\"og:locale:alternate\" content=\"bg_BG\" \/>\n<meta property=\"og:locale:alternate\" content=\"sr_RS\" \/>\n<meta property=\"og:locale:alternate\" content=\"pl_PL\" \/>\n<meta property=\"og:locale:alternate\" content=\"it_IT\" \/>\n<meta property=\"og:type\" content=\"article\" \/>\n<meta property=\"og:title\" content=\"\u0418\u0433\u0440\u0430\u0442\u044c \u0432 \u0438\u0433\u0440\u043e\u0432\u043e\u0439 \u0430\u0432\u0442\u043e\u043c\u0430\u0442 Lavish Joker \u0432 \u043e\u043d\u043b\u0430\u0439\u043d \u043a\u0430\u0437\u0438\u043d\u043e\" \/>\n<meta property=\"og:description\" content=\"\u0418\u0433\u0440\u0430\u0442\u044c \u0438 \u0432\u044b\u0438\u0433\u0440\u044b\u0432\u0430\u0442\u044c \u0432 \u0441\u043b\u043e\u0442\u0435 Lavish Joker \u0440\u0435\u0430\u043b\u044c\u043d\u044b\u0435 \u0434\u0435\u043d\u044c\u0433\u0438. \u0421\u0442\u0440\u0430\u0442\u0435\u0433\u0438\u0438 \u0438 \u0442\u0430\u043a\u0442\u0438\u043a\u0438, \u0441\u043a\u0430\u0447\u0430\u0442\u044c \u0410\u043d\u0434\u0440\u043e\u0438\u0434 \u0438 \u0430\u0439\u0444\u043e\u043d, \u043e\u0442\u0437\u044b\u0432\u044b \u0440\u0435\u0430\u043b\u044c\u043d\u044b\u0445 \u0438\u0433\u0440\u043e\u043a\u043e\u0432\" \/>\n<meta property=\"og:url\" content=\"https:\/\/auto-joker123.com\/fr\/\" \/>\n<meta property=\"og:site_name\" content=\"Lavish Joker\" \/>\n<meta property=\"article:modified_time\" content=\"2024-03-22T18:39:06+00:00\" \/>\n<meta name=\"twitter:card\" content=\"summary_large_image\" \/>\n<meta name=\"twitter:label1\" content=\"Dur\u00e9e de lecture estim\u00e9e\" \/>\n\t<meta name=\"twitter:data1\" content=\"19 minutes\" \/>\n<script type=\"application\/ld+json\" class=\"yoast-schema-graph\">{\"@context\":\"https:\/\/schema.org\",\"@graph\":[{\"@type\":\"WebPage\",\"@id\":\"https:\/\/auto-joker123.com\/\",\"url\":\"https:\/\/auto-joker123.com\/\",\"name\":\"\u0418\u0433\u0440\u0430\u0442\u044c \u0432 \u0438\u0433\u0440\u043e\u0432\u043e\u0439 \u0430\u0432\u0442\u043e\u043c\u0430\u0442 Lavish Joker \u0432 \u043e\u043d\u043b\u0430\u0439\u043d \u043a\u0430\u0437\u0438\u043d\u043e\",\"isPartOf\":{\"@id\":\"https:\/\/auto-joker123.com\/#website\"},\"datePublished\":\"2024-01-04T17:10:48+00:00\",\"dateModified\":\"2024-03-22T18:39:06+00:00\",\"description\":\"\u0418\u0433\u0440\u0430\u0442\u044c \u0438 \u0432\u044b\u0438\u0433\u0440\u044b\u0432\u0430\u0442\u044c \u0432 \u0441\u043b\u043e\u0442\u0435 Lavish Joker \u0440\u0435\u0430\u043b\u044c\u043d\u044b\u0435 \u0434\u0435\u043d\u044c\u0433\u0438. \u0421\u0442\u0440\u0430\u0442\u0435\u0433\u0438\u0438 \u0438 \u0442\u0430\u043a\u0442\u0438\u043a\u0438, \u0441\u043a\u0430\u0447\u0430\u0442\u044c \u0410\u043d\u0434\u0440\u043e\u0438\u0434 \u0438 \u0430\u0439\u0444\u043e\u043d, \u043e\u0442\u0437\u044b\u0432\u044b \u0440\u0435\u0430\u043b\u044c\u043d\u044b\u0445 \u0438\u0433\u0440\u043e\u043a\u043e\u0432\",\"breadcrumb\":{\"@id\":\"https:\/\/auto-joker123.com\/#breadcrumb\"},\"inLanguage\":\"fr-FR\",\"potentialAction\":[{\"@type\":\"ReadAction\",\"target\":[\"https:\/\/auto-joker123.com\/\"]}]},{\"@type\":\"BreadcrumbList\",\"@id\":\"https:\/\/auto-joker123.com\/#breadcrumb\",\"itemListElement\":[{\"@type\":\"ListItem\",\"position\":1,\"name\":\"Home\",\"item\":\"https:\/\/auto-joker123.com\/\"},{\"@type\":\"ListItem\",\"position\":2,\"name\":\"\u041a\u043b\u0430\u0441\u0441\u0438\u0447\u0435\u0441\u043a\u0438\u0439 \u0438\u0433\u0440\u043e\u0432\u043e\u0439 \u0430\u0432\u0442\u043e\u043c\u0430\u0442 Lavish Joker\"}]},{\"@type\":\"WebSite\",\"@id\":\"https:\/\/auto-joker123.com\/#website\",\"url\":\"https:\/\/auto-joker123.com\/\",\"name\":\"Lavish Joker\",\"description\":\"\",\"potentialAction\":[{\"@type\":\"SearchAction\",\"target\":{\"@type\":\"EntryPoint\",\"urlTemplate\":\"https:\/\/auto-joker123.com\/?s={search_term_string}\"},\"query-input\":{\"@type\":\"PropertyValueSpecification\",\"valueRequired\":true,\"valueName\":\"search_term_string\"}}],\"inLanguage\":\"fr-FR\"}]}<\/script>\n<!-- \/ Yoast SEO plugin. -->","yoast_head_json":{"title":"\u0418\u0433\u0440\u0430\u0442\u044c \u0432 \u0438\u0433\u0440\u043e\u0432\u043e\u0439 \u0430\u0432\u0442\u043e\u043c\u0430\u0442 Lavish Joker \u0432 \u043e\u043d\u043b\u0430\u0439\u043d \u043a\u0430\u0437\u0438\u043d\u043e","description":"Jouez et gagnez de l'argent r\u00e9el dans la machine \u00e0 sous Lavish Joker. Strat\u00e9gies et tactiques, t\u00e9l\u00e9chargement pour Android et iPhone, avis de vrais joueurs.","robots":{"index":"index","follow":"follow","max-snippet":"max-snippet:-1","max-image-preview":"max-image-preview:large","max-video-preview":"max-video-preview:-1"},"canonical":"https:\/\/auto-joker123.com\/fr\/","og_locale":"fr_FR","og_type":"article","og_title":"\u0418\u0433\u0440\u0430\u0442\u044c \u0432 \u0438\u0433\u0440\u043e\u0432\u043e\u0439 \u0430\u0432\u0442\u043e\u043c\u0430\u0442 Lavish Joker \u0432 \u043e\u043d\u043b\u0430\u0439\u043d \u043a\u0430\u0437\u0438\u043d\u043e","og_description":"\u0418\u0433\u0440\u0430\u0442\u044c \u0438 \u0432\u044b\u0438\u0433\u0440\u044b\u0432\u0430\u0442\u044c \u0432 \u0441\u043b\u043e\u0442\u0435 Lavish Joker \u0440\u0435\u0430\u043b\u044c\u043d\u044b\u0435 \u0434\u0435\u043d\u044c\u0433\u0438. \u0421\u0442\u0440\u0430\u0442\u0435\u0433\u0438\u0438 \u0438 \u0442\u0430\u043a\u0442\u0438\u043a\u0438, \u0441\u043a\u0430\u0447\u0430\u0442\u044c \u0410\u043d\u0434\u0440\u043e\u0438\u0434 \u0438 \u0430\u0439\u0444\u043e\u043d, \u043e\u0442\u0437\u044b\u0432\u044b \u0440\u0435\u0430\u043b\u044c\u043d\u044b\u0445 \u0438\u0433\u0440\u043e\u043a\u043e\u0432","og_url":"https:\/\/auto-joker123.com\/fr\/","og_site_name":"Lavish Joker","article_modified_time":"2024-03-22T18:39:06+00:00","twitter_card":"summary_large_image","twitter_misc":{"Dur\u00e9e de lecture estim\u00e9e":"19 minutes"},"schema":{"@context":"https:\/\/schema.org","@graph":[{"@type":"WebPage","@id":"https:\/\/auto-joker123.com\/","url":"https:\/\/auto-joker123.com\/","name":"\u0418\u0433\u0440\u0430\u0442\u044c \u0432 \u0438\u0433\u0440\u043e\u0432\u043e\u0439 \u0430\u0432\u0442\u043e\u043c\u0430\u0442 Lavish Joker \u0432 \u043e\u043d\u043b\u0430\u0439\u043d \u043a\u0430\u0437\u0438\u043d\u043e","isPartOf":{"@id":"https:\/\/auto-joker123.com\/#website"},"datePublished":"2024-01-04T17:10:48+00:00","dateModified":"2024-03-22T18:39:06+00:00","description":"\u0418\u0433\u0440\u0430\u0442\u044c \u0438 \u0432\u044b\u0438\u0433\u0440\u044b\u0432\u0430\u0442\u044c \u0432 \u0441\u043b\u043e\u0442\u0435 Lavish Joker \u0440\u0435\u0430\u043b\u044c\u043d\u044b\u0435 \u0434\u0435\u043d\u044c\u0433\u0438. \u0421\u0442\u0440\u0430\u0442\u0435\u0433\u0438\u0438 \u0438 \u0442\u0430\u043a\u0442\u0438\u043a\u0438, \u0441\u043a\u0430\u0447\u0430\u0442\u044c \u0410\u043d\u0434\u0440\u043e\u0438\u0434 \u0438 \u0430\u0439\u0444\u043e\u043d, \u043e\u0442\u0437\u044b\u0432\u044b \u0440\u0435\u0430\u043b\u044c\u043d\u044b\u0445 \u0438\u0433\u0440\u043e\u043a\u043e\u0432","breadcrumb":{"@id":"https:\/\/auto-joker123.com\/#breadcrumb"},"inLanguage":"fr-FR","potentialAction":[{"@type":"ReadAction","target":["https:\/\/auto-joker123.com\/"]}]},{"@type":"BreadcrumbList","@id":"https:\/\/auto-joker123.com\/#breadcrumb","itemListElement":[{"@type":"ListItem","position":1,"name":"Home","item":"https:\/\/auto-joker123.com\/"},{"@type":"ListItem","position":2,"name":"\u041a\u043b\u0430\u0441\u0441\u0438\u0447\u0435\u0441\u043a\u0438\u0439 \u0438\u0433\u0440\u043e\u0432\u043e\u0439 \u0430\u0432\u0442\u043e\u043c\u0430\u0442 Lavish Joker"}]},{"@type":"WebSite","@id":"https:\/\/auto-joker123.com\/#website","url":"https:\/\/auto-joker123.com\/","name":"Lavish Joker","description":"","potentialAction":[{"@type":"SearchAction","target":{"@type":"EntryPoint","urlTemplate":"https:\/\/auto-joker123.com\/?s={search_term_string}"},"query-input":{"@type":"PropertyValueSpecification","valueRequired":true,"valueName":"search_term_string"}}],"inLanguage":"fr-FR"}]}},"_links":{"self":[{"href":"https:\/\/auto-joker123.com\/fr\/wp-json\/wp\/v2\/pages\/6","targetHints":{"allow":["GET"]}}],"collection":[{"href":"https:\/\/auto-joker123.com\/fr\/wp-json\/wp\/v2\/pages"}],"about":[{"href":"https:\/\/auto-joker123.com\/fr\/wp-json\/wp\/v2\/types\/page"}],"author":[{"embeddable":true,"href":"https:\/\/auto-joker123.com\/fr\/wp-json\/wp\/v2\/users\/1"}],"replies":[{"embeddable":true,"href":"https:\/\/auto-joker123.com\/fr\/wp-json\/wp\/v2\/comments?post=6"}],"version-history":[{"count":20,"href":"https:\/\/auto-joker123.com\/fr\/wp-json\/wp\/v2\/pages\/6\/revisions"}],"predecessor-version":[{"id":154,"href":"https:\/\/auto-joker123.com\/fr\/wp-json\/wp\/v2\/pages\/6\/revisions\/154"}],"wp:attachment":[{"href":"https:\/\/auto-joker123.com\/fr\/wp-json\/wp\/v2\/media?parent=6"}],"curies":[{"name":"wp","href":"https:\/\/api.w.org\/{rel}","templated":true}]}}