{"id":8,"date":"2024-01-04T17:12:50","date_gmt":"2024-01-04T17:12:50","guid":{"rendered":"https:\/\/auto-joker123.com\/?page_id=8"},"modified":"2024-03-22T18:36:39","modified_gmt":"2024-03-22T18:36:39","slug":"lavish-joker-slot-advantages","status":"publish","type":"page","link":"https:\/\/auto-joker123.com\/fr\/lavish-joker-slot-advantages\/","title":{"rendered":"Machine \u00e0 Sous Lavish Joker &#8211; Avantages et Fonctionnalit\u00e9s Bonus"},"content":{"rendered":"<p>Dans les casinos en ligne modernes, il existe une vaste gamme de machines \u00e0 sous de diff\u00e9rentes cat\u00e9gories et genres. Malgr\u00e9 la s\u00e9lection \u00e9tendue de divertissements de jeu, les machines \u00e0 sous classiques restent demand\u00e9es et populaires. Un tel mod\u00e8le est la machine \u00e0 sous Lavish Joker du d\u00e9veloppeur bi\u00e9lorusse Belatra Games. La machine \u00e0 sous est apparue dans les casinos virtuels en 2020 et a rapidement attir\u00e9 l&rsquo;attention des joueurs. Des r\u00e8gles simples, un gameplay et une navigation, associ\u00e9s \u00e0 de bons rendements et \u00e0 une volatilit\u00e9, ont fait de la machine \u00e0 sous l&rsquo;un des titres \u00e0 succ\u00e8s dans les catalogues des \u00e9tablissements de jeux en ligne.<\/p>\n<h2><strong>L&rsquo;intrigue, les symboles et les fonctionnalit\u00e9s de la machine \u00e0 sous Lavish Joker<\/strong><\/h2>\n<p>La machine \u00e0 sous Lavish Joker est bas\u00e9e sur le th\u00e8me des divertissements de jeu. Le th\u00e8me classique, combin\u00e9 au design agr\u00e9able de la machine \u00e0 sous, donne au jeu une atmosph\u00e8re positive attrayante. Le personnage principal de la machine \u00e0 sous est le Joker, qui peut g\u00e9n\u00e9reusement r\u00e9compenser les joueurs avec des prix en esp\u00e8ces substantiels. Les bobines de la machine \u00e0 sous vid\u00e9o sont rapidement remplies de symboles repr\u00e9sentant des cartes \u00e0 jouer, des jetons de poker et le personnage principal. Les principales caract\u00e9ristiques de la machine \u00e0 sous Lavish Joker incluent :<\/p>\n<ul>\n<li>Le pourcentage th\u00e9orique de retour au joueur est de 94,62 % ;<\/li>\n<li>Le jeu a un niveau de volatilit\u00e9 moyen ;<\/li>\n<li>Le symbole sauvage peut remplacer toutes les images \u00e0 l&rsquo;\u00e9cran ;<\/li>\n<li>Le sauvage aide \u00e0 former des combinaisons gagnantes de symboles ;<\/li>\n<li>Un jeu de risque \u00e9quitable est impl\u00e9ment\u00e9 dans la machine \u00e0 sous ;<\/li>\n<li>La machine \u00e0 sous est support\u00e9e sur les appareils mobiles et de bureau ;<\/li>\n<li>Lavish Joker peut \u00eatre jou\u00e9 avec de l&rsquo;argent r\u00e9el et gratuitement ;<\/li>\n<li>Les paris sont accept\u00e9s en euros, livres, dollars et autres devises ;<\/li>\n<li>En mode d\u00e9mo, le nombre de cr\u00e9dits virtuels est illimit\u00e9 ;<\/li>\n<li>La machine \u00e0 sous est disponible dans de nombreux casinos en ligne bien connus ;<\/li>\n<li>Le montant minimum de mise est de 0,1 euro (dollars) ;<\/li>\n<li>La limite de mise maximale dans la machine \u00e0 sous est de 20 (euros, dollars, livres) ;<\/li>\n<li>La taille maximale des gains atteint jusqu&rsquo;\u00e0 x1000 les mises.<\/li>\n<\/ul>\n<p>La machine \u00e0 sous Lavish Joker dispose de 5 rouleaux dispos\u00e9s en trois rang\u00e9es. Les gains sont attribu\u00e9s le long de dix lignes fixes et sont consid\u00e9r\u00e9s dans les deux directions \u2013 de droite \u00e0 gauche et de gauche \u00e0 droite. Cela donne aux joueurs des chances suppl\u00e9mentaires de r\u00e9aliser un gain significatif.<\/p>\n","protected":false},"excerpt":{"rendered":"<p>Dans les casinos en ligne modernes, il existe une vaste gamme de machines \u00e0 sous de diff\u00e9rentes cat\u00e9gories et genres. Malgr\u00e9 la s\u00e9lection \u00e9tendue de divertissements de jeu, les machines \u00e0 sous classiques restent demand\u00e9es et populaires. Un tel mod\u00e8le est la machine \u00e0 sous Lavish Joker du d\u00e9veloppeur bi\u00e9lorusse Belatra Games. La machine \u00e0&#8230;<\/p>\n","protected":false},"author":1,"featured_media":0,"parent":0,"menu_order":0,"comment_status":"closed","ping_status":"closed","template":"","meta":{"footnotes":""},"class_list":["post-8","page","type-page","status-publish","hentry"],"yoast_head":"<!-- This site is optimized with the Yoast SEO plugin v27.2 - https:\/\/yoast.com\/product\/yoast-seo-wordpress\/ -->\n<title>Slot Machine Lavish Joker: Vantaggi<\/title>\n<meta name=\"description\" content=\"Pourquoi choisir Lavish Joker pour jouer : intrigue, symboles et avantages du jeu. Jouez maintenant.\" \/>\n<meta name=\"robots\" content=\"index, follow, max-snippet:-1, max-image-preview:large, max-video-preview:-1\" \/>\n<link rel=\"canonical\" href=\"https:\/\/auto-joker123.com\/fr\/lavish-joker-slot-advantages\/\" \/>\n<meta property=\"og:locale\" content=\"fr_FR\" \/>\n<meta property=\"og:locale:alternate\" content=\"ru_RU\" \/>\n<meta property=\"og:locale:alternate\" content=\"en_US\" \/>\n<meta property=\"og:locale:alternate\" content=\"pt_PT\" \/>\n<meta property=\"og:locale:alternate\" content=\"es_ES\" \/>\n<meta property=\"og:locale:alternate\" content=\"ro_RO\" \/>\n<meta property=\"og:locale:alternate\" content=\"bg_BG\" \/>\n<meta property=\"og:locale:alternate\" content=\"sr_RS\" \/>\n<meta property=\"og:locale:alternate\" content=\"pl_PL\" \/>\n<meta property=\"og:locale:alternate\" content=\"it_IT\" \/>\n<meta property=\"og:type\" content=\"article\" \/>\n<meta property=\"og:title\" content=\"Slot Machine Lavish Joker: Vantaggi\" \/>\n<meta property=\"og:description\" content=\"Perch\u00e9 scegliere Lavish Joker per giocare: trama, simboli e vantaggi del gioco. Gioca ora.\" \/>\n<meta property=\"og:url\" content=\"https:\/\/auto-joker123.com\/fr\/lavish-joker-slot-advantages\/\" \/>\n<meta property=\"og:site_name\" content=\"Lavish Joker\" \/>\n<meta property=\"article:modified_time\" content=\"2024-03-22T18:36:39+00:00\" \/>\n<meta name=\"twitter:card\" content=\"summary_large_image\" \/>\n<meta name=\"twitter:label1\" content=\"Dur\u00e9e de lecture estim\u00e9e\" \/>\n\t<meta name=\"twitter:data1\" content=\"14 minutes\" \/>\n<script type=\"application\/ld+json\" class=\"yoast-schema-graph\">{\"@context\":\"https:\/\/schema.org\",\"@graph\":[{\"@type\":\"WebPage\",\"@id\":\"https:\/\/auto-joker123.com\/it\/lavish-joker-slot-advantages\/\",\"url\":\"https:\/\/auto-joker123.com\/it\/lavish-joker-slot-advantages\/\",\"name\":\"Slot Machine Lavish Joker: Vantaggi\",\"isPartOf\":{\"@id\":\"https:\/\/auto-joker123.com\/#website\"},\"datePublished\":\"2024-01-04T17:12:50+00:00\",\"dateModified\":\"2024-03-22T18:36:39+00:00\",\"description\":\"Perch\u00e9 scegliere Lavish Joker per giocare: trama, simboli e vantaggi del gioco. Gioca ora.\",\"breadcrumb\":{\"@id\":\"https:\/\/auto-joker123.com\/it\/lavish-joker-slot-advantages\/#breadcrumb\"},\"inLanguage\":\"fr-FR\",\"potentialAction\":[{\"@type\":\"ReadAction\",\"target\":[\"https:\/\/auto-joker123.com\/it\/lavish-joker-slot-advantages\/\"]}]},{\"@type\":\"BreadcrumbList\",\"@id\":\"https:\/\/auto-joker123.com\/it\/lavish-joker-slot-advantages\/#breadcrumb\",\"itemListElement\":[{\"@type\":\"ListItem\",\"position\":1,\"name\":\"Home\",\"item\":\"https:\/\/auto-joker123.com\/\"},{\"@type\":\"ListItem\",\"position\":2,\"name\":\"Slot Machine Lavish Joker &#8211; Vantaggi e Funzionalit\u00e0 Bonus\"}]},{\"@type\":\"WebSite\",\"@id\":\"https:\/\/auto-joker123.com\/#website\",\"url\":\"https:\/\/auto-joker123.com\/\",\"name\":\"Lavish Joker\",\"description\":\"\",\"potentialAction\":[{\"@type\":\"SearchAction\",\"target\":{\"@type\":\"EntryPoint\",\"urlTemplate\":\"https:\/\/auto-joker123.com\/?s={search_term_string}\"},\"query-input\":{\"@type\":\"PropertyValueSpecification\",\"valueRequired\":true,\"valueName\":\"search_term_string\"}}],\"inLanguage\":\"fr-FR\"}]}<\/script>\n<!-- \/ Yoast SEO plugin. -->","yoast_head_json":{"title":"Slot Machine Lavish Joker: Vantaggi","description":"Pourquoi choisir Lavish Joker pour jouer : intrigue, symboles et avantages du jeu. Jouez maintenant.","robots":{"index":"index","follow":"follow","max-snippet":"max-snippet:-1","max-image-preview":"max-image-preview:large","max-video-preview":"max-video-preview:-1"},"canonical":"https:\/\/auto-joker123.com\/fr\/lavish-joker-slot-advantages\/","og_locale":"fr_FR","og_type":"article","og_title":"Slot Machine Lavish Joker: Vantaggi","og_description":"Perch\u00e9 scegliere Lavish Joker per giocare: trama, simboli e vantaggi del gioco. Gioca ora.","og_url":"https:\/\/auto-joker123.com\/fr\/lavish-joker-slot-advantages\/","og_site_name":"Lavish Joker","article_modified_time":"2024-03-22T18:36:39+00:00","twitter_card":"summary_large_image","twitter_misc":{"Dur\u00e9e de lecture estim\u00e9e":"14 minutes"},"schema":{"@context":"https:\/\/schema.org","@graph":[{"@type":"WebPage","@id":"https:\/\/auto-joker123.com\/it\/lavish-joker-slot-advantages\/","url":"https:\/\/auto-joker123.com\/it\/lavish-joker-slot-advantages\/","name":"Slot Machine Lavish Joker: Vantaggi","isPartOf":{"@id":"https:\/\/auto-joker123.com\/#website"},"datePublished":"2024-01-04T17:12:50+00:00","dateModified":"2024-03-22T18:36:39+00:00","description":"Perch\u00e9 scegliere Lavish Joker per giocare: trama, simboli e vantaggi del gioco. Gioca ora.","breadcrumb":{"@id":"https:\/\/auto-joker123.com\/it\/lavish-joker-slot-advantages\/#breadcrumb"},"inLanguage":"fr-FR","potentialAction":[{"@type":"ReadAction","target":["https:\/\/auto-joker123.com\/it\/lavish-joker-slot-advantages\/"]}]},{"@type":"BreadcrumbList","@id":"https:\/\/auto-joker123.com\/it\/lavish-joker-slot-advantages\/#breadcrumb","itemListElement":[{"@type":"ListItem","position":1,"name":"Home","item":"https:\/\/auto-joker123.com\/"},{"@type":"ListItem","position":2,"name":"Slot Machine Lavish Joker &#8211; Vantaggi e Funzionalit\u00e0 Bonus"}]},{"@type":"WebSite","@id":"https:\/\/auto-joker123.com\/#website","url":"https:\/\/auto-joker123.com\/","name":"Lavish Joker","description":"","potentialAction":[{"@type":"SearchAction","target":{"@type":"EntryPoint","urlTemplate":"https:\/\/auto-joker123.com\/?s={search_term_string}"},"query-input":{"@type":"PropertyValueSpecification","valueRequired":true,"valueName":"search_term_string"}}],"inLanguage":"fr-FR"}]}},"_links":{"self":[{"href":"https:\/\/auto-joker123.com\/fr\/wp-json\/wp\/v2\/pages\/8","targetHints":{"allow":["GET"]}}],"collection":[{"href":"https:\/\/auto-joker123.com\/fr\/wp-json\/wp\/v2\/pages"}],"about":[{"href":"https:\/\/auto-joker123.com\/fr\/wp-json\/wp\/v2\/types\/page"}],"author":[{"embeddable":true,"href":"https:\/\/auto-joker123.com\/fr\/wp-json\/wp\/v2\/users\/1"}],"replies":[{"embeddable":true,"href":"https:\/\/auto-joker123.com\/fr\/wp-json\/wp\/v2\/comments?post=8"}],"version-history":[{"count":19,"href":"https:\/\/auto-joker123.com\/fr\/wp-json\/wp\/v2\/pages\/8\/revisions"}],"predecessor-version":[{"id":152,"href":"https:\/\/auto-joker123.com\/fr\/wp-json\/wp\/v2\/pages\/8\/revisions\/152"}],"wp:attachment":[{"href":"https:\/\/auto-joker123.com\/fr\/wp-json\/wp\/v2\/media?parent=8"}],"curies":[{"name":"wp","href":"https:\/\/api.w.org\/{rel}","templated":true}]}}