{"id":12,"date":"2024-01-04T17:16:18","date_gmt":"2024-01-04T17:16:18","guid":{"rendered":"https:\/\/auto-joker123.com\/?page_id=12"},"modified":"2024-03-22T18:37:51","modified_gmt":"2024-03-22T18:37:51","slug":"how-to-play-lavish-joker","status":"publish","type":"page","link":"https:\/\/auto-joker123.com\/it\/how-to-play-lavish-joker\/","title":{"rendered":"Come Giocare alla Slot Machine Lavish Joker"},"content":{"rendered":"<p>Per piazzare scommesse nella slot Lavish Joker con valuta reale, \u00e8 necessario scegliere un casin\u00f2, registrarsi e effettuare un deposito. \u00c8 consigliabile preferire casin\u00f2 affidabili con licenza, software di qualit\u00e0 e una buona reputazione. Per iniziare a giocare a Lavish Joker con soldi veri, \u00e8 necessario:<\/p>\n<ul>\n<li>Controllare le valutazioni dei casin\u00f2 virtuali.<\/li>\n<li>Scegliere un casin\u00f2 che offre giochi di Belatra Games.<\/li>\n<li>Andare sul sito ufficiale dell&#8217;azienda.<\/li>\n<li>Trova e clicca sul pulsante &#8220;Registrazione&#8221;.<\/li>\n<li>Compilare il modulo con informazioni accurate.<\/li>\n<li>Inserire il numero di cellulare e l&#8217;email.<\/li>\n<li>Creare una password sicura per il tuo account.<\/li>\n<li>Scegliere la valuta appropriata per il tuo conto di gioco.<\/li>\n<li>Specificare il paese di residenza, il sesso e l&#8217;et\u00e0.<\/li>\n<li>Revisionare le regole e le condizioni del casin\u00f2.<\/li>\n<li>Completare la registrazione e verificare il proprio account.<\/li>\n<\/ul>\n<p>Dopo aver creato un account e fornito la documentazione necessaria, il giocatore deve effettuare un deposito. Per fare ci\u00f2, vai al tuo account personale e seleziona la sezione &#8220;Cassa&#8221;. Nel modulo fornito, inserisci l&#8217;importo del deposito e scegli il metodo di pagamento. Dopo aver confermato la transazione, i soldi saranno accreditati istantaneamente sul conto del giocatore. Tutto ci\u00f2 che resta \u00e8 trovare la slot machine Lavish Joker nel catalogo del casin\u00f2 e iniziare a giocare. Le vincite devono essere prelevate agli stessi dettagli da cui il giocatore ha effettuato il deposito.<\/p>\n<p>Quasi tutti i casin\u00f2 online offrono regali di benvenuto ai nuovi arrivati, come denaro o giri gratuiti. Questi incentivi possono essere utilizzati per scommettere sulle slot machine. I bonus vengono attivati a discrezione del giocatore. Si consiglia di familiarizzare preventivamente con le condizioni di scommessa e il coefficiente di scommessa. I regali devono essere scommessi sulle slot specificate dal casin\u00f2 all&#8217;interno di una promozione specifica. \u00c8 importante attenersi ai limiti di scommessa e riuscire a scommettere il denaro o i giri gratuiti sulle slot machine entro il tempo assegnato. Il modello di slot Lavish Joker \u00e8 ben adatto per scommettere i bonus del casin\u00f2 e offre ottime prospettive di vincita ai giocatori.<\/p>\n","protected":false},"excerpt":{"rendered":"<p>Per piazzare scommesse nella slot Lavish Joker con valuta reale, \u00e8 necessario scegliere un casin\u00f2, registrarsi e effettuare un deposito. \u00c8 consigliabile preferire casin\u00f2 affidabili con licenza, software di qualit\u00e0 e una buona reputazione. Per iniziare a giocare a Lavish Joker con soldi veri, \u00e8 necessario: Controllare le valutazioni dei casin\u00f2 virtuali. Scegliere un casin\u00f2&#8230;<\/p>\n","protected":false},"author":1,"featured_media":0,"parent":0,"menu_order":0,"comment_status":"closed","ping_status":"closed","template":"","meta":{"footnotes":""},"class_list":["post-12","page","type-page","status-publish","hentry"],"yoast_head":"<!-- This site is optimized with the Yoast SEO plugin v27.2 - https:\/\/yoast.com\/product\/yoast-seo-wordpress\/ -->\n<title>\u041a\u0430\u043a \u0438\u0433\u0440\u0430\u0442\u044c \u0432 \u0438\u0433\u0440\u043e\u0432\u043e\u0439 \u0430\u0432\u0442\u043e\u043c\u0430\u0442 Lavish Joker<\/title>\n<meta name=\"description\" content=\"Giocare alla slot machine Lavish Joker. Strategie e tattiche. Deposito e prelievo delle vincite nella slot machine Lavish Joker.\" \/>\n<meta name=\"robots\" content=\"index, follow, max-snippet:-1, max-image-preview:large, max-video-preview:-1\" \/>\n<link rel=\"canonical\" href=\"https:\/\/auto-joker123.com\/it\/how-to-play-lavish-joker\/\" \/>\n<meta property=\"og:locale\" content=\"it_IT\" \/>\n<meta property=\"og:locale:alternate\" content=\"ru_RU\" \/>\n<meta property=\"og:locale:alternate\" content=\"en_US\" \/>\n<meta property=\"og:locale:alternate\" content=\"pt_PT\" \/>\n<meta property=\"og:locale:alternate\" content=\"es_ES\" \/>\n<meta property=\"og:locale:alternate\" content=\"ro_RO\" \/>\n<meta property=\"og:locale:alternate\" content=\"bg_BG\" \/>\n<meta property=\"og:locale:alternate\" content=\"sr_RS\" \/>\n<meta property=\"og:locale:alternate\" content=\"pl_PL\" \/>\n<meta property=\"og:locale:alternate\" content=\"fr_FR\" \/>\n<meta property=\"og:type\" content=\"article\" \/>\n<meta property=\"og:title\" content=\"\u041a\u0430\u043a \u0438\u0433\u0440\u0430\u0442\u044c \u0432 \u0438\u0433\u0440\u043e\u0432\u043e\u0439 \u0430\u0432\u0442\u043e\u043c\u0430\u0442 Lavish Joker\" \/>\n<meta property=\"og:description\" content=\"\u0418\u0433\u0440\u0430\u0442\u044c \u0432 \u0441\u043b\u043e\u0442 Lavish Joker. \u0421\u0442\u0440\u0430\u0442\u0435\u0433\u0438\u0438 \u0438 \u0442\u0430\u043a\u0442\u0438\u043a\u0438. \u0412\u043d\u0435\u0441\u0435\u043d\u0438\u0435 \u0434\u0435\u043f\u043e\u0437\u0438\u0442\u0430 \u0438 \u0432\u044b\u0432\u043e\u0434 \u0432\u044b\u0438\u0433\u0440\u044b\u0448\u0430 \u0432 \u0438\u0433\u0440\u043e\u0432\u043e\u043c \u0430\u0432\u0442\u043e\u043c\u0430\u0442\u0435 Lavish Joker\" \/>\n<meta property=\"og:url\" content=\"https:\/\/auto-joker123.com\/it\/how-to-play-lavish-joker\/\" \/>\n<meta property=\"og:site_name\" content=\"Lavish Joker\" \/>\n<meta property=\"article:modified_time\" content=\"2024-03-22T18:37:51+00:00\" \/>\n<meta name=\"twitter:card\" content=\"summary_large_image\" \/>\n<meta name=\"twitter:label1\" content=\"Tempo di lettura stimato\" \/>\n\t<meta name=\"twitter:data1\" content=\"13 minuti\" \/>\n<script type=\"application\/ld+json\" class=\"yoast-schema-graph\">{\"@context\":\"https:\/\/schema.org\",\"@graph\":[{\"@type\":\"WebPage\",\"@id\":\"https:\/\/auto-joker123.com\/how-to-play-lavish-joker\/\",\"url\":\"https:\/\/auto-joker123.com\/how-to-play-lavish-joker\/\",\"name\":\"\u041a\u0430\u043a \u0438\u0433\u0440\u0430\u0442\u044c \u0432 \u0438\u0433\u0440\u043e\u0432\u043e\u0439 \u0430\u0432\u0442\u043e\u043c\u0430\u0442 Lavish Joker\",\"isPartOf\":{\"@id\":\"https:\/\/auto-joker123.com\/#website\"},\"datePublished\":\"2024-01-04T17:16:18+00:00\",\"dateModified\":\"2024-03-22T18:37:51+00:00\",\"description\":\"\u0418\u0433\u0440\u0430\u0442\u044c \u0432 \u0441\u043b\u043e\u0442 Lavish Joker. \u0421\u0442\u0440\u0430\u0442\u0435\u0433\u0438\u0438 \u0438 \u0442\u0430\u043a\u0442\u0438\u043a\u0438. \u0412\u043d\u0435\u0441\u0435\u043d\u0438\u0435 \u0434\u0435\u043f\u043e\u0437\u0438\u0442\u0430 \u0438 \u0432\u044b\u0432\u043e\u0434 \u0432\u044b\u0438\u0433\u0440\u044b\u0448\u0430 \u0432 \u0438\u0433\u0440\u043e\u0432\u043e\u043c \u0430\u0432\u0442\u043e\u043c\u0430\u0442\u0435 Lavish Joker\",\"breadcrumb\":{\"@id\":\"https:\/\/auto-joker123.com\/how-to-play-lavish-joker\/#breadcrumb\"},\"inLanguage\":\"it-IT\",\"potentialAction\":[{\"@type\":\"ReadAction\",\"target\":[\"https:\/\/auto-joker123.com\/how-to-play-lavish-joker\/\"]}]},{\"@type\":\"BreadcrumbList\",\"@id\":\"https:\/\/auto-joker123.com\/how-to-play-lavish-joker\/#breadcrumb\",\"itemListElement\":[{\"@type\":\"ListItem\",\"position\":1,\"name\":\"Home\",\"item\":\"https:\/\/auto-joker123.com\/\"},{\"@type\":\"ListItem\",\"position\":2,\"name\":\"\u041a\u0430\u043a \u0438\u0433\u0440\u0430\u0442\u044c \u0432 \u0430\u0432\u0442\u043e\u043c\u0430\u0442 Lavish Joker\"}]},{\"@type\":\"WebSite\",\"@id\":\"https:\/\/auto-joker123.com\/#website\",\"url\":\"https:\/\/auto-joker123.com\/\",\"name\":\"Lavish Joker\",\"description\":\"\",\"potentialAction\":[{\"@type\":\"SearchAction\",\"target\":{\"@type\":\"EntryPoint\",\"urlTemplate\":\"https:\/\/auto-joker123.com\/?s={search_term_string}\"},\"query-input\":{\"@type\":\"PropertyValueSpecification\",\"valueRequired\":true,\"valueName\":\"search_term_string\"}}],\"inLanguage\":\"it-IT\"}]}<\/script>\n<!-- \/ Yoast SEO plugin. -->","yoast_head_json":{"title":"\u041a\u0430\u043a \u0438\u0433\u0440\u0430\u0442\u044c \u0432 \u0438\u0433\u0440\u043e\u0432\u043e\u0439 \u0430\u0432\u0442\u043e\u043c\u0430\u0442 Lavish Joker","description":"Giocare alla slot machine Lavish Joker. Strategie e tattiche. Deposito e prelievo delle vincite nella slot machine Lavish Joker.","robots":{"index":"index","follow":"follow","max-snippet":"max-snippet:-1","max-image-preview":"max-image-preview:large","max-video-preview":"max-video-preview:-1"},"canonical":"https:\/\/auto-joker123.com\/it\/how-to-play-lavish-joker\/","og_locale":"it_IT","og_type":"article","og_title":"\u041a\u0430\u043a \u0438\u0433\u0440\u0430\u0442\u044c \u0432 \u0438\u0433\u0440\u043e\u0432\u043e\u0439 \u0430\u0432\u0442\u043e\u043c\u0430\u0442 Lavish Joker","og_description":"\u0418\u0433\u0440\u0430\u0442\u044c \u0432 \u0441\u043b\u043e\u0442 Lavish Joker. \u0421\u0442\u0440\u0430\u0442\u0435\u0433\u0438\u0438 \u0438 \u0442\u0430\u043a\u0442\u0438\u043a\u0438. \u0412\u043d\u0435\u0441\u0435\u043d\u0438\u0435 \u0434\u0435\u043f\u043e\u0437\u0438\u0442\u0430 \u0438 \u0432\u044b\u0432\u043e\u0434 \u0432\u044b\u0438\u0433\u0440\u044b\u0448\u0430 \u0432 \u0438\u0433\u0440\u043e\u0432\u043e\u043c \u0430\u0432\u0442\u043e\u043c\u0430\u0442\u0435 Lavish Joker","og_url":"https:\/\/auto-joker123.com\/it\/how-to-play-lavish-joker\/","og_site_name":"Lavish Joker","article_modified_time":"2024-03-22T18:37:51+00:00","twitter_card":"summary_large_image","twitter_misc":{"Tempo di lettura stimato":"13 minuti"},"schema":{"@context":"https:\/\/schema.org","@graph":[{"@type":"WebPage","@id":"https:\/\/auto-joker123.com\/how-to-play-lavish-joker\/","url":"https:\/\/auto-joker123.com\/how-to-play-lavish-joker\/","name":"\u041a\u0430\u043a \u0438\u0433\u0440\u0430\u0442\u044c \u0432 \u0438\u0433\u0440\u043e\u0432\u043e\u0439 \u0430\u0432\u0442\u043e\u043c\u0430\u0442 Lavish Joker","isPartOf":{"@id":"https:\/\/auto-joker123.com\/#website"},"datePublished":"2024-01-04T17:16:18+00:00","dateModified":"2024-03-22T18:37:51+00:00","description":"\u0418\u0433\u0440\u0430\u0442\u044c \u0432 \u0441\u043b\u043e\u0442 Lavish Joker. \u0421\u0442\u0440\u0430\u0442\u0435\u0433\u0438\u0438 \u0438 \u0442\u0430\u043a\u0442\u0438\u043a\u0438. \u0412\u043d\u0435\u0441\u0435\u043d\u0438\u0435 \u0434\u0435\u043f\u043e\u0437\u0438\u0442\u0430 \u0438 \u0432\u044b\u0432\u043e\u0434 \u0432\u044b\u0438\u0433\u0440\u044b\u0448\u0430 \u0432 \u0438\u0433\u0440\u043e\u0432\u043e\u043c \u0430\u0432\u0442\u043e\u043c\u0430\u0442\u0435 Lavish Joker","breadcrumb":{"@id":"https:\/\/auto-joker123.com\/how-to-play-lavish-joker\/#breadcrumb"},"inLanguage":"it-IT","potentialAction":[{"@type":"ReadAction","target":["https:\/\/auto-joker123.com\/how-to-play-lavish-joker\/"]}]},{"@type":"BreadcrumbList","@id":"https:\/\/auto-joker123.com\/how-to-play-lavish-joker\/#breadcrumb","itemListElement":[{"@type":"ListItem","position":1,"name":"Home","item":"https:\/\/auto-joker123.com\/"},{"@type":"ListItem","position":2,"name":"\u041a\u0430\u043a \u0438\u0433\u0440\u0430\u0442\u044c \u0432 \u0430\u0432\u0442\u043e\u043c\u0430\u0442 Lavish Joker"}]},{"@type":"WebSite","@id":"https:\/\/auto-joker123.com\/#website","url":"https:\/\/auto-joker123.com\/","name":"Lavish Joker","description":"","potentialAction":[{"@type":"SearchAction","target":{"@type":"EntryPoint","urlTemplate":"https:\/\/auto-joker123.com\/?s={search_term_string}"},"query-input":{"@type":"PropertyValueSpecification","valueRequired":true,"valueName":"search_term_string"}}],"inLanguage":"it-IT"}]}},"_links":{"self":[{"href":"https:\/\/auto-joker123.com\/it\/wp-json\/wp\/v2\/pages\/12","targetHints":{"allow":["GET"]}}],"collection":[{"href":"https:\/\/auto-joker123.com\/it\/wp-json\/wp\/v2\/pages"}],"about":[{"href":"https:\/\/auto-joker123.com\/it\/wp-json\/wp\/v2\/types\/page"}],"author":[{"embeddable":true,"href":"https:\/\/auto-joker123.com\/it\/wp-json\/wp\/v2\/users\/1"}],"replies":[{"embeddable":true,"href":"https:\/\/auto-joker123.com\/it\/wp-json\/wp\/v2\/comments?post=12"}],"version-history":[{"count":22,"href":"https:\/\/auto-joker123.com\/it\/wp-json\/wp\/v2\/pages\/12\/revisions"}],"predecessor-version":[{"id":153,"href":"https:\/\/auto-joker123.com\/it\/wp-json\/wp\/v2\/pages\/12\/revisions\/153"}],"wp:attachment":[{"href":"https:\/\/auto-joker123.com\/it\/wp-json\/wp\/v2\/media?parent=12"}],"curies":[{"name":"wp","href":"https:\/\/api.w.org\/{rel}","templated":true}]}}