{"id":14,"date":"2024-01-04T17:16:46","date_gmt":"2024-01-04T17:16:46","guid":{"rendered":"https:\/\/auto-joker123.com\/?page_id=14"},"modified":"2024-03-22T18:35:35","modified_gmt":"2024-03-22T18:35:35","slug":"where-to-play-lavish-joker","status":"publish","type":"page","link":"https:\/\/auto-joker123.com\/it\/where-to-play-lavish-joker\/","title":{"rendered":"Dove Giocare alla Slot Machine Lavish Joker"},"content":{"rendered":"<p>Il software dello sviluppatore bielorusso \u00e8 installato in molti casin\u00f2 virtuali. Quando si sceglie un casin\u00f2, vale la pena prestare attenzione a casin\u00f2 con licenza rispettabili e una buona valutazione e reputazione. Per scegliere un casin\u00f2 online, \u00e8 possibile utilizzare le recensioni degli esperti nell&#8217;industria del gioco d&#8217;azzardo e leggere le recensioni dei veri giocatori. Per iniziare a giocare alla slot Lavish Joker con soldi veri, \u00e8 necessario seguire alcuni semplici passaggi:<\/p>\n<ul>\n<li>Scegliere un casin\u00f2 e andare sul sito ufficiale.<\/li>\n<li>Cliccare sul pulsante &#8220;Registrazione&#8221; e compilare il modulo.<\/li>\n<li>Fornire informazioni personali e creare una password.<\/li>\n<li>Accedere al proprio account personale e verificare l&#8217;account.<\/li>\n<li>Trovare la sezione &#8220;Cassa&#8221; per depositare fondi.<\/li>\n<li>Facoltativamente, attivare i bonus di benvenuto.<\/li>\n<li>Scegliere la slot Lavish Joker dal catalogo e iniziare a giocare.<\/li>\n<\/ul>\n<p>\u00c8 possibile verificare il pagamento della slot machine in modalit\u00e0 demo in anticipo. Questo aiuter\u00e0 a determinare la dimensione della puntata, impostare un bankroll e stabilire la durata della sessione di gioco. Alcuni giocatori utilizzano strategie di scommessa per ottenere pi\u00f9 pagamenti sulle slot machine e perdere meno dei propri fondi. Nella versione demo, \u00e8 comodo testare diverse strategie per valutare l&#8217;efficacia dei metodi di scommessa su una macchina specifica.<\/p>\n<p>Il modello di gioco Lavish Joker \u00e8 richiesto tra gli utenti del gioco d&#8217;azzardo. La slot non ha giri gratuiti a cui i giocatori sono abituati, ma presenta una redditizia Ruota della Fortuna. Girando il tamburo con premi in denaro nel livello del gioco bonus, ogni giocatore ha la possibilit\u00e0 di vincere grosso.<\/p>\n","protected":false},"excerpt":{"rendered":"<p>Il software dello sviluppatore bielorusso \u00e8 installato in molti casin\u00f2 virtuali. Quando si sceglie un casin\u00f2, vale la pena prestare attenzione a casin\u00f2 con licenza rispettabili e una buona valutazione e reputazione. Per scegliere un casin\u00f2 online, \u00e8 possibile utilizzare le recensioni degli esperti nell&#8217;industria del gioco d&#8217;azzardo e leggere le recensioni dei veri giocatori&#8230;.<\/p>\n","protected":false},"author":1,"featured_media":0,"parent":0,"menu_order":0,"comment_status":"closed","ping_status":"closed","template":"","meta":{"footnotes":""},"class_list":["post-14","page","type-page","status-publish","hentry"],"yoast_head":"<!-- This site is optimized with the Yoast SEO plugin v27.2 - https:\/\/yoast.com\/product\/yoast-seo-wordpress\/ -->\n<title>\u0413\u0434\u0435 \u0438\u0433\u0440\u0430\u0442\u044c \u0432 \u0441\u043b\u043e\u0442 Lavish Joker<\/title>\n<meta name=\"description\" content=\"Scegli un casin\u00f2 online per giocare alla slot Lavish Joker. Dove giocare e vincere alla slot Lavish Joker. Seleziona il miglior casin\u00f2 online.\" \/>\n<meta name=\"robots\" content=\"index, follow, max-snippet:-1, max-image-preview:large, max-video-preview:-1\" \/>\n<link rel=\"canonical\" href=\"https:\/\/auto-joker123.com\/it\/where-to-play-lavish-joker\/\" \/>\n<meta property=\"og:locale\" content=\"it_IT\" \/>\n<meta property=\"og:locale:alternate\" content=\"ru_RU\" \/>\n<meta property=\"og:locale:alternate\" content=\"en_US\" \/>\n<meta property=\"og:locale:alternate\" content=\"pt_PT\" \/>\n<meta property=\"og:locale:alternate\" content=\"es_ES\" \/>\n<meta property=\"og:locale:alternate\" content=\"ro_RO\" \/>\n<meta property=\"og:locale:alternate\" content=\"bg_BG\" \/>\n<meta property=\"og:locale:alternate\" content=\"sr_RS\" \/>\n<meta property=\"og:locale:alternate\" content=\"pl_PL\" \/>\n<meta property=\"og:locale:alternate\" content=\"fr_FR\" \/>\n<meta property=\"og:type\" content=\"article\" \/>\n<meta property=\"og:title\" content=\"\u0413\u0434\u0435 \u0438\u0433\u0440\u0430\u0442\u044c \u0432 \u0441\u043b\u043e\u0442 Lavish Joker\" \/>\n<meta property=\"og:description\" content=\"\u0412\u044b\u0431\u0440\u0430\u0442\u044c \u043e\u043d\u043b\u0430\u0439\u043d \u043a\u0430\u0437\u0438\u043d\u043e \u0434\u043b\u044f \u0438\u0433\u0440\u044b \u0432 \u0441\u043b\u043e\u0442 Lavish Joker. \u0413\u0434\u0435 \u0438\u0433\u0440\u0430\u0442\u044c \u0438 \u043f\u043e\u0431\u0435\u0436\u0434\u0430\u0442\u044c \u0432 \u0441\u043b\u043e\u0442 Lavish Joker. \u0412\u044b\u0431\u0440\u0430\u0442\u044c \u043b\u0443\u0447\u0448\u0435\u0435 \u043e\u043d\u043b\u0430\u0439\u043d \u043a\u0430\u0437\u0438\u043d\u043e\" \/>\n<meta property=\"og:url\" content=\"https:\/\/auto-joker123.com\/it\/where-to-play-lavish-joker\/\" \/>\n<meta property=\"og:site_name\" content=\"Lavish Joker\" \/>\n<meta property=\"article:modified_time\" content=\"2024-03-22T18:35:35+00:00\" \/>\n<meta name=\"twitter:card\" content=\"summary_large_image\" \/>\n<meta name=\"twitter:label1\" content=\"Tempo di lettura stimato\" \/>\n\t<meta name=\"twitter:data1\" content=\"10 minuti\" \/>\n<script type=\"application\/ld+json\" class=\"yoast-schema-graph\">{\"@context\":\"https:\/\/schema.org\",\"@graph\":[{\"@type\":\"WebPage\",\"@id\":\"https:\/\/auto-joker123.com\/where-to-play-lavish-joker\/\",\"url\":\"https:\/\/auto-joker123.com\/where-to-play-lavish-joker\/\",\"name\":\"\u0413\u0434\u0435 \u0438\u0433\u0440\u0430\u0442\u044c \u0432 \u0441\u043b\u043e\u0442 Lavish Joker\",\"isPartOf\":{\"@id\":\"https:\/\/auto-joker123.com\/#website\"},\"datePublished\":\"2024-01-04T17:16:46+00:00\",\"dateModified\":\"2024-03-22T18:35:35+00:00\",\"description\":\"\u0412\u044b\u0431\u0440\u0430\u0442\u044c \u043e\u043d\u043b\u0430\u0439\u043d \u043a\u0430\u0437\u0438\u043d\u043e \u0434\u043b\u044f \u0438\u0433\u0440\u044b \u0432 \u0441\u043b\u043e\u0442 Lavish Joker. \u0413\u0434\u0435 \u0438\u0433\u0440\u0430\u0442\u044c \u0438 \u043f\u043e\u0431\u0435\u0436\u0434\u0430\u0442\u044c \u0432 \u0441\u043b\u043e\u0442 Lavish Joker. \u0412\u044b\u0431\u0440\u0430\u0442\u044c \u043b\u0443\u0447\u0448\u0435\u0435 \u043e\u043d\u043b\u0430\u0439\u043d \u043a\u0430\u0437\u0438\u043d\u043e\",\"breadcrumb\":{\"@id\":\"https:\/\/auto-joker123.com\/where-to-play-lavish-joker\/#breadcrumb\"},\"inLanguage\":\"it-IT\",\"potentialAction\":[{\"@type\":\"ReadAction\",\"target\":[\"https:\/\/auto-joker123.com\/where-to-play-lavish-joker\/\"]}]},{\"@type\":\"BreadcrumbList\",\"@id\":\"https:\/\/auto-joker123.com\/where-to-play-lavish-joker\/#breadcrumb\",\"itemListElement\":[{\"@type\":\"ListItem\",\"position\":1,\"name\":\"Home\",\"item\":\"https:\/\/auto-joker123.com\/\"},{\"@type\":\"ListItem\",\"position\":2,\"name\":\"\u0413\u0434\u0435 \u0438\u0433\u0440\u0430\u0442\u044c \u0432 \u0441\u043b\u043e\u0442 Lavish Joker\"}]},{\"@type\":\"WebSite\",\"@id\":\"https:\/\/auto-joker123.com\/#website\",\"url\":\"https:\/\/auto-joker123.com\/\",\"name\":\"Lavish Joker\",\"description\":\"\",\"potentialAction\":[{\"@type\":\"SearchAction\",\"target\":{\"@type\":\"EntryPoint\",\"urlTemplate\":\"https:\/\/auto-joker123.com\/?s={search_term_string}\"},\"query-input\":{\"@type\":\"PropertyValueSpecification\",\"valueRequired\":true,\"valueName\":\"search_term_string\"}}],\"inLanguage\":\"it-IT\"}]}<\/script>\n<!-- \/ Yoast SEO plugin. -->","yoast_head_json":{"title":"\u0413\u0434\u0435 \u0438\u0433\u0440\u0430\u0442\u044c \u0432 \u0441\u043b\u043e\u0442 Lavish Joker","description":"Scegli un casin\u00f2 online per giocare alla slot Lavish Joker. Dove giocare e vincere alla slot Lavish Joker. Seleziona il miglior casin\u00f2 online.","robots":{"index":"index","follow":"follow","max-snippet":"max-snippet:-1","max-image-preview":"max-image-preview:large","max-video-preview":"max-video-preview:-1"},"canonical":"https:\/\/auto-joker123.com\/it\/where-to-play-lavish-joker\/","og_locale":"it_IT","og_type":"article","og_title":"\u0413\u0434\u0435 \u0438\u0433\u0440\u0430\u0442\u044c \u0432 \u0441\u043b\u043e\u0442 Lavish Joker","og_description":"\u0412\u044b\u0431\u0440\u0430\u0442\u044c \u043e\u043d\u043b\u0430\u0439\u043d \u043a\u0430\u0437\u0438\u043d\u043e \u0434\u043b\u044f \u0438\u0433\u0440\u044b \u0432 \u0441\u043b\u043e\u0442 Lavish Joker. \u0413\u0434\u0435 \u0438\u0433\u0440\u0430\u0442\u044c \u0438 \u043f\u043e\u0431\u0435\u0436\u0434\u0430\u0442\u044c \u0432 \u0441\u043b\u043e\u0442 Lavish Joker. \u0412\u044b\u0431\u0440\u0430\u0442\u044c \u043b\u0443\u0447\u0448\u0435\u0435 \u043e\u043d\u043b\u0430\u0439\u043d \u043a\u0430\u0437\u0438\u043d\u043e","og_url":"https:\/\/auto-joker123.com\/it\/where-to-play-lavish-joker\/","og_site_name":"Lavish Joker","article_modified_time":"2024-03-22T18:35:35+00:00","twitter_card":"summary_large_image","twitter_misc":{"Tempo di lettura stimato":"10 minuti"},"schema":{"@context":"https:\/\/schema.org","@graph":[{"@type":"WebPage","@id":"https:\/\/auto-joker123.com\/where-to-play-lavish-joker\/","url":"https:\/\/auto-joker123.com\/where-to-play-lavish-joker\/","name":"\u0413\u0434\u0435 \u0438\u0433\u0440\u0430\u0442\u044c \u0432 \u0441\u043b\u043e\u0442 Lavish Joker","isPartOf":{"@id":"https:\/\/auto-joker123.com\/#website"},"datePublished":"2024-01-04T17:16:46+00:00","dateModified":"2024-03-22T18:35:35+00:00","description":"\u0412\u044b\u0431\u0440\u0430\u0442\u044c \u043e\u043d\u043b\u0430\u0439\u043d \u043a\u0430\u0437\u0438\u043d\u043e \u0434\u043b\u044f \u0438\u0433\u0440\u044b \u0432 \u0441\u043b\u043e\u0442 Lavish Joker. \u0413\u0434\u0435 \u0438\u0433\u0440\u0430\u0442\u044c \u0438 \u043f\u043e\u0431\u0435\u0436\u0434\u0430\u0442\u044c \u0432 \u0441\u043b\u043e\u0442 Lavish Joker. \u0412\u044b\u0431\u0440\u0430\u0442\u044c \u043b\u0443\u0447\u0448\u0435\u0435 \u043e\u043d\u043b\u0430\u0439\u043d \u043a\u0430\u0437\u0438\u043d\u043e","breadcrumb":{"@id":"https:\/\/auto-joker123.com\/where-to-play-lavish-joker\/#breadcrumb"},"inLanguage":"it-IT","potentialAction":[{"@type":"ReadAction","target":["https:\/\/auto-joker123.com\/where-to-play-lavish-joker\/"]}]},{"@type":"BreadcrumbList","@id":"https:\/\/auto-joker123.com\/where-to-play-lavish-joker\/#breadcrumb","itemListElement":[{"@type":"ListItem","position":1,"name":"Home","item":"https:\/\/auto-joker123.com\/"},{"@type":"ListItem","position":2,"name":"\u0413\u0434\u0435 \u0438\u0433\u0440\u0430\u0442\u044c \u0432 \u0441\u043b\u043e\u0442 Lavish Joker"}]},{"@type":"WebSite","@id":"https:\/\/auto-joker123.com\/#website","url":"https:\/\/auto-joker123.com\/","name":"Lavish Joker","description":"","potentialAction":[{"@type":"SearchAction","target":{"@type":"EntryPoint","urlTemplate":"https:\/\/auto-joker123.com\/?s={search_term_string}"},"query-input":{"@type":"PropertyValueSpecification","valueRequired":true,"valueName":"search_term_string"}}],"inLanguage":"it-IT"}]}},"_links":{"self":[{"href":"https:\/\/auto-joker123.com\/it\/wp-json\/wp\/v2\/pages\/14","targetHints":{"allow":["GET"]}}],"collection":[{"href":"https:\/\/auto-joker123.com\/it\/wp-json\/wp\/v2\/pages"}],"about":[{"href":"https:\/\/auto-joker123.com\/it\/wp-json\/wp\/v2\/types\/page"}],"author":[{"embeddable":true,"href":"https:\/\/auto-joker123.com\/it\/wp-json\/wp\/v2\/users\/1"}],"replies":[{"embeddable":true,"href":"https:\/\/auto-joker123.com\/it\/wp-json\/wp\/v2\/comments?post=14"}],"version-history":[{"count":23,"href":"https:\/\/auto-joker123.com\/it\/wp-json\/wp\/v2\/pages\/14\/revisions"}],"predecessor-version":[{"id":151,"href":"https:\/\/auto-joker123.com\/it\/wp-json\/wp\/v2\/pages\/14\/revisions\/151"}],"wp:attachment":[{"href":"https:\/\/auto-joker123.com\/it\/wp-json\/wp\/v2\/media?parent=14"}],"curies":[{"name":"wp","href":"https:\/\/api.w.org\/{rel}","templated":true}]}}