{"id":6,"date":"2024-01-04T17:10:48","date_gmt":"2024-01-04T17:10:48","guid":{"rendered":"https:\/\/auto-joker123.com\/?page_id=6"},"modified":"2024-03-22T18:39:06","modified_gmt":"2024-03-22T18:39:06","slug":"lavish-joker","status":"publish","type":"page","link":"https:\/\/auto-joker123.com\/it\/","title":{"rendered":"Slot Machine Classica Lavish Joker"},"content":{"rendered":"<p>Il video slot vintage Lavish Joker \u00e8 un modello popolare dello studio ben noto Belatra Games. La slot machine \u00e8 stata rilasciata dallo sviluppatore nel 2020 ed \u00e8 diventata uno dei passatempi preferiti dai giocatori d&#8217;azzardo nei casin\u00f2 online. Lavish Joker pu\u00f2 essere giocato gratuitamente in modalit\u00e0 demo o con soldi veri. La slot offre buone prospettive di vincita e i giocatori ricevono spesso ricompense. Le vincite vengono calcolate in entrambe le direzioni dei rulli, offrendo ai giocatori pi\u00f9 opportunit\u00e0 di vincita.<\/p>\n<h2><strong>Caratteristiche e Caratteristiche del Slot Lavish Joker<\/strong><\/h2>\n<p>Un significativo vantaggio della slot machine Lavish Joker \u00e8 la presenza di due jackpot progressivi. I premi vengono assegnati casualmente dopo l&#8217;attivazione della Ruota della Fortuna, che determina casualmente la dimensione del premio. Caratteristiche e caratteristiche della slot machine includono:<\/p>\n<ul>\n<li>Un tasso di ritorno teorico relativamente basso del 94,62%;<\/li>\n<li>Livello di volatilit\u00e0 medio della macchina;<\/li>\n<li>Presenza di icone costose e di alto valore;<\/li>\n<li>Design accattivante con elementi visivi brillanti;<\/li>\n<li>Supporto per lo slot su tutti i tipi di dispositivi;<\/li>\n<li>Dimensione minima della scommessa di 0,1 euro (dollari, sterline);<\/li>\n<li>Dimensione massima della scommessa di 20 euro (dollari, sterline);<\/li>\n<li>La vincita massima dello slot \u00e8 x1000 la scommessa;<\/li>\n<li>5 rulli in 3 file e 10 linee di pagamento;<\/li>\n<li>Simbolo wild e un gioco bonus tematico con la Ruota della Fortuna.<\/li>\n<\/ul>\n<p>La slot machine Lavish Joker \u00e8 adatta ai giocatori che desiderano concentrarsi su un processo di scommessa semplice e diretto senza molte funzionalit\u00e0 bonus. La slot non include giri gratuiti, scatter o altre opzioni uniche. Tuttavia, la slot attira l&#8217;attenzione dei giocatori di casin\u00f2 con le sue regole semplici e un buon ritorno sulle scommesse.<\/p>\n<h2><strong>Bonus nello Slot Lavish Joker<\/strong><\/h2>\n<p>Il developer bielorusso Belatra Games ha implementato lo slot Lavish Joker con regole semplici e un gameplay semplificato. Per aumentare le possibilit\u00e0 di vincita dei giocatori, il video slot include le seguenti funzionalit\u00e0 bonus:<\/p>\n<ul>\n<li>Le combinazioni vincenti dei simboli si formano in entrambe le direzioni \u2013 da sinistra a destra e da destra a sinistra, promuovendo vincite pi\u00f9 frequenti;<\/li>\n<li>Il simbolo wild pu\u00f2 sostituire qualsiasi icona sullo schermo, aiutando a creare catene vincenti e pu\u00f2 espandersi in dimensioni, occupando 3&#215;3 celle sui rulli;<\/li>\n<li>Lo slot presenta un gioco di rischio equo, che pu\u00f2 essere attivato dopo ogni spin vincente, dove i giocatori devono indovinare il valore o il seme di una carta chiusa;<\/li>\n<li>La Ruota della Fortuna viene attivata man mano che la barra di progresso si riempie di punti gioco, con premi aggiuntivi nascosti e il jackpot dello slot nei settori della Ruota della Fortuna.<\/li>\n<\/ul>\n<p>Il personaggio principale dello slot Lavish Joker \u00e8 il Joker, e sui rulli compaiono simboli legati ai temi del gioco d&#8217;azzardo \u2013 carte da gioco, chip da poker e rulli di slot machine. L&#8217;interfaccia semplice e la navigazione intuitiva consentono anche ai principianti di giocare e ricevere vincite sul video slot senza problemi. I principali vantaggi dello slot includono la presenza di un gioco bonus con la Ruota della Fortuna e una fase di rischio per raddoppiare le vincite.<\/p>\n","protected":false},"excerpt":{"rendered":"<p>Il video slot vintage Lavish Joker \u00e8 un modello popolare dello studio ben noto Belatra Games. La slot machine \u00e8 stata rilasciata dallo sviluppatore nel 2020 ed \u00e8 diventata uno dei passatempi preferiti dai giocatori d&#8217;azzardo nei casin\u00f2 online. Lavish Joker pu\u00f2 essere giocato gratuitamente in modalit\u00e0 demo o con soldi veri. La slot offre&#8230;<\/p>\n","protected":false},"author":1,"featured_media":0,"parent":0,"menu_order":0,"comment_status":"closed","ping_status":"closed","template":"","meta":{"footnotes":""},"class_list":["post-6","page","type-page","status-publish","hentry"],"yoast_head":"<!-- This site is optimized with the Yoast SEO plugin v27.2 - https:\/\/yoast.com\/product\/yoast-seo-wordpress\/ -->\n<title>\u0418\u0433\u0440\u0430\u0442\u044c \u0432 \u0438\u0433\u0440\u043e\u0432\u043e\u0439 \u0430\u0432\u0442\u043e\u043c\u0430\u0442 Lavish Joker \u0432 \u043e\u043d\u043b\u0430\u0439\u043d \u043a\u0430\u0437\u0438\u043d\u043e<\/title>\n<meta name=\"description\" content=\"Gioca e vinci soldi veri nella slot machine Lavish Joker. Strategie e tattiche, scarica per Android e iPhone, recensioni di veri giocatori.\" \/>\n<meta name=\"robots\" content=\"index, follow, max-snippet:-1, max-image-preview:large, max-video-preview:-1\" \/>\n<link rel=\"canonical\" href=\"https:\/\/auto-joker123.com\/it\/\" \/>\n<meta property=\"og:locale\" content=\"it_IT\" \/>\n<meta property=\"og:locale:alternate\" content=\"ru_RU\" \/>\n<meta property=\"og:locale:alternate\" content=\"en_US\" \/>\n<meta property=\"og:locale:alternate\" content=\"pt_PT\" \/>\n<meta property=\"og:locale:alternate\" content=\"es_ES\" \/>\n<meta property=\"og:locale:alternate\" content=\"ro_RO\" \/>\n<meta property=\"og:locale:alternate\" content=\"bg_BG\" \/>\n<meta property=\"og:locale:alternate\" content=\"sr_RS\" \/>\n<meta property=\"og:locale:alternate\" content=\"pl_PL\" \/>\n<meta property=\"og:locale:alternate\" content=\"fr_FR\" \/>\n<meta property=\"og:type\" content=\"article\" \/>\n<meta property=\"og:title\" content=\"\u0418\u0433\u0440\u0430\u0442\u044c \u0432 \u0438\u0433\u0440\u043e\u0432\u043e\u0439 \u0430\u0432\u0442\u043e\u043c\u0430\u0442 Lavish Joker \u0432 \u043e\u043d\u043b\u0430\u0439\u043d \u043a\u0430\u0437\u0438\u043d\u043e\" \/>\n<meta property=\"og:description\" content=\"\u0418\u0433\u0440\u0430\u0442\u044c \u0438 \u0432\u044b\u0438\u0433\u0440\u044b\u0432\u0430\u0442\u044c \u0432 \u0441\u043b\u043e\u0442\u0435 Lavish Joker \u0440\u0435\u0430\u043b\u044c\u043d\u044b\u0435 \u0434\u0435\u043d\u044c\u0433\u0438. \u0421\u0442\u0440\u0430\u0442\u0435\u0433\u0438\u0438 \u0438 \u0442\u0430\u043a\u0442\u0438\u043a\u0438, \u0441\u043a\u0430\u0447\u0430\u0442\u044c \u0410\u043d\u0434\u0440\u043e\u0438\u0434 \u0438 \u0430\u0439\u0444\u043e\u043d, \u043e\u0442\u0437\u044b\u0432\u044b \u0440\u0435\u0430\u043b\u044c\u043d\u044b\u0445 \u0438\u0433\u0440\u043e\u043a\u043e\u0432\" \/>\n<meta property=\"og:url\" content=\"https:\/\/auto-joker123.com\/it\/\" \/>\n<meta property=\"og:site_name\" content=\"Lavish Joker\" \/>\n<meta property=\"article:modified_time\" content=\"2024-03-22T18:39:06+00:00\" \/>\n<meta name=\"twitter:card\" content=\"summary_large_image\" \/>\n<meta name=\"twitter:label1\" content=\"Tempo di lettura stimato\" \/>\n\t<meta name=\"twitter:data1\" content=\"19 minuti\" \/>\n<script type=\"application\/ld+json\" class=\"yoast-schema-graph\">{\"@context\":\"https:\/\/schema.org\",\"@graph\":[{\"@type\":\"WebPage\",\"@id\":\"https:\/\/auto-joker123.com\/\",\"url\":\"https:\/\/auto-joker123.com\/\",\"name\":\"\u0418\u0433\u0440\u0430\u0442\u044c \u0432 \u0438\u0433\u0440\u043e\u0432\u043e\u0439 \u0430\u0432\u0442\u043e\u043c\u0430\u0442 Lavish Joker \u0432 \u043e\u043d\u043b\u0430\u0439\u043d \u043a\u0430\u0437\u0438\u043d\u043e\",\"isPartOf\":{\"@id\":\"https:\/\/auto-joker123.com\/#website\"},\"datePublished\":\"2024-01-04T17:10:48+00:00\",\"dateModified\":\"2024-03-22T18:39:06+00:00\",\"description\":\"\u0418\u0433\u0440\u0430\u0442\u044c \u0438 \u0432\u044b\u0438\u0433\u0440\u044b\u0432\u0430\u0442\u044c \u0432 \u0441\u043b\u043e\u0442\u0435 Lavish Joker \u0440\u0435\u0430\u043b\u044c\u043d\u044b\u0435 \u0434\u0435\u043d\u044c\u0433\u0438. \u0421\u0442\u0440\u0430\u0442\u0435\u0433\u0438\u0438 \u0438 \u0442\u0430\u043a\u0442\u0438\u043a\u0438, \u0441\u043a\u0430\u0447\u0430\u0442\u044c \u0410\u043d\u0434\u0440\u043e\u0438\u0434 \u0438 \u0430\u0439\u0444\u043e\u043d, \u043e\u0442\u0437\u044b\u0432\u044b \u0440\u0435\u0430\u043b\u044c\u043d\u044b\u0445 \u0438\u0433\u0440\u043e\u043a\u043e\u0432\",\"breadcrumb\":{\"@id\":\"https:\/\/auto-joker123.com\/#breadcrumb\"},\"inLanguage\":\"it-IT\",\"potentialAction\":[{\"@type\":\"ReadAction\",\"target\":[\"https:\/\/auto-joker123.com\/\"]}]},{\"@type\":\"BreadcrumbList\",\"@id\":\"https:\/\/auto-joker123.com\/#breadcrumb\",\"itemListElement\":[{\"@type\":\"ListItem\",\"position\":1,\"name\":\"Home\",\"item\":\"https:\/\/auto-joker123.com\/\"},{\"@type\":\"ListItem\",\"position\":2,\"name\":\"\u041a\u043b\u0430\u0441\u0441\u0438\u0447\u0435\u0441\u043a\u0438\u0439 \u0438\u0433\u0440\u043e\u0432\u043e\u0439 \u0430\u0432\u0442\u043e\u043c\u0430\u0442 Lavish Joker\"}]},{\"@type\":\"WebSite\",\"@id\":\"https:\/\/auto-joker123.com\/#website\",\"url\":\"https:\/\/auto-joker123.com\/\",\"name\":\"Lavish Joker\",\"description\":\"\",\"potentialAction\":[{\"@type\":\"SearchAction\",\"target\":{\"@type\":\"EntryPoint\",\"urlTemplate\":\"https:\/\/auto-joker123.com\/?s={search_term_string}\"},\"query-input\":{\"@type\":\"PropertyValueSpecification\",\"valueRequired\":true,\"valueName\":\"search_term_string\"}}],\"inLanguage\":\"it-IT\"}]}<\/script>\n<!-- \/ Yoast SEO plugin. -->","yoast_head_json":{"title":"\u0418\u0433\u0440\u0430\u0442\u044c \u0432 \u0438\u0433\u0440\u043e\u0432\u043e\u0439 \u0430\u0432\u0442\u043e\u043c\u0430\u0442 Lavish Joker \u0432 \u043e\u043d\u043b\u0430\u0439\u043d \u043a\u0430\u0437\u0438\u043d\u043e","description":"Gioca e vinci soldi veri nella slot machine Lavish Joker. Strategie e tattiche, scarica per Android e iPhone, recensioni di veri giocatori.","robots":{"index":"index","follow":"follow","max-snippet":"max-snippet:-1","max-image-preview":"max-image-preview:large","max-video-preview":"max-video-preview:-1"},"canonical":"https:\/\/auto-joker123.com\/it\/","og_locale":"it_IT","og_type":"article","og_title":"\u0418\u0433\u0440\u0430\u0442\u044c \u0432 \u0438\u0433\u0440\u043e\u0432\u043e\u0439 \u0430\u0432\u0442\u043e\u043c\u0430\u0442 Lavish Joker \u0432 \u043e\u043d\u043b\u0430\u0439\u043d \u043a\u0430\u0437\u0438\u043d\u043e","og_description":"\u0418\u0433\u0440\u0430\u0442\u044c \u0438 \u0432\u044b\u0438\u0433\u0440\u044b\u0432\u0430\u0442\u044c \u0432 \u0441\u043b\u043e\u0442\u0435 Lavish Joker \u0440\u0435\u0430\u043b\u044c\u043d\u044b\u0435 \u0434\u0435\u043d\u044c\u0433\u0438. \u0421\u0442\u0440\u0430\u0442\u0435\u0433\u0438\u0438 \u0438 \u0442\u0430\u043a\u0442\u0438\u043a\u0438, \u0441\u043a\u0430\u0447\u0430\u0442\u044c \u0410\u043d\u0434\u0440\u043e\u0438\u0434 \u0438 \u0430\u0439\u0444\u043e\u043d, \u043e\u0442\u0437\u044b\u0432\u044b \u0440\u0435\u0430\u043b\u044c\u043d\u044b\u0445 \u0438\u0433\u0440\u043e\u043a\u043e\u0432","og_url":"https:\/\/auto-joker123.com\/it\/","og_site_name":"Lavish Joker","article_modified_time":"2024-03-22T18:39:06+00:00","twitter_card":"summary_large_image","twitter_misc":{"Tempo di lettura stimato":"19 minuti"},"schema":{"@context":"https:\/\/schema.org","@graph":[{"@type":"WebPage","@id":"https:\/\/auto-joker123.com\/","url":"https:\/\/auto-joker123.com\/","name":"\u0418\u0433\u0440\u0430\u0442\u044c \u0432 \u0438\u0433\u0440\u043e\u0432\u043e\u0439 \u0430\u0432\u0442\u043e\u043c\u0430\u0442 Lavish Joker \u0432 \u043e\u043d\u043b\u0430\u0439\u043d \u043a\u0430\u0437\u0438\u043d\u043e","isPartOf":{"@id":"https:\/\/auto-joker123.com\/#website"},"datePublished":"2024-01-04T17:10:48+00:00","dateModified":"2024-03-22T18:39:06+00:00","description":"\u0418\u0433\u0440\u0430\u0442\u044c \u0438 \u0432\u044b\u0438\u0433\u0440\u044b\u0432\u0430\u0442\u044c \u0432 \u0441\u043b\u043e\u0442\u0435 Lavish Joker \u0440\u0435\u0430\u043b\u044c\u043d\u044b\u0435 \u0434\u0435\u043d\u044c\u0433\u0438. \u0421\u0442\u0440\u0430\u0442\u0435\u0433\u0438\u0438 \u0438 \u0442\u0430\u043a\u0442\u0438\u043a\u0438, \u0441\u043a\u0430\u0447\u0430\u0442\u044c \u0410\u043d\u0434\u0440\u043e\u0438\u0434 \u0438 \u0430\u0439\u0444\u043e\u043d, \u043e\u0442\u0437\u044b\u0432\u044b \u0440\u0435\u0430\u043b\u044c\u043d\u044b\u0445 \u0438\u0433\u0440\u043e\u043a\u043e\u0432","breadcrumb":{"@id":"https:\/\/auto-joker123.com\/#breadcrumb"},"inLanguage":"it-IT","potentialAction":[{"@type":"ReadAction","target":["https:\/\/auto-joker123.com\/"]}]},{"@type":"BreadcrumbList","@id":"https:\/\/auto-joker123.com\/#breadcrumb","itemListElement":[{"@type":"ListItem","position":1,"name":"Home","item":"https:\/\/auto-joker123.com\/"},{"@type":"ListItem","position":2,"name":"\u041a\u043b\u0430\u0441\u0441\u0438\u0447\u0435\u0441\u043a\u0438\u0439 \u0438\u0433\u0440\u043e\u0432\u043e\u0439 \u0430\u0432\u0442\u043e\u043c\u0430\u0442 Lavish Joker"}]},{"@type":"WebSite","@id":"https:\/\/auto-joker123.com\/#website","url":"https:\/\/auto-joker123.com\/","name":"Lavish Joker","description":"","potentialAction":[{"@type":"SearchAction","target":{"@type":"EntryPoint","urlTemplate":"https:\/\/auto-joker123.com\/?s={search_term_string}"},"query-input":{"@type":"PropertyValueSpecification","valueRequired":true,"valueName":"search_term_string"}}],"inLanguage":"it-IT"}]}},"_links":{"self":[{"href":"https:\/\/auto-joker123.com\/it\/wp-json\/wp\/v2\/pages\/6","targetHints":{"allow":["GET"]}}],"collection":[{"href":"https:\/\/auto-joker123.com\/it\/wp-json\/wp\/v2\/pages"}],"about":[{"href":"https:\/\/auto-joker123.com\/it\/wp-json\/wp\/v2\/types\/page"}],"author":[{"embeddable":true,"href":"https:\/\/auto-joker123.com\/it\/wp-json\/wp\/v2\/users\/1"}],"replies":[{"embeddable":true,"href":"https:\/\/auto-joker123.com\/it\/wp-json\/wp\/v2\/comments?post=6"}],"version-history":[{"count":20,"href":"https:\/\/auto-joker123.com\/it\/wp-json\/wp\/v2\/pages\/6\/revisions"}],"predecessor-version":[{"id":154,"href":"https:\/\/auto-joker123.com\/it\/wp-json\/wp\/v2\/pages\/6\/revisions\/154"}],"wp:attachment":[{"href":"https:\/\/auto-joker123.com\/it\/wp-json\/wp\/v2\/media?parent=6"}],"curies":[{"name":"wp","href":"https:\/\/api.w.org\/{rel}","templated":true}]}}