{"id":10,"date":"2024-01-04T17:15:47","date_gmt":"2024-01-04T17:15:47","guid":{"rendered":"https:\/\/auto-joker123.com\/?page_id=10"},"modified":"2024-03-22T18:32:37","modified_gmt":"2024-03-22T18:32:37","slug":"lavish-joker-bonus-options","status":"publish","type":"page","link":"https:\/\/auto-joker123.com\/pl\/lavish-joker-bonus-options\/","title":{"rendered":"Opcje bonusowe w automacie do gry Lavish Joker"},"content":{"rendered":"<p>Bia\u0142oruski deweloper Belatra Games przywi\u0105za\u0142 szczeg\u00f3ln\u0105 uwag\u0119 do interesuj\u0105cych funkcji bonusowych podczas tworzenia klasycznego automatu wideo. Pomimo braku darmowych spin\u00f3w i scatter\u00f3w, gra mo\u017ce hojnie nagrodzi\u0107 gracza dzi\u0119ki dobrym mo\u017cliwo\u015bciom bonusowym:<\/p>\n<ul>\n<li>Gra ryzyka &#8211; poziom podwajania wygranej, kt\u00f3ry mo\u017cna aktywowa\u0107 po ka\u017cdym zwyci\u0119skim spinie. Gracz musi poprawnie zgadn\u0105\u0107 kolor lub warto\u015b\u0107 zakrytej karty na ekranie, pokona\u0107 krupiera i otrzyma\u0107 podw\u00f3jne nagrody.<\/li>\n<li>Ko\u0142o Fortuny &#8211; poziom bonusowy w nowej lokalizacji, aktywowany w miar\u0119 wype\u0142niania paska post\u0119pu punktami gry. Sekcje ko\u0142a zawieraj\u0105 nagrody pieni\u0119\u017cne, mno\u017cniki zak\u0142ad\u00f3w i du\u017cy jackpot, kt\u00f3ry trafia do najszcz\u0119\u015bliwszego gracza.<\/li>\n<li>Symbol dziki ma funkcje bonusowe. Dziki mo\u017ce zast\u0105pi\u0107 inne ikony, przyczyniaj\u0105c si\u0119 do tworzenia zwyci\u0119skich kombinacji. Dodatkowo symbol dziki mo\u017ce rozszerzy\u0107 si\u0119 na mega-symbol o rozmiarze 3&#215;3 kom\u00f3rek.<\/li>\n<\/ul>\n<p>Automat Lavish Joker nadaje si\u0119 zar\u00f3wno dla pocz\u0105tkuj\u0105cych, jak i do\u015bwiadczonych graczy. Dzi\u0119ki prostym zasadom i rozgrywce, nowi odwiedzaj\u0105cy kasyno mog\u0105 \u0142atwo zrozumie\u0107 mechanik\u0119 i funkcje automatu wideo. Dla zawodowych graczy ten model stanowi doskona\u0142\u0105 okazj\u0119 do zdobycia du\u017cej wygranej w rundzie bonusowej na kole fortuny.<\/p>\n","protected":false},"excerpt":{"rendered":"<p>Bia\u0142oruski deweloper Belatra Games przywi\u0105za\u0142 szczeg\u00f3ln\u0105 uwag\u0119 do interesuj\u0105cych funkcji bonusowych podczas tworzenia klasycznego automatu wideo. Pomimo braku darmowych spin\u00f3w i scatter\u00f3w, gra mo\u017ce hojnie nagrodzi\u0107 gracza dzi\u0119ki dobrym mo\u017cliwo\u015bciom bonusowym: Gra ryzyka &#8211; poziom podwajania wygranej, kt\u00f3ry mo\u017cna aktywowa\u0107 po ka\u017cdym zwyci\u0119skim spinie. Gracz musi poprawnie zgadn\u0105\u0107 kolor lub warto\u015b\u0107 zakrytej karty na ekranie,&#8230;<\/p>\n","protected":false},"author":1,"featured_media":0,"parent":0,"menu_order":0,"comment_status":"closed","ping_status":"closed","template":"","meta":{"footnotes":""},"class_list":["post-10","page","type-page","status-publish","hentry"],"yoast_head":"<!-- This site is optimized with the Yoast SEO plugin v27.2 - https:\/\/yoast.com\/product\/yoast-seo-wordpress\/ -->\n<title>Opcje bonusowe w automacie do gry Lavish Joker<\/title>\n<meta name=\"robots\" content=\"index, follow, max-snippet:-1, max-image-preview:large, max-video-preview:-1\" \/>\n<link rel=\"canonical\" href=\"https:\/\/auto-joker123.com\/pl\/lavish-joker-bonus-options\/\" \/>\n<meta property=\"og:locale\" content=\"pl_PL\" \/>\n<meta property=\"og:locale:alternate\" content=\"ru_RU\" \/>\n<meta property=\"og:locale:alternate\" content=\"en_US\" \/>\n<meta property=\"og:locale:alternate\" content=\"pt_PT\" \/>\n<meta property=\"og:locale:alternate\" content=\"es_ES\" \/>\n<meta property=\"og:locale:alternate\" content=\"ro_RO\" \/>\n<meta property=\"og:locale:alternate\" content=\"bg_BG\" \/>\n<meta property=\"og:locale:alternate\" content=\"sr_RS\" \/>\n<meta property=\"og:locale:alternate\" content=\"it_IT\" \/>\n<meta property=\"og:locale:alternate\" content=\"fr_FR\" \/>\n<meta property=\"og:type\" content=\"article\" \/>\n<meta property=\"og:title\" content=\"Opcje bonusowe w automacie do gry Lavish Joker\" \/>\n<meta property=\"og:description\" content=\"Bia\u0142oruski deweloper Belatra Games przywi\u0105za\u0142 szczeg\u00f3ln\u0105 uwag\u0119 do interesuj\u0105cych funkcji bonusowych podczas tworzenia klasycznego automatu wideo. Pomimo braku darmowych spin\u00f3w i scatter\u00f3w, gra mo\u017ce hojnie nagrodzi\u0107 gracza dzi\u0119ki dobrym mo\u017cliwo\u015bciom bonusowym: Gra ryzyka &#8211; poziom podwajania wygranej, kt\u00f3ry mo\u017cna aktywowa\u0107 po ka\u017cdym zwyci\u0119skim spinie. Gracz musi poprawnie zgadn\u0105\u0107 kolor lub warto\u015b\u0107 zakrytej karty na ekranie,...\" \/>\n<meta property=\"og:url\" content=\"https:\/\/auto-joker123.com\/pl\/lavish-joker-bonus-options\/\" \/>\n<meta property=\"og:site_name\" content=\"Lavish Joker\" \/>\n<meta property=\"article:modified_time\" content=\"2024-03-22T18:32:37+00:00\" \/>\n<meta name=\"twitter:card\" content=\"summary_large_image\" \/>\n<meta name=\"twitter:label1\" content=\"Szacowany czas czytania\" \/>\n\t<meta name=\"twitter:data1\" content=\"8 minut\" \/>\n<script type=\"application\/ld+json\" class=\"yoast-schema-graph\">{\"@context\":\"https:\/\/schema.org\",\"@graph\":[{\"@type\":\"WebPage\",\"@id\":\"https:\/\/auto-joker123.com\/sr\/lavish-joker-bonus-options\/\",\"url\":\"https:\/\/auto-joker123.com\/sr\/lavish-joker-bonus-options\/\",\"name\":\"Opcje bonusowe w automacie do gry Lavish Joker\",\"isPartOf\":{\"@id\":\"https:\/\/auto-joker123.com\/#website\"},\"datePublished\":\"2024-01-04T17:15:47+00:00\",\"dateModified\":\"2024-03-22T18:32:37+00:00\",\"breadcrumb\":{\"@id\":\"https:\/\/auto-joker123.com\/sr\/lavish-joker-bonus-options\/#breadcrumb\"},\"inLanguage\":\"pl-PL\",\"potentialAction\":[{\"@type\":\"ReadAction\",\"target\":[\"https:\/\/auto-joker123.com\/sr\/lavish-joker-bonus-options\/\"]}]},{\"@type\":\"BreadcrumbList\",\"@id\":\"https:\/\/auto-joker123.com\/sr\/lavish-joker-bonus-options\/#breadcrumb\",\"itemListElement\":[{\"@type\":\"ListItem\",\"position\":1,\"name\":\"Home\",\"item\":\"https:\/\/auto-joker123.com\/\"},{\"@type\":\"ListItem\",\"position\":2,\"name\":\"\u0411\u043e\u043d\u0443\u0441\u043d\u0435 \u043e\u043f\u0446\u0438\u0458\u0435 \u0438\u0433\u0440\u0435 \u043d\u0430 \u0441\u043b\u043e\u0442 \u043c\u0430\u0448\u0438\u043d\u0438 Lavish Joker\"}]},{\"@type\":\"WebSite\",\"@id\":\"https:\/\/auto-joker123.com\/#website\",\"url\":\"https:\/\/auto-joker123.com\/\",\"name\":\"Lavish Joker\",\"description\":\"\",\"potentialAction\":[{\"@type\":\"SearchAction\",\"target\":{\"@type\":\"EntryPoint\",\"urlTemplate\":\"https:\/\/auto-joker123.com\/?s={search_term_string}\"},\"query-input\":{\"@type\":\"PropertyValueSpecification\",\"valueRequired\":true,\"valueName\":\"search_term_string\"}}],\"inLanguage\":\"pl-PL\"}]}<\/script>\n<!-- \/ Yoast SEO plugin. -->","yoast_head_json":{"title":"Opcje bonusowe w automacie do gry Lavish Joker","robots":{"index":"index","follow":"follow","max-snippet":"max-snippet:-1","max-image-preview":"max-image-preview:large","max-video-preview":"max-video-preview:-1"},"canonical":"https:\/\/auto-joker123.com\/pl\/lavish-joker-bonus-options\/","og_locale":"pl_PL","og_type":"article","og_title":"[:ru]\u0411\u043e\u043d\u0443\u0441\u043d\u044b\u0435 \u043e\u043f\u0446\u0438\u0438 \u0438\u0433\u0440\u043e\u0432\u043e\u0433\u043e \u0430\u0432\u0442\u043e\u043c\u0430\u0442\u0430 Lavish Joker[:en]Bonus Options of the Lavish Joker Slot Machine[:pt]Op\u00e7\u00f5es de B\u00f4nus da M\u00e1quina de Ca\u00e7a-n\u00edqueis Lavish Joker[:es]Opciones de Bonificaci\u00f3n de la M\u00e1quina Tragamonedas Lavish Joker[:ro]Op\u021biunile de Bonus ale Slotului Lavish Joker[:bg]\u0411\u043e\u043d\u0443\u0441\u043d\u0438 \u043e\u043f\u0446\u0438\u0438 \u043d\u0430 \u0438\u0433\u0440\u043e\u0432\u0438\u044f \u0430\u0432\u0442\u043e\u043c\u0430\u0442 Lavish Joker[:sr]\u0411\u043e\u043d\u0443\u0441\u043d\u0435 \u043e\u043f\u0446\u0438\u0458\u0435 \u0438\u0433\u0440\u0435 \u043d\u0430 \u0441\u043b\u043e\u0442 \u043c\u0430\u0448\u0438\u043d\u0438 Lavish Joker[:pl]Opcje bonusowe w automacie do gry Lavish Joker[:it]Opzioni Bonus della Slot Machine Lavish Joker[:fr]Options Bonus de la Machine \u00e0 Sous Lavish Joker[:] - Lavish Joker","og_description":"Bia\u0142oruski deweloper Belatra Games przywi\u0105za\u0142 szczeg\u00f3ln\u0105 uwag\u0119 do interesuj\u0105cych funkcji bonusowych podczas tworzenia klasycznego automatu wideo. Pomimo braku darmowych spin\u00f3w i scatter\u00f3w, gra mo\u017ce hojnie nagrodzi\u0107 gracza dzi\u0119ki dobrym mo\u017cliwo\u015bciom bonusowym: Gra ryzyka &#8211; poziom podwajania wygranej, kt\u00f3ry mo\u017cna aktywowa\u0107 po ka\u017cdym zwyci\u0119skim spinie. Gracz musi poprawnie zgadn\u0105\u0107 kolor lub warto\u015b\u0107 zakrytej karty na ekranie,...","og_url":"https:\/\/auto-joker123.com\/pl\/lavish-joker-bonus-options\/","og_site_name":"Lavish Joker","article_modified_time":"2024-03-22T18:32:37+00:00","twitter_card":"summary_large_image","twitter_misc":{"Szacowany czas czytania":"8 minut"},"schema":{"@context":"https:\/\/schema.org","@graph":[{"@type":"WebPage","@id":"https:\/\/auto-joker123.com\/sr\/lavish-joker-bonus-options\/","url":"https:\/\/auto-joker123.com\/sr\/lavish-joker-bonus-options\/","name":"Opcje bonusowe w automacie do gry Lavish Joker","isPartOf":{"@id":"https:\/\/auto-joker123.com\/#website"},"datePublished":"2024-01-04T17:15:47+00:00","dateModified":"2024-03-22T18:32:37+00:00","breadcrumb":{"@id":"https:\/\/auto-joker123.com\/sr\/lavish-joker-bonus-options\/#breadcrumb"},"inLanguage":"pl-PL","potentialAction":[{"@type":"ReadAction","target":["https:\/\/auto-joker123.com\/sr\/lavish-joker-bonus-options\/"]}]},{"@type":"BreadcrumbList","@id":"https:\/\/auto-joker123.com\/sr\/lavish-joker-bonus-options\/#breadcrumb","itemListElement":[{"@type":"ListItem","position":1,"name":"Home","item":"https:\/\/auto-joker123.com\/"},{"@type":"ListItem","position":2,"name":"\u0411\u043e\u043d\u0443\u0441\u043d\u0435 \u043e\u043f\u0446\u0438\u0458\u0435 \u0438\u0433\u0440\u0435 \u043d\u0430 \u0441\u043b\u043e\u0442 \u043c\u0430\u0448\u0438\u043d\u0438 Lavish Joker"}]},{"@type":"WebSite","@id":"https:\/\/auto-joker123.com\/#website","url":"https:\/\/auto-joker123.com\/","name":"Lavish Joker","description":"","potentialAction":[{"@type":"SearchAction","target":{"@type":"EntryPoint","urlTemplate":"https:\/\/auto-joker123.com\/?s={search_term_string}"},"query-input":{"@type":"PropertyValueSpecification","valueRequired":true,"valueName":"search_term_string"}}],"inLanguage":"pl-PL"}]}},"_links":{"self":[{"href":"https:\/\/auto-joker123.com\/pl\/wp-json\/wp\/v2\/pages\/10","targetHints":{"allow":["GET"]}}],"collection":[{"href":"https:\/\/auto-joker123.com\/pl\/wp-json\/wp\/v2\/pages"}],"about":[{"href":"https:\/\/auto-joker123.com\/pl\/wp-json\/wp\/v2\/types\/page"}],"author":[{"embeddable":true,"href":"https:\/\/auto-joker123.com\/pl\/wp-json\/wp\/v2\/users\/1"}],"replies":[{"embeddable":true,"href":"https:\/\/auto-joker123.com\/pl\/wp-json\/wp\/v2\/comments?post=10"}],"version-history":[{"count":21,"href":"https:\/\/auto-joker123.com\/pl\/wp-json\/wp\/v2\/pages\/10\/revisions"}],"predecessor-version":[{"id":150,"href":"https:\/\/auto-joker123.com\/pl\/wp-json\/wp\/v2\/pages\/10\/revisions\/150"}],"wp:attachment":[{"href":"https:\/\/auto-joker123.com\/pl\/wp-json\/wp\/v2\/media?parent=10"}],"curies":[{"name":"wp","href":"https:\/\/api.w.org\/{rel}","templated":true}]}}