{"id":12,"date":"2024-01-04T17:16:18","date_gmt":"2024-01-04T17:16:18","guid":{"rendered":"https:\/\/auto-joker123.com\/?page_id=12"},"modified":"2024-03-22T18:37:51","modified_gmt":"2024-03-22T18:37:51","slug":"how-to-play-lavish-joker","status":"publish","type":"page","link":"https:\/\/auto-joker123.com\/pl\/how-to-play-lavish-joker\/","title":{"rendered":"Jak gra\u0107 na automacie Lavish Joker"},"content":{"rendered":"<p>Aby postawi\u0107 zak\u0142ady na automacie Lavish Joker na prawdziw\u0105 walut\u0119, nale\u017cy wybra\u0107 kasyno, zarejestrowa\u0107 si\u0119 i dokona\u0107 depozytu. Zaleca si\u0119 wybieranie renomowanych kasyn z licencj\u0105, wysokiej jako\u015bci oprogramowaniem i dobr\u0105 reputacj\u0105. Aby rozpocz\u0105\u0107 gr\u0119 na automacie Lavish Joker na prawdziwe pieni\u0105dze, nale\u017cy:<\/p>\n<ul>\n<li>Sprawdzi\u0107 rankingi wirtualnych kasyn.<\/li>\n<li>Wybra\u0107 kasyno oferuj\u0105ce gry od Belatra Games.<\/li>\n<li>Przej\u015b\u0107 na oficjaln\u0105 stron\u0119 internetow\u0105 firmy.<\/li>\n<li>Znale\u017a\u0107 i klikn\u0105\u0107 przycisk &#8222;Rejestracja&#8221;.<\/li>\n<li>Wype\u0142ni\u0107 formularz z dok\u0142adnymi danymi.<\/li>\n<li>Wpisa\u0107 numer telefonu kom\u00f3rkowego i adres e-mail.<\/li>\n<li>Utworzy\u0107 bezpieczne has\u0142o do konta.<\/li>\n<li>Wybra\u0107 odpowiedni\u0105 walut\u0119 konta do gry.<\/li>\n<li>Poda\u0107 kraj zamieszkania, p\u0142e\u0107 i wiek gracza.<\/li>\n<li>Zapozna\u0107 si\u0119 z zasadami i warunkami kasyna.<\/li>\n<li>Zako\u0144czy\u0107 rejestracj\u0119 i zweryfikowa\u0107 konto.<\/li>\n<\/ul>\n<p>Po utworzeniu konta i dostarczeniu niezb\u0119dnej dokumentacji gracz musi dokona\u0107 depozytu. Aby to zrobi\u0107, nale\u017cy przej\u015b\u0107 do konta osobistego i wybra\u0107 sekcj\u0119 &#8222;Kasa&#8221;. W formularzu poda\u0107 kwot\u0119 depozytu i wybra\u0107 metod\u0119 p\u0142atno\u015bci. Po potwierdzeniu transakcji pieni\u0105dze zostan\u0105 natychmiastowo przelane na konto gracza. Wszystko, co pozostaje, to znalezienie automatu Lavish Joker w katalogu kasyna i rozpocz\u0119cie gry. Wygrane powinny by\u0107 wyp\u0142acane na te same dane, z kt\u00f3rych gracz dokona\u0142 depozytu.<\/p>\n<p>Prawie wszystkie kasyna online oferuj\u0105 nowym graczom prezenty powitalne, takie jak pieni\u0105dze lub darmowe spiny. Te zach\u0119ty mo\u017cna wykorzysta\u0107 do zak\u0142ad\u00f3w na automatach. Bonusy s\u0105 aktywowane wed\u0142ug uznania gracza. Zaleca si\u0119 wcze\u015bniejsze zapoznanie si\u0119 z warunkami obrotu i wsp\u00f3\u0142czynnikiem obrotu. Dary nale\u017cy obr\u00f3ci\u0107 na automatach wskazanych przez kasyno w ramach konkretnej promocji. Wa\u017cne jest przestrzeganie limit\u00f3w zak\u0142ad\u00f3w i zd\u0105\u017cenie z obr\u00f3ceniem pieni\u0119dzy lub darmowych spin\u00f3w na automatach w wyznaczonym czasie. Model automatu Lavish Joker doskonale nadaje si\u0119 do obracania bonusami kasynowymi i otwiera doskona\u0142e perspektywy wygranych dla graczy.<\/p>\n","protected":false},"excerpt":{"rendered":"<p>Aby postawi\u0107 zak\u0142ady na automacie Lavish Joker na prawdziw\u0105 walut\u0119, nale\u017cy wybra\u0107 kasyno, zarejestrowa\u0107 si\u0119 i dokona\u0107 depozytu. Zaleca si\u0119 wybieranie renomowanych kasyn z licencj\u0105, wysokiej jako\u015bci oprogramowaniem i dobr\u0105 reputacj\u0105. Aby rozpocz\u0105\u0107 gr\u0119 na automacie Lavish Joker na prawdziwe pieni\u0105dze, nale\u017cy: Sprawdzi\u0107 rankingi wirtualnych kasyn. Wybra\u0107 kasyno oferuj\u0105ce gry od Belatra Games. Przej\u015b\u0107 na&#8230;<\/p>\n","protected":false},"author":1,"featured_media":0,"parent":0,"menu_order":0,"comment_status":"closed","ping_status":"closed","template":"","meta":{"footnotes":""},"class_list":["post-12","page","type-page","status-publish","hentry"],"yoast_head":"<!-- This site is optimized with the Yoast SEO plugin v27.2 - https:\/\/yoast.com\/product\/yoast-seo-wordpress\/ -->\n<title>\u041a\u0430\u043a \u0438\u0433\u0440\u0430\u0442\u044c \u0432 \u0438\u0433\u0440\u043e\u0432\u043e\u0439 \u0430\u0432\u0442\u043e\u043c\u0430\u0442 Lavish Joker<\/title>\n<meta name=\"description\" content=\"Gra na automacie do gier Lavish Joker. Strategie i taktyki. Wp\u0142acanie i wyp\u0142acanie wygranych na automacie do gier Lavish Joker.\" \/>\n<meta name=\"robots\" content=\"index, follow, max-snippet:-1, max-image-preview:large, max-video-preview:-1\" \/>\n<link rel=\"canonical\" href=\"https:\/\/auto-joker123.com\/pl\/how-to-play-lavish-joker\/\" \/>\n<meta property=\"og:locale\" content=\"pl_PL\" \/>\n<meta property=\"og:locale:alternate\" content=\"ru_RU\" \/>\n<meta property=\"og:locale:alternate\" content=\"en_US\" \/>\n<meta property=\"og:locale:alternate\" content=\"pt_PT\" \/>\n<meta property=\"og:locale:alternate\" content=\"es_ES\" \/>\n<meta property=\"og:locale:alternate\" content=\"ro_RO\" \/>\n<meta property=\"og:locale:alternate\" content=\"bg_BG\" \/>\n<meta property=\"og:locale:alternate\" content=\"sr_RS\" \/>\n<meta property=\"og:locale:alternate\" content=\"it_IT\" \/>\n<meta property=\"og:locale:alternate\" content=\"fr_FR\" \/>\n<meta property=\"og:type\" content=\"article\" \/>\n<meta property=\"og:title\" content=\"\u041a\u0430\u043a \u0438\u0433\u0440\u0430\u0442\u044c \u0432 \u0438\u0433\u0440\u043e\u0432\u043e\u0439 \u0430\u0432\u0442\u043e\u043c\u0430\u0442 Lavish Joker\" \/>\n<meta property=\"og:description\" content=\"\u0418\u0433\u0440\u0430\u0442\u044c \u0432 \u0441\u043b\u043e\u0442 Lavish Joker. \u0421\u0442\u0440\u0430\u0442\u0435\u0433\u0438\u0438 \u0438 \u0442\u0430\u043a\u0442\u0438\u043a\u0438. \u0412\u043d\u0435\u0441\u0435\u043d\u0438\u0435 \u0434\u0435\u043f\u043e\u0437\u0438\u0442\u0430 \u0438 \u0432\u044b\u0432\u043e\u0434 \u0432\u044b\u0438\u0433\u0440\u044b\u0448\u0430 \u0432 \u0438\u0433\u0440\u043e\u0432\u043e\u043c \u0430\u0432\u0442\u043e\u043c\u0430\u0442\u0435 Lavish Joker\" \/>\n<meta property=\"og:url\" content=\"https:\/\/auto-joker123.com\/pl\/how-to-play-lavish-joker\/\" \/>\n<meta property=\"og:site_name\" content=\"Lavish Joker\" \/>\n<meta property=\"article:modified_time\" content=\"2024-03-22T18:37:51+00:00\" \/>\n<meta name=\"twitter:card\" content=\"summary_large_image\" \/>\n<meta name=\"twitter:label1\" content=\"Szacowany czas czytania\" \/>\n\t<meta name=\"twitter:data1\" content=\"13 minut\" \/>\n<script type=\"application\/ld+json\" class=\"yoast-schema-graph\">{\"@context\":\"https:\/\/schema.org\",\"@graph\":[{\"@type\":\"WebPage\",\"@id\":\"https:\/\/auto-joker123.com\/how-to-play-lavish-joker\/\",\"url\":\"https:\/\/auto-joker123.com\/how-to-play-lavish-joker\/\",\"name\":\"\u041a\u0430\u043a \u0438\u0433\u0440\u0430\u0442\u044c \u0432 \u0438\u0433\u0440\u043e\u0432\u043e\u0439 \u0430\u0432\u0442\u043e\u043c\u0430\u0442 Lavish Joker\",\"isPartOf\":{\"@id\":\"https:\/\/auto-joker123.com\/#website\"},\"datePublished\":\"2024-01-04T17:16:18+00:00\",\"dateModified\":\"2024-03-22T18:37:51+00:00\",\"description\":\"\u0418\u0433\u0440\u0430\u0442\u044c \u0432 \u0441\u043b\u043e\u0442 Lavish Joker. \u0421\u0442\u0440\u0430\u0442\u0435\u0433\u0438\u0438 \u0438 \u0442\u0430\u043a\u0442\u0438\u043a\u0438. \u0412\u043d\u0435\u0441\u0435\u043d\u0438\u0435 \u0434\u0435\u043f\u043e\u0437\u0438\u0442\u0430 \u0438 \u0432\u044b\u0432\u043e\u0434 \u0432\u044b\u0438\u0433\u0440\u044b\u0448\u0430 \u0432 \u0438\u0433\u0440\u043e\u0432\u043e\u043c \u0430\u0432\u0442\u043e\u043c\u0430\u0442\u0435 Lavish Joker\",\"breadcrumb\":{\"@id\":\"https:\/\/auto-joker123.com\/how-to-play-lavish-joker\/#breadcrumb\"},\"inLanguage\":\"pl-PL\",\"potentialAction\":[{\"@type\":\"ReadAction\",\"target\":[\"https:\/\/auto-joker123.com\/how-to-play-lavish-joker\/\"]}]},{\"@type\":\"BreadcrumbList\",\"@id\":\"https:\/\/auto-joker123.com\/how-to-play-lavish-joker\/#breadcrumb\",\"itemListElement\":[{\"@type\":\"ListItem\",\"position\":1,\"name\":\"Home\",\"item\":\"https:\/\/auto-joker123.com\/\"},{\"@type\":\"ListItem\",\"position\":2,\"name\":\"\u041a\u0430\u043a \u0438\u0433\u0440\u0430\u0442\u044c \u0432 \u0430\u0432\u0442\u043e\u043c\u0430\u0442 Lavish Joker\"}]},{\"@type\":\"WebSite\",\"@id\":\"https:\/\/auto-joker123.com\/#website\",\"url\":\"https:\/\/auto-joker123.com\/\",\"name\":\"Lavish Joker\",\"description\":\"\",\"potentialAction\":[{\"@type\":\"SearchAction\",\"target\":{\"@type\":\"EntryPoint\",\"urlTemplate\":\"https:\/\/auto-joker123.com\/?s={search_term_string}\"},\"query-input\":{\"@type\":\"PropertyValueSpecification\",\"valueRequired\":true,\"valueName\":\"search_term_string\"}}],\"inLanguage\":\"pl-PL\"}]}<\/script>\n<!-- \/ Yoast SEO plugin. -->","yoast_head_json":{"title":"\u041a\u0430\u043a \u0438\u0433\u0440\u0430\u0442\u044c \u0432 \u0438\u0433\u0440\u043e\u0432\u043e\u0439 \u0430\u0432\u0442\u043e\u043c\u0430\u0442 Lavish Joker","description":"Gra na automacie do gier Lavish Joker. Strategie i taktyki. Wp\u0142acanie i wyp\u0142acanie wygranych na automacie do gier Lavish Joker.","robots":{"index":"index","follow":"follow","max-snippet":"max-snippet:-1","max-image-preview":"max-image-preview:large","max-video-preview":"max-video-preview:-1"},"canonical":"https:\/\/auto-joker123.com\/pl\/how-to-play-lavish-joker\/","og_locale":"pl_PL","og_type":"article","og_title":"\u041a\u0430\u043a \u0438\u0433\u0440\u0430\u0442\u044c \u0432 \u0438\u0433\u0440\u043e\u0432\u043e\u0439 \u0430\u0432\u0442\u043e\u043c\u0430\u0442 Lavish Joker","og_description":"\u0418\u0433\u0440\u0430\u0442\u044c \u0432 \u0441\u043b\u043e\u0442 Lavish Joker. \u0421\u0442\u0440\u0430\u0442\u0435\u0433\u0438\u0438 \u0438 \u0442\u0430\u043a\u0442\u0438\u043a\u0438. \u0412\u043d\u0435\u0441\u0435\u043d\u0438\u0435 \u0434\u0435\u043f\u043e\u0437\u0438\u0442\u0430 \u0438 \u0432\u044b\u0432\u043e\u0434 \u0432\u044b\u0438\u0433\u0440\u044b\u0448\u0430 \u0432 \u0438\u0433\u0440\u043e\u0432\u043e\u043c \u0430\u0432\u0442\u043e\u043c\u0430\u0442\u0435 Lavish Joker","og_url":"https:\/\/auto-joker123.com\/pl\/how-to-play-lavish-joker\/","og_site_name":"Lavish Joker","article_modified_time":"2024-03-22T18:37:51+00:00","twitter_card":"summary_large_image","twitter_misc":{"Szacowany czas czytania":"13 minut"},"schema":{"@context":"https:\/\/schema.org","@graph":[{"@type":"WebPage","@id":"https:\/\/auto-joker123.com\/how-to-play-lavish-joker\/","url":"https:\/\/auto-joker123.com\/how-to-play-lavish-joker\/","name":"\u041a\u0430\u043a \u0438\u0433\u0440\u0430\u0442\u044c \u0432 \u0438\u0433\u0440\u043e\u0432\u043e\u0439 \u0430\u0432\u0442\u043e\u043c\u0430\u0442 Lavish Joker","isPartOf":{"@id":"https:\/\/auto-joker123.com\/#website"},"datePublished":"2024-01-04T17:16:18+00:00","dateModified":"2024-03-22T18:37:51+00:00","description":"\u0418\u0433\u0440\u0430\u0442\u044c \u0432 \u0441\u043b\u043e\u0442 Lavish Joker. \u0421\u0442\u0440\u0430\u0442\u0435\u0433\u0438\u0438 \u0438 \u0442\u0430\u043a\u0442\u0438\u043a\u0438. \u0412\u043d\u0435\u0441\u0435\u043d\u0438\u0435 \u0434\u0435\u043f\u043e\u0437\u0438\u0442\u0430 \u0438 \u0432\u044b\u0432\u043e\u0434 \u0432\u044b\u0438\u0433\u0440\u044b\u0448\u0430 \u0432 \u0438\u0433\u0440\u043e\u0432\u043e\u043c \u0430\u0432\u0442\u043e\u043c\u0430\u0442\u0435 Lavish Joker","breadcrumb":{"@id":"https:\/\/auto-joker123.com\/how-to-play-lavish-joker\/#breadcrumb"},"inLanguage":"pl-PL","potentialAction":[{"@type":"ReadAction","target":["https:\/\/auto-joker123.com\/how-to-play-lavish-joker\/"]}]},{"@type":"BreadcrumbList","@id":"https:\/\/auto-joker123.com\/how-to-play-lavish-joker\/#breadcrumb","itemListElement":[{"@type":"ListItem","position":1,"name":"Home","item":"https:\/\/auto-joker123.com\/"},{"@type":"ListItem","position":2,"name":"\u041a\u0430\u043a \u0438\u0433\u0440\u0430\u0442\u044c \u0432 \u0430\u0432\u0442\u043e\u043c\u0430\u0442 Lavish Joker"}]},{"@type":"WebSite","@id":"https:\/\/auto-joker123.com\/#website","url":"https:\/\/auto-joker123.com\/","name":"Lavish Joker","description":"","potentialAction":[{"@type":"SearchAction","target":{"@type":"EntryPoint","urlTemplate":"https:\/\/auto-joker123.com\/?s={search_term_string}"},"query-input":{"@type":"PropertyValueSpecification","valueRequired":true,"valueName":"search_term_string"}}],"inLanguage":"pl-PL"}]}},"_links":{"self":[{"href":"https:\/\/auto-joker123.com\/pl\/wp-json\/wp\/v2\/pages\/12","targetHints":{"allow":["GET"]}}],"collection":[{"href":"https:\/\/auto-joker123.com\/pl\/wp-json\/wp\/v2\/pages"}],"about":[{"href":"https:\/\/auto-joker123.com\/pl\/wp-json\/wp\/v2\/types\/page"}],"author":[{"embeddable":true,"href":"https:\/\/auto-joker123.com\/pl\/wp-json\/wp\/v2\/users\/1"}],"replies":[{"embeddable":true,"href":"https:\/\/auto-joker123.com\/pl\/wp-json\/wp\/v2\/comments?post=12"}],"version-history":[{"count":22,"href":"https:\/\/auto-joker123.com\/pl\/wp-json\/wp\/v2\/pages\/12\/revisions"}],"predecessor-version":[{"id":153,"href":"https:\/\/auto-joker123.com\/pl\/wp-json\/wp\/v2\/pages\/12\/revisions\/153"}],"wp:attachment":[{"href":"https:\/\/auto-joker123.com\/pl\/wp-json\/wp\/v2\/media?parent=12"}],"curies":[{"name":"wp","href":"https:\/\/api.w.org\/{rel}","templated":true}]}}