{"id":14,"date":"2024-01-04T17:16:46","date_gmt":"2024-01-04T17:16:46","guid":{"rendered":"https:\/\/auto-joker123.com\/?page_id=14"},"modified":"2024-03-22T18:35:35","modified_gmt":"2024-03-22T18:35:35","slug":"where-to-play-lavish-joker","status":"publish","type":"page","link":"https:\/\/auto-joker123.com\/pl\/where-to-play-lavish-joker\/","title":{"rendered":"Gdzie gra\u0107 w automacie Lavish Joker"},"content":{"rendered":"<p>Oprogramowanie od bia\u0142oruskiego producenta jest zainstalowane w wielu wirtualnych kasynach. Przy wyborze kasyna warto zwr\u00f3ci\u0107 uwag\u0119 na renomowane licencjonowane kasyna z dobrym ratingiem i reputacj\u0105. Aby wybra\u0107 kasyno online, mo\u017cna skorzysta\u0107 z recenzji ekspert\u00f3w z bran\u017cy hazardowej i przeczyta\u0107 opinie prawdziwych graczy. Aby zacz\u0105\u0107 gra\u0107 na automacie Lavish Joker na prawdziwe pieni\u0105dze, nale\u017cy podj\u0105\u0107 kilka prostych krok\u00f3w:<\/p>\n<ul>\n<li>Wybierz kasyno i przejd\u017a na oficjaln\u0105 stron\u0119.<\/li>\n<li>Kliknij przycisk &#8222;Rejestracja&#8221; i wype\u0142nij formularz.<\/li>\n<li>Podaj swoje dane osobowe i utw\u00f3rz has\u0142o.<\/li>\n<li>Przejd\u017a do konta osobistego i zweryfikuj konto.<\/li>\n<li>Znajd\u017a sekcj\u0119 &#8222;Kasa&#8221; w celu wp\u0142acenia \u015brodk\u00f3w.<\/li>\n<li>Opcjonalnie aktywuj bonusy powitalne.<\/li>\n<li>Wybierz automat Lavish Joker z katalogu i rozpocznij gr\u0119.<\/li>\n<\/ul>\n<p>Mo\u017cesz wcze\u015bniej sprawdzi\u0107 wyp\u0142at\u0119 automatu w trybie demo. To pomo\u017ce okre\u015bli\u0107 wielko\u015b\u0107 zak\u0142adu na spin, ustawi\u0107 kapita\u0142 pocz\u0105tkowy i okre\u015bli\u0107 czas trwania sesji gry. Niekt\u00f3rzy hazardzi\u015bci korzystaj\u0105 z strategii zak\u0142ad\u00f3w, aby otrzyma\u0107 wi\u0119ksze wyp\u0142aty na automatach i mniej traci\u0107 w\u0142asnych \u015brodk\u00f3w. W wersji demonstracyjnej wygodnie jest testowa\u0107 r\u00f3\u017cne strategie, aby oceni\u0107 skuteczno\u015b\u0107 metod zak\u0142ad\u00f3w na konkretnej maszynie.<\/p>\n<p>Model gry Lavish Joker cieszy si\u0119 du\u017cym zainteresowaniem w\u015br\u00f3d u\u017cytkownik\u00f3w hazardowych. Automat nie posiada darmowych spin\u00f3w, do kt\u00f3rych gracze s\u0105 przyzwyczajeni, ale oferuje op\u0142acalne Ko\u0142o Fortuny. Kr\u0119c\u0105c b\u0119bnem z nagrodami pieni\u0119\u017cnymi na poziomie gry bonusowej, ka\u017cdy gracz ma szans\u0119 na du\u017cy wygrany.<\/p>\n","protected":false},"excerpt":{"rendered":"<p>Oprogramowanie od bia\u0142oruskiego producenta jest zainstalowane w wielu wirtualnych kasynach. Przy wyborze kasyna warto zwr\u00f3ci\u0107 uwag\u0119 na renomowane licencjonowane kasyna z dobrym ratingiem i reputacj\u0105. Aby wybra\u0107 kasyno online, mo\u017cna skorzysta\u0107 z recenzji ekspert\u00f3w z bran\u017cy hazardowej i przeczyta\u0107 opinie prawdziwych graczy. Aby zacz\u0105\u0107 gra\u0107 na automacie Lavish Joker na prawdziwe pieni\u0105dze, nale\u017cy podj\u0105\u0107 kilka&#8230;<\/p>\n","protected":false},"author":1,"featured_media":0,"parent":0,"menu_order":0,"comment_status":"closed","ping_status":"closed","template":"","meta":{"footnotes":""},"class_list":["post-14","page","type-page","status-publish","hentry"],"yoast_head":"<!-- This site is optimized with the Yoast SEO plugin v27.2 - https:\/\/yoast.com\/product\/yoast-seo-wordpress\/ -->\n<title>\u0413\u0434\u0435 \u0438\u0433\u0440\u0430\u0442\u044c \u0432 \u0441\u043b\u043e\u0442 Lavish Joker<\/title>\n<meta name=\"description\" content=\"Wybierz kasyno online, aby zagra\u0107 na automacie Lavish Joker. Gdzie gra\u0107 i wygra\u0107 na automacie Lavish Joker. Wybierz najlepsze kasyno online.\" \/>\n<meta name=\"robots\" content=\"index, follow, max-snippet:-1, max-image-preview:large, max-video-preview:-1\" \/>\n<link rel=\"canonical\" href=\"https:\/\/auto-joker123.com\/pl\/where-to-play-lavish-joker\/\" \/>\n<meta property=\"og:locale\" content=\"pl_PL\" \/>\n<meta property=\"og:locale:alternate\" content=\"ru_RU\" \/>\n<meta property=\"og:locale:alternate\" content=\"en_US\" \/>\n<meta property=\"og:locale:alternate\" content=\"pt_PT\" \/>\n<meta property=\"og:locale:alternate\" content=\"es_ES\" \/>\n<meta property=\"og:locale:alternate\" content=\"ro_RO\" \/>\n<meta property=\"og:locale:alternate\" content=\"bg_BG\" \/>\n<meta property=\"og:locale:alternate\" content=\"sr_RS\" \/>\n<meta property=\"og:locale:alternate\" content=\"it_IT\" \/>\n<meta property=\"og:locale:alternate\" content=\"fr_FR\" \/>\n<meta property=\"og:type\" content=\"article\" \/>\n<meta property=\"og:title\" content=\"\u0413\u0434\u0435 \u0438\u0433\u0440\u0430\u0442\u044c \u0432 \u0441\u043b\u043e\u0442 Lavish Joker\" \/>\n<meta property=\"og:description\" content=\"\u0412\u044b\u0431\u0440\u0430\u0442\u044c \u043e\u043d\u043b\u0430\u0439\u043d \u043a\u0430\u0437\u0438\u043d\u043e \u0434\u043b\u044f \u0438\u0433\u0440\u044b \u0432 \u0441\u043b\u043e\u0442 Lavish Joker. \u0413\u0434\u0435 \u0438\u0433\u0440\u0430\u0442\u044c \u0438 \u043f\u043e\u0431\u0435\u0436\u0434\u0430\u0442\u044c \u0432 \u0441\u043b\u043e\u0442 Lavish Joker. \u0412\u044b\u0431\u0440\u0430\u0442\u044c \u043b\u0443\u0447\u0448\u0435\u0435 \u043e\u043d\u043b\u0430\u0439\u043d \u043a\u0430\u0437\u0438\u043d\u043e\" \/>\n<meta property=\"og:url\" content=\"https:\/\/auto-joker123.com\/pl\/where-to-play-lavish-joker\/\" \/>\n<meta property=\"og:site_name\" content=\"Lavish Joker\" \/>\n<meta property=\"article:modified_time\" content=\"2024-03-22T18:35:35+00:00\" \/>\n<meta name=\"twitter:card\" content=\"summary_large_image\" \/>\n<meta name=\"twitter:label1\" content=\"Szacowany czas czytania\" \/>\n\t<meta name=\"twitter:data1\" content=\"10 minut\" \/>\n<script type=\"application\/ld+json\" class=\"yoast-schema-graph\">{\"@context\":\"https:\/\/schema.org\",\"@graph\":[{\"@type\":\"WebPage\",\"@id\":\"https:\/\/auto-joker123.com\/where-to-play-lavish-joker\/\",\"url\":\"https:\/\/auto-joker123.com\/where-to-play-lavish-joker\/\",\"name\":\"\u0413\u0434\u0435 \u0438\u0433\u0440\u0430\u0442\u044c \u0432 \u0441\u043b\u043e\u0442 Lavish Joker\",\"isPartOf\":{\"@id\":\"https:\/\/auto-joker123.com\/#website\"},\"datePublished\":\"2024-01-04T17:16:46+00:00\",\"dateModified\":\"2024-03-22T18:35:35+00:00\",\"description\":\"\u0412\u044b\u0431\u0440\u0430\u0442\u044c \u043e\u043d\u043b\u0430\u0439\u043d \u043a\u0430\u0437\u0438\u043d\u043e \u0434\u043b\u044f \u0438\u0433\u0440\u044b \u0432 \u0441\u043b\u043e\u0442 Lavish Joker. \u0413\u0434\u0435 \u0438\u0433\u0440\u0430\u0442\u044c \u0438 \u043f\u043e\u0431\u0435\u0436\u0434\u0430\u0442\u044c \u0432 \u0441\u043b\u043e\u0442 Lavish Joker. \u0412\u044b\u0431\u0440\u0430\u0442\u044c \u043b\u0443\u0447\u0448\u0435\u0435 \u043e\u043d\u043b\u0430\u0439\u043d \u043a\u0430\u0437\u0438\u043d\u043e\",\"breadcrumb\":{\"@id\":\"https:\/\/auto-joker123.com\/where-to-play-lavish-joker\/#breadcrumb\"},\"inLanguage\":\"pl-PL\",\"potentialAction\":[{\"@type\":\"ReadAction\",\"target\":[\"https:\/\/auto-joker123.com\/where-to-play-lavish-joker\/\"]}]},{\"@type\":\"BreadcrumbList\",\"@id\":\"https:\/\/auto-joker123.com\/where-to-play-lavish-joker\/#breadcrumb\",\"itemListElement\":[{\"@type\":\"ListItem\",\"position\":1,\"name\":\"Home\",\"item\":\"https:\/\/auto-joker123.com\/\"},{\"@type\":\"ListItem\",\"position\":2,\"name\":\"\u0413\u0434\u0435 \u0438\u0433\u0440\u0430\u0442\u044c \u0432 \u0441\u043b\u043e\u0442 Lavish Joker\"}]},{\"@type\":\"WebSite\",\"@id\":\"https:\/\/auto-joker123.com\/#website\",\"url\":\"https:\/\/auto-joker123.com\/\",\"name\":\"Lavish Joker\",\"description\":\"\",\"potentialAction\":[{\"@type\":\"SearchAction\",\"target\":{\"@type\":\"EntryPoint\",\"urlTemplate\":\"https:\/\/auto-joker123.com\/?s={search_term_string}\"},\"query-input\":{\"@type\":\"PropertyValueSpecification\",\"valueRequired\":true,\"valueName\":\"search_term_string\"}}],\"inLanguage\":\"pl-PL\"}]}<\/script>\n<!-- \/ Yoast SEO plugin. -->","yoast_head_json":{"title":"\u0413\u0434\u0435 \u0438\u0433\u0440\u0430\u0442\u044c \u0432 \u0441\u043b\u043e\u0442 Lavish Joker","description":"Wybierz kasyno online, aby zagra\u0107 na automacie Lavish Joker. Gdzie gra\u0107 i wygra\u0107 na automacie Lavish Joker. Wybierz najlepsze kasyno online.","robots":{"index":"index","follow":"follow","max-snippet":"max-snippet:-1","max-image-preview":"max-image-preview:large","max-video-preview":"max-video-preview:-1"},"canonical":"https:\/\/auto-joker123.com\/pl\/where-to-play-lavish-joker\/","og_locale":"pl_PL","og_type":"article","og_title":"\u0413\u0434\u0435 \u0438\u0433\u0440\u0430\u0442\u044c \u0432 \u0441\u043b\u043e\u0442 Lavish Joker","og_description":"\u0412\u044b\u0431\u0440\u0430\u0442\u044c \u043e\u043d\u043b\u0430\u0439\u043d \u043a\u0430\u0437\u0438\u043d\u043e \u0434\u043b\u044f \u0438\u0433\u0440\u044b \u0432 \u0441\u043b\u043e\u0442 Lavish Joker. \u0413\u0434\u0435 \u0438\u0433\u0440\u0430\u0442\u044c \u0438 \u043f\u043e\u0431\u0435\u0436\u0434\u0430\u0442\u044c \u0432 \u0441\u043b\u043e\u0442 Lavish Joker. \u0412\u044b\u0431\u0440\u0430\u0442\u044c \u043b\u0443\u0447\u0448\u0435\u0435 \u043e\u043d\u043b\u0430\u0439\u043d \u043a\u0430\u0437\u0438\u043d\u043e","og_url":"https:\/\/auto-joker123.com\/pl\/where-to-play-lavish-joker\/","og_site_name":"Lavish Joker","article_modified_time":"2024-03-22T18:35:35+00:00","twitter_card":"summary_large_image","twitter_misc":{"Szacowany czas czytania":"10 minut"},"schema":{"@context":"https:\/\/schema.org","@graph":[{"@type":"WebPage","@id":"https:\/\/auto-joker123.com\/where-to-play-lavish-joker\/","url":"https:\/\/auto-joker123.com\/where-to-play-lavish-joker\/","name":"\u0413\u0434\u0435 \u0438\u0433\u0440\u0430\u0442\u044c \u0432 \u0441\u043b\u043e\u0442 Lavish Joker","isPartOf":{"@id":"https:\/\/auto-joker123.com\/#website"},"datePublished":"2024-01-04T17:16:46+00:00","dateModified":"2024-03-22T18:35:35+00:00","description":"\u0412\u044b\u0431\u0440\u0430\u0442\u044c \u043e\u043d\u043b\u0430\u0439\u043d \u043a\u0430\u0437\u0438\u043d\u043e \u0434\u043b\u044f \u0438\u0433\u0440\u044b \u0432 \u0441\u043b\u043e\u0442 Lavish Joker. \u0413\u0434\u0435 \u0438\u0433\u0440\u0430\u0442\u044c \u0438 \u043f\u043e\u0431\u0435\u0436\u0434\u0430\u0442\u044c \u0432 \u0441\u043b\u043e\u0442 Lavish Joker. \u0412\u044b\u0431\u0440\u0430\u0442\u044c \u043b\u0443\u0447\u0448\u0435\u0435 \u043e\u043d\u043b\u0430\u0439\u043d \u043a\u0430\u0437\u0438\u043d\u043e","breadcrumb":{"@id":"https:\/\/auto-joker123.com\/where-to-play-lavish-joker\/#breadcrumb"},"inLanguage":"pl-PL","potentialAction":[{"@type":"ReadAction","target":["https:\/\/auto-joker123.com\/where-to-play-lavish-joker\/"]}]},{"@type":"BreadcrumbList","@id":"https:\/\/auto-joker123.com\/where-to-play-lavish-joker\/#breadcrumb","itemListElement":[{"@type":"ListItem","position":1,"name":"Home","item":"https:\/\/auto-joker123.com\/"},{"@type":"ListItem","position":2,"name":"\u0413\u0434\u0435 \u0438\u0433\u0440\u0430\u0442\u044c \u0432 \u0441\u043b\u043e\u0442 Lavish Joker"}]},{"@type":"WebSite","@id":"https:\/\/auto-joker123.com\/#website","url":"https:\/\/auto-joker123.com\/","name":"Lavish Joker","description":"","potentialAction":[{"@type":"SearchAction","target":{"@type":"EntryPoint","urlTemplate":"https:\/\/auto-joker123.com\/?s={search_term_string}"},"query-input":{"@type":"PropertyValueSpecification","valueRequired":true,"valueName":"search_term_string"}}],"inLanguage":"pl-PL"}]}},"_links":{"self":[{"href":"https:\/\/auto-joker123.com\/pl\/wp-json\/wp\/v2\/pages\/14","targetHints":{"allow":["GET"]}}],"collection":[{"href":"https:\/\/auto-joker123.com\/pl\/wp-json\/wp\/v2\/pages"}],"about":[{"href":"https:\/\/auto-joker123.com\/pl\/wp-json\/wp\/v2\/types\/page"}],"author":[{"embeddable":true,"href":"https:\/\/auto-joker123.com\/pl\/wp-json\/wp\/v2\/users\/1"}],"replies":[{"embeddable":true,"href":"https:\/\/auto-joker123.com\/pl\/wp-json\/wp\/v2\/comments?post=14"}],"version-history":[{"count":23,"href":"https:\/\/auto-joker123.com\/pl\/wp-json\/wp\/v2\/pages\/14\/revisions"}],"predecessor-version":[{"id":151,"href":"https:\/\/auto-joker123.com\/pl\/wp-json\/wp\/v2\/pages\/14\/revisions\/151"}],"wp:attachment":[{"href":"https:\/\/auto-joker123.com\/pl\/wp-json\/wp\/v2\/media?parent=14"}],"curies":[{"name":"wp","href":"https:\/\/api.w.org\/{rel}","templated":true}]}}