{"id":6,"date":"2024-01-04T17:10:48","date_gmt":"2024-01-04T17:10:48","guid":{"rendered":"https:\/\/auto-joker123.com\/?page_id=6"},"modified":"2024-03-22T18:39:06","modified_gmt":"2024-03-22T18:39:06","slug":"lavish-joker","status":"publish","type":"page","link":"https:\/\/auto-joker123.com\/pl\/","title":{"rendered":"Klasyczny automat do gry Lavish Joker"},"content":{"rendered":"<p>Stary wideo slot Lavish Joker to popularny model od znanej firmy Belatra Games. Automat zosta\u0142 wydany przez producenta w 2020 roku i sta\u0142 si\u0119 jedn\u0105 z ulubionych rozrywek dla hazardzist\u00f3w w kasynach online. Lavish Joker mo\u017cna gra\u0107 za darmo w trybie demo lub na prawdziwe pieni\u0105dze. Slot oferuje dobre perspektywy na wygrane, dlatego gracze cz\u0119sto otrzymuj\u0105 nagrody. Wyp\u0142aty s\u0105 liczone w obie strony b\u0119bn\u00f3w, co daje hazardzistom wi\u0119cej mo\u017cliwo\u015bci wygrywania.<\/p>\n<h2>Charakterystyka i cechy automatu Lavish Joker<\/h2>\n<p>Jednym z istotnych atut\u00f3w automatu Lavish Joker jest obecno\u015b\u0107 dw\u00f3ch progresywnych jackpots. Nagrody s\u0105 przyznawane losowo po aktywacji Ko\u0142a Fortuny, kt\u00f3re losowo okre\u015bla wielko\u015b\u0107 nagrody. Cechy i charakterystyki automatu obejmuj\u0105:<\/p>\n<p>Relatywnie niski procent teoretycznego zwrotu do gracza wynosz\u0105cy 94,62%;<\/p>\n<ul>\n<li>\u015aredni poziom zmienno\u015bci automatu;<\/li>\n<li>Obecno\u015b\u0107 drogich i wysoko p\u0142atnych ikon;<\/li>\n<li>Atrakcyjny design z jaskrawymi elementami wizualnymi;<\/li>\n<li>Wsparcie dla automatu na wszystkich rodzajach urz\u0105dze\u0144;<\/li>\n<li>Minimalna wysoko\u015b\u0107 zak\u0142adu wynosi 0,1 euro (dolar\u00f3w, funt\u00f3w);<\/li>\n<li>Maksymalna wysoko\u015b\u0107 zak\u0142adu wynosi 20 euro (dolar\u00f3w, funt\u00f3w);<\/li>\n<li>Maksymalna wygrana na automacie to x1000 zak\u0142adu;<\/li>\n<li>5 b\u0119bn\u00f3w w 3 rz\u0119dach i 10 linii wygrywaj\u0105cych;<\/li>\n<li>Symbol dziki i tematyczna gra bonusowa z Ko\u0142em Fortuny.<\/li>\n<\/ul>\n<p>Automat Lavish Joker jest odpowiedni dla hazardzist\u00f3w, kt\u00f3rzy chc\u0105 skoncentrowa\u0107 si\u0119 na prostym i zrozumia\u0142ym procesie obstawiania bez wielu funkcji bonusowych. W automacie nie ma darmowych spin\u00f3w, symboli rozproszenia ani innych unikalnych opcji. Jednak automat przyci\u0105ga uwag\u0119 graczy kasynowych prostymi zasadami i dobr\u0105 wyp\u0142acalno\u015bci\u0105 zak\u0142ad\u00f3w.<\/p>\n<h2>Bonusy w automacie Lavish Joker<\/h2>\n<p>Bia\u0142oruski producent Belatra Games zaimplementowa\u0142 automat Lavish Joker z prostymi zasadami i uproszczonym rozgrywk\u0105. Aby zwi\u0119kszy\u0107 szanse graczy na wygran\u0105, w automacie wideo znajduj\u0105 si\u0119 nast\u0119puj\u0105ce funkcje bonusowe:<\/p>\n<ul>\n<li>Kombinacje symboli wygrywaj\u0105 w obie strony \u2013 od lewej do prawej i od prawej do lewej, co sprzyja cz\u0119stszym wyp\u0142atom;<\/li>\n<li>Symbol dziki mo\u017ce zast\u0119powa\u0107 dowolne ikony na ekranie, pomagaj\u0105c w tworzeniu \u0142a\u0144cuch\u00f3w zwyci\u0119stw i mo\u017ce zwi\u0119ksza\u0107 swoje rozmiary, zajmuj\u0105c 3&#215;3 kom\u00f3rki na b\u0119bnach;<\/li>\n<li>Automat oferuje uczciw\u0105 szans\u0119 na gr\u0119 ryzyka, kt\u00f3r\u0105 mo\u017cna aktywowa\u0107 po ka\u017cdym zwyci\u0119skim spinie, zgadywaj\u0105c warto\u015b\u0107 lub kolor zakrytej karty;<\/li>\n<li>Ko\u0142o Fortuny jest aktywowane w miar\u0119 wype\u0142niania si\u0119 paska post\u0119pu punktami gry, a w sektorach Ko\u0142a Fortuny ukryte s\u0105 dodatkowe nagrody i jackpot automatu.<\/li>\n<\/ul>\n<p>G\u0142\u00f3wnym bohaterem automatu Lavish Joker jest Joker, a na b\u0119bnach znajduj\u0105 si\u0119 symbole zwi\u0105zane z tematyk\u0105 hazardow\u0105 \u2013 karty do gry, \u017cetony do pokera i b\u0119bny automatu. Prosty interfejs i intuicyjna nawigacja pozwalaj\u0105 nawet pocz\u0105tkuj\u0105cym gra\u0107 i otrzymywa\u0107 wygrane na automacie wideo bez problem\u00f3w. G\u0142\u00f3wne zalety automatu obejmuj\u0105 obecno\u015b\u0107 gry bonusowej z Ko\u0142em Fortuny i rundy ryzyka podwajaj\u0105cej wyp\u0142aty.<\/p>\n","protected":false},"excerpt":{"rendered":"<p>Stary wideo slot Lavish Joker to popularny model od znanej firmy Belatra Games. Automat zosta\u0142 wydany przez producenta w 2020 roku i sta\u0142 si\u0119 jedn\u0105 z ulubionych rozrywek dla hazardzist\u00f3w w kasynach online. Lavish Joker mo\u017cna gra\u0107 za darmo w trybie demo lub na prawdziwe pieni\u0105dze. Slot oferuje dobre perspektywy na wygrane, dlatego gracze cz\u0119sto&#8230;<\/p>\n","protected":false},"author":1,"featured_media":0,"parent":0,"menu_order":0,"comment_status":"closed","ping_status":"closed","template":"","meta":{"footnotes":""},"class_list":["post-6","page","type-page","status-publish","hentry"],"yoast_head":"<!-- This site is optimized with the Yoast SEO plugin v27.2 - https:\/\/yoast.com\/product\/yoast-seo-wordpress\/ -->\n<title>\u0418\u0433\u0440\u0430\u0442\u044c \u0432 \u0438\u0433\u0440\u043e\u0432\u043e\u0439 \u0430\u0432\u0442\u043e\u043c\u0430\u0442 Lavish Joker \u0432 \u043e\u043d\u043b\u0430\u0439\u043d \u043a\u0430\u0437\u0438\u043d\u043e<\/title>\n<meta name=\"description\" content=\"Graj i wygrywaj prawdziwe pieni\u0105dze na automacie do gier Lavish Joker. Strategie i taktyki, pobierz na Androida i iPhone&#039;a, prawdziwe recenzje graczy.\" \/>\n<meta name=\"robots\" content=\"index, follow, max-snippet:-1, max-image-preview:large, max-video-preview:-1\" \/>\n<link rel=\"canonical\" href=\"https:\/\/auto-joker123.com\/pl\/\" \/>\n<meta property=\"og:locale\" content=\"pl_PL\" \/>\n<meta property=\"og:locale:alternate\" content=\"ru_RU\" \/>\n<meta property=\"og:locale:alternate\" content=\"en_US\" \/>\n<meta property=\"og:locale:alternate\" content=\"pt_PT\" \/>\n<meta property=\"og:locale:alternate\" content=\"es_ES\" \/>\n<meta property=\"og:locale:alternate\" content=\"ro_RO\" \/>\n<meta property=\"og:locale:alternate\" content=\"bg_BG\" \/>\n<meta property=\"og:locale:alternate\" content=\"sr_RS\" \/>\n<meta property=\"og:locale:alternate\" content=\"it_IT\" \/>\n<meta property=\"og:locale:alternate\" content=\"fr_FR\" \/>\n<meta property=\"og:type\" content=\"article\" \/>\n<meta property=\"og:title\" content=\"\u0418\u0433\u0440\u0430\u0442\u044c \u0432 \u0438\u0433\u0440\u043e\u0432\u043e\u0439 \u0430\u0432\u0442\u043e\u043c\u0430\u0442 Lavish Joker \u0432 \u043e\u043d\u043b\u0430\u0439\u043d \u043a\u0430\u0437\u0438\u043d\u043e\" \/>\n<meta property=\"og:description\" content=\"\u0418\u0433\u0440\u0430\u0442\u044c \u0438 \u0432\u044b\u0438\u0433\u0440\u044b\u0432\u0430\u0442\u044c \u0432 \u0441\u043b\u043e\u0442\u0435 Lavish Joker \u0440\u0435\u0430\u043b\u044c\u043d\u044b\u0435 \u0434\u0435\u043d\u044c\u0433\u0438. \u0421\u0442\u0440\u0430\u0442\u0435\u0433\u0438\u0438 \u0438 \u0442\u0430\u043a\u0442\u0438\u043a\u0438, \u0441\u043a\u0430\u0447\u0430\u0442\u044c \u0410\u043d\u0434\u0440\u043e\u0438\u0434 \u0438 \u0430\u0439\u0444\u043e\u043d, \u043e\u0442\u0437\u044b\u0432\u044b \u0440\u0435\u0430\u043b\u044c\u043d\u044b\u0445 \u0438\u0433\u0440\u043e\u043a\u043e\u0432\" \/>\n<meta property=\"og:url\" content=\"https:\/\/auto-joker123.com\/pl\/\" \/>\n<meta property=\"og:site_name\" content=\"Lavish Joker\" \/>\n<meta property=\"article:modified_time\" content=\"2024-03-22T18:39:06+00:00\" \/>\n<meta name=\"twitter:card\" content=\"summary_large_image\" \/>\n<meta name=\"twitter:label1\" content=\"Szacowany czas czytania\" \/>\n\t<meta name=\"twitter:data1\" content=\"19 minut\" \/>\n<script type=\"application\/ld+json\" class=\"yoast-schema-graph\">{\"@context\":\"https:\/\/schema.org\",\"@graph\":[{\"@type\":\"WebPage\",\"@id\":\"https:\/\/auto-joker123.com\/\",\"url\":\"https:\/\/auto-joker123.com\/\",\"name\":\"\u0418\u0433\u0440\u0430\u0442\u044c \u0432 \u0438\u0433\u0440\u043e\u0432\u043e\u0439 \u0430\u0432\u0442\u043e\u043c\u0430\u0442 Lavish Joker \u0432 \u043e\u043d\u043b\u0430\u0439\u043d \u043a\u0430\u0437\u0438\u043d\u043e\",\"isPartOf\":{\"@id\":\"https:\/\/auto-joker123.com\/#website\"},\"datePublished\":\"2024-01-04T17:10:48+00:00\",\"dateModified\":\"2024-03-22T18:39:06+00:00\",\"description\":\"\u0418\u0433\u0440\u0430\u0442\u044c \u0438 \u0432\u044b\u0438\u0433\u0440\u044b\u0432\u0430\u0442\u044c \u0432 \u0441\u043b\u043e\u0442\u0435 Lavish Joker \u0440\u0435\u0430\u043b\u044c\u043d\u044b\u0435 \u0434\u0435\u043d\u044c\u0433\u0438. \u0421\u0442\u0440\u0430\u0442\u0435\u0433\u0438\u0438 \u0438 \u0442\u0430\u043a\u0442\u0438\u043a\u0438, \u0441\u043a\u0430\u0447\u0430\u0442\u044c \u0410\u043d\u0434\u0440\u043e\u0438\u0434 \u0438 \u0430\u0439\u0444\u043e\u043d, \u043e\u0442\u0437\u044b\u0432\u044b \u0440\u0435\u0430\u043b\u044c\u043d\u044b\u0445 \u0438\u0433\u0440\u043e\u043a\u043e\u0432\",\"breadcrumb\":{\"@id\":\"https:\/\/auto-joker123.com\/#breadcrumb\"},\"inLanguage\":\"pl-PL\",\"potentialAction\":[{\"@type\":\"ReadAction\",\"target\":[\"https:\/\/auto-joker123.com\/\"]}]},{\"@type\":\"BreadcrumbList\",\"@id\":\"https:\/\/auto-joker123.com\/#breadcrumb\",\"itemListElement\":[{\"@type\":\"ListItem\",\"position\":1,\"name\":\"Home\",\"item\":\"https:\/\/auto-joker123.com\/\"},{\"@type\":\"ListItem\",\"position\":2,\"name\":\"\u041a\u043b\u0430\u0441\u0441\u0438\u0447\u0435\u0441\u043a\u0438\u0439 \u0438\u0433\u0440\u043e\u0432\u043e\u0439 \u0430\u0432\u0442\u043e\u043c\u0430\u0442 Lavish Joker\"}]},{\"@type\":\"WebSite\",\"@id\":\"https:\/\/auto-joker123.com\/#website\",\"url\":\"https:\/\/auto-joker123.com\/\",\"name\":\"Lavish Joker\",\"description\":\"\",\"potentialAction\":[{\"@type\":\"SearchAction\",\"target\":{\"@type\":\"EntryPoint\",\"urlTemplate\":\"https:\/\/auto-joker123.com\/?s={search_term_string}\"},\"query-input\":{\"@type\":\"PropertyValueSpecification\",\"valueRequired\":true,\"valueName\":\"search_term_string\"}}],\"inLanguage\":\"pl-PL\"}]}<\/script>\n<!-- \/ Yoast SEO plugin. -->","yoast_head_json":{"title":"\u0418\u0433\u0440\u0430\u0442\u044c \u0432 \u0438\u0433\u0440\u043e\u0432\u043e\u0439 \u0430\u0432\u0442\u043e\u043c\u0430\u0442 Lavish Joker \u0432 \u043e\u043d\u043b\u0430\u0439\u043d \u043a\u0430\u0437\u0438\u043d\u043e","description":"Graj i wygrywaj prawdziwe pieni\u0105dze na automacie do gier Lavish Joker. Strategie i taktyki, pobierz na Androida i iPhone'a, prawdziwe recenzje graczy.","robots":{"index":"index","follow":"follow","max-snippet":"max-snippet:-1","max-image-preview":"max-image-preview:large","max-video-preview":"max-video-preview:-1"},"canonical":"https:\/\/auto-joker123.com\/pl\/","og_locale":"pl_PL","og_type":"article","og_title":"\u0418\u0433\u0440\u0430\u0442\u044c \u0432 \u0438\u0433\u0440\u043e\u0432\u043e\u0439 \u0430\u0432\u0442\u043e\u043c\u0430\u0442 Lavish Joker \u0432 \u043e\u043d\u043b\u0430\u0439\u043d \u043a\u0430\u0437\u0438\u043d\u043e","og_description":"\u0418\u0433\u0440\u0430\u0442\u044c \u0438 \u0432\u044b\u0438\u0433\u0440\u044b\u0432\u0430\u0442\u044c \u0432 \u0441\u043b\u043e\u0442\u0435 Lavish Joker \u0440\u0435\u0430\u043b\u044c\u043d\u044b\u0435 \u0434\u0435\u043d\u044c\u0433\u0438. \u0421\u0442\u0440\u0430\u0442\u0435\u0433\u0438\u0438 \u0438 \u0442\u0430\u043a\u0442\u0438\u043a\u0438, \u0441\u043a\u0430\u0447\u0430\u0442\u044c \u0410\u043d\u0434\u0440\u043e\u0438\u0434 \u0438 \u0430\u0439\u0444\u043e\u043d, \u043e\u0442\u0437\u044b\u0432\u044b \u0440\u0435\u0430\u043b\u044c\u043d\u044b\u0445 \u0438\u0433\u0440\u043e\u043a\u043e\u0432","og_url":"https:\/\/auto-joker123.com\/pl\/","og_site_name":"Lavish Joker","article_modified_time":"2024-03-22T18:39:06+00:00","twitter_card":"summary_large_image","twitter_misc":{"Szacowany czas czytania":"19 minut"},"schema":{"@context":"https:\/\/schema.org","@graph":[{"@type":"WebPage","@id":"https:\/\/auto-joker123.com\/","url":"https:\/\/auto-joker123.com\/","name":"\u0418\u0433\u0440\u0430\u0442\u044c \u0432 \u0438\u0433\u0440\u043e\u0432\u043e\u0439 \u0430\u0432\u0442\u043e\u043c\u0430\u0442 Lavish Joker \u0432 \u043e\u043d\u043b\u0430\u0439\u043d \u043a\u0430\u0437\u0438\u043d\u043e","isPartOf":{"@id":"https:\/\/auto-joker123.com\/#website"},"datePublished":"2024-01-04T17:10:48+00:00","dateModified":"2024-03-22T18:39:06+00:00","description":"\u0418\u0433\u0440\u0430\u0442\u044c \u0438 \u0432\u044b\u0438\u0433\u0440\u044b\u0432\u0430\u0442\u044c \u0432 \u0441\u043b\u043e\u0442\u0435 Lavish Joker \u0440\u0435\u0430\u043b\u044c\u043d\u044b\u0435 \u0434\u0435\u043d\u044c\u0433\u0438. \u0421\u0442\u0440\u0430\u0442\u0435\u0433\u0438\u0438 \u0438 \u0442\u0430\u043a\u0442\u0438\u043a\u0438, \u0441\u043a\u0430\u0447\u0430\u0442\u044c \u0410\u043d\u0434\u0440\u043e\u0438\u0434 \u0438 \u0430\u0439\u0444\u043e\u043d, \u043e\u0442\u0437\u044b\u0432\u044b \u0440\u0435\u0430\u043b\u044c\u043d\u044b\u0445 \u0438\u0433\u0440\u043e\u043a\u043e\u0432","breadcrumb":{"@id":"https:\/\/auto-joker123.com\/#breadcrumb"},"inLanguage":"pl-PL","potentialAction":[{"@type":"ReadAction","target":["https:\/\/auto-joker123.com\/"]}]},{"@type":"BreadcrumbList","@id":"https:\/\/auto-joker123.com\/#breadcrumb","itemListElement":[{"@type":"ListItem","position":1,"name":"Home","item":"https:\/\/auto-joker123.com\/"},{"@type":"ListItem","position":2,"name":"\u041a\u043b\u0430\u0441\u0441\u0438\u0447\u0435\u0441\u043a\u0438\u0439 \u0438\u0433\u0440\u043e\u0432\u043e\u0439 \u0430\u0432\u0442\u043e\u043c\u0430\u0442 Lavish Joker"}]},{"@type":"WebSite","@id":"https:\/\/auto-joker123.com\/#website","url":"https:\/\/auto-joker123.com\/","name":"Lavish Joker","description":"","potentialAction":[{"@type":"SearchAction","target":{"@type":"EntryPoint","urlTemplate":"https:\/\/auto-joker123.com\/?s={search_term_string}"},"query-input":{"@type":"PropertyValueSpecification","valueRequired":true,"valueName":"search_term_string"}}],"inLanguage":"pl-PL"}]}},"_links":{"self":[{"href":"https:\/\/auto-joker123.com\/pl\/wp-json\/wp\/v2\/pages\/6","targetHints":{"allow":["GET"]}}],"collection":[{"href":"https:\/\/auto-joker123.com\/pl\/wp-json\/wp\/v2\/pages"}],"about":[{"href":"https:\/\/auto-joker123.com\/pl\/wp-json\/wp\/v2\/types\/page"}],"author":[{"embeddable":true,"href":"https:\/\/auto-joker123.com\/pl\/wp-json\/wp\/v2\/users\/1"}],"replies":[{"embeddable":true,"href":"https:\/\/auto-joker123.com\/pl\/wp-json\/wp\/v2\/comments?post=6"}],"version-history":[{"count":20,"href":"https:\/\/auto-joker123.com\/pl\/wp-json\/wp\/v2\/pages\/6\/revisions"}],"predecessor-version":[{"id":154,"href":"https:\/\/auto-joker123.com\/pl\/wp-json\/wp\/v2\/pages\/6\/revisions\/154"}],"wp:attachment":[{"href":"https:\/\/auto-joker123.com\/pl\/wp-json\/wp\/v2\/media?parent=6"}],"curies":[{"name":"wp","href":"https:\/\/api.w.org\/{rel}","templated":true}]}}