{"id":8,"date":"2024-01-04T17:12:50","date_gmt":"2024-01-04T17:12:50","guid":{"rendered":"https:\/\/auto-joker123.com\/?page_id=8"},"modified":"2024-03-22T18:36:39","modified_gmt":"2024-03-22T18:36:39","slug":"lavish-joker-slot-advantages","status":"publish","type":"page","link":"https:\/\/auto-joker123.com\/pl\/lavish-joker-slot-advantages\/","title":{"rendered":"Automat do gry Lavish Joker \u2013 Zalety i Funkcje Bonusowe"},"content":{"rendered":"<p>W nowoczesnych kasynach online znajduje si\u0119 ogromny asortyment automat\u00f3w do gier r\u00f3\u017cnych kategorii i gatunk\u00f3w. Pomimo szerokiego wyboru rozrywek hazardowych, klasyczne automaty pozostaj\u0105 wci\u0105\u017c popularne. Jednym z takich modeli jest automat do gry Lavish Joker od bia\u0142oruskiego producenta Belatra Games. Gra pojawi\u0142a si\u0119 w wirtualnych kasynach w 2020 roku i szybko przyci\u0105gn\u0119\u0142a uwag\u0119 graczy. Proste zasady, rozgrywka i nawigacja, w po\u0142\u0105czeniu z dobrym zwrotem i zmienno\u015bci\u0105, uczyni\u0142y automat jednym z hit\u00f3w w katalogach internetowych salon\u00f3w gier.<\/p>\n<h2>Fabu\u0142a, symbole i funkcje automatu Lavish Joker<\/h2>\n<p>Automat do gry Lavish Joker opiera si\u0119 na tematyce rozrywek hazardowych. Klasyczna tematyka w po\u0142\u0105czeniu z przyjemnym designem automatu nadaje grze atrakcyjn\u0105, pozytywn\u0105 atmosfer\u0119. G\u0142\u00f3wnym bohaterem automatu jest Joker, kt\u00f3ry hojnie nagradza graczy znacznymi got\u00f3wkowymi nagrodami. Na b\u0119bnach wideo automatu szybko pojawiaj\u0105 si\u0119 symbole z kart do gry, \u017ceton\u00f3w pokerowych i g\u0142\u00f3wnego bohatera. G\u0142\u00f3wne cechy automatu Lavish Joker obejmuj\u0105:<\/p>\n<ul>\n<li>Teoretyczny procent zwrotu dla gracza wynosi 94,62%;<\/li>\n<li>Gra ma \u015bredni poziom zmienno\u015bci;<\/li>\n<li>Symbol dziki mo\u017ce zast\u0105pi\u0107 wszystkie obrazy na ekranie;<\/li>\n<li>Dziki pomaga tworzy\u0107 zwyci\u0119skie kombinacje symboli;<\/li>\n<li>W automacie zaimplementowano gr\u0119 ryzyka z r\u00f3wnymi szansami;<\/li>\n<li>Automat jest obs\u0142ugiwany zar\u00f3wno na urz\u0105dzeniach mobilnych, jak i stacjonarnych;<\/li>\n<li>Lavish Joker mo\u017cna gra\u0107 zar\u00f3wno na prawdziwe pieni\u0105dze, jak i za darmo;<\/li>\n<li>Zak\u0142ady s\u0105 przyjmowane w euro, funtach, dolarach i innych walutach;<\/li>\n<li>W trybie demo liczba wirtualnych kredyt\u00f3w jest nieograniczona;<\/li>\n<li>Automat jest dost\u0119pny w wielu znanych kasynach internetowych;<\/li>\n<li>Minimalna kwota zak\u0142adu wynosi 0,1 euro (dolary);<\/li>\n<li>Maksymalny limit zak\u0142adu w automacie wynosi 20 (euro, dolary, funty);<\/li>\n<li>Maksymalna wielko\u015b\u0107 wygranej si\u0119ga a\u017c do x1000 zak\u0142ad\u00f3w.<\/li>\n<\/ul>\n<p>Automat do gry Lavish Joker posiada 5 b\u0119bn\u00f3w rozmieszczonych na trzech rz\u0119dach. Nagrody s\u0105 przyznawane wzd\u0142u\u017c dziesi\u0119ciu sta\u0142ych linii i s\u0105 brane pod uwag\u0119 zar\u00f3wno w kierunku od prawej do lewej, jak i od lewej do prawej. Daje to graczom dodatkowe szanse na osi\u0105gni\u0119cie znacz\u0105cej wygranej.<\/p>\n","protected":false},"excerpt":{"rendered":"<p>W nowoczesnych kasynach online znajduje si\u0119 ogromny asortyment automat\u00f3w do gier r\u00f3\u017cnych kategorii i gatunk\u00f3w. Pomimo szerokiego wyboru rozrywek hazardowych, klasyczne automaty pozostaj\u0105 wci\u0105\u017c popularne. Jednym z takich modeli jest automat do gry Lavish Joker od bia\u0142oruskiego producenta Belatra Games. Gra pojawi\u0142a si\u0119 w wirtualnych kasynach w 2020 roku i szybko przyci\u0105gn\u0119\u0142a uwag\u0119 graczy. Proste&#8230;<\/p>\n","protected":false},"author":1,"featured_media":0,"parent":0,"menu_order":0,"comment_status":"closed","ping_status":"closed","template":"","meta":{"footnotes":""},"class_list":["post-8","page","type-page","status-publish","hentry"],"yoast_head":"<!-- This site is optimized with the Yoast SEO plugin v27.2 - https:\/\/yoast.com\/product\/yoast-seo-wordpress\/ -->\n<title>Slot Machine Lavish Joker: Vantaggi<\/title>\n<meta name=\"description\" content=\"Dlaczego warto wybra\u0107 Lavish Joker do gry: fabu\u0142a, symbole i zalety gry. Zagraj teraz.\" \/>\n<meta name=\"robots\" content=\"index, follow, max-snippet:-1, max-image-preview:large, max-video-preview:-1\" \/>\n<link rel=\"canonical\" href=\"https:\/\/auto-joker123.com\/pl\/lavish-joker-slot-advantages\/\" \/>\n<meta property=\"og:locale\" content=\"pl_PL\" \/>\n<meta property=\"og:locale:alternate\" content=\"ru_RU\" \/>\n<meta property=\"og:locale:alternate\" content=\"en_US\" \/>\n<meta property=\"og:locale:alternate\" content=\"pt_PT\" \/>\n<meta property=\"og:locale:alternate\" content=\"es_ES\" \/>\n<meta property=\"og:locale:alternate\" content=\"ro_RO\" \/>\n<meta property=\"og:locale:alternate\" content=\"bg_BG\" \/>\n<meta property=\"og:locale:alternate\" content=\"sr_RS\" \/>\n<meta property=\"og:locale:alternate\" content=\"it_IT\" \/>\n<meta property=\"og:locale:alternate\" content=\"fr_FR\" \/>\n<meta property=\"og:type\" content=\"article\" \/>\n<meta property=\"og:title\" content=\"Slot Machine Lavish Joker: Vantaggi\" \/>\n<meta property=\"og:description\" content=\"Perch\u00e9 scegliere Lavish Joker per giocare: trama, simboli e vantaggi del gioco. Gioca ora.\" \/>\n<meta property=\"og:url\" content=\"https:\/\/auto-joker123.com\/pl\/lavish-joker-slot-advantages\/\" \/>\n<meta property=\"og:site_name\" content=\"Lavish Joker\" \/>\n<meta property=\"article:modified_time\" content=\"2024-03-22T18:36:39+00:00\" \/>\n<meta name=\"twitter:card\" content=\"summary_large_image\" \/>\n<meta name=\"twitter:label1\" content=\"Szacowany czas czytania\" \/>\n\t<meta name=\"twitter:data1\" content=\"14 minut\" \/>\n<script type=\"application\/ld+json\" class=\"yoast-schema-graph\">{\"@context\":\"https:\/\/schema.org\",\"@graph\":[{\"@type\":\"WebPage\",\"@id\":\"https:\/\/auto-joker123.com\/it\/lavish-joker-slot-advantages\/\",\"url\":\"https:\/\/auto-joker123.com\/it\/lavish-joker-slot-advantages\/\",\"name\":\"Slot Machine Lavish Joker: Vantaggi\",\"isPartOf\":{\"@id\":\"https:\/\/auto-joker123.com\/#website\"},\"datePublished\":\"2024-01-04T17:12:50+00:00\",\"dateModified\":\"2024-03-22T18:36:39+00:00\",\"description\":\"Perch\u00e9 scegliere Lavish Joker per giocare: trama, simboli e vantaggi del gioco. Gioca ora.\",\"breadcrumb\":{\"@id\":\"https:\/\/auto-joker123.com\/it\/lavish-joker-slot-advantages\/#breadcrumb\"},\"inLanguage\":\"pl-PL\",\"potentialAction\":[{\"@type\":\"ReadAction\",\"target\":[\"https:\/\/auto-joker123.com\/it\/lavish-joker-slot-advantages\/\"]}]},{\"@type\":\"BreadcrumbList\",\"@id\":\"https:\/\/auto-joker123.com\/it\/lavish-joker-slot-advantages\/#breadcrumb\",\"itemListElement\":[{\"@type\":\"ListItem\",\"position\":1,\"name\":\"Home\",\"item\":\"https:\/\/auto-joker123.com\/\"},{\"@type\":\"ListItem\",\"position\":2,\"name\":\"Slot Machine Lavish Joker &#8211; Vantaggi e Funzionalit\u00e0 Bonus\"}]},{\"@type\":\"WebSite\",\"@id\":\"https:\/\/auto-joker123.com\/#website\",\"url\":\"https:\/\/auto-joker123.com\/\",\"name\":\"Lavish Joker\",\"description\":\"\",\"potentialAction\":[{\"@type\":\"SearchAction\",\"target\":{\"@type\":\"EntryPoint\",\"urlTemplate\":\"https:\/\/auto-joker123.com\/?s={search_term_string}\"},\"query-input\":{\"@type\":\"PropertyValueSpecification\",\"valueRequired\":true,\"valueName\":\"search_term_string\"}}],\"inLanguage\":\"pl-PL\"}]}<\/script>\n<!-- \/ Yoast SEO plugin. -->","yoast_head_json":{"title":"Slot Machine Lavish Joker: Vantaggi","description":"Dlaczego warto wybra\u0107 Lavish Joker do gry: fabu\u0142a, symbole i zalety gry. Zagraj teraz.","robots":{"index":"index","follow":"follow","max-snippet":"max-snippet:-1","max-image-preview":"max-image-preview:large","max-video-preview":"max-video-preview:-1"},"canonical":"https:\/\/auto-joker123.com\/pl\/lavish-joker-slot-advantages\/","og_locale":"pl_PL","og_type":"article","og_title":"Slot Machine Lavish Joker: Vantaggi","og_description":"Perch\u00e9 scegliere Lavish Joker per giocare: trama, simboli e vantaggi del gioco. Gioca ora.","og_url":"https:\/\/auto-joker123.com\/pl\/lavish-joker-slot-advantages\/","og_site_name":"Lavish Joker","article_modified_time":"2024-03-22T18:36:39+00:00","twitter_card":"summary_large_image","twitter_misc":{"Szacowany czas czytania":"14 minut"},"schema":{"@context":"https:\/\/schema.org","@graph":[{"@type":"WebPage","@id":"https:\/\/auto-joker123.com\/it\/lavish-joker-slot-advantages\/","url":"https:\/\/auto-joker123.com\/it\/lavish-joker-slot-advantages\/","name":"Slot Machine Lavish Joker: Vantaggi","isPartOf":{"@id":"https:\/\/auto-joker123.com\/#website"},"datePublished":"2024-01-04T17:12:50+00:00","dateModified":"2024-03-22T18:36:39+00:00","description":"Perch\u00e9 scegliere Lavish Joker per giocare: trama, simboli e vantaggi del gioco. Gioca ora.","breadcrumb":{"@id":"https:\/\/auto-joker123.com\/it\/lavish-joker-slot-advantages\/#breadcrumb"},"inLanguage":"pl-PL","potentialAction":[{"@type":"ReadAction","target":["https:\/\/auto-joker123.com\/it\/lavish-joker-slot-advantages\/"]}]},{"@type":"BreadcrumbList","@id":"https:\/\/auto-joker123.com\/it\/lavish-joker-slot-advantages\/#breadcrumb","itemListElement":[{"@type":"ListItem","position":1,"name":"Home","item":"https:\/\/auto-joker123.com\/"},{"@type":"ListItem","position":2,"name":"Slot Machine Lavish Joker &#8211; Vantaggi e Funzionalit\u00e0 Bonus"}]},{"@type":"WebSite","@id":"https:\/\/auto-joker123.com\/#website","url":"https:\/\/auto-joker123.com\/","name":"Lavish Joker","description":"","potentialAction":[{"@type":"SearchAction","target":{"@type":"EntryPoint","urlTemplate":"https:\/\/auto-joker123.com\/?s={search_term_string}"},"query-input":{"@type":"PropertyValueSpecification","valueRequired":true,"valueName":"search_term_string"}}],"inLanguage":"pl-PL"}]}},"_links":{"self":[{"href":"https:\/\/auto-joker123.com\/pl\/wp-json\/wp\/v2\/pages\/8","targetHints":{"allow":["GET"]}}],"collection":[{"href":"https:\/\/auto-joker123.com\/pl\/wp-json\/wp\/v2\/pages"}],"about":[{"href":"https:\/\/auto-joker123.com\/pl\/wp-json\/wp\/v2\/types\/page"}],"author":[{"embeddable":true,"href":"https:\/\/auto-joker123.com\/pl\/wp-json\/wp\/v2\/users\/1"}],"replies":[{"embeddable":true,"href":"https:\/\/auto-joker123.com\/pl\/wp-json\/wp\/v2\/comments?post=8"}],"version-history":[{"count":19,"href":"https:\/\/auto-joker123.com\/pl\/wp-json\/wp\/v2\/pages\/8\/revisions"}],"predecessor-version":[{"id":152,"href":"https:\/\/auto-joker123.com\/pl\/wp-json\/wp\/v2\/pages\/8\/revisions\/152"}],"wp:attachment":[{"href":"https:\/\/auto-joker123.com\/pl\/wp-json\/wp\/v2\/media?parent=8"}],"curies":[{"name":"wp","href":"https:\/\/api.w.org\/{rel}","templated":true}]}}