{"id":10,"date":"2024-01-04T17:15:47","date_gmt":"2024-01-04T17:15:47","guid":{"rendered":"https:\/\/auto-joker123.com\/?page_id=10"},"modified":"2024-03-22T18:32:37","modified_gmt":"2024-03-22T18:32:37","slug":"lavish-joker-bonus-options","status":"publish","type":"page","link":"https:\/\/auto-joker123.com\/pt\/lavish-joker-bonus-options\/","title":{"rendered":"Op\u00e7\u00f5es de B\u00f4nus da M\u00e1quina de Ca\u00e7a-n\u00edqueis Lavish Joker"},"content":{"rendered":"<p>O desenvolvedor bielorrusso Belatra Games dedicou aten\u00e7\u00e3o especial a recursos de b\u00f4nus interessantes ao criar o cl\u00e1ssico ca\u00e7a-n\u00edqueis de v\u00eddeo. Apesar da aus\u00eancia de giros gr\u00e1tis e dispersores, o jogo pode recompensar generosamente o jogador gra\u00e7as \u00e0s suas boas oportunidades de b\u00f4nus:<\/p>\n<ul>\n<li>Jogo de Risco &#8211; um n\u00edvel de duplica\u00e7\u00e3o que pode ser ativado ap\u00f3s cada rodada vencedora. O jogador deve adivinhar corretamente a cor ou o valor da carta fechada na tela, vencer o dealer e receber recompensas duplicadas.<\/li>\n<li>Roleta da Fortuna &#8211; um n\u00edvel de b\u00f4nus em uma nova localiza\u00e7\u00e3o, ativado \u00e0 medida que a barra de progresso \u00e9 preenchida com pontos do jogo. Os setores da roleta cont\u00eam pr\u00eamios em dinheiro, multiplicadores de apostas e um grande jackpot que vai para o jogador mais sortudo.<\/li>\n<li>O s\u00edmbolo selvagem tem recursos de b\u00f4nus. O selvagem pode substituir outros \u00edcones, contribuindo para a forma\u00e7\u00e3o de combina\u00e7\u00f5es vencedoras. Al\u00e9m disso, o s\u00edmbolo selvagem pode se expandir em um mega-s\u00edmbolo com um tamanho de 3&#215;3 c\u00e9lulas.<\/li>\n<\/ul>\n<p>A m\u00e1quina de ca\u00e7a-n\u00edqueis Lavish Joker \u00e9 adequada tanto para iniciantes quanto para jogadores experientes. Gra\u00e7as \u00e0s regras simples e \u00e0 jogabilidade, os novos visitantes do cassino podem entender facilmente a mec\u00e2nica e os recursos do ca\u00e7a-n\u00edqueis. Para jogadores profissionais, este modelo \u00e9 uma excelente oportunidade de obter uma grande vit\u00f3ria na rodada de b\u00f4nus na Roleta da Fortuna.<\/p>\n","protected":false},"excerpt":{"rendered":"<p>O desenvolvedor bielorrusso Belatra Games dedicou aten\u00e7\u00e3o especial a recursos de b\u00f4nus interessantes ao criar o cl\u00e1ssico ca\u00e7a-n\u00edqueis de v\u00eddeo. Apesar da aus\u00eancia de giros gr\u00e1tis e dispersores, o jogo pode recompensar generosamente o jogador gra\u00e7as \u00e0s suas boas oportunidades de b\u00f4nus: Jogo de Risco &#8211; um n\u00edvel de duplica\u00e7\u00e3o que pode ser ativado ap\u00f3s&#8230;<\/p>\n","protected":false},"author":1,"featured_media":0,"parent":0,"menu_order":0,"comment_status":"closed","ping_status":"closed","template":"","meta":{"footnotes":""},"class_list":["post-10","page","type-page","status-publish","hentry"],"yoast_head":"<!-- This site is optimized with the Yoast SEO plugin v27.2 - https:\/\/yoast.com\/product\/yoast-seo-wordpress\/ -->\n<title>Op\u00e7\u00f5es de B\u00f4nus da M\u00e1quina de Ca\u00e7a-n\u00edqueis Lavish Joker<\/title>\n<meta name=\"robots\" content=\"index, follow, max-snippet:-1, max-image-preview:large, max-video-preview:-1\" \/>\n<link rel=\"canonical\" href=\"https:\/\/auto-joker123.com\/pt\/lavish-joker-bonus-options\/\" \/>\n<meta property=\"og:locale\" content=\"pt_PT\" \/>\n<meta property=\"og:locale:alternate\" content=\"ru_RU\" \/>\n<meta property=\"og:locale:alternate\" content=\"en_US\" \/>\n<meta property=\"og:locale:alternate\" content=\"es_ES\" \/>\n<meta property=\"og:locale:alternate\" content=\"ro_RO\" \/>\n<meta property=\"og:locale:alternate\" content=\"bg_BG\" \/>\n<meta property=\"og:locale:alternate\" content=\"sr_RS\" \/>\n<meta property=\"og:locale:alternate\" content=\"pl_PL\" \/>\n<meta property=\"og:locale:alternate\" content=\"it_IT\" \/>\n<meta property=\"og:locale:alternate\" content=\"fr_FR\" \/>\n<meta property=\"og:type\" content=\"article\" \/>\n<meta property=\"og:title\" content=\"Op\u00e7\u00f5es de B\u00f4nus da M\u00e1quina de Ca\u00e7a-n\u00edqueis Lavish Joker\" \/>\n<meta property=\"og:description\" content=\"O desenvolvedor bielorrusso Belatra Games dedicou aten\u00e7\u00e3o especial a recursos de b\u00f4nus interessantes ao criar o cl\u00e1ssico ca\u00e7a-n\u00edqueis de v\u00eddeo. Apesar da aus\u00eancia de giros gr\u00e1tis e dispersores, o jogo pode recompensar generosamente o jogador gra\u00e7as \u00e0s suas boas oportunidades de b\u00f4nus: Jogo de Risco &#8211; um n\u00edvel de duplica\u00e7\u00e3o que pode ser ativado ap\u00f3s...\" \/>\n<meta property=\"og:url\" content=\"https:\/\/auto-joker123.com\/pt\/lavish-joker-bonus-options\/\" \/>\n<meta property=\"og:site_name\" content=\"Lavish Joker\" \/>\n<meta property=\"article:modified_time\" content=\"2024-03-22T18:32:37+00:00\" \/>\n<meta name=\"twitter:card\" content=\"summary_large_image\" \/>\n<meta name=\"twitter:label1\" content=\"Tempo estimado de leitura\" \/>\n\t<meta name=\"twitter:data1\" content=\"8 minutos\" \/>\n<script type=\"application\/ld+json\" class=\"yoast-schema-graph\">{\"@context\":\"https:\/\/schema.org\",\"@graph\":[{\"@type\":\"WebPage\",\"@id\":\"https:\/\/auto-joker123.com\/sr\/lavish-joker-bonus-options\/\",\"url\":\"https:\/\/auto-joker123.com\/sr\/lavish-joker-bonus-options\/\",\"name\":\"Op\u00e7\u00f5es de B\u00f4nus da M\u00e1quina de Ca\u00e7a-n\u00edqueis Lavish Joker\",\"isPartOf\":{\"@id\":\"https:\/\/auto-joker123.com\/#website\"},\"datePublished\":\"2024-01-04T17:15:47+00:00\",\"dateModified\":\"2024-03-22T18:32:37+00:00\",\"breadcrumb\":{\"@id\":\"https:\/\/auto-joker123.com\/sr\/lavish-joker-bonus-options\/#breadcrumb\"},\"inLanguage\":\"pt-PT\",\"potentialAction\":[{\"@type\":\"ReadAction\",\"target\":[\"https:\/\/auto-joker123.com\/sr\/lavish-joker-bonus-options\/\"]}]},{\"@type\":\"BreadcrumbList\",\"@id\":\"https:\/\/auto-joker123.com\/sr\/lavish-joker-bonus-options\/#breadcrumb\",\"itemListElement\":[{\"@type\":\"ListItem\",\"position\":1,\"name\":\"Home\",\"item\":\"https:\/\/auto-joker123.com\/\"},{\"@type\":\"ListItem\",\"position\":2,\"name\":\"\u0411\u043e\u043d\u0443\u0441\u043d\u0435 \u043e\u043f\u0446\u0438\u0458\u0435 \u0438\u0433\u0440\u0435 \u043d\u0430 \u0441\u043b\u043e\u0442 \u043c\u0430\u0448\u0438\u043d\u0438 Lavish Joker\"}]},{\"@type\":\"WebSite\",\"@id\":\"https:\/\/auto-joker123.com\/#website\",\"url\":\"https:\/\/auto-joker123.com\/\",\"name\":\"Lavish Joker\",\"description\":\"\",\"potentialAction\":[{\"@type\":\"SearchAction\",\"target\":{\"@type\":\"EntryPoint\",\"urlTemplate\":\"https:\/\/auto-joker123.com\/?s={search_term_string}\"},\"query-input\":{\"@type\":\"PropertyValueSpecification\",\"valueRequired\":true,\"valueName\":\"search_term_string\"}}],\"inLanguage\":\"pt-PT\"}]}<\/script>\n<!-- \/ Yoast SEO plugin. -->","yoast_head_json":{"title":"Op\u00e7\u00f5es de B\u00f4nus da M\u00e1quina de Ca\u00e7a-n\u00edqueis Lavish Joker","robots":{"index":"index","follow":"follow","max-snippet":"max-snippet:-1","max-image-preview":"max-image-preview:large","max-video-preview":"max-video-preview:-1"},"canonical":"https:\/\/auto-joker123.com\/pt\/lavish-joker-bonus-options\/","og_locale":"pt_PT","og_type":"article","og_title":"[:ru]\u0411\u043e\u043d\u0443\u0441\u043d\u044b\u0435 \u043e\u043f\u0446\u0438\u0438 \u0438\u0433\u0440\u043e\u0432\u043e\u0433\u043e \u0430\u0432\u0442\u043e\u043c\u0430\u0442\u0430 Lavish Joker[:en]Bonus Options of the Lavish Joker Slot Machine[:pt]Op\u00e7\u00f5es de B\u00f4nus da M\u00e1quina de Ca\u00e7a-n\u00edqueis Lavish Joker[:es]Opciones de Bonificaci\u00f3n de la M\u00e1quina Tragamonedas Lavish Joker[:ro]Op\u021biunile de Bonus ale Slotului Lavish Joker[:bg]\u0411\u043e\u043d\u0443\u0441\u043d\u0438 \u043e\u043f\u0446\u0438\u0438 \u043d\u0430 \u0438\u0433\u0440\u043e\u0432\u0438\u044f \u0430\u0432\u0442\u043e\u043c\u0430\u0442 Lavish Joker[:sr]\u0411\u043e\u043d\u0443\u0441\u043d\u0435 \u043e\u043f\u0446\u0438\u0458\u0435 \u0438\u0433\u0440\u0435 \u043d\u0430 \u0441\u043b\u043e\u0442 \u043c\u0430\u0448\u0438\u043d\u0438 Lavish Joker[:pl]Opcje bonusowe w automacie do gry Lavish Joker[:it]Opzioni Bonus della Slot Machine Lavish Joker[:fr]Options Bonus de la Machine \u00e0 Sous Lavish Joker[:] - Lavish Joker","og_description":"O desenvolvedor bielorrusso Belatra Games dedicou aten\u00e7\u00e3o especial a recursos de b\u00f4nus interessantes ao criar o cl\u00e1ssico ca\u00e7a-n\u00edqueis de v\u00eddeo. Apesar da aus\u00eancia de giros gr\u00e1tis e dispersores, o jogo pode recompensar generosamente o jogador gra\u00e7as \u00e0s suas boas oportunidades de b\u00f4nus: Jogo de Risco &#8211; um n\u00edvel de duplica\u00e7\u00e3o que pode ser ativado ap\u00f3s...","og_url":"https:\/\/auto-joker123.com\/pt\/lavish-joker-bonus-options\/","og_site_name":"Lavish Joker","article_modified_time":"2024-03-22T18:32:37+00:00","twitter_card":"summary_large_image","twitter_misc":{"Tempo estimado de leitura":"8 minutos"},"schema":{"@context":"https:\/\/schema.org","@graph":[{"@type":"WebPage","@id":"https:\/\/auto-joker123.com\/sr\/lavish-joker-bonus-options\/","url":"https:\/\/auto-joker123.com\/sr\/lavish-joker-bonus-options\/","name":"Op\u00e7\u00f5es de B\u00f4nus da M\u00e1quina de Ca\u00e7a-n\u00edqueis Lavish Joker","isPartOf":{"@id":"https:\/\/auto-joker123.com\/#website"},"datePublished":"2024-01-04T17:15:47+00:00","dateModified":"2024-03-22T18:32:37+00:00","breadcrumb":{"@id":"https:\/\/auto-joker123.com\/sr\/lavish-joker-bonus-options\/#breadcrumb"},"inLanguage":"pt-PT","potentialAction":[{"@type":"ReadAction","target":["https:\/\/auto-joker123.com\/sr\/lavish-joker-bonus-options\/"]}]},{"@type":"BreadcrumbList","@id":"https:\/\/auto-joker123.com\/sr\/lavish-joker-bonus-options\/#breadcrumb","itemListElement":[{"@type":"ListItem","position":1,"name":"Home","item":"https:\/\/auto-joker123.com\/"},{"@type":"ListItem","position":2,"name":"\u0411\u043e\u043d\u0443\u0441\u043d\u0435 \u043e\u043f\u0446\u0438\u0458\u0435 \u0438\u0433\u0440\u0435 \u043d\u0430 \u0441\u043b\u043e\u0442 \u043c\u0430\u0448\u0438\u043d\u0438 Lavish Joker"}]},{"@type":"WebSite","@id":"https:\/\/auto-joker123.com\/#website","url":"https:\/\/auto-joker123.com\/","name":"Lavish Joker","description":"","potentialAction":[{"@type":"SearchAction","target":{"@type":"EntryPoint","urlTemplate":"https:\/\/auto-joker123.com\/?s={search_term_string}"},"query-input":{"@type":"PropertyValueSpecification","valueRequired":true,"valueName":"search_term_string"}}],"inLanguage":"pt-PT"}]}},"_links":{"self":[{"href":"https:\/\/auto-joker123.com\/pt\/wp-json\/wp\/v2\/pages\/10","targetHints":{"allow":["GET"]}}],"collection":[{"href":"https:\/\/auto-joker123.com\/pt\/wp-json\/wp\/v2\/pages"}],"about":[{"href":"https:\/\/auto-joker123.com\/pt\/wp-json\/wp\/v2\/types\/page"}],"author":[{"embeddable":true,"href":"https:\/\/auto-joker123.com\/pt\/wp-json\/wp\/v2\/users\/1"}],"replies":[{"embeddable":true,"href":"https:\/\/auto-joker123.com\/pt\/wp-json\/wp\/v2\/comments?post=10"}],"version-history":[{"count":21,"href":"https:\/\/auto-joker123.com\/pt\/wp-json\/wp\/v2\/pages\/10\/revisions"}],"predecessor-version":[{"id":150,"href":"https:\/\/auto-joker123.com\/pt\/wp-json\/wp\/v2\/pages\/10\/revisions\/150"}],"wp:attachment":[{"href":"https:\/\/auto-joker123.com\/pt\/wp-json\/wp\/v2\/media?parent=10"}],"curies":[{"name":"wp","href":"https:\/\/api.w.org\/{rel}","templated":true}]}}