{"id":12,"date":"2024-01-04T17:16:18","date_gmt":"2024-01-04T17:16:18","guid":{"rendered":"https:\/\/auto-joker123.com\/?page_id=12"},"modified":"2024-03-22T18:37:51","modified_gmt":"2024-03-22T18:37:51","slug":"how-to-play-lavish-joker","status":"publish","type":"page","link":"https:\/\/auto-joker123.com\/pt\/how-to-play-lavish-joker\/","title":{"rendered":"Como Jogar na M\u00e1quina de Ca\u00e7a-n\u00edqueis Lavish Joker"},"content":{"rendered":"<p>Para fazer apostas na slot Lavish Joker com dinheiro real, \u00e9 necess\u00e1rio escolher um cassino, registrar-se e fazer um dep\u00f3sito. \u00c9 aconselh\u00e1vel preferir cassinos de boa reputa\u00e7\u00e3o, com licen\u00e7a, software de qualidade e boa reputa\u00e7\u00e3o. Para come\u00e7ar a jogar Lavish Joker com dinheiro real, voc\u00ea precisa:<\/p>\n<ul>\n<li>Verificar as avalia\u00e7\u00f5es de cassinos virtuais.<\/li>\n<li>Escolher um cassino que ofere\u00e7a jogos da Belatra Games.<\/li>\n<li>Acessar o site oficial da empresa.<\/li>\n<li>Encontrar e clicar no bot\u00e3o &#8220;Registro&#8221;.<\/li>\n<li>Preencher o formul\u00e1rio com informa\u00e7\u00f5es precisas.<\/li>\n<li>Inserir seu n\u00famero de telefone celular e e-mail.<\/li>\n<li>Criar uma senha segura para sua conta.<\/li>\n<li>Escolher a moeda apropriada para sua conta de jogo.<\/li>\n<li>Especificar seu pa\u00eds de resid\u00eancia, g\u00eanero e idade.<\/li>\n<li>Rever as regras e condi\u00e7\u00f5es do cassino.<\/li>\n<li>Completar o registro e verificar sua conta.<\/li>\n<\/ul>\n<p>Ap\u00f3s criar uma conta e fornecer a documenta\u00e7\u00e3o necess\u00e1ria, o jogador precisa fazer um dep\u00f3sito. Para isso, v\u00e1 para a conta pessoal e selecione a se\u00e7\u00e3o &#8220;Caixa&#8221;. No formul\u00e1rio fornecido, insira o valor do dep\u00f3sito e escolha o m\u00e9todo de pagamento. Ap\u00f3s confirmar a transa\u00e7\u00e3o, o dinheiro ser\u00e1 creditado instantaneamente na conta do jogador. Tudo o que resta \u00e9 encontrar a m\u00e1quina de slot Lavish Joker no cat\u00e1logo do cassino e come\u00e7ar a jogar. Os ganhos devem ser retirados para os mesmos detalhes do dep\u00f3sito do jogador.<\/p>\n<p>Quase todos os cassinos online oferecem presentes de boas-vindas para novos jogadores, como dinheiro ou giros gr\u00e1tis. Esses incentivos podem ser usados para apostas em m\u00e1quinas de slot. Os b\u00f4nus s\u00e3o ativados a crit\u00e9rio do jogador. Recomenda-se familiarizar-se com as condi\u00e7\u00f5es de aposta e o coeficiente de apostas com anteced\u00eancia. Os presentes devem ser apostados em slots especificados pelo cassino dentro de uma promo\u00e7\u00e3o espec\u00edfica. \u00c9 importante aderir aos limites de apostas e conseguir apostar o dinheiro ou giros gr\u00e1tis em m\u00e1quinas de slot dentro do tempo permitido. O modelo de slot Lavish Joker \u00e9 adequado para apostar b\u00f4nus de cassino e oferece excelentes perspectivas de vit\u00f3ria para os jogadores.<\/p>\n","protected":false},"excerpt":{"rendered":"<p>Para fazer apostas na slot Lavish Joker com dinheiro real, \u00e9 necess\u00e1rio escolher um cassino, registrar-se e fazer um dep\u00f3sito. \u00c9 aconselh\u00e1vel preferir cassinos de boa reputa\u00e7\u00e3o, com licen\u00e7a, software de qualidade e boa reputa\u00e7\u00e3o. Para come\u00e7ar a jogar Lavish Joker com dinheiro real, voc\u00ea precisa: Verificar as avalia\u00e7\u00f5es de cassinos virtuais. Escolher um cassino&#8230;<\/p>\n","protected":false},"author":1,"featured_media":0,"parent":0,"menu_order":0,"comment_status":"closed","ping_status":"closed","template":"","meta":{"footnotes":""},"class_list":["post-12","page","type-page","status-publish","hentry"],"yoast_head":"<!-- This site is optimized with the Yoast SEO plugin v27.2 - https:\/\/yoast.com\/product\/yoast-seo-wordpress\/ -->\n<title>\u041a\u0430\u043a \u0438\u0433\u0440\u0430\u0442\u044c \u0432 \u0438\u0433\u0440\u043e\u0432\u043e\u0439 \u0430\u0432\u0442\u043e\u043c\u0430\u0442 Lavish Joker<\/title>\n<meta name=\"description\" content=\"Jogando na m\u00e1quina de ca\u00e7a-n\u00edqueis Lavish Joker. Estrat\u00e9gias e t\u00e1ticas. Dep\u00f3sito e saque de ganhos na m\u00e1quina de ca\u00e7a-n\u00edqueis Lavish Joker.\" \/>\n<meta name=\"robots\" content=\"index, follow, max-snippet:-1, max-image-preview:large, max-video-preview:-1\" \/>\n<link rel=\"canonical\" href=\"https:\/\/auto-joker123.com\/pt\/how-to-play-lavish-joker\/\" \/>\n<meta property=\"og:locale\" content=\"pt_PT\" \/>\n<meta property=\"og:locale:alternate\" content=\"ru_RU\" \/>\n<meta property=\"og:locale:alternate\" content=\"en_US\" \/>\n<meta property=\"og:locale:alternate\" content=\"es_ES\" \/>\n<meta property=\"og:locale:alternate\" content=\"ro_RO\" \/>\n<meta property=\"og:locale:alternate\" content=\"bg_BG\" \/>\n<meta property=\"og:locale:alternate\" content=\"sr_RS\" \/>\n<meta property=\"og:locale:alternate\" content=\"pl_PL\" \/>\n<meta property=\"og:locale:alternate\" content=\"it_IT\" \/>\n<meta property=\"og:locale:alternate\" content=\"fr_FR\" \/>\n<meta property=\"og:type\" content=\"article\" \/>\n<meta property=\"og:title\" content=\"\u041a\u0430\u043a \u0438\u0433\u0440\u0430\u0442\u044c \u0432 \u0438\u0433\u0440\u043e\u0432\u043e\u0439 \u0430\u0432\u0442\u043e\u043c\u0430\u0442 Lavish Joker\" \/>\n<meta property=\"og:description\" content=\"\u0418\u0433\u0440\u0430\u0442\u044c \u0432 \u0441\u043b\u043e\u0442 Lavish Joker. \u0421\u0442\u0440\u0430\u0442\u0435\u0433\u0438\u0438 \u0438 \u0442\u0430\u043a\u0442\u0438\u043a\u0438. \u0412\u043d\u0435\u0441\u0435\u043d\u0438\u0435 \u0434\u0435\u043f\u043e\u0437\u0438\u0442\u0430 \u0438 \u0432\u044b\u0432\u043e\u0434 \u0432\u044b\u0438\u0433\u0440\u044b\u0448\u0430 \u0432 \u0438\u0433\u0440\u043e\u0432\u043e\u043c \u0430\u0432\u0442\u043e\u043c\u0430\u0442\u0435 Lavish Joker\" \/>\n<meta property=\"og:url\" content=\"https:\/\/auto-joker123.com\/pt\/how-to-play-lavish-joker\/\" \/>\n<meta property=\"og:site_name\" content=\"Lavish Joker\" \/>\n<meta property=\"article:modified_time\" content=\"2024-03-22T18:37:51+00:00\" \/>\n<meta name=\"twitter:card\" content=\"summary_large_image\" \/>\n<meta name=\"twitter:label1\" content=\"Tempo estimado de leitura\" \/>\n\t<meta name=\"twitter:data1\" content=\"13 minutos\" \/>\n<script type=\"application\/ld+json\" class=\"yoast-schema-graph\">{\"@context\":\"https:\/\/schema.org\",\"@graph\":[{\"@type\":\"WebPage\",\"@id\":\"https:\/\/auto-joker123.com\/how-to-play-lavish-joker\/\",\"url\":\"https:\/\/auto-joker123.com\/how-to-play-lavish-joker\/\",\"name\":\"\u041a\u0430\u043a \u0438\u0433\u0440\u0430\u0442\u044c \u0432 \u0438\u0433\u0440\u043e\u0432\u043e\u0439 \u0430\u0432\u0442\u043e\u043c\u0430\u0442 Lavish Joker\",\"isPartOf\":{\"@id\":\"https:\/\/auto-joker123.com\/#website\"},\"datePublished\":\"2024-01-04T17:16:18+00:00\",\"dateModified\":\"2024-03-22T18:37:51+00:00\",\"description\":\"\u0418\u0433\u0440\u0430\u0442\u044c \u0432 \u0441\u043b\u043e\u0442 Lavish Joker. \u0421\u0442\u0440\u0430\u0442\u0435\u0433\u0438\u0438 \u0438 \u0442\u0430\u043a\u0442\u0438\u043a\u0438. \u0412\u043d\u0435\u0441\u0435\u043d\u0438\u0435 \u0434\u0435\u043f\u043e\u0437\u0438\u0442\u0430 \u0438 \u0432\u044b\u0432\u043e\u0434 \u0432\u044b\u0438\u0433\u0440\u044b\u0448\u0430 \u0432 \u0438\u0433\u0440\u043e\u0432\u043e\u043c \u0430\u0432\u0442\u043e\u043c\u0430\u0442\u0435 Lavish Joker\",\"breadcrumb\":{\"@id\":\"https:\/\/auto-joker123.com\/how-to-play-lavish-joker\/#breadcrumb\"},\"inLanguage\":\"pt-PT\",\"potentialAction\":[{\"@type\":\"ReadAction\",\"target\":[\"https:\/\/auto-joker123.com\/how-to-play-lavish-joker\/\"]}]},{\"@type\":\"BreadcrumbList\",\"@id\":\"https:\/\/auto-joker123.com\/how-to-play-lavish-joker\/#breadcrumb\",\"itemListElement\":[{\"@type\":\"ListItem\",\"position\":1,\"name\":\"Home\",\"item\":\"https:\/\/auto-joker123.com\/\"},{\"@type\":\"ListItem\",\"position\":2,\"name\":\"\u041a\u0430\u043a \u0438\u0433\u0440\u0430\u0442\u044c \u0432 \u0430\u0432\u0442\u043e\u043c\u0430\u0442 Lavish Joker\"}]},{\"@type\":\"WebSite\",\"@id\":\"https:\/\/auto-joker123.com\/#website\",\"url\":\"https:\/\/auto-joker123.com\/\",\"name\":\"Lavish Joker\",\"description\":\"\",\"potentialAction\":[{\"@type\":\"SearchAction\",\"target\":{\"@type\":\"EntryPoint\",\"urlTemplate\":\"https:\/\/auto-joker123.com\/?s={search_term_string}\"},\"query-input\":{\"@type\":\"PropertyValueSpecification\",\"valueRequired\":true,\"valueName\":\"search_term_string\"}}],\"inLanguage\":\"pt-PT\"}]}<\/script>\n<!-- \/ Yoast SEO plugin. -->","yoast_head_json":{"title":"\u041a\u0430\u043a \u0438\u0433\u0440\u0430\u0442\u044c \u0432 \u0438\u0433\u0440\u043e\u0432\u043e\u0439 \u0430\u0432\u0442\u043e\u043c\u0430\u0442 Lavish Joker","description":"Jogando na m\u00e1quina de ca\u00e7a-n\u00edqueis Lavish Joker. Estrat\u00e9gias e t\u00e1ticas. Dep\u00f3sito e saque de ganhos na m\u00e1quina de ca\u00e7a-n\u00edqueis Lavish Joker.","robots":{"index":"index","follow":"follow","max-snippet":"max-snippet:-1","max-image-preview":"max-image-preview:large","max-video-preview":"max-video-preview:-1"},"canonical":"https:\/\/auto-joker123.com\/pt\/how-to-play-lavish-joker\/","og_locale":"pt_PT","og_type":"article","og_title":"\u041a\u0430\u043a \u0438\u0433\u0440\u0430\u0442\u044c \u0432 \u0438\u0433\u0440\u043e\u0432\u043e\u0439 \u0430\u0432\u0442\u043e\u043c\u0430\u0442 Lavish Joker","og_description":"\u0418\u0433\u0440\u0430\u0442\u044c \u0432 \u0441\u043b\u043e\u0442 Lavish Joker. \u0421\u0442\u0440\u0430\u0442\u0435\u0433\u0438\u0438 \u0438 \u0442\u0430\u043a\u0442\u0438\u043a\u0438. \u0412\u043d\u0435\u0441\u0435\u043d\u0438\u0435 \u0434\u0435\u043f\u043e\u0437\u0438\u0442\u0430 \u0438 \u0432\u044b\u0432\u043e\u0434 \u0432\u044b\u0438\u0433\u0440\u044b\u0448\u0430 \u0432 \u0438\u0433\u0440\u043e\u0432\u043e\u043c \u0430\u0432\u0442\u043e\u043c\u0430\u0442\u0435 Lavish Joker","og_url":"https:\/\/auto-joker123.com\/pt\/how-to-play-lavish-joker\/","og_site_name":"Lavish Joker","article_modified_time":"2024-03-22T18:37:51+00:00","twitter_card":"summary_large_image","twitter_misc":{"Tempo estimado de leitura":"13 minutos"},"schema":{"@context":"https:\/\/schema.org","@graph":[{"@type":"WebPage","@id":"https:\/\/auto-joker123.com\/how-to-play-lavish-joker\/","url":"https:\/\/auto-joker123.com\/how-to-play-lavish-joker\/","name":"\u041a\u0430\u043a \u0438\u0433\u0440\u0430\u0442\u044c \u0432 \u0438\u0433\u0440\u043e\u0432\u043e\u0439 \u0430\u0432\u0442\u043e\u043c\u0430\u0442 Lavish Joker","isPartOf":{"@id":"https:\/\/auto-joker123.com\/#website"},"datePublished":"2024-01-04T17:16:18+00:00","dateModified":"2024-03-22T18:37:51+00:00","description":"\u0418\u0433\u0440\u0430\u0442\u044c \u0432 \u0441\u043b\u043e\u0442 Lavish Joker. \u0421\u0442\u0440\u0430\u0442\u0435\u0433\u0438\u0438 \u0438 \u0442\u0430\u043a\u0442\u0438\u043a\u0438. \u0412\u043d\u0435\u0441\u0435\u043d\u0438\u0435 \u0434\u0435\u043f\u043e\u0437\u0438\u0442\u0430 \u0438 \u0432\u044b\u0432\u043e\u0434 \u0432\u044b\u0438\u0433\u0440\u044b\u0448\u0430 \u0432 \u0438\u0433\u0440\u043e\u0432\u043e\u043c \u0430\u0432\u0442\u043e\u043c\u0430\u0442\u0435 Lavish Joker","breadcrumb":{"@id":"https:\/\/auto-joker123.com\/how-to-play-lavish-joker\/#breadcrumb"},"inLanguage":"pt-PT","potentialAction":[{"@type":"ReadAction","target":["https:\/\/auto-joker123.com\/how-to-play-lavish-joker\/"]}]},{"@type":"BreadcrumbList","@id":"https:\/\/auto-joker123.com\/how-to-play-lavish-joker\/#breadcrumb","itemListElement":[{"@type":"ListItem","position":1,"name":"Home","item":"https:\/\/auto-joker123.com\/"},{"@type":"ListItem","position":2,"name":"\u041a\u0430\u043a \u0438\u0433\u0440\u0430\u0442\u044c \u0432 \u0430\u0432\u0442\u043e\u043c\u0430\u0442 Lavish Joker"}]},{"@type":"WebSite","@id":"https:\/\/auto-joker123.com\/#website","url":"https:\/\/auto-joker123.com\/","name":"Lavish Joker","description":"","potentialAction":[{"@type":"SearchAction","target":{"@type":"EntryPoint","urlTemplate":"https:\/\/auto-joker123.com\/?s={search_term_string}"},"query-input":{"@type":"PropertyValueSpecification","valueRequired":true,"valueName":"search_term_string"}}],"inLanguage":"pt-PT"}]}},"_links":{"self":[{"href":"https:\/\/auto-joker123.com\/pt\/wp-json\/wp\/v2\/pages\/12","targetHints":{"allow":["GET"]}}],"collection":[{"href":"https:\/\/auto-joker123.com\/pt\/wp-json\/wp\/v2\/pages"}],"about":[{"href":"https:\/\/auto-joker123.com\/pt\/wp-json\/wp\/v2\/types\/page"}],"author":[{"embeddable":true,"href":"https:\/\/auto-joker123.com\/pt\/wp-json\/wp\/v2\/users\/1"}],"replies":[{"embeddable":true,"href":"https:\/\/auto-joker123.com\/pt\/wp-json\/wp\/v2\/comments?post=12"}],"version-history":[{"count":22,"href":"https:\/\/auto-joker123.com\/pt\/wp-json\/wp\/v2\/pages\/12\/revisions"}],"predecessor-version":[{"id":153,"href":"https:\/\/auto-joker123.com\/pt\/wp-json\/wp\/v2\/pages\/12\/revisions\/153"}],"wp:attachment":[{"href":"https:\/\/auto-joker123.com\/pt\/wp-json\/wp\/v2\/media?parent=12"}],"curies":[{"name":"wp","href":"https:\/\/api.w.org\/{rel}","templated":true}]}}