{"id":14,"date":"2024-01-04T17:16:46","date_gmt":"2024-01-04T17:16:46","guid":{"rendered":"https:\/\/auto-joker123.com\/?page_id=14"},"modified":"2024-03-22T18:35:35","modified_gmt":"2024-03-22T18:35:35","slug":"where-to-play-lavish-joker","status":"publish","type":"page","link":"https:\/\/auto-joker123.com\/pt\/where-to-play-lavish-joker\/","title":{"rendered":"Onde Jogar na M\u00e1quina de Ca\u00e7a-n\u00edqueis Lavish Joker"},"content":{"rendered":"<p>O software do desenvolvedor bielorrusso est\u00e1 instalado em muitos casinos virtuais. Ao escolher um casino, vale a pena prestar aten\u00e7\u00e3o em casinos licenciados respeit\u00e1veis com uma boa classifica\u00e7\u00e3o e reputa\u00e7\u00e3o. Para escolher um casino online, voc\u00ea pode usar an\u00e1lises de especialistas na ind\u00fastria de jogos de azar e ler avalia\u00e7\u00f5es de jogadores reais. Para come\u00e7ar a jogar na slot Lavish Joker com dinheiro real, voc\u00ea precisa seguir alguns passos simples:<\/p>\n<ul>\n<li>Escolher um casino e ir para o site oficial.<\/li>\n<li>Clicar no bot\u00e3o &#8220;Registo&#8221; e preencher o formul\u00e1rio.<\/li>\n<li>Fornecer informa\u00e7\u00f5es pessoais e criar uma senha.<\/li>\n<li>Aceder \u00e0 conta pessoal e verificar a conta.<\/li>\n<li>Encontrar a sec\u00e7\u00e3o &#8220;Caixa&#8221; para depositar fundos.<\/li>\n<li>Ativar opcionalmente b\u00f3nus de boas-vindas.<\/li>\n<li>Escolher a slot Lavish Joker no cat\u00e1logo e come\u00e7ar a jogar.<\/li>\n<\/ul>\n<p>Voc\u00ea pode verificar o pagamento da m\u00e1quina ca\u00e7a-n\u00edqueis antecipadamente no modo de demonstra\u00e7\u00e3o. Isso ajudar\u00e1 a determinar o tamanho da aposta por rodada, definir um or\u00e7amento e determinar a dura\u00e7\u00e3o da sess\u00e3o de jogo. Alguns jogadores usam estrat\u00e9gias de apostas para obter mais pagamentos em m\u00e1quinas ca\u00e7a-n\u00edqueis e perder menos dos seus pr\u00f3prios fundos. Na vers\u00e3o de demonstra\u00e7\u00e3o, \u00e9 conveniente testar diferentes estrat\u00e9gias para avaliar a efic\u00e1cia dos m\u00e9todos de apostas em uma m\u00e1quina espec\u00edfica.<\/p>\n<p>O modelo de jogo Lavish Joker \u00e9 procurado entre os utilizadores de jogos de azar. A slot n\u00e3o tem rodadas gr\u00e1tis a que os jogadores est\u00e3o habituados, mas apresenta uma lucrativa Roda da Fortuna. Ao girar o tambor com pr\u00e9mios em dinheiro no n\u00edvel do jogo b\u00f3nus, cada jogador tem a chance de ganhar grandes pr\u00e9mios.<\/p>\n","protected":false},"excerpt":{"rendered":"<p>O software do desenvolvedor bielorrusso est\u00e1 instalado em muitos casinos virtuais. Ao escolher um casino, vale a pena prestar aten\u00e7\u00e3o em casinos licenciados respeit\u00e1veis com uma boa classifica\u00e7\u00e3o e reputa\u00e7\u00e3o. Para escolher um casino online, voc\u00ea pode usar an\u00e1lises de especialistas na ind\u00fastria de jogos de azar e ler avalia\u00e7\u00f5es de jogadores reais. Para come\u00e7ar&#8230;<\/p>\n","protected":false},"author":1,"featured_media":0,"parent":0,"menu_order":0,"comment_status":"closed","ping_status":"closed","template":"","meta":{"footnotes":""},"class_list":["post-14","page","type-page","status-publish","hentry"],"yoast_head":"<!-- This site is optimized with the Yoast SEO plugin v27.2 - https:\/\/yoast.com\/product\/yoast-seo-wordpress\/ -->\n<title>\u0413\u0434\u0435 \u0438\u0433\u0440\u0430\u0442\u044c \u0432 \u0441\u043b\u043e\u0442 Lavish Joker<\/title>\n<meta name=\"description\" content=\"Escolha um cassino online para jogar na m\u00e1quina de ca\u00e7a-n\u00edqueis Lavish Joker. Onde jogar e ganhar na m\u00e1quina de ca\u00e7a-n\u00edqueis Lavish Joker. Selecione o melhor cassino online\" \/>\n<meta name=\"robots\" content=\"index, follow, max-snippet:-1, max-image-preview:large, max-video-preview:-1\" \/>\n<link rel=\"canonical\" href=\"https:\/\/auto-joker123.com\/pt\/where-to-play-lavish-joker\/\" \/>\n<meta property=\"og:locale\" content=\"pt_PT\" \/>\n<meta property=\"og:locale:alternate\" content=\"ru_RU\" \/>\n<meta property=\"og:locale:alternate\" content=\"en_US\" \/>\n<meta property=\"og:locale:alternate\" content=\"es_ES\" \/>\n<meta property=\"og:locale:alternate\" content=\"ro_RO\" \/>\n<meta property=\"og:locale:alternate\" content=\"bg_BG\" \/>\n<meta property=\"og:locale:alternate\" content=\"sr_RS\" \/>\n<meta property=\"og:locale:alternate\" content=\"pl_PL\" \/>\n<meta property=\"og:locale:alternate\" content=\"it_IT\" \/>\n<meta property=\"og:locale:alternate\" content=\"fr_FR\" \/>\n<meta property=\"og:type\" content=\"article\" \/>\n<meta property=\"og:title\" content=\"\u0413\u0434\u0435 \u0438\u0433\u0440\u0430\u0442\u044c \u0432 \u0441\u043b\u043e\u0442 Lavish Joker\" \/>\n<meta property=\"og:description\" content=\"\u0412\u044b\u0431\u0440\u0430\u0442\u044c \u043e\u043d\u043b\u0430\u0439\u043d \u043a\u0430\u0437\u0438\u043d\u043e \u0434\u043b\u044f \u0438\u0433\u0440\u044b \u0432 \u0441\u043b\u043e\u0442 Lavish Joker. \u0413\u0434\u0435 \u0438\u0433\u0440\u0430\u0442\u044c \u0438 \u043f\u043e\u0431\u0435\u0436\u0434\u0430\u0442\u044c \u0432 \u0441\u043b\u043e\u0442 Lavish Joker. \u0412\u044b\u0431\u0440\u0430\u0442\u044c \u043b\u0443\u0447\u0448\u0435\u0435 \u043e\u043d\u043b\u0430\u0439\u043d \u043a\u0430\u0437\u0438\u043d\u043e\" \/>\n<meta property=\"og:url\" content=\"https:\/\/auto-joker123.com\/pt\/where-to-play-lavish-joker\/\" \/>\n<meta property=\"og:site_name\" content=\"Lavish Joker\" \/>\n<meta property=\"article:modified_time\" content=\"2024-03-22T18:35:35+00:00\" \/>\n<meta name=\"twitter:card\" content=\"summary_large_image\" \/>\n<meta name=\"twitter:label1\" content=\"Tempo estimado de leitura\" \/>\n\t<meta name=\"twitter:data1\" content=\"10 minutos\" \/>\n<script type=\"application\/ld+json\" class=\"yoast-schema-graph\">{\"@context\":\"https:\/\/schema.org\",\"@graph\":[{\"@type\":\"WebPage\",\"@id\":\"https:\/\/auto-joker123.com\/where-to-play-lavish-joker\/\",\"url\":\"https:\/\/auto-joker123.com\/where-to-play-lavish-joker\/\",\"name\":\"\u0413\u0434\u0435 \u0438\u0433\u0440\u0430\u0442\u044c \u0432 \u0441\u043b\u043e\u0442 Lavish Joker\",\"isPartOf\":{\"@id\":\"https:\/\/auto-joker123.com\/#website\"},\"datePublished\":\"2024-01-04T17:16:46+00:00\",\"dateModified\":\"2024-03-22T18:35:35+00:00\",\"description\":\"\u0412\u044b\u0431\u0440\u0430\u0442\u044c \u043e\u043d\u043b\u0430\u0439\u043d \u043a\u0430\u0437\u0438\u043d\u043e \u0434\u043b\u044f \u0438\u0433\u0440\u044b \u0432 \u0441\u043b\u043e\u0442 Lavish Joker. \u0413\u0434\u0435 \u0438\u0433\u0440\u0430\u0442\u044c \u0438 \u043f\u043e\u0431\u0435\u0436\u0434\u0430\u0442\u044c \u0432 \u0441\u043b\u043e\u0442 Lavish Joker. \u0412\u044b\u0431\u0440\u0430\u0442\u044c \u043b\u0443\u0447\u0448\u0435\u0435 \u043e\u043d\u043b\u0430\u0439\u043d \u043a\u0430\u0437\u0438\u043d\u043e\",\"breadcrumb\":{\"@id\":\"https:\/\/auto-joker123.com\/where-to-play-lavish-joker\/#breadcrumb\"},\"inLanguage\":\"pt-PT\",\"potentialAction\":[{\"@type\":\"ReadAction\",\"target\":[\"https:\/\/auto-joker123.com\/where-to-play-lavish-joker\/\"]}]},{\"@type\":\"BreadcrumbList\",\"@id\":\"https:\/\/auto-joker123.com\/where-to-play-lavish-joker\/#breadcrumb\",\"itemListElement\":[{\"@type\":\"ListItem\",\"position\":1,\"name\":\"Home\",\"item\":\"https:\/\/auto-joker123.com\/\"},{\"@type\":\"ListItem\",\"position\":2,\"name\":\"\u0413\u0434\u0435 \u0438\u0433\u0440\u0430\u0442\u044c \u0432 \u0441\u043b\u043e\u0442 Lavish Joker\"}]},{\"@type\":\"WebSite\",\"@id\":\"https:\/\/auto-joker123.com\/#website\",\"url\":\"https:\/\/auto-joker123.com\/\",\"name\":\"Lavish Joker\",\"description\":\"\",\"potentialAction\":[{\"@type\":\"SearchAction\",\"target\":{\"@type\":\"EntryPoint\",\"urlTemplate\":\"https:\/\/auto-joker123.com\/?s={search_term_string}\"},\"query-input\":{\"@type\":\"PropertyValueSpecification\",\"valueRequired\":true,\"valueName\":\"search_term_string\"}}],\"inLanguage\":\"pt-PT\"}]}<\/script>\n<!-- \/ Yoast SEO plugin. -->","yoast_head_json":{"title":"\u0413\u0434\u0435 \u0438\u0433\u0440\u0430\u0442\u044c \u0432 \u0441\u043b\u043e\u0442 Lavish Joker","description":"Escolha um cassino online para jogar na m\u00e1quina de ca\u00e7a-n\u00edqueis Lavish Joker. Onde jogar e ganhar na m\u00e1quina de ca\u00e7a-n\u00edqueis Lavish Joker. Selecione o melhor cassino online","robots":{"index":"index","follow":"follow","max-snippet":"max-snippet:-1","max-image-preview":"max-image-preview:large","max-video-preview":"max-video-preview:-1"},"canonical":"https:\/\/auto-joker123.com\/pt\/where-to-play-lavish-joker\/","og_locale":"pt_PT","og_type":"article","og_title":"\u0413\u0434\u0435 \u0438\u0433\u0440\u0430\u0442\u044c \u0432 \u0441\u043b\u043e\u0442 Lavish Joker","og_description":"\u0412\u044b\u0431\u0440\u0430\u0442\u044c \u043e\u043d\u043b\u0430\u0439\u043d \u043a\u0430\u0437\u0438\u043d\u043e \u0434\u043b\u044f \u0438\u0433\u0440\u044b \u0432 \u0441\u043b\u043e\u0442 Lavish Joker. \u0413\u0434\u0435 \u0438\u0433\u0440\u0430\u0442\u044c \u0438 \u043f\u043e\u0431\u0435\u0436\u0434\u0430\u0442\u044c \u0432 \u0441\u043b\u043e\u0442 Lavish Joker. \u0412\u044b\u0431\u0440\u0430\u0442\u044c \u043b\u0443\u0447\u0448\u0435\u0435 \u043e\u043d\u043b\u0430\u0439\u043d \u043a\u0430\u0437\u0438\u043d\u043e","og_url":"https:\/\/auto-joker123.com\/pt\/where-to-play-lavish-joker\/","og_site_name":"Lavish Joker","article_modified_time":"2024-03-22T18:35:35+00:00","twitter_card":"summary_large_image","twitter_misc":{"Tempo estimado de leitura":"10 minutos"},"schema":{"@context":"https:\/\/schema.org","@graph":[{"@type":"WebPage","@id":"https:\/\/auto-joker123.com\/where-to-play-lavish-joker\/","url":"https:\/\/auto-joker123.com\/where-to-play-lavish-joker\/","name":"\u0413\u0434\u0435 \u0438\u0433\u0440\u0430\u0442\u044c \u0432 \u0441\u043b\u043e\u0442 Lavish Joker","isPartOf":{"@id":"https:\/\/auto-joker123.com\/#website"},"datePublished":"2024-01-04T17:16:46+00:00","dateModified":"2024-03-22T18:35:35+00:00","description":"\u0412\u044b\u0431\u0440\u0430\u0442\u044c \u043e\u043d\u043b\u0430\u0439\u043d \u043a\u0430\u0437\u0438\u043d\u043e \u0434\u043b\u044f \u0438\u0433\u0440\u044b \u0432 \u0441\u043b\u043e\u0442 Lavish Joker. \u0413\u0434\u0435 \u0438\u0433\u0440\u0430\u0442\u044c \u0438 \u043f\u043e\u0431\u0435\u0436\u0434\u0430\u0442\u044c \u0432 \u0441\u043b\u043e\u0442 Lavish Joker. \u0412\u044b\u0431\u0440\u0430\u0442\u044c \u043b\u0443\u0447\u0448\u0435\u0435 \u043e\u043d\u043b\u0430\u0439\u043d \u043a\u0430\u0437\u0438\u043d\u043e","breadcrumb":{"@id":"https:\/\/auto-joker123.com\/where-to-play-lavish-joker\/#breadcrumb"},"inLanguage":"pt-PT","potentialAction":[{"@type":"ReadAction","target":["https:\/\/auto-joker123.com\/where-to-play-lavish-joker\/"]}]},{"@type":"BreadcrumbList","@id":"https:\/\/auto-joker123.com\/where-to-play-lavish-joker\/#breadcrumb","itemListElement":[{"@type":"ListItem","position":1,"name":"Home","item":"https:\/\/auto-joker123.com\/"},{"@type":"ListItem","position":2,"name":"\u0413\u0434\u0435 \u0438\u0433\u0440\u0430\u0442\u044c \u0432 \u0441\u043b\u043e\u0442 Lavish Joker"}]},{"@type":"WebSite","@id":"https:\/\/auto-joker123.com\/#website","url":"https:\/\/auto-joker123.com\/","name":"Lavish Joker","description":"","potentialAction":[{"@type":"SearchAction","target":{"@type":"EntryPoint","urlTemplate":"https:\/\/auto-joker123.com\/?s={search_term_string}"},"query-input":{"@type":"PropertyValueSpecification","valueRequired":true,"valueName":"search_term_string"}}],"inLanguage":"pt-PT"}]}},"_links":{"self":[{"href":"https:\/\/auto-joker123.com\/pt\/wp-json\/wp\/v2\/pages\/14","targetHints":{"allow":["GET"]}}],"collection":[{"href":"https:\/\/auto-joker123.com\/pt\/wp-json\/wp\/v2\/pages"}],"about":[{"href":"https:\/\/auto-joker123.com\/pt\/wp-json\/wp\/v2\/types\/page"}],"author":[{"embeddable":true,"href":"https:\/\/auto-joker123.com\/pt\/wp-json\/wp\/v2\/users\/1"}],"replies":[{"embeddable":true,"href":"https:\/\/auto-joker123.com\/pt\/wp-json\/wp\/v2\/comments?post=14"}],"version-history":[{"count":23,"href":"https:\/\/auto-joker123.com\/pt\/wp-json\/wp\/v2\/pages\/14\/revisions"}],"predecessor-version":[{"id":151,"href":"https:\/\/auto-joker123.com\/pt\/wp-json\/wp\/v2\/pages\/14\/revisions\/151"}],"wp:attachment":[{"href":"https:\/\/auto-joker123.com\/pt\/wp-json\/wp\/v2\/media?parent=14"}],"curies":[{"name":"wp","href":"https:\/\/api.w.org\/{rel}","templated":true}]}}