{"id":8,"date":"2024-01-04T17:12:50","date_gmt":"2024-01-04T17:12:50","guid":{"rendered":"https:\/\/auto-joker123.com\/?page_id=8"},"modified":"2024-03-22T18:36:39","modified_gmt":"2024-03-22T18:36:39","slug":"lavish-joker-slot-advantages","status":"publish","type":"page","link":"https:\/\/auto-joker123.com\/pt\/lavish-joker-slot-advantages\/","title":{"rendered":"M\u00e1quina de Ca\u00e7a-n\u00edqueis Lavish Joker &#8211; Vantagens e Funcionalidades de B\u00f4nus"},"content":{"rendered":"<p>Nos modernos casinos online, h\u00e1 uma vasta variedade de m\u00e1quinas ca\u00e7a-n\u00edqueis de diferentes categorias e g\u00e9neros. Apesar da extensa sele\u00e7\u00e3o de entretenimentos de jogo, as slots cl\u00e1ssicas permanecem em alta demanda e s\u00e3o populares. Um modelo desse tipo \u00e9 a m\u00e1quina de ca\u00e7a-n\u00edqueis Lavish Joker, desenvolvida pela empresa bielorrussa Belatra Games. A slot surgiu nos casinos virtuais em 2020 e rapidamente atraiu a aten\u00e7\u00e3o dos jogadores. Regras simples, jogabilidade e navega\u00e7\u00e3o, juntamente com bons retornos e volatilidade, tornaram a m\u00e1quina de ca\u00e7a-n\u00edqueis um dos t\u00edtulos de destaque nos cat\u00e1logos dos estabelecimentos de jogos online.<\/p>\n<h2>Enredo, s\u00edmbolos e caracter\u00edsticas da m\u00e1quina de ca\u00e7a-n\u00edqueis Lavish Joker<\/h2>\n<p>A m\u00e1quina de ca\u00e7a-n\u00edqueis Lavish Joker \u00e9 baseada no tema do entretenimento de jogo. O tema cl\u00e1ssico, combinado com o design agrad\u00e1vel da slot, confere ao jogo uma atmosfera positiva e atrativa. O personagem principal da slot \u00e9 o Joker, que pode recompensar generosamente os jogadores com pr\u00e9mios em dinheiro substanciais. As bobinas da m\u00e1quina de v\u00eddeo s\u00e3o rapidamente preenchidas com s\u00edmbolos de cartas de jogo, fichas de poker e o personagem principal. As principais caracter\u00edsticas da m\u00e1quina de ca\u00e7a-n\u00edqueis Lavish Joker incluem:<\/p>\n<ul>\n<li>O percentual te\u00f3rico de retorno ao jogador \u00e9 de 94,62%;<\/li>\n<li>O jogo tem um n\u00edvel m\u00e9dio de volatilidade;<\/li>\n<li>O s\u00edmbolo wild pode substituir todas as imagens na tela;<\/li>\n<li>O wild ajuda a formar combina\u00e7\u00f5es vencedoras de s\u00edmbolos;<\/li>\n<li>Um jogo de risco com chances iguais est\u00e1 implementado na slot;<\/li>\n<li>A slot \u00e9 suportada em dispositivos m\u00f3veis e de secret\u00e1ria;<\/li>\n<li>Lavish Joker pode ser jogado com dinheiro real e gratuitamente;<\/li>\n<li>As apostas s\u00e3o aceitas em euros, libras, d\u00f3lares e outras moedas;<\/li>\n<li>No modo de demonstra\u00e7\u00e3o, o n\u00famero de cr\u00e9ditos virtuais \u00e9 ilimitado;<\/li>\n<li>A slot est\u00e1 dispon\u00edvel em muitos casinos online conhecidos;<\/li>\n<li>A quantia m\u00ednima de aposta \u00e9 de 0,1 euro (d\u00f3lares);<\/li>\n<li>O limite m\u00e1ximo de aposta na slot \u00e9 20 (euros, d\u00f3lares, libras);<\/li>\n<li>O tamanho m\u00e1ximo do pr\u00e9mio atinge at\u00e9 x1000 as apostas.<\/li>\n<\/ul>\n<p>A m\u00e1quina de ca\u00e7a-n\u00edqueis Lavish Joker possui 5 bobinas dispostas em tr\u00eas filas. Os pr\u00e9mios s\u00e3o concedidos ao longo de dez linhas fixas e s\u00e3o considerados em ambas as dire\u00e7\u00f5es &#8211; da direita para a esquerda e da esquerda para a direita. Isso d\u00e1 aos jogadores chances adicionais de obter uma vit\u00f3ria significativa.<\/p>\n","protected":false},"excerpt":{"rendered":"<p>Nos modernos casinos online, h\u00e1 uma vasta variedade de m\u00e1quinas ca\u00e7a-n\u00edqueis de diferentes categorias e g\u00e9neros. Apesar da extensa sele\u00e7\u00e3o de entretenimentos de jogo, as slots cl\u00e1ssicas permanecem em alta demanda e s\u00e3o populares. Um modelo desse tipo \u00e9 a m\u00e1quina de ca\u00e7a-n\u00edqueis Lavish Joker, desenvolvida pela empresa bielorrussa Belatra Games. A slot surgiu nos&#8230;<\/p>\n","protected":false},"author":1,"featured_media":0,"parent":0,"menu_order":0,"comment_status":"closed","ping_status":"closed","template":"","meta":{"footnotes":""},"class_list":["post-8","page","type-page","status-publish","hentry"],"yoast_head":"<!-- This site is optimized with the Yoast SEO plugin v27.2 - https:\/\/yoast.com\/product\/yoast-seo-wordpress\/ -->\n<title>Slot Machine Lavish Joker: Vantaggi<\/title>\n<meta name=\"description\" content=\"Por que escolher o Lavish Joker para jogar: enredo, s\u00edmbolos e vantagens do jogo. Jogue agora.\" \/>\n<meta name=\"robots\" content=\"index, follow, max-snippet:-1, max-image-preview:large, max-video-preview:-1\" \/>\n<link rel=\"canonical\" href=\"https:\/\/auto-joker123.com\/pt\/lavish-joker-slot-advantages\/\" \/>\n<meta property=\"og:locale\" content=\"pt_PT\" \/>\n<meta property=\"og:locale:alternate\" content=\"ru_RU\" \/>\n<meta property=\"og:locale:alternate\" content=\"en_US\" \/>\n<meta property=\"og:locale:alternate\" content=\"es_ES\" \/>\n<meta property=\"og:locale:alternate\" content=\"ro_RO\" \/>\n<meta property=\"og:locale:alternate\" content=\"bg_BG\" \/>\n<meta property=\"og:locale:alternate\" content=\"sr_RS\" \/>\n<meta property=\"og:locale:alternate\" content=\"pl_PL\" \/>\n<meta property=\"og:locale:alternate\" content=\"it_IT\" \/>\n<meta property=\"og:locale:alternate\" content=\"fr_FR\" \/>\n<meta property=\"og:type\" content=\"article\" \/>\n<meta property=\"og:title\" content=\"Slot Machine Lavish Joker: Vantaggi\" \/>\n<meta property=\"og:description\" content=\"Perch\u00e9 scegliere Lavish Joker per giocare: trama, simboli e vantaggi del gioco. Gioca ora.\" \/>\n<meta property=\"og:url\" content=\"https:\/\/auto-joker123.com\/pt\/lavish-joker-slot-advantages\/\" \/>\n<meta property=\"og:site_name\" content=\"Lavish Joker\" \/>\n<meta property=\"article:modified_time\" content=\"2024-03-22T18:36:39+00:00\" \/>\n<meta name=\"twitter:card\" content=\"summary_large_image\" \/>\n<meta name=\"twitter:label1\" content=\"Tempo estimado de leitura\" \/>\n\t<meta name=\"twitter:data1\" content=\"14 minutos\" \/>\n<script type=\"application\/ld+json\" class=\"yoast-schema-graph\">{\"@context\":\"https:\/\/schema.org\",\"@graph\":[{\"@type\":\"WebPage\",\"@id\":\"https:\/\/auto-joker123.com\/it\/lavish-joker-slot-advantages\/\",\"url\":\"https:\/\/auto-joker123.com\/it\/lavish-joker-slot-advantages\/\",\"name\":\"Slot Machine Lavish Joker: Vantaggi\",\"isPartOf\":{\"@id\":\"https:\/\/auto-joker123.com\/#website\"},\"datePublished\":\"2024-01-04T17:12:50+00:00\",\"dateModified\":\"2024-03-22T18:36:39+00:00\",\"description\":\"Perch\u00e9 scegliere Lavish Joker per giocare: trama, simboli e vantaggi del gioco. Gioca ora.\",\"breadcrumb\":{\"@id\":\"https:\/\/auto-joker123.com\/it\/lavish-joker-slot-advantages\/#breadcrumb\"},\"inLanguage\":\"pt-PT\",\"potentialAction\":[{\"@type\":\"ReadAction\",\"target\":[\"https:\/\/auto-joker123.com\/it\/lavish-joker-slot-advantages\/\"]}]},{\"@type\":\"BreadcrumbList\",\"@id\":\"https:\/\/auto-joker123.com\/it\/lavish-joker-slot-advantages\/#breadcrumb\",\"itemListElement\":[{\"@type\":\"ListItem\",\"position\":1,\"name\":\"Home\",\"item\":\"https:\/\/auto-joker123.com\/\"},{\"@type\":\"ListItem\",\"position\":2,\"name\":\"Slot Machine Lavish Joker &#8211; Vantaggi e Funzionalit\u00e0 Bonus\"}]},{\"@type\":\"WebSite\",\"@id\":\"https:\/\/auto-joker123.com\/#website\",\"url\":\"https:\/\/auto-joker123.com\/\",\"name\":\"Lavish Joker\",\"description\":\"\",\"potentialAction\":[{\"@type\":\"SearchAction\",\"target\":{\"@type\":\"EntryPoint\",\"urlTemplate\":\"https:\/\/auto-joker123.com\/?s={search_term_string}\"},\"query-input\":{\"@type\":\"PropertyValueSpecification\",\"valueRequired\":true,\"valueName\":\"search_term_string\"}}],\"inLanguage\":\"pt-PT\"}]}<\/script>\n<!-- \/ Yoast SEO plugin. -->","yoast_head_json":{"title":"Slot Machine Lavish Joker: Vantaggi","description":"Por que escolher o Lavish Joker para jogar: enredo, s\u00edmbolos e vantagens do jogo. Jogue agora.","robots":{"index":"index","follow":"follow","max-snippet":"max-snippet:-1","max-image-preview":"max-image-preview:large","max-video-preview":"max-video-preview:-1"},"canonical":"https:\/\/auto-joker123.com\/pt\/lavish-joker-slot-advantages\/","og_locale":"pt_PT","og_type":"article","og_title":"Slot Machine Lavish Joker: Vantaggi","og_description":"Perch\u00e9 scegliere Lavish Joker per giocare: trama, simboli e vantaggi del gioco. Gioca ora.","og_url":"https:\/\/auto-joker123.com\/pt\/lavish-joker-slot-advantages\/","og_site_name":"Lavish Joker","article_modified_time":"2024-03-22T18:36:39+00:00","twitter_card":"summary_large_image","twitter_misc":{"Tempo estimado de leitura":"14 minutos"},"schema":{"@context":"https:\/\/schema.org","@graph":[{"@type":"WebPage","@id":"https:\/\/auto-joker123.com\/it\/lavish-joker-slot-advantages\/","url":"https:\/\/auto-joker123.com\/it\/lavish-joker-slot-advantages\/","name":"Slot Machine Lavish Joker: Vantaggi","isPartOf":{"@id":"https:\/\/auto-joker123.com\/#website"},"datePublished":"2024-01-04T17:12:50+00:00","dateModified":"2024-03-22T18:36:39+00:00","description":"Perch\u00e9 scegliere Lavish Joker per giocare: trama, simboli e vantaggi del gioco. Gioca ora.","breadcrumb":{"@id":"https:\/\/auto-joker123.com\/it\/lavish-joker-slot-advantages\/#breadcrumb"},"inLanguage":"pt-PT","potentialAction":[{"@type":"ReadAction","target":["https:\/\/auto-joker123.com\/it\/lavish-joker-slot-advantages\/"]}]},{"@type":"BreadcrumbList","@id":"https:\/\/auto-joker123.com\/it\/lavish-joker-slot-advantages\/#breadcrumb","itemListElement":[{"@type":"ListItem","position":1,"name":"Home","item":"https:\/\/auto-joker123.com\/"},{"@type":"ListItem","position":2,"name":"Slot Machine Lavish Joker &#8211; Vantaggi e Funzionalit\u00e0 Bonus"}]},{"@type":"WebSite","@id":"https:\/\/auto-joker123.com\/#website","url":"https:\/\/auto-joker123.com\/","name":"Lavish Joker","description":"","potentialAction":[{"@type":"SearchAction","target":{"@type":"EntryPoint","urlTemplate":"https:\/\/auto-joker123.com\/?s={search_term_string}"},"query-input":{"@type":"PropertyValueSpecification","valueRequired":true,"valueName":"search_term_string"}}],"inLanguage":"pt-PT"}]}},"_links":{"self":[{"href":"https:\/\/auto-joker123.com\/pt\/wp-json\/wp\/v2\/pages\/8","targetHints":{"allow":["GET"]}}],"collection":[{"href":"https:\/\/auto-joker123.com\/pt\/wp-json\/wp\/v2\/pages"}],"about":[{"href":"https:\/\/auto-joker123.com\/pt\/wp-json\/wp\/v2\/types\/page"}],"author":[{"embeddable":true,"href":"https:\/\/auto-joker123.com\/pt\/wp-json\/wp\/v2\/users\/1"}],"replies":[{"embeddable":true,"href":"https:\/\/auto-joker123.com\/pt\/wp-json\/wp\/v2\/comments?post=8"}],"version-history":[{"count":19,"href":"https:\/\/auto-joker123.com\/pt\/wp-json\/wp\/v2\/pages\/8\/revisions"}],"predecessor-version":[{"id":152,"href":"https:\/\/auto-joker123.com\/pt\/wp-json\/wp\/v2\/pages\/8\/revisions\/152"}],"wp:attachment":[{"href":"https:\/\/auto-joker123.com\/pt\/wp-json\/wp\/v2\/media?parent=8"}],"curies":[{"name":"wp","href":"https:\/\/api.w.org\/{rel}","templated":true}]}}