{"id":10,"date":"2024-01-04T17:15:47","date_gmt":"2024-01-04T17:15:47","guid":{"rendered":"https:\/\/auto-joker123.com\/?page_id=10"},"modified":"2024-03-22T18:32:37","modified_gmt":"2024-03-22T18:32:37","slug":"lavish-joker-bonus-options","status":"publish","type":"page","link":"https:\/\/auto-joker123.com\/ro\/lavish-joker-bonus-options\/","title":{"rendered":"Op\u021biunile de Bonus ale Slotului Lavish Joker"},"content":{"rendered":"<p>Dezvoltatorul bielorus Belatra Games a acordat o aten\u021bie deosebit\u0103 caracteristicilor bonus interesante \u00een crearea clasicului slot video. \u00cen ciuda lipsei de rotiri gratuite \u0219i simboluri scatter, jocul poate r\u0103spl\u0103ti generos pariorul datorit\u0103 oportunit\u0103\u021bilor sale bune de bonus:<\/p>\n<ul>\n<li>Jocul de risc \u2013 un nivel de dublare care poate fi activat dup\u0103 fiecare rotire c\u00e2\u0219tig\u0103toare. Parioul trebuie s\u0103 ghiceasc\u0103 corect culoarea sau valoarea c\u0103r\u021bii \u00eenchise de pe ecran, s\u0103 \u00eenving\u0103 dealerul \u0219i s\u0103 primeasc\u0103 recompense duble.<\/li>\n<li>Roata Norocului \u2013 un nivel bonus \u00eentr-o loca\u021bie nou\u0103, activat pe m\u0103sur\u0103 ce bara de progres se umple cu puncte de joc. Sectoarele ro\u021bii con\u021bin premii \u00een bani, multiplicatori de pariuri \u0219i un jackpot mare care merge celui mai norocos juc\u0103tor.<\/li>\n<li>Simbolul wild are caracteristici bonus. Wild poate \u00eenlocui alte icoane, contribuind la formarea combina\u021biilor c\u00e2\u0219tig\u0103toare. \u00cen plus, simbolul wild se poate extinde \u00eentr-un mega-simbol cu o dimensiune de 3&#215;3 celule.<\/li>\n<\/ul>\n<p>Slotul Lavish Joker este potrivit at\u00e2t pentru \u00eencep\u0103tori, c\u00e2t \u0219i pentru pariorii experimenta\u021bi. Datorit\u0103 regulilor simple \u0219i gameplay-ului, noii vizitatori ai cazinoului pot \u00een\u021belege u\u0219or mecanica \u0219i caracteristicile slotului video. Pentru juc\u0103torii profesioni\u0219ti, aceast\u0103 variant\u0103 reprezint\u0103 o oportunitate excelent\u0103 de a ob\u021bine o victorie mare \u00een runda bonus de la Roata Norocului.<\/p>\n","protected":false},"excerpt":{"rendered":"<p>Dezvoltatorul bielorus Belatra Games a acordat o aten\u021bie deosebit\u0103 caracteristicilor bonus interesante \u00een crearea clasicului slot video. \u00cen ciuda lipsei de rotiri gratuite \u0219i simboluri scatter, jocul poate r\u0103spl\u0103ti generos pariorul datorit\u0103 oportunit\u0103\u021bilor sale bune de bonus: Jocul de risc \u2013 un nivel de dublare care poate fi activat dup\u0103 fiecare rotire c\u00e2\u0219tig\u0103toare. Parioul trebuie&#8230;<\/p>\n","protected":false},"author":1,"featured_media":0,"parent":0,"menu_order":0,"comment_status":"closed","ping_status":"closed","template":"","meta":{"footnotes":""},"class_list":["post-10","page","type-page","status-publish","hentry"],"yoast_head":"<!-- This site is optimized with the Yoast SEO plugin v27.2 - https:\/\/yoast.com\/product\/yoast-seo-wordpress\/ -->\n<title>Op\u021biunile de Bonus ale Slotului Lavish Joker<\/title>\n<meta name=\"robots\" content=\"index, follow, max-snippet:-1, max-image-preview:large, max-video-preview:-1\" \/>\n<link rel=\"canonical\" href=\"https:\/\/auto-joker123.com\/ro\/lavish-joker-bonus-options\/\" \/>\n<meta property=\"og:locale\" content=\"ro_RO\" \/>\n<meta property=\"og:locale:alternate\" content=\"ru_RU\" \/>\n<meta property=\"og:locale:alternate\" content=\"en_US\" \/>\n<meta property=\"og:locale:alternate\" content=\"pt_PT\" \/>\n<meta property=\"og:locale:alternate\" content=\"es_ES\" \/>\n<meta property=\"og:locale:alternate\" content=\"bg_BG\" \/>\n<meta property=\"og:locale:alternate\" content=\"sr_RS\" \/>\n<meta property=\"og:locale:alternate\" content=\"pl_PL\" \/>\n<meta property=\"og:locale:alternate\" content=\"it_IT\" \/>\n<meta property=\"og:locale:alternate\" content=\"fr_FR\" \/>\n<meta property=\"og:type\" content=\"article\" \/>\n<meta property=\"og:title\" content=\"Op\u021biunile de Bonus ale Slotului Lavish Joker\" \/>\n<meta property=\"og:description\" content=\"Dezvoltatorul bielorus Belatra Games a acordat o aten\u021bie deosebit\u0103 caracteristicilor bonus interesante \u00een crearea clasicului slot video. \u00cen ciuda lipsei de rotiri gratuite \u0219i simboluri scatter, jocul poate r\u0103spl\u0103ti generos pariorul datorit\u0103 oportunit\u0103\u021bilor sale bune de bonus: Jocul de risc \u2013 un nivel de dublare care poate fi activat dup\u0103 fiecare rotire c\u00e2\u0219tig\u0103toare. Parioul trebuie...\" \/>\n<meta property=\"og:url\" content=\"https:\/\/auto-joker123.com\/ro\/lavish-joker-bonus-options\/\" \/>\n<meta property=\"og:site_name\" content=\"Lavish Joker\" \/>\n<meta property=\"article:modified_time\" content=\"2024-03-22T18:32:37+00:00\" \/>\n<meta name=\"twitter:card\" content=\"summary_large_image\" \/>\n<meta name=\"twitter:label1\" content=\"Timp estimat pentru citire\" \/>\n\t<meta name=\"twitter:data1\" content=\"8 minute\" \/>\n<script type=\"application\/ld+json\" class=\"yoast-schema-graph\">{\"@context\":\"https:\/\/schema.org\",\"@graph\":[{\"@type\":\"WebPage\",\"@id\":\"https:\/\/auto-joker123.com\/sr\/lavish-joker-bonus-options\/\",\"url\":\"https:\/\/auto-joker123.com\/sr\/lavish-joker-bonus-options\/\",\"name\":\"Op\u021biunile de Bonus ale Slotului Lavish Joker\",\"isPartOf\":{\"@id\":\"https:\/\/auto-joker123.com\/#website\"},\"datePublished\":\"2024-01-04T17:15:47+00:00\",\"dateModified\":\"2024-03-22T18:32:37+00:00\",\"breadcrumb\":{\"@id\":\"https:\/\/auto-joker123.com\/sr\/lavish-joker-bonus-options\/#breadcrumb\"},\"inLanguage\":\"ro-RO\",\"potentialAction\":[{\"@type\":\"ReadAction\",\"target\":[\"https:\/\/auto-joker123.com\/sr\/lavish-joker-bonus-options\/\"]}]},{\"@type\":\"BreadcrumbList\",\"@id\":\"https:\/\/auto-joker123.com\/sr\/lavish-joker-bonus-options\/#breadcrumb\",\"itemListElement\":[{\"@type\":\"ListItem\",\"position\":1,\"name\":\"Home\",\"item\":\"https:\/\/auto-joker123.com\/\"},{\"@type\":\"ListItem\",\"position\":2,\"name\":\"\u0411\u043e\u043d\u0443\u0441\u043d\u0435 \u043e\u043f\u0446\u0438\u0458\u0435 \u0438\u0433\u0440\u0435 \u043d\u0430 \u0441\u043b\u043e\u0442 \u043c\u0430\u0448\u0438\u043d\u0438 Lavish Joker\"}]},{\"@type\":\"WebSite\",\"@id\":\"https:\/\/auto-joker123.com\/#website\",\"url\":\"https:\/\/auto-joker123.com\/\",\"name\":\"Lavish Joker\",\"description\":\"\",\"potentialAction\":[{\"@type\":\"SearchAction\",\"target\":{\"@type\":\"EntryPoint\",\"urlTemplate\":\"https:\/\/auto-joker123.com\/?s={search_term_string}\"},\"query-input\":{\"@type\":\"PropertyValueSpecification\",\"valueRequired\":true,\"valueName\":\"search_term_string\"}}],\"inLanguage\":\"ro-RO\"}]}<\/script>\n<!-- \/ Yoast SEO plugin. -->","yoast_head_json":{"title":"Op\u021biunile de Bonus ale Slotului Lavish Joker","robots":{"index":"index","follow":"follow","max-snippet":"max-snippet:-1","max-image-preview":"max-image-preview:large","max-video-preview":"max-video-preview:-1"},"canonical":"https:\/\/auto-joker123.com\/ro\/lavish-joker-bonus-options\/","og_locale":"ro_RO","og_type":"article","og_title":"[:ru]\u0411\u043e\u043d\u0443\u0441\u043d\u044b\u0435 \u043e\u043f\u0446\u0438\u0438 \u0438\u0433\u0440\u043e\u0432\u043e\u0433\u043e \u0430\u0432\u0442\u043e\u043c\u0430\u0442\u0430 Lavish Joker[:en]Bonus Options of the Lavish Joker Slot Machine[:pt]Op\u00e7\u00f5es de B\u00f4nus da M\u00e1quina de Ca\u00e7a-n\u00edqueis Lavish Joker[:es]Opciones de Bonificaci\u00f3n de la M\u00e1quina Tragamonedas Lavish Joker[:ro]Op\u021biunile de Bonus ale Slotului Lavish Joker[:bg]\u0411\u043e\u043d\u0443\u0441\u043d\u0438 \u043e\u043f\u0446\u0438\u0438 \u043d\u0430 \u0438\u0433\u0440\u043e\u0432\u0438\u044f \u0430\u0432\u0442\u043e\u043c\u0430\u0442 Lavish Joker[:sr]\u0411\u043e\u043d\u0443\u0441\u043d\u0435 \u043e\u043f\u0446\u0438\u0458\u0435 \u0438\u0433\u0440\u0435 \u043d\u0430 \u0441\u043b\u043e\u0442 \u043c\u0430\u0448\u0438\u043d\u0438 Lavish Joker[:pl]Opcje bonusowe w automacie do gry Lavish Joker[:it]Opzioni Bonus della Slot Machine Lavish Joker[:fr]Options Bonus de la Machine \u00e0 Sous Lavish Joker[:] - Lavish Joker","og_description":"Dezvoltatorul bielorus Belatra Games a acordat o aten\u021bie deosebit\u0103 caracteristicilor bonus interesante \u00een crearea clasicului slot video. \u00cen ciuda lipsei de rotiri gratuite \u0219i simboluri scatter, jocul poate r\u0103spl\u0103ti generos pariorul datorit\u0103 oportunit\u0103\u021bilor sale bune de bonus: Jocul de risc \u2013 un nivel de dublare care poate fi activat dup\u0103 fiecare rotire c\u00e2\u0219tig\u0103toare. Parioul trebuie...","og_url":"https:\/\/auto-joker123.com\/ro\/lavish-joker-bonus-options\/","og_site_name":"Lavish Joker","article_modified_time":"2024-03-22T18:32:37+00:00","twitter_card":"summary_large_image","twitter_misc":{"Timp estimat pentru citire":"8 minute"},"schema":{"@context":"https:\/\/schema.org","@graph":[{"@type":"WebPage","@id":"https:\/\/auto-joker123.com\/sr\/lavish-joker-bonus-options\/","url":"https:\/\/auto-joker123.com\/sr\/lavish-joker-bonus-options\/","name":"Op\u021biunile de Bonus ale Slotului Lavish Joker","isPartOf":{"@id":"https:\/\/auto-joker123.com\/#website"},"datePublished":"2024-01-04T17:15:47+00:00","dateModified":"2024-03-22T18:32:37+00:00","breadcrumb":{"@id":"https:\/\/auto-joker123.com\/sr\/lavish-joker-bonus-options\/#breadcrumb"},"inLanguage":"ro-RO","potentialAction":[{"@type":"ReadAction","target":["https:\/\/auto-joker123.com\/sr\/lavish-joker-bonus-options\/"]}]},{"@type":"BreadcrumbList","@id":"https:\/\/auto-joker123.com\/sr\/lavish-joker-bonus-options\/#breadcrumb","itemListElement":[{"@type":"ListItem","position":1,"name":"Home","item":"https:\/\/auto-joker123.com\/"},{"@type":"ListItem","position":2,"name":"\u0411\u043e\u043d\u0443\u0441\u043d\u0435 \u043e\u043f\u0446\u0438\u0458\u0435 \u0438\u0433\u0440\u0435 \u043d\u0430 \u0441\u043b\u043e\u0442 \u043c\u0430\u0448\u0438\u043d\u0438 Lavish Joker"}]},{"@type":"WebSite","@id":"https:\/\/auto-joker123.com\/#website","url":"https:\/\/auto-joker123.com\/","name":"Lavish Joker","description":"","potentialAction":[{"@type":"SearchAction","target":{"@type":"EntryPoint","urlTemplate":"https:\/\/auto-joker123.com\/?s={search_term_string}"},"query-input":{"@type":"PropertyValueSpecification","valueRequired":true,"valueName":"search_term_string"}}],"inLanguage":"ro-RO"}]}},"_links":{"self":[{"href":"https:\/\/auto-joker123.com\/ro\/wp-json\/wp\/v2\/pages\/10","targetHints":{"allow":["GET"]}}],"collection":[{"href":"https:\/\/auto-joker123.com\/ro\/wp-json\/wp\/v2\/pages"}],"about":[{"href":"https:\/\/auto-joker123.com\/ro\/wp-json\/wp\/v2\/types\/page"}],"author":[{"embeddable":true,"href":"https:\/\/auto-joker123.com\/ro\/wp-json\/wp\/v2\/users\/1"}],"replies":[{"embeddable":true,"href":"https:\/\/auto-joker123.com\/ro\/wp-json\/wp\/v2\/comments?post=10"}],"version-history":[{"count":21,"href":"https:\/\/auto-joker123.com\/ro\/wp-json\/wp\/v2\/pages\/10\/revisions"}],"predecessor-version":[{"id":150,"href":"https:\/\/auto-joker123.com\/ro\/wp-json\/wp\/v2\/pages\/10\/revisions\/150"}],"wp:attachment":[{"href":"https:\/\/auto-joker123.com\/ro\/wp-json\/wp\/v2\/media?parent=10"}],"curies":[{"name":"wp","href":"https:\/\/api.w.org\/{rel}","templated":true}]}}