{"id":14,"date":"2024-01-04T17:16:46","date_gmt":"2024-01-04T17:16:46","guid":{"rendered":"https:\/\/auto-joker123.com\/?page_id=14"},"modified":"2024-03-22T18:35:35","modified_gmt":"2024-03-22T18:35:35","slug":"where-to-play-lavish-joker","status":"publish","type":"page","link":"https:\/\/auto-joker123.com\/ro\/where-to-play-lavish-joker\/","title":{"rendered":"Unde s\u0103 Joci la Slotul Lavish Joker"},"content":{"rendered":"<p>Software-ul dezvoltatorului belarus este instalat \u00een multe cazinouri virtuale. La alegerea unui cazinou, merit\u0103 s\u0103 acorda\u021bi aten\u021bie cazinourilor licen\u021biate \u0219i de \u00eencredere cu un rating bun. Pentru a alege un cazinou online, pute\u021bi folosi recenziile exper\u021bilor din industria jocurilor de noroc \u0219i citi recenzii de la juc\u0103tori reali. Pentru a \u00eencepe s\u0103 juca\u021bi la slotul Lavish Joker cu bani reali, trebuie s\u0103 urma\u021bi c\u00e2\u021biva pa\u0219i simpli:<\/p>\n<ol>\n<li>Alege\u021bi un cazinou \u0219i accesa\u021bi site-ul oficial.<\/li>\n<li>Ap\u0103sa\u021bi butonul &#8222;\u00cenregistrare&#8221; \u0219i completa\u021bi formularul.<\/li>\n<li>Furniza\u021bi informa\u021bii personale \u0219i crea\u021bi o parol\u0103.<\/li>\n<li>Accesa\u021bi contul personal \u0219i verifica\u021bi-l.<\/li>\n<li>G\u0103si\u021bi sec\u021biunea &#8222;Casa de marcat&#8221; pentru a depune fonduri.<\/li>\n<li>Op\u021bional, activa\u021bi bonusurile de bun venit.<\/li>\n<li>Alege\u021bi slotul Lavish Joker din catalog \u0219i \u00eencepe\u021bi s\u0103 juca\u021bi.<\/li>\n<\/ol>\n<p>Pute\u021bi verifica pl\u0103\u021bile ma\u0219inii cu sloturi \u00een modul demo \u00een prealabil. Acest lucru v\u0103 va ajuta s\u0103 determina\u021bi dimensiunea pariului pe rotire, s\u0103 stabili\u021bi un buget \u0219i s\u0103 determina\u021bi durata sesiunii de joc. Unii pariori folosesc strategii de pariere pentru a primi mai multe pl\u0103\u021bi la ma\u0219inile cu sloturi \u0219i pentru a pierde mai pu\u021bin din propriile fonduri. \u00cen versiunea demo, este convenabil s\u0103 testa\u021bi diferite strategii pentru a evalua eficacitatea metodelor de pariere pe o ma\u0219in\u0103 specific\u0103.<\/p>\n<p>Modelul de joc Lavish Joker este solicitat de utilizatorii de jocuri de noroc. Slotul nu are rotiri gratuite la care juc\u0103torii sunt obi\u0219nui\u021bi, dar are o roat\u0103 a norocului profitabil\u0103. Prin \u00eenv\u00e2rtirea tamburului cu premii \u00een bani \u00een nivelul bonus al jocului, fiecare juc\u0103tor are \u0219ansa de a c\u00e2\u0219tiga mare.<\/p>\n","protected":false},"excerpt":{"rendered":"<p>Software-ul dezvoltatorului belarus este instalat \u00een multe cazinouri virtuale. La alegerea unui cazinou, merit\u0103 s\u0103 acorda\u021bi aten\u021bie cazinourilor licen\u021biate \u0219i de \u00eencredere cu un rating bun. Pentru a alege un cazinou online, pute\u021bi folosi recenziile exper\u021bilor din industria jocurilor de noroc \u0219i citi recenzii de la juc\u0103tori reali. Pentru a \u00eencepe s\u0103 juca\u021bi la slotul&#8230;<\/p>\n","protected":false},"author":1,"featured_media":0,"parent":0,"menu_order":0,"comment_status":"closed","ping_status":"closed","template":"","meta":{"footnotes":""},"class_list":["post-14","page","type-page","status-publish","hentry"],"yoast_head":"<!-- This site is optimized with the Yoast SEO plugin v27.2 - https:\/\/yoast.com\/product\/yoast-seo-wordpress\/ -->\n<title>\u0413\u0434\u0435 \u0438\u0433\u0440\u0430\u0442\u044c \u0432 \u0441\u043b\u043e\u0442 Lavish Joker<\/title>\n<meta name=\"description\" content=\"Alege un cazino online pentru a juca la slotul Lavish Joker. Unde s\u0103 joci \u0219i s\u0103 c\u00e2\u0219tigi la slotul Lavish Joker. Selecteaz\u0103 cel mai bun cazino online.\" \/>\n<meta name=\"robots\" content=\"index, follow, max-snippet:-1, max-image-preview:large, max-video-preview:-1\" \/>\n<link rel=\"canonical\" href=\"https:\/\/auto-joker123.com\/ro\/where-to-play-lavish-joker\/\" \/>\n<meta property=\"og:locale\" content=\"ro_RO\" \/>\n<meta property=\"og:locale:alternate\" content=\"ru_RU\" \/>\n<meta property=\"og:locale:alternate\" content=\"en_US\" \/>\n<meta property=\"og:locale:alternate\" content=\"pt_PT\" \/>\n<meta property=\"og:locale:alternate\" content=\"es_ES\" \/>\n<meta property=\"og:locale:alternate\" content=\"bg_BG\" \/>\n<meta property=\"og:locale:alternate\" content=\"sr_RS\" \/>\n<meta property=\"og:locale:alternate\" content=\"pl_PL\" \/>\n<meta property=\"og:locale:alternate\" content=\"it_IT\" \/>\n<meta property=\"og:locale:alternate\" content=\"fr_FR\" \/>\n<meta property=\"og:type\" content=\"article\" \/>\n<meta property=\"og:title\" content=\"\u0413\u0434\u0435 \u0438\u0433\u0440\u0430\u0442\u044c \u0432 \u0441\u043b\u043e\u0442 Lavish Joker\" \/>\n<meta property=\"og:description\" content=\"\u0412\u044b\u0431\u0440\u0430\u0442\u044c \u043e\u043d\u043b\u0430\u0439\u043d \u043a\u0430\u0437\u0438\u043d\u043e \u0434\u043b\u044f \u0438\u0433\u0440\u044b \u0432 \u0441\u043b\u043e\u0442 Lavish Joker. \u0413\u0434\u0435 \u0438\u0433\u0440\u0430\u0442\u044c \u0438 \u043f\u043e\u0431\u0435\u0436\u0434\u0430\u0442\u044c \u0432 \u0441\u043b\u043e\u0442 Lavish Joker. \u0412\u044b\u0431\u0440\u0430\u0442\u044c \u043b\u0443\u0447\u0448\u0435\u0435 \u043e\u043d\u043b\u0430\u0439\u043d \u043a\u0430\u0437\u0438\u043d\u043e\" \/>\n<meta property=\"og:url\" content=\"https:\/\/auto-joker123.com\/ro\/where-to-play-lavish-joker\/\" \/>\n<meta property=\"og:site_name\" content=\"Lavish Joker\" \/>\n<meta property=\"article:modified_time\" content=\"2024-03-22T18:35:35+00:00\" \/>\n<meta name=\"twitter:card\" content=\"summary_large_image\" \/>\n<meta name=\"twitter:label1\" content=\"Timp estimat pentru citire\" \/>\n\t<meta name=\"twitter:data1\" content=\"10 minute\" \/>\n<script type=\"application\/ld+json\" class=\"yoast-schema-graph\">{\"@context\":\"https:\/\/schema.org\",\"@graph\":[{\"@type\":\"WebPage\",\"@id\":\"https:\/\/auto-joker123.com\/where-to-play-lavish-joker\/\",\"url\":\"https:\/\/auto-joker123.com\/where-to-play-lavish-joker\/\",\"name\":\"\u0413\u0434\u0435 \u0438\u0433\u0440\u0430\u0442\u044c \u0432 \u0441\u043b\u043e\u0442 Lavish Joker\",\"isPartOf\":{\"@id\":\"https:\/\/auto-joker123.com\/#website\"},\"datePublished\":\"2024-01-04T17:16:46+00:00\",\"dateModified\":\"2024-03-22T18:35:35+00:00\",\"description\":\"\u0412\u044b\u0431\u0440\u0430\u0442\u044c \u043e\u043d\u043b\u0430\u0439\u043d \u043a\u0430\u0437\u0438\u043d\u043e \u0434\u043b\u044f \u0438\u0433\u0440\u044b \u0432 \u0441\u043b\u043e\u0442 Lavish Joker. \u0413\u0434\u0435 \u0438\u0433\u0440\u0430\u0442\u044c \u0438 \u043f\u043e\u0431\u0435\u0436\u0434\u0430\u0442\u044c \u0432 \u0441\u043b\u043e\u0442 Lavish Joker. \u0412\u044b\u0431\u0440\u0430\u0442\u044c \u043b\u0443\u0447\u0448\u0435\u0435 \u043e\u043d\u043b\u0430\u0439\u043d \u043a\u0430\u0437\u0438\u043d\u043e\",\"breadcrumb\":{\"@id\":\"https:\/\/auto-joker123.com\/where-to-play-lavish-joker\/#breadcrumb\"},\"inLanguage\":\"ro-RO\",\"potentialAction\":[{\"@type\":\"ReadAction\",\"target\":[\"https:\/\/auto-joker123.com\/where-to-play-lavish-joker\/\"]}]},{\"@type\":\"BreadcrumbList\",\"@id\":\"https:\/\/auto-joker123.com\/where-to-play-lavish-joker\/#breadcrumb\",\"itemListElement\":[{\"@type\":\"ListItem\",\"position\":1,\"name\":\"Home\",\"item\":\"https:\/\/auto-joker123.com\/\"},{\"@type\":\"ListItem\",\"position\":2,\"name\":\"\u0413\u0434\u0435 \u0438\u0433\u0440\u0430\u0442\u044c \u0432 \u0441\u043b\u043e\u0442 Lavish Joker\"}]},{\"@type\":\"WebSite\",\"@id\":\"https:\/\/auto-joker123.com\/#website\",\"url\":\"https:\/\/auto-joker123.com\/\",\"name\":\"Lavish Joker\",\"description\":\"\",\"potentialAction\":[{\"@type\":\"SearchAction\",\"target\":{\"@type\":\"EntryPoint\",\"urlTemplate\":\"https:\/\/auto-joker123.com\/?s={search_term_string}\"},\"query-input\":{\"@type\":\"PropertyValueSpecification\",\"valueRequired\":true,\"valueName\":\"search_term_string\"}}],\"inLanguage\":\"ro-RO\"}]}<\/script>\n<!-- \/ Yoast SEO plugin. -->","yoast_head_json":{"title":"\u0413\u0434\u0435 \u0438\u0433\u0440\u0430\u0442\u044c \u0432 \u0441\u043b\u043e\u0442 Lavish Joker","description":"Alege un cazino online pentru a juca la slotul Lavish Joker. Unde s\u0103 joci \u0219i s\u0103 c\u00e2\u0219tigi la slotul Lavish Joker. Selecteaz\u0103 cel mai bun cazino online.","robots":{"index":"index","follow":"follow","max-snippet":"max-snippet:-1","max-image-preview":"max-image-preview:large","max-video-preview":"max-video-preview:-1"},"canonical":"https:\/\/auto-joker123.com\/ro\/where-to-play-lavish-joker\/","og_locale":"ro_RO","og_type":"article","og_title":"\u0413\u0434\u0435 \u0438\u0433\u0440\u0430\u0442\u044c \u0432 \u0441\u043b\u043e\u0442 Lavish Joker","og_description":"\u0412\u044b\u0431\u0440\u0430\u0442\u044c \u043e\u043d\u043b\u0430\u0439\u043d \u043a\u0430\u0437\u0438\u043d\u043e \u0434\u043b\u044f \u0438\u0433\u0440\u044b \u0432 \u0441\u043b\u043e\u0442 Lavish Joker. \u0413\u0434\u0435 \u0438\u0433\u0440\u0430\u0442\u044c \u0438 \u043f\u043e\u0431\u0435\u0436\u0434\u0430\u0442\u044c \u0432 \u0441\u043b\u043e\u0442 Lavish Joker. \u0412\u044b\u0431\u0440\u0430\u0442\u044c \u043b\u0443\u0447\u0448\u0435\u0435 \u043e\u043d\u043b\u0430\u0439\u043d \u043a\u0430\u0437\u0438\u043d\u043e","og_url":"https:\/\/auto-joker123.com\/ro\/where-to-play-lavish-joker\/","og_site_name":"Lavish Joker","article_modified_time":"2024-03-22T18:35:35+00:00","twitter_card":"summary_large_image","twitter_misc":{"Timp estimat pentru citire":"10 minute"},"schema":{"@context":"https:\/\/schema.org","@graph":[{"@type":"WebPage","@id":"https:\/\/auto-joker123.com\/where-to-play-lavish-joker\/","url":"https:\/\/auto-joker123.com\/where-to-play-lavish-joker\/","name":"\u0413\u0434\u0435 \u0438\u0433\u0440\u0430\u0442\u044c \u0432 \u0441\u043b\u043e\u0442 Lavish Joker","isPartOf":{"@id":"https:\/\/auto-joker123.com\/#website"},"datePublished":"2024-01-04T17:16:46+00:00","dateModified":"2024-03-22T18:35:35+00:00","description":"\u0412\u044b\u0431\u0440\u0430\u0442\u044c \u043e\u043d\u043b\u0430\u0439\u043d \u043a\u0430\u0437\u0438\u043d\u043e \u0434\u043b\u044f \u0438\u0433\u0440\u044b \u0432 \u0441\u043b\u043e\u0442 Lavish Joker. \u0413\u0434\u0435 \u0438\u0433\u0440\u0430\u0442\u044c \u0438 \u043f\u043e\u0431\u0435\u0436\u0434\u0430\u0442\u044c \u0432 \u0441\u043b\u043e\u0442 Lavish Joker. \u0412\u044b\u0431\u0440\u0430\u0442\u044c \u043b\u0443\u0447\u0448\u0435\u0435 \u043e\u043d\u043b\u0430\u0439\u043d \u043a\u0430\u0437\u0438\u043d\u043e","breadcrumb":{"@id":"https:\/\/auto-joker123.com\/where-to-play-lavish-joker\/#breadcrumb"},"inLanguage":"ro-RO","potentialAction":[{"@type":"ReadAction","target":["https:\/\/auto-joker123.com\/where-to-play-lavish-joker\/"]}]},{"@type":"BreadcrumbList","@id":"https:\/\/auto-joker123.com\/where-to-play-lavish-joker\/#breadcrumb","itemListElement":[{"@type":"ListItem","position":1,"name":"Home","item":"https:\/\/auto-joker123.com\/"},{"@type":"ListItem","position":2,"name":"\u0413\u0434\u0435 \u0438\u0433\u0440\u0430\u0442\u044c \u0432 \u0441\u043b\u043e\u0442 Lavish Joker"}]},{"@type":"WebSite","@id":"https:\/\/auto-joker123.com\/#website","url":"https:\/\/auto-joker123.com\/","name":"Lavish Joker","description":"","potentialAction":[{"@type":"SearchAction","target":{"@type":"EntryPoint","urlTemplate":"https:\/\/auto-joker123.com\/?s={search_term_string}"},"query-input":{"@type":"PropertyValueSpecification","valueRequired":true,"valueName":"search_term_string"}}],"inLanguage":"ro-RO"}]}},"_links":{"self":[{"href":"https:\/\/auto-joker123.com\/ro\/wp-json\/wp\/v2\/pages\/14","targetHints":{"allow":["GET"]}}],"collection":[{"href":"https:\/\/auto-joker123.com\/ro\/wp-json\/wp\/v2\/pages"}],"about":[{"href":"https:\/\/auto-joker123.com\/ro\/wp-json\/wp\/v2\/types\/page"}],"author":[{"embeddable":true,"href":"https:\/\/auto-joker123.com\/ro\/wp-json\/wp\/v2\/users\/1"}],"replies":[{"embeddable":true,"href":"https:\/\/auto-joker123.com\/ro\/wp-json\/wp\/v2\/comments?post=14"}],"version-history":[{"count":23,"href":"https:\/\/auto-joker123.com\/ro\/wp-json\/wp\/v2\/pages\/14\/revisions"}],"predecessor-version":[{"id":151,"href":"https:\/\/auto-joker123.com\/ro\/wp-json\/wp\/v2\/pages\/14\/revisions\/151"}],"wp:attachment":[{"href":"https:\/\/auto-joker123.com\/ro\/wp-json\/wp\/v2\/media?parent=14"}],"curies":[{"name":"wp","href":"https:\/\/api.w.org\/{rel}","templated":true}]}}