{"id":6,"date":"2024-01-04T17:10:48","date_gmt":"2024-01-04T17:10:48","guid":{"rendered":"https:\/\/auto-joker123.com\/?page_id=6"},"modified":"2024-03-22T18:39:06","modified_gmt":"2024-03-22T18:39:06","slug":"lavish-joker","status":"publish","type":"page","link":"https:\/\/auto-joker123.com\/ro\/","title":{"rendered":"Slot Clasic Lavish Joker"},"content":{"rendered":"<p>Vechiul video slot Lavish Joker este un model popular al cunoscutei studiouri Belatra Games. Acest aparat a fost lansat de dezvoltator \u00een 2020 \u0219i a devenit una dintre activit\u0103\u021bile preferate ale juc\u0103torilor de cazino online. Lavish Joker poate fi jucat gratuit \u00een modul demo sau pe bani reali. Slotul ofer\u0103 perspective bune de c\u00e2\u0219tig, iar juc\u0103torii primesc adesea recompense. Pl\u0103\u021bile sunt calculate \u00een ambele direc\u021bii ale rolelor, oferind juc\u0103torilor mai multe \u0219anse de c\u00e2\u0219tig.<\/p>\n<h2>Caracteristici \u0219i Facilit\u0103\u021bi ale Slotului Lavish Joker<\/h2>\n<p>Un avantaj semnificativ al aparatului de slot Lavish Joker este prezen\u021ba a dou\u0103 jackpoturi progresive. Premiile sunt acordate aleatoriu dup\u0103 activarea Ro\u021bii Norocului, care determin\u0103 aleatoriu m\u0103rimea premiului. Caracteristicile \u0219i facilit\u0103\u021bile aparatului de slot includ:<\/p>\n<ul>\n<li>Un procent relativ sc\u0103zut al teoretic al return\u0103rii c\u0103tre juc\u0103tor de 94,62%;<\/li>\n<li>Nivel mediu de volatilitate al aparatului;<\/li>\n<li>Prezen\u021ba unor pictograme scumpe \u0219i cu plat\u0103 \u00eenalt\u0103;<\/li>\n<li>Design atr\u0103g\u0103tor cu elemente vizuale luminoase;<\/li>\n<li>Suport pentru slot pe toate tipurile de dispozitive;<\/li>\n<li>Dimensiunea minim\u0103 a pariului de 0,1 euro (dolari, lire sterline);<\/li>\n<li>Dimensiunea maxim\u0103 a pariului de 20 euro (dolari, lire sterline);<\/li>\n<li>C\u00e2\u0219tigul maxim al slotului este de x1000 din pariu;<\/li>\n<li>5 role \u00een 3 r\u00e2nduri \u0219i 10 linii de plat\u0103;<\/li>\n<li>Simbolul s\u0103lbatic \u0219i un joc bonus tematic cu Roata Norocului.<\/li>\n<\/ul>\n<p>Slotul Lavish Joker este potrivit pentru juc\u0103torii care doresc s\u0103 se concentreze pe un proces simplu \u0219i direct al pariurilor f\u0103r\u0103 prea multe caracteristici bonus. Slotul nu include rotiri gratuite, simboluri de disperare sau alte op\u021biuni unice. Cu toate acestea, slotul atrage aten\u021bia juc\u0103torilor de cazino cu reguli simple \u0219i un randament bun al pariurilor.<\/p>\n<h2>Bonusuri \u00een Slotul Lavish Joker<\/h2>\n<p>Dezvoltatorul belarus Belatra Games a implementat slotul Lavish Joker cu reguli simple \u0219i un gameplay simplificat. Pentru a cre\u0219te \u0219ansele juc\u0103torilor de a c\u00e2\u0219tiga, video slotul include urm\u0103toarele caracteristici bonus:<\/p>\n<ul>\n<li>Combin\u0103ri c\u00e2\u0219tig\u0103toare ale simbolurilor sunt formate \u00een ambele direc\u021bii \u2013 de la st\u00e2nga la dreapta \u0219i de la dreapta la st\u00e2nga, promov\u00e2nd pl\u0103\u021bi mai frecvente;<\/li>\n<li>Simbolul s\u0103lbatic poate \u00eenlocui orice icoane de pe ecran, ajut\u00e2nd la crearea de lan\u021buri c\u00e2\u0219tig\u0103toare \u0219i poate s\u0103 se extind\u0103 \u00een dimensiuni, ocup\u00e2nd 3&#215;3 celule pe role;<\/li>\n<li>Slotul dispune de un joc de risc cu \u0219anse egale, care poate fi activat dup\u0103 fiecare rotire c\u00e2\u0219tig\u0103toare, unde juc\u0103torii ghicesc valoarea sau culoarea unei c\u0103r\u021bi \u00eenchise;<\/li>\n<li>Roata Norocului este activat\u0103 pe m\u0103sur\u0103 ce bara de progres se umple cu puncte de joc, cu premii ascunse suplimentare \u0219i jackpotul slotului \u00een sectoarele Ro\u021bii Norocului.<\/li>\n<\/ul>\n<p>Personajul principal al slotului Lavish Joker este Jokerul, iar rolele prezint\u0103 simboluri legate de temele de joc \u2013 c\u0103r\u021bi de joc, jetoane de poker \u0219i role de ma\u0219ini cu sloturi. Interfa\u021ba simpl\u0103 \u0219i navigarea intuitiv\u0103 permit chiar \u0219i \u00eencep\u0103torilor s\u0103 joace \u0219i s\u0103 primeasc\u0103 c\u00e2\u0219tiguri la video slot f\u0103r\u0103 probleme. Principalele avantaje ale slotului includ prezen\u021ba unui joc bonus cu Roata Norocului \u0219i a unui rund de risc pentru dublarea pl\u0103\u021bilor.<\/p>\n","protected":false},"excerpt":{"rendered":"<p>Vechiul video slot Lavish Joker este un model popular al cunoscutei studiouri Belatra Games. Acest aparat a fost lansat de dezvoltator \u00een 2020 \u0219i a devenit una dintre activit\u0103\u021bile preferate ale juc\u0103torilor de cazino online. Lavish Joker poate fi jucat gratuit \u00een modul demo sau pe bani reali. Slotul ofer\u0103 perspective bune de c\u00e2\u0219tig, iar&#8230;<\/p>\n","protected":false},"author":1,"featured_media":0,"parent":0,"menu_order":0,"comment_status":"closed","ping_status":"closed","template":"","meta":{"footnotes":""},"class_list":["post-6","page","type-page","status-publish","hentry"],"yoast_head":"<!-- This site is optimized with the Yoast SEO plugin v27.2 - https:\/\/yoast.com\/product\/yoast-seo-wordpress\/ -->\n<title>\u0418\u0433\u0440\u0430\u0442\u044c \u0432 \u0438\u0433\u0440\u043e\u0432\u043e\u0439 \u0430\u0432\u0442\u043e\u043c\u0430\u0442 Lavish Joker \u0432 \u043e\u043d\u043b\u0430\u0439\u043d \u043a\u0430\u0437\u0438\u043d\u043e<\/title>\n<meta name=\"description\" content=\"Joac\u0103 \u0219i c\u00e2\u0219tig\u0103 bani reali la slotul Lavish Joker. Strategii \u0219i tactici, desc\u0103rcare pentru Android \u0219i iPhone, recenzii de la juc\u0103tori reali.\" \/>\n<meta name=\"robots\" content=\"index, follow, max-snippet:-1, max-image-preview:large, max-video-preview:-1\" \/>\n<link rel=\"canonical\" href=\"https:\/\/auto-joker123.com\/ro\/\" \/>\n<meta property=\"og:locale\" content=\"ro_RO\" \/>\n<meta property=\"og:locale:alternate\" content=\"ru_RU\" \/>\n<meta property=\"og:locale:alternate\" content=\"en_US\" \/>\n<meta property=\"og:locale:alternate\" content=\"pt_PT\" \/>\n<meta property=\"og:locale:alternate\" content=\"es_ES\" \/>\n<meta property=\"og:locale:alternate\" content=\"bg_BG\" \/>\n<meta property=\"og:locale:alternate\" content=\"sr_RS\" \/>\n<meta property=\"og:locale:alternate\" content=\"pl_PL\" \/>\n<meta property=\"og:locale:alternate\" content=\"it_IT\" \/>\n<meta property=\"og:locale:alternate\" content=\"fr_FR\" \/>\n<meta property=\"og:type\" content=\"article\" \/>\n<meta property=\"og:title\" content=\"\u0418\u0433\u0440\u0430\u0442\u044c \u0432 \u0438\u0433\u0440\u043e\u0432\u043e\u0439 \u0430\u0432\u0442\u043e\u043c\u0430\u0442 Lavish Joker \u0432 \u043e\u043d\u043b\u0430\u0439\u043d \u043a\u0430\u0437\u0438\u043d\u043e\" \/>\n<meta property=\"og:description\" content=\"\u0418\u0433\u0440\u0430\u0442\u044c \u0438 \u0432\u044b\u0438\u0433\u0440\u044b\u0432\u0430\u0442\u044c \u0432 \u0441\u043b\u043e\u0442\u0435 Lavish Joker \u0440\u0435\u0430\u043b\u044c\u043d\u044b\u0435 \u0434\u0435\u043d\u044c\u0433\u0438. \u0421\u0442\u0440\u0430\u0442\u0435\u0433\u0438\u0438 \u0438 \u0442\u0430\u043a\u0442\u0438\u043a\u0438, \u0441\u043a\u0430\u0447\u0430\u0442\u044c \u0410\u043d\u0434\u0440\u043e\u0438\u0434 \u0438 \u0430\u0439\u0444\u043e\u043d, \u043e\u0442\u0437\u044b\u0432\u044b \u0440\u0435\u0430\u043b\u044c\u043d\u044b\u0445 \u0438\u0433\u0440\u043e\u043a\u043e\u0432\" \/>\n<meta property=\"og:url\" content=\"https:\/\/auto-joker123.com\/ro\/\" \/>\n<meta property=\"og:site_name\" content=\"Lavish Joker\" \/>\n<meta property=\"article:modified_time\" content=\"2024-03-22T18:39:06+00:00\" \/>\n<meta name=\"twitter:card\" content=\"summary_large_image\" \/>\n<meta name=\"twitter:label1\" content=\"Timp estimat pentru citire\" \/>\n\t<meta name=\"twitter:data1\" content=\"19 minute\" \/>\n<script type=\"application\/ld+json\" class=\"yoast-schema-graph\">{\"@context\":\"https:\/\/schema.org\",\"@graph\":[{\"@type\":\"WebPage\",\"@id\":\"https:\/\/auto-joker123.com\/\",\"url\":\"https:\/\/auto-joker123.com\/\",\"name\":\"\u0418\u0433\u0440\u0430\u0442\u044c \u0432 \u0438\u0433\u0440\u043e\u0432\u043e\u0439 \u0430\u0432\u0442\u043e\u043c\u0430\u0442 Lavish Joker \u0432 \u043e\u043d\u043b\u0430\u0439\u043d \u043a\u0430\u0437\u0438\u043d\u043e\",\"isPartOf\":{\"@id\":\"https:\/\/auto-joker123.com\/#website\"},\"datePublished\":\"2024-01-04T17:10:48+00:00\",\"dateModified\":\"2024-03-22T18:39:06+00:00\",\"description\":\"\u0418\u0433\u0440\u0430\u0442\u044c \u0438 \u0432\u044b\u0438\u0433\u0440\u044b\u0432\u0430\u0442\u044c \u0432 \u0441\u043b\u043e\u0442\u0435 Lavish Joker \u0440\u0435\u0430\u043b\u044c\u043d\u044b\u0435 \u0434\u0435\u043d\u044c\u0433\u0438. \u0421\u0442\u0440\u0430\u0442\u0435\u0433\u0438\u0438 \u0438 \u0442\u0430\u043a\u0442\u0438\u043a\u0438, \u0441\u043a\u0430\u0447\u0430\u0442\u044c \u0410\u043d\u0434\u0440\u043e\u0438\u0434 \u0438 \u0430\u0439\u0444\u043e\u043d, \u043e\u0442\u0437\u044b\u0432\u044b \u0440\u0435\u0430\u043b\u044c\u043d\u044b\u0445 \u0438\u0433\u0440\u043e\u043a\u043e\u0432\",\"breadcrumb\":{\"@id\":\"https:\/\/auto-joker123.com\/#breadcrumb\"},\"inLanguage\":\"ro-RO\",\"potentialAction\":[{\"@type\":\"ReadAction\",\"target\":[\"https:\/\/auto-joker123.com\/\"]}]},{\"@type\":\"BreadcrumbList\",\"@id\":\"https:\/\/auto-joker123.com\/#breadcrumb\",\"itemListElement\":[{\"@type\":\"ListItem\",\"position\":1,\"name\":\"Home\",\"item\":\"https:\/\/auto-joker123.com\/\"},{\"@type\":\"ListItem\",\"position\":2,\"name\":\"\u041a\u043b\u0430\u0441\u0441\u0438\u0447\u0435\u0441\u043a\u0438\u0439 \u0438\u0433\u0440\u043e\u0432\u043e\u0439 \u0430\u0432\u0442\u043e\u043c\u0430\u0442 Lavish Joker\"}]},{\"@type\":\"WebSite\",\"@id\":\"https:\/\/auto-joker123.com\/#website\",\"url\":\"https:\/\/auto-joker123.com\/\",\"name\":\"Lavish Joker\",\"description\":\"\",\"potentialAction\":[{\"@type\":\"SearchAction\",\"target\":{\"@type\":\"EntryPoint\",\"urlTemplate\":\"https:\/\/auto-joker123.com\/?s={search_term_string}\"},\"query-input\":{\"@type\":\"PropertyValueSpecification\",\"valueRequired\":true,\"valueName\":\"search_term_string\"}}],\"inLanguage\":\"ro-RO\"}]}<\/script>\n<!-- \/ Yoast SEO plugin. -->","yoast_head_json":{"title":"\u0418\u0433\u0440\u0430\u0442\u044c \u0432 \u0438\u0433\u0440\u043e\u0432\u043e\u0439 \u0430\u0432\u0442\u043e\u043c\u0430\u0442 Lavish Joker \u0432 \u043e\u043d\u043b\u0430\u0439\u043d \u043a\u0430\u0437\u0438\u043d\u043e","description":"Joac\u0103 \u0219i c\u00e2\u0219tig\u0103 bani reali la slotul Lavish Joker. Strategii \u0219i tactici, desc\u0103rcare pentru Android \u0219i iPhone, recenzii de la juc\u0103tori reali.","robots":{"index":"index","follow":"follow","max-snippet":"max-snippet:-1","max-image-preview":"max-image-preview:large","max-video-preview":"max-video-preview:-1"},"canonical":"https:\/\/auto-joker123.com\/ro\/","og_locale":"ro_RO","og_type":"article","og_title":"\u0418\u0433\u0440\u0430\u0442\u044c \u0432 \u0438\u0433\u0440\u043e\u0432\u043e\u0439 \u0430\u0432\u0442\u043e\u043c\u0430\u0442 Lavish Joker \u0432 \u043e\u043d\u043b\u0430\u0439\u043d \u043a\u0430\u0437\u0438\u043d\u043e","og_description":"\u0418\u0433\u0440\u0430\u0442\u044c \u0438 \u0432\u044b\u0438\u0433\u0440\u044b\u0432\u0430\u0442\u044c \u0432 \u0441\u043b\u043e\u0442\u0435 Lavish Joker \u0440\u0435\u0430\u043b\u044c\u043d\u044b\u0435 \u0434\u0435\u043d\u044c\u0433\u0438. \u0421\u0442\u0440\u0430\u0442\u0435\u0433\u0438\u0438 \u0438 \u0442\u0430\u043a\u0442\u0438\u043a\u0438, \u0441\u043a\u0430\u0447\u0430\u0442\u044c \u0410\u043d\u0434\u0440\u043e\u0438\u0434 \u0438 \u0430\u0439\u0444\u043e\u043d, \u043e\u0442\u0437\u044b\u0432\u044b \u0440\u0435\u0430\u043b\u044c\u043d\u044b\u0445 \u0438\u0433\u0440\u043e\u043a\u043e\u0432","og_url":"https:\/\/auto-joker123.com\/ro\/","og_site_name":"Lavish Joker","article_modified_time":"2024-03-22T18:39:06+00:00","twitter_card":"summary_large_image","twitter_misc":{"Timp estimat pentru citire":"19 minute"},"schema":{"@context":"https:\/\/schema.org","@graph":[{"@type":"WebPage","@id":"https:\/\/auto-joker123.com\/","url":"https:\/\/auto-joker123.com\/","name":"\u0418\u0433\u0440\u0430\u0442\u044c \u0432 \u0438\u0433\u0440\u043e\u0432\u043e\u0439 \u0430\u0432\u0442\u043e\u043c\u0430\u0442 Lavish Joker \u0432 \u043e\u043d\u043b\u0430\u0439\u043d \u043a\u0430\u0437\u0438\u043d\u043e","isPartOf":{"@id":"https:\/\/auto-joker123.com\/#website"},"datePublished":"2024-01-04T17:10:48+00:00","dateModified":"2024-03-22T18:39:06+00:00","description":"\u0418\u0433\u0440\u0430\u0442\u044c \u0438 \u0432\u044b\u0438\u0433\u0440\u044b\u0432\u0430\u0442\u044c \u0432 \u0441\u043b\u043e\u0442\u0435 Lavish Joker \u0440\u0435\u0430\u043b\u044c\u043d\u044b\u0435 \u0434\u0435\u043d\u044c\u0433\u0438. \u0421\u0442\u0440\u0430\u0442\u0435\u0433\u0438\u0438 \u0438 \u0442\u0430\u043a\u0442\u0438\u043a\u0438, \u0441\u043a\u0430\u0447\u0430\u0442\u044c \u0410\u043d\u0434\u0440\u043e\u0438\u0434 \u0438 \u0430\u0439\u0444\u043e\u043d, \u043e\u0442\u0437\u044b\u0432\u044b \u0440\u0435\u0430\u043b\u044c\u043d\u044b\u0445 \u0438\u0433\u0440\u043e\u043a\u043e\u0432","breadcrumb":{"@id":"https:\/\/auto-joker123.com\/#breadcrumb"},"inLanguage":"ro-RO","potentialAction":[{"@type":"ReadAction","target":["https:\/\/auto-joker123.com\/"]}]},{"@type":"BreadcrumbList","@id":"https:\/\/auto-joker123.com\/#breadcrumb","itemListElement":[{"@type":"ListItem","position":1,"name":"Home","item":"https:\/\/auto-joker123.com\/"},{"@type":"ListItem","position":2,"name":"\u041a\u043b\u0430\u0441\u0441\u0438\u0447\u0435\u0441\u043a\u0438\u0439 \u0438\u0433\u0440\u043e\u0432\u043e\u0439 \u0430\u0432\u0442\u043e\u043c\u0430\u0442 Lavish Joker"}]},{"@type":"WebSite","@id":"https:\/\/auto-joker123.com\/#website","url":"https:\/\/auto-joker123.com\/","name":"Lavish Joker","description":"","potentialAction":[{"@type":"SearchAction","target":{"@type":"EntryPoint","urlTemplate":"https:\/\/auto-joker123.com\/?s={search_term_string}"},"query-input":{"@type":"PropertyValueSpecification","valueRequired":true,"valueName":"search_term_string"}}],"inLanguage":"ro-RO"}]}},"_links":{"self":[{"href":"https:\/\/auto-joker123.com\/ro\/wp-json\/wp\/v2\/pages\/6","targetHints":{"allow":["GET"]}}],"collection":[{"href":"https:\/\/auto-joker123.com\/ro\/wp-json\/wp\/v2\/pages"}],"about":[{"href":"https:\/\/auto-joker123.com\/ro\/wp-json\/wp\/v2\/types\/page"}],"author":[{"embeddable":true,"href":"https:\/\/auto-joker123.com\/ro\/wp-json\/wp\/v2\/users\/1"}],"replies":[{"embeddable":true,"href":"https:\/\/auto-joker123.com\/ro\/wp-json\/wp\/v2\/comments?post=6"}],"version-history":[{"count":20,"href":"https:\/\/auto-joker123.com\/ro\/wp-json\/wp\/v2\/pages\/6\/revisions"}],"predecessor-version":[{"id":154,"href":"https:\/\/auto-joker123.com\/ro\/wp-json\/wp\/v2\/pages\/6\/revisions\/154"}],"wp:attachment":[{"href":"https:\/\/auto-joker123.com\/ro\/wp-json\/wp\/v2\/media?parent=6"}],"curies":[{"name":"wp","href":"https:\/\/api.w.org\/{rel}","templated":true}]}}