{"id":8,"date":"2024-01-04T17:12:50","date_gmt":"2024-01-04T17:12:50","guid":{"rendered":"https:\/\/auto-joker123.com\/?page_id=8"},"modified":"2024-03-22T18:36:39","modified_gmt":"2024-03-22T18:36:39","slug":"lavish-joker-slot-advantages","status":"publish","type":"page","link":"https:\/\/auto-joker123.com\/ro\/lavish-joker-slot-advantages\/","title":{"rendered":"Slotul Lavish Joker &#8211; Avantaje \u0219i Func\u021bii Bonus"},"content":{"rendered":"<p>\u00cen cazinourile online moderne, exist\u0103 o gam\u0103 vast\u0103 de aparate slot de diferite categorii \u0219i genuri. \u00cen ciuda selec\u021biei extinse de distrac\u021bii de joc, sloturile clasice r\u0103m\u00e2n solicitate \u0219i populare. Un astfel de model este aparatul Lavish Joker dezvoltat de compania bielorus\u0103 Belatra Games. Slotul a ap\u0103rut \u00een cazinourile virtuale \u00een 2020 \u0219i a atras rapid aten\u021bia juc\u0103torilor. Regulile simple, gameplay-ul \u0219i navigarea, \u00eempreun\u0103 cu randamentul \u0219i volatilitatea bune, au f\u0103cut ca acest aparat s\u0103 fie unul dintre titlurile de succes din cataloagele casinourilor online.<\/p>\n<h2>Intriga, simbolurile \u0219i caracteristicile aparatului Lavish Joker<\/h2>\n<p>Aparatul Lavish Joker se bazeaz\u0103 pe tema divertismentului de noroc. Tema clasic\u0103, combinat\u0103 cu designul pl\u0103cut al slotului, confer\u0103 jocului o atmosfer\u0103 atr\u0103g\u0103toare \u0219i pozitiv\u0103. Personajul principal al slotului este Jokerul, care poate recompensa cu generozitate juc\u0103torii cu premii \u00een bani substan\u021biale. Rolele acestui aparat video sunt rapid umplute cu simboluri care prezint\u0103 c\u0103r\u021bi de joc, jetoane de poker \u0219i personajul principal. Principalele caracteristici ale aparatului Lavish Joker includ:<\/p>\n<ul>\n<li>Procentul teoretic de restituire c\u0103tre juc\u0103tor este de 94,62%;<\/li>\n<li>Jocul are un nivel mediu de volatilitate;<\/li>\n<li>Simbolul s\u0103lbatic poate \u00eenlocui toate imaginile de pe ecran;<\/li>\n<li>Simbolul s\u0103lbatic ajut\u0103 la formarea combina\u021biilor c\u00e2\u0219tig\u0103toare de simboluri;<\/li>\n<li>\u00cen aparat este implementat un joc de risc cu \u0219anse egale;<\/li>\n<li>Aparatul este compatibil at\u00e2t cu dispozitivele mobile, c\u00e2t \u0219i cu cele desktop;<\/li>\n<li>Lavish Joker poate fi jucat at\u00e2t cu bani reali, c\u00e2t \u0219i gratuit;<\/li>\n<li>Se accept\u0103 pariuri \u00een euro, lire sterline, dolari \u0219i alte valute;<\/li>\n<li>\u00cen modul demo, num\u0103rul de credite virtuale nu este limitat;<\/li>\n<li>Slotul este disponibil \u00een multe cazinouri online cunoscute;<\/li>\n<li>Suma minim\u0103 pentru pariu este de 0,1 euro (dolari);<\/li>\n<li>Limita maxim\u0103 de pariere \u00een slot este de 20 (euro, dolari, lire sterline);<\/li>\n<li>M\u0103rimea c\u00e2\u0219tigului maxim ajunge p\u00e2n\u0103 la x1000 din pariuri.<\/li>\n<\/ul>\n<p>Aparatul Lavish Joker are 5 role dispuse \u00een trei r\u00e2nduri. Premiile sunt acordate pe zece linii fixe \u0219i sunt luate \u00een considerare \u00een ambele direc\u021bii &#8211; de la dreapta la st\u00e2nga \u0219i de la st\u00e2nga la dreapta. Acest lucru ofer\u0103 juc\u0103torilor \u0219anse suplimentare de a ob\u021bine un c\u00e2\u0219tig semnificativ.<\/p>\n","protected":false},"excerpt":{"rendered":"<p>\u00cen cazinourile online moderne, exist\u0103 o gam\u0103 vast\u0103 de aparate slot de diferite categorii \u0219i genuri. \u00cen ciuda selec\u021biei extinse de distrac\u021bii de joc, sloturile clasice r\u0103m\u00e2n solicitate \u0219i populare. Un astfel de model este aparatul Lavish Joker dezvoltat de compania bielorus\u0103 Belatra Games. Slotul a ap\u0103rut \u00een cazinourile virtuale \u00een 2020 \u0219i a atras&#8230;<\/p>\n","protected":false},"author":1,"featured_media":0,"parent":0,"menu_order":0,"comment_status":"closed","ping_status":"closed","template":"","meta":{"footnotes":""},"class_list":["post-8","page","type-page","status-publish","hentry"],"yoast_head":"<!-- This site is optimized with the Yoast SEO plugin v27.2 - https:\/\/yoast.com\/product\/yoast-seo-wordpress\/ -->\n<title>Slot Machine Lavish Joker: Vantaggi<\/title>\n<meta name=\"description\" content=\"De ce s\u0103 alegi Lavish Joker pentru joc: poveste, simboluri \u0219i avantaje ale jocului. Joac\u0103 acum.\" \/>\n<meta name=\"robots\" content=\"index, follow, max-snippet:-1, max-image-preview:large, max-video-preview:-1\" \/>\n<link rel=\"canonical\" href=\"https:\/\/auto-joker123.com\/ro\/lavish-joker-slot-advantages\/\" \/>\n<meta property=\"og:locale\" content=\"ro_RO\" \/>\n<meta property=\"og:locale:alternate\" content=\"ru_RU\" \/>\n<meta property=\"og:locale:alternate\" content=\"en_US\" \/>\n<meta property=\"og:locale:alternate\" content=\"pt_PT\" \/>\n<meta property=\"og:locale:alternate\" content=\"es_ES\" \/>\n<meta property=\"og:locale:alternate\" content=\"bg_BG\" \/>\n<meta property=\"og:locale:alternate\" content=\"sr_RS\" \/>\n<meta property=\"og:locale:alternate\" content=\"pl_PL\" \/>\n<meta property=\"og:locale:alternate\" content=\"it_IT\" \/>\n<meta property=\"og:locale:alternate\" content=\"fr_FR\" \/>\n<meta property=\"og:type\" content=\"article\" \/>\n<meta property=\"og:title\" content=\"Slot Machine Lavish Joker: Vantaggi\" \/>\n<meta property=\"og:description\" content=\"Perch\u00e9 scegliere Lavish Joker per giocare: trama, simboli e vantaggi del gioco. Gioca ora.\" \/>\n<meta property=\"og:url\" content=\"https:\/\/auto-joker123.com\/ro\/lavish-joker-slot-advantages\/\" \/>\n<meta property=\"og:site_name\" content=\"Lavish Joker\" \/>\n<meta property=\"article:modified_time\" content=\"2024-03-22T18:36:39+00:00\" \/>\n<meta name=\"twitter:card\" content=\"summary_large_image\" \/>\n<meta name=\"twitter:label1\" content=\"Timp estimat pentru citire\" \/>\n\t<meta name=\"twitter:data1\" content=\"14 minute\" \/>\n<script type=\"application\/ld+json\" class=\"yoast-schema-graph\">{\"@context\":\"https:\/\/schema.org\",\"@graph\":[{\"@type\":\"WebPage\",\"@id\":\"https:\/\/auto-joker123.com\/it\/lavish-joker-slot-advantages\/\",\"url\":\"https:\/\/auto-joker123.com\/it\/lavish-joker-slot-advantages\/\",\"name\":\"Slot Machine Lavish Joker: Vantaggi\",\"isPartOf\":{\"@id\":\"https:\/\/auto-joker123.com\/#website\"},\"datePublished\":\"2024-01-04T17:12:50+00:00\",\"dateModified\":\"2024-03-22T18:36:39+00:00\",\"description\":\"Perch\u00e9 scegliere Lavish Joker per giocare: trama, simboli e vantaggi del gioco. Gioca ora.\",\"breadcrumb\":{\"@id\":\"https:\/\/auto-joker123.com\/it\/lavish-joker-slot-advantages\/#breadcrumb\"},\"inLanguage\":\"ro-RO\",\"potentialAction\":[{\"@type\":\"ReadAction\",\"target\":[\"https:\/\/auto-joker123.com\/it\/lavish-joker-slot-advantages\/\"]}]},{\"@type\":\"BreadcrumbList\",\"@id\":\"https:\/\/auto-joker123.com\/it\/lavish-joker-slot-advantages\/#breadcrumb\",\"itemListElement\":[{\"@type\":\"ListItem\",\"position\":1,\"name\":\"Home\",\"item\":\"https:\/\/auto-joker123.com\/\"},{\"@type\":\"ListItem\",\"position\":2,\"name\":\"Slot Machine Lavish Joker &#8211; Vantaggi e Funzionalit\u00e0 Bonus\"}]},{\"@type\":\"WebSite\",\"@id\":\"https:\/\/auto-joker123.com\/#website\",\"url\":\"https:\/\/auto-joker123.com\/\",\"name\":\"Lavish Joker\",\"description\":\"\",\"potentialAction\":[{\"@type\":\"SearchAction\",\"target\":{\"@type\":\"EntryPoint\",\"urlTemplate\":\"https:\/\/auto-joker123.com\/?s={search_term_string}\"},\"query-input\":{\"@type\":\"PropertyValueSpecification\",\"valueRequired\":true,\"valueName\":\"search_term_string\"}}],\"inLanguage\":\"ro-RO\"}]}<\/script>\n<!-- \/ Yoast SEO plugin. -->","yoast_head_json":{"title":"Slot Machine Lavish Joker: Vantaggi","description":"De ce s\u0103 alegi Lavish Joker pentru joc: poveste, simboluri \u0219i avantaje ale jocului. Joac\u0103 acum.","robots":{"index":"index","follow":"follow","max-snippet":"max-snippet:-1","max-image-preview":"max-image-preview:large","max-video-preview":"max-video-preview:-1"},"canonical":"https:\/\/auto-joker123.com\/ro\/lavish-joker-slot-advantages\/","og_locale":"ro_RO","og_type":"article","og_title":"Slot Machine Lavish Joker: Vantaggi","og_description":"Perch\u00e9 scegliere Lavish Joker per giocare: trama, simboli e vantaggi del gioco. Gioca ora.","og_url":"https:\/\/auto-joker123.com\/ro\/lavish-joker-slot-advantages\/","og_site_name":"Lavish Joker","article_modified_time":"2024-03-22T18:36:39+00:00","twitter_card":"summary_large_image","twitter_misc":{"Timp estimat pentru citire":"14 minute"},"schema":{"@context":"https:\/\/schema.org","@graph":[{"@type":"WebPage","@id":"https:\/\/auto-joker123.com\/it\/lavish-joker-slot-advantages\/","url":"https:\/\/auto-joker123.com\/it\/lavish-joker-slot-advantages\/","name":"Slot Machine Lavish Joker: Vantaggi","isPartOf":{"@id":"https:\/\/auto-joker123.com\/#website"},"datePublished":"2024-01-04T17:12:50+00:00","dateModified":"2024-03-22T18:36:39+00:00","description":"Perch\u00e9 scegliere Lavish Joker per giocare: trama, simboli e vantaggi del gioco. Gioca ora.","breadcrumb":{"@id":"https:\/\/auto-joker123.com\/it\/lavish-joker-slot-advantages\/#breadcrumb"},"inLanguage":"ro-RO","potentialAction":[{"@type":"ReadAction","target":["https:\/\/auto-joker123.com\/it\/lavish-joker-slot-advantages\/"]}]},{"@type":"BreadcrumbList","@id":"https:\/\/auto-joker123.com\/it\/lavish-joker-slot-advantages\/#breadcrumb","itemListElement":[{"@type":"ListItem","position":1,"name":"Home","item":"https:\/\/auto-joker123.com\/"},{"@type":"ListItem","position":2,"name":"Slot Machine Lavish Joker &#8211; Vantaggi e Funzionalit\u00e0 Bonus"}]},{"@type":"WebSite","@id":"https:\/\/auto-joker123.com\/#website","url":"https:\/\/auto-joker123.com\/","name":"Lavish Joker","description":"","potentialAction":[{"@type":"SearchAction","target":{"@type":"EntryPoint","urlTemplate":"https:\/\/auto-joker123.com\/?s={search_term_string}"},"query-input":{"@type":"PropertyValueSpecification","valueRequired":true,"valueName":"search_term_string"}}],"inLanguage":"ro-RO"}]}},"_links":{"self":[{"href":"https:\/\/auto-joker123.com\/ro\/wp-json\/wp\/v2\/pages\/8","targetHints":{"allow":["GET"]}}],"collection":[{"href":"https:\/\/auto-joker123.com\/ro\/wp-json\/wp\/v2\/pages"}],"about":[{"href":"https:\/\/auto-joker123.com\/ro\/wp-json\/wp\/v2\/types\/page"}],"author":[{"embeddable":true,"href":"https:\/\/auto-joker123.com\/ro\/wp-json\/wp\/v2\/users\/1"}],"replies":[{"embeddable":true,"href":"https:\/\/auto-joker123.com\/ro\/wp-json\/wp\/v2\/comments?post=8"}],"version-history":[{"count":19,"href":"https:\/\/auto-joker123.com\/ro\/wp-json\/wp\/v2\/pages\/8\/revisions"}],"predecessor-version":[{"id":152,"href":"https:\/\/auto-joker123.com\/ro\/wp-json\/wp\/v2\/pages\/8\/revisions\/152"}],"wp:attachment":[{"href":"https:\/\/auto-joker123.com\/ro\/wp-json\/wp\/v2\/media?parent=8"}],"curies":[{"name":"wp","href":"https:\/\/api.w.org\/{rel}","templated":true}]}}